{"id":962,"date":"2022-07-30T11:58:43","date_gmt":"2022-07-30T10:58:43","guid":{"rendered":"http:\/\/parts-export24.com\/oferta\/venta-al-por-mayor-de-motores\/"},"modified":"2024-03-18T10:14:03","modified_gmt":"2024-03-18T10:14:03","slug":"venta-al-por-mayor-de-motores","status":"publish","type":"page","link":"https:\/\/parts-export24.com\/es\/oferta\/venta-al-por-mayor-de-motores\/","title":{"rendered":"Venta al por mayor de motores"},"content":{"rendered":"\t\t<div data-elementor-type=\"wp-page\" data-elementor-id=\"962\" class=\"elementor elementor-962 elementor-260\">\n\t\t\t\t\t\t\t\t\t<section class=\"elementor-section elementor-top-section elementor-element elementor-element-ec38bb5 elementor-section-content-middle elementor-section-stretched elementor-section-boxed elementor-section-height-default elementor-section-height-default\" data-id=\"ec38bb5\" data-element_type=\"section\" data-settings=\"{&quot;stretch_section&quot;:&quot;section-stretched&quot;,&quot;background_background&quot;:&quot;classic&quot;}\">\n\t\t\t\t\t\t\t<div class=\"elementor-background-overlay\"><\/div>\n\t\t\t\t\t\t\t<div class=\"elementor-container elementor-column-gap-default\">\n\t\t\t\t\t<div class=\"elementor-column elementor-col-100 elementor-top-column elementor-element elementor-element-da7f3f2\" data-id=\"da7f3f2\" data-element_type=\"column\">\n\t\t\t<div class=\"elementor-widget-wrap elementor-element-populated\">\n\t\t\t\t\t\t\t\t<div class=\"elementor-element elementor-element-ceeacbf elementor-widget elementor-widget-heading\" data-id=\"ceeacbf\" data-element_type=\"widget\" data-widget_type=\"heading.default\">\n\t\t\t\t<div class=\"elementor-widget-container\">\n\t\t\t<style>\/*! elementor - v3.7.0 - 08-08-2022 *\/\n.elementor-heading-title{padding:0;margin:0;line-height:1}.elementor-widget-heading .elementor-heading-title[class*=elementor-size-]>a{color:inherit;font-size:inherit;line-height:inherit}.elementor-widget-heading .elementor-heading-title.elementor-size-small{font-size:15px}.elementor-widget-heading .elementor-heading-title.elementor-size-medium{font-size:19px}.elementor-widget-heading .elementor-heading-title.elementor-size-large{font-size:29px}.elementor-widget-heading .elementor-heading-title.elementor-size-xl{font-size:39px}.elementor-widget-heading .elementor-heading-title.elementor-size-xxl{font-size:59px}<\/style><h1 class=\"elementor-heading-title elementor-size-default\">Venta al por mayor de motores<\/h1>\t\t<\/div>\n\t\t\t\t<\/div>\n\t\t\t\t\t<\/div>\n\t\t<\/div>\n\t\t\t\t\t\t\t<\/div>\n\t\t<\/section>\n\t\t\t\t<section class=\"elementor-section elementor-top-section elementor-element elementor-element-801def1 elementor-section-content-middle elementor-section-boxed elementor-section-height-default elementor-section-height-default\" data-id=\"801def1\" data-element_type=\"section\">\n\t\t\t\t\t\t<div class=\"elementor-container elementor-column-gap-default\">\n\t\t\t\t\t<div class=\"elementor-column elementor-col-50 elementor-top-column elementor-element elementor-element-99ddedb\" data-id=\"99ddedb\" data-element_type=\"column\">\n\t\t\t<div class=\"elementor-widget-wrap elementor-element-populated\">\n\t\t\t\t\t\t\t\t<div class=\"elementor-element elementor-element-67caa8f elementor-widget elementor-widget-text-editor\" data-id=\"67caa8f\" data-element_type=\"widget\" data-widget_type=\"text-editor.default\">\n\t\t\t\t<div class=\"elementor-widget-container\">\n\t\t\t<style>\/*! elementor - v3.7.0 - 08-08-2022 *\/\n.elementor-widget-text-editor.elementor-drop-cap-view-stacked .elementor-drop-cap{background-color:#818a91;color:#fff}.elementor-widget-text-editor.elementor-drop-cap-view-framed .elementor-drop-cap{color:#818a91;border:3px solid;background-color:transparent}.elementor-widget-text-editor:not(.elementor-drop-cap-view-default) .elementor-drop-cap{margin-top:8px}.elementor-widget-text-editor:not(.elementor-drop-cap-view-default) .elementor-drop-cap-letter{width:1em;height:1em}.elementor-widget-text-editor .elementor-drop-cap{float:left;text-align:center;line-height:1;font-size:50px}.elementor-widget-text-editor .elementor-drop-cap-letter{display:inline-block}<\/style>\t\t\t\t<h2>Venta de motores usados<\/h2>\n<h3>Compra motores usados de gran calidad<\/h3>\n<p>Ofrecemos una gran cantidad de todos los tipos y modelos de motores de turismos, furgonetas y camiones de buena calidad.<\/p>\n<p>Venta al por mayor de motores de autom\u00f3vil:<\/p>\n<ul>\n<li>motores de gasolina<\/li>\n<li>motores di\u00e9sel<\/li>\n<li>motores 4&#215;4<\/li>\n<li>motores de furgonetas<\/li>\n<li>motores de camiones&nbsp;<\/li>\n<\/ul>\t\t\t\t\t\t<\/div>\n\t\t\t\t<\/div>\n\t\t\t\t\t<\/div>\n\t\t<\/div>\n\t\t\t\t<div class=\"elementor-column elementor-col-50 elementor-top-column elementor-element elementor-element-3ead538\" data-id=\"3ead538\" data-element_type=\"column\">\n\t\t\t<div class=\"elementor-widget-wrap elementor-element-populated\">\n\t\t\t\t\t\t\t\t<div class=\"elementor-element elementor-element-07ddc2b elementor-widget elementor-widget-image\" data-id=\"07ddc2b\" data-element_type=\"widget\" data-widget_type=\"image.default\">\n\t\t\t\t<div class=\"elementor-widget-container\">\n\t\t\t<style>\/*! elementor - v3.7.0 - 08-08-2022 *\/\n.elementor-widget-image{text-align:center}.elementor-widget-image a{display:inline-block}.elementor-widget-image a img[src$=\".svg\"]{width:48px}.elementor-widget-image img{vertical-align:middle;display:inline-block}<\/style>\t\t\t\t\t\t\t\t\t\t\t\t<img decoding=\"async\" width=\"1024\" height=\"768\" src=\"https:\/\/parts-export24.com\/wp-content\/uploads\/2022\/07\/parts-export9-1024x768.jpg\" class=\"attachment-large size-large\" alt=\"\" srcset=\"https:\/\/parts-export24.com\/wp-content\/uploads\/2022\/07\/parts-export9-1024x768.jpg 1024w, https:\/\/parts-export24.com\/wp-content\/uploads\/2022\/07\/parts-export9-300x225.jpg 300w, https:\/\/parts-export24.com\/wp-content\/uploads\/2022\/07\/parts-export9-768x576.jpg 768w, https:\/\/parts-export24.com\/wp-content\/uploads\/2022\/07\/parts-export9-1536x1152.jpg 1536w, https:\/\/parts-export24.com\/wp-content\/uploads\/2022\/07\/parts-export9.jpg 1600w\" sizes=\"(max-width: 1024px) 100vw, 1024px\" \/>\t\t\t\t\t\t\t\t\t\t\t\t\t\t\t<\/div>\n\t\t\t\t<\/div>\n\t\t\t\t\t<\/div>\n\t\t<\/div>\n\t\t\t\t\t\t\t<\/div>\n\t\t<\/section>\n\t\t\t\t<section class=\"elementor-section elementor-top-section elementor-element elementor-element-d310abc elementor-section-boxed elementor-section-height-default elementor-section-height-default\" data-id=\"d310abc\" data-element_type=\"section\">\n\t\t\t\t\t\t<div class=\"elementor-container elementor-column-gap-default\">\n\t\t\t\t\t<div class=\"elementor-column elementor-col-100 elementor-top-column elementor-element elementor-element-05664dc\" data-id=\"05664dc\" data-element_type=\"column\">\n\t\t\t<div class=\"elementor-widget-wrap elementor-element-populated\">\n\t\t\t\t\t\t\t\t<div class=\"elementor-element elementor-element-233eb0c elementor-widget elementor-widget-toggle\" data-id=\"233eb0c\" data-element_type=\"widget\" data-widget_type=\"toggle.default\">\n\t\t\t\t<div class=\"elementor-widget-container\">\n\t\t\t<style>\/*! elementor - v3.7.0 - 08-08-2022 *\/\n.elementor-toggle{text-align:left}.elementor-toggle .elementor-tab-title{font-weight:700;line-height:1;margin:0;padding:15px;border-bottom:1px solid #d4d4d4;cursor:pointer;outline:none}.elementor-toggle .elementor-tab-title .elementor-toggle-icon{display:inline-block;width:1em}.elementor-toggle .elementor-tab-title .elementor-toggle-icon svg{-webkit-margin-start:-5px;margin-inline-start:-5px;width:1em;height:1em}.elementor-toggle .elementor-tab-title .elementor-toggle-icon.elementor-toggle-icon-right{float:right;text-align:right}.elementor-toggle .elementor-tab-title .elementor-toggle-icon.elementor-toggle-icon-left{float:left;text-align:left}.elementor-toggle .elementor-tab-title .elementor-toggle-icon .elementor-toggle-icon-closed{display:block}.elementor-toggle .elementor-tab-title .elementor-toggle-icon .elementor-toggle-icon-opened{display:none}.elementor-toggle .elementor-tab-title.elementor-active{border-bottom:none}.elementor-toggle .elementor-tab-title.elementor-active .elementor-toggle-icon-closed{display:none}.elementor-toggle .elementor-tab-title.elementor-active .elementor-toggle-icon-opened{display:block}.elementor-toggle .elementor-tab-content{padding:15px;border-bottom:1px solid #d4d4d4;display:none}@media (max-width:767px){.elementor-toggle .elementor-tab-title{padding:12px}.elementor-toggle .elementor-tab-content{padding:12px 10px}}.e-container>.elementor-widget-toggle{width:var(--container-widget-width,100%)}<\/style>\t\t<div class=\"elementor-toggle\" role=\"tablist\">\n\t\t\t\t\t\t\t<div class=\"elementor-toggle-item\">\n\t\t\t\t\t<div id=\"elementor-tab-title-3691\" class=\"elementor-tab-title\" data-tab=\"1\" role=\"tab\" aria-controls=\"elementor-tab-content-3691\" aria-expanded=\"false\">\n\t\t\t\t\t\t\t\t\t\t\t\t<span class=\"elementor-toggle-icon elementor-toggle-icon-left\" aria-hidden=\"true\">\n\t\t\t\t\t\t\t\t\t\t\t\t\t\t\t<span class=\"elementor-toggle-icon-closed\"><i class=\"fas fa-caret-right\"><\/i><\/span>\n\t\t\t\t\t\t\t\t<span class=\"elementor-toggle-icon-opened\"><i class=\"elementor-toggle-icon-opened fas fa-caret-up\"><\/i><\/span>\n\t\t\t\t\t\t\t\t\t\t\t\t\t<\/span>\n\t\t\t\t\t\t\t\t\t\t\t\t<a href=\"\" class=\"elementor-toggle-title\">Exportaci\u00f3n de motores<\/a>\n\t\t\t\t\t<\/div>\n\n\t\t\t\t\t<div id=\"elementor-tab-content-3691\" class=\"elementor-tab-content elementor-clearfix\" data-tab=\"1\" role=\"tabpanel\" aria-labelledby=\"elementor-tab-title-3691\"><p>No vendemos motores con kilometraje alto. Trabajamos con diferentes proveedores de motores usados de alta calidad. Desmontamos los veh\u00edculos nosotros mismos y les extraemos, entre otras cosas, el motor completo. Ponte en contacto con nosotros para saber si tenemos existencias del motor que buscas.<\/p>\n<p>Independientemente de si te dedicas a la mec\u00e1nica y est\u00e1s buscando un motor usado de alta calidad para recambio o si sencillamente te gusta la mec\u00e1nica a nivel aficionado y tienes un motor roto que necesitas cambiar, puedes acudir a nosotros para conseguir los motores usados m\u00e1s fiables y a los mejores precios. En Parts Export nos especializamos en todos los tipos de motores usados, tanto de gasolina como de di\u00e9sel, de todos los principales fabricantes de autom\u00f3viles estadounidenses y de importaci\u00f3n: Volkswagen, Ford, BMW, Toyota, Nissan, Mercedes o Kia, entre muchos otros. <\/p>\n<p>Durante nuestra evaluaci\u00f3n de calidad, realizamos un control exhaustivo de los motores usados para asegurarnos de que est\u00e1n en buen estado.<\/p>\n<h3>\u00bfSon buenos los motores usados?<\/h3>\n<p>Nuestros motores usados son una opci\u00f3n fant\u00e1stica para cambiar el motor, especialmente si el presupuesto con el que cuentas es limitado y necesitas poner en marcha el coche lo antes posible. Realizamos una inspecci\u00f3n de la evaluaci\u00f3n de calidad de cada uno de los motores, para asegurarnos de que recibes un motor usado de la m\u00e1xima calidad.<\/p>\n<h3>\u00bfD\u00f3nde se pueden comprar vuestros motores?<\/h3>\n<p>Para comprar motores de Parts Export, ponte en contacto con nosotros.<\/p>\n<\/div>\n\t\t\t\t<\/div>\n\t\t\t\t\t\t\t\t<\/div>\n\t\t\t\t<\/div>\n\t\t\t\t<\/div>\n\t\t\t\t\t<\/div>\n\t\t<\/div>\n\t\t\t\t\t\t\t<\/div>\n\t\t<\/section>\n\t\t\t\t\t\t\t<\/div>\n\t\t","protected":false},"excerpt":{"rendered":"<p>Venta al por mayor de motores Venta de motores usados Compra motores usados de gran calidad Ofrecemos una gran cantidad de todos los tipos y modelos de motores de turismos, furgonetas y camiones de buena calidad. Venta al por mayor de motores de autom\u00f3vil: motores de gasolina motores di\u00e9sel motores 4&#215;4 motores de furgonetas motores [&hellip;]<\/p>\n","protected":false},"author":1,"featured_media":0,"parent":953,"menu_order":0,"comment_status":"closed","ping_status":"closed","template":"","meta":{"inline_featured_image":false,"footnotes":""},"class_list":["post-962","page","type-page","status-publish","hentry"],"yoast_head":"<!-- This site is optimized with the Yoast SEO plugin v19.5.1 - https:\/\/yoast.com\/wordpress\/plugins\/seo\/ -->\n<title>Venta al por mayor de motores - Parts Export<\/title>\n<meta name=\"robots\" content=\"index, follow, max-snippet:-1, max-image-preview:large, max-video-preview:-1\" \/>\n<link rel=\"canonical\" href=\"https:\/\/parts-export24.com\/es\/oferta\/venta-al-por-mayor-de-motores\/\" \/>\n<meta property=\"og:locale\" content=\"es_ES\" \/>\n<meta property=\"og:type\" content=\"article\" \/>\n<meta property=\"og:title\" content=\"Venta al por mayor de motores - Parts Export\" \/>\n<meta property=\"og:description\" content=\"Venta al por mayor de motores Venta de motores usados Compra motores usados de gran calidad Ofrecemos una gran cantidad de todos los tipos y modelos de motores de turismos, furgonetas y camiones de buena calidad. Venta al por mayor de motores de autom\u00f3vil: motores de gasolina motores di\u00e9sel motores 4&#215;4 motores de furgonetas motores [&hellip;]\" \/>\n<meta property=\"og:url\" content=\"https:\/\/parts-export24.com\/es\/oferta\/venta-al-por-mayor-de-motores\/\" \/>\n<meta property=\"og:site_name\" content=\"Parts Export\" \/>\n<meta property=\"article:modified_time\" content=\"2024-03-18T10:14:03+00:00\" \/>\n<meta property=\"og:image\" content=\"http:\/\/parts-export24.com\/wp-content\/uploads\/2022\/07\/parts-export9-1024x768.jpg\" \/>\n<meta name=\"twitter:card\" content=\"summary_large_image\" \/>\n<meta name=\"twitter:label1\" content=\"Tiempo de lectura\" \/>\n\t<meta name=\"twitter:data1\" content=\"2 minutos\" \/>\n<script type=\"application\/ld+json\" class=\"yoast-schema-graph\">{\"@context\":\"https:\/\/schema.org\",\"@graph\":[{\"@type\":\"WebPage\",\"@id\":\"https:\/\/parts-export24.com\/es\/oferta\/venta-al-por-mayor-de-motores\/\",\"url\":\"https:\/\/parts-export24.com\/es\/oferta\/venta-al-por-mayor-de-motores\/\",\"name\":\"Venta al por mayor de motores - Parts Export\",\"isPartOf\":{\"@id\":\"http:\/\/parts-export24.com\/es\/#website\"},\"datePublished\":\"2022-07-30T10:58:43+00:00\",\"dateModified\":\"2024-03-18T10:14:03+00:00\",\"breadcrumb\":{\"@id\":\"https:\/\/parts-export24.com\/es\/oferta\/venta-al-por-mayor-de-motores\/#breadcrumb\"},\"inLanguage\":\"es\",\"potentialAction\":[{\"@type\":\"ReadAction\",\"target\":[\"https:\/\/parts-export24.com\/es\/oferta\/venta-al-por-mayor-de-motores\/\"]}]},{\"@type\":\"BreadcrumbList\",\"@id\":\"https:\/\/parts-export24.com\/es\/oferta\/venta-al-por-mayor-de-motores\/#breadcrumb\",\"itemListElement\":[{\"@type\":\"ListItem\",\"position\":1,\"name\":\"Home\",\"item\":\"http:\/\/parts-export24.com\/es\/\"},{\"@type\":\"ListItem\",\"position\":2,\"name\":\"Oferta\",\"item\":\"http:\/\/parts-export24.com\/es\/oferta\/\"},{\"@type\":\"ListItem\",\"position\":3,\"name\":\"Venta al por mayor de motores\"}]},{\"@type\":\"WebSite\",\"@id\":\"http:\/\/parts-export24.com\/es\/#website\",\"url\":\"http:\/\/parts-export24.com\/es\/\",\"name\":\"Parts Export\",\"description\":\"Wholesale of engines and car parts\",\"publisher\":{\"@id\":\"http:\/\/parts-export24.com\/es\/#organization\"},\"potentialAction\":[{\"@type\":\"SearchAction\",\"target\":{\"@type\":\"EntryPoint\",\"urlTemplate\":\"http:\/\/parts-export24.com\/es\/?s={search_term_string}\"},\"query-input\":\"required name=search_term_string\"}],\"inLanguage\":\"es\"},{\"@type\":\"Organization\",\"@id\":\"http:\/\/parts-export24.com\/es\/#organization\",\"name\":\"Parts Export\",\"url\":\"http:\/\/parts-export24.com\/es\/\",\"sameAs\":[],\"logo\":{\"@type\":\"ImageObject\",\"inLanguage\":\"es\",\"@id\":\"http:\/\/parts-export24.com\/es\/#\/schema\/logo\/image\/\",\"url\":\"http:\/\/parts-export24.com\/wp-content\/uploads\/2022\/07\/Parts-Export-logo.svg\",\"contentUrl\":\"http:\/\/parts-export24.com\/wp-content\/uploads\/2022\/07\/Parts-Export-logo.svg\",\"width\":469,\"height\":115,\"caption\":\"Parts Export\"},\"image\":{\"@id\":\"http:\/\/parts-export24.com\/es\/#\/schema\/logo\/image\/\"}}]}<\/script>\n<!-- \/ Yoast SEO plugin. -->","yoast_head_json":{"title":"Venta al por mayor de motores - Parts Export","robots":{"index":"index","follow":"follow","max-snippet":"max-snippet:-1","max-image-preview":"max-image-preview:large","max-video-preview":"max-video-preview:-1"},"canonical":"https:\/\/parts-export24.com\/es\/oferta\/venta-al-por-mayor-de-motores\/","og_locale":"es_ES","og_type":"article","og_title":"Venta al por mayor de motores - Parts Export","og_description":"Venta al por mayor de motores Venta de motores usados Compra motores usados de gran calidad Ofrecemos una gran cantidad de todos los tipos y modelos de motores de turismos, furgonetas y camiones de buena calidad. Venta al por mayor de motores de autom\u00f3vil: motores de gasolina motores di\u00e9sel motores 4&#215;4 motores de furgonetas motores [&hellip;]","og_url":"https:\/\/parts-export24.com\/es\/oferta\/venta-al-por-mayor-de-motores\/","og_site_name":"Parts Export","article_modified_time":"2024-03-18T10:14:03+00:00","og_image":[{"url":"http:\/\/parts-export24.com\/wp-content\/uploads\/2022\/07\/parts-export9-1024x768.jpg"}],"twitter_card":"summary_large_image","twitter_misc":{"Tiempo de lectura":"2 minutos"},"schema":{"@context":"https:\/\/schema.org","@graph":[{"@type":"WebPage","@id":"https:\/\/parts-export24.com\/es\/oferta\/venta-al-por-mayor-de-motores\/","url":"https:\/\/parts-export24.com\/es\/oferta\/venta-al-por-mayor-de-motores\/","name":"Venta al por mayor de motores - Parts Export","isPartOf":{"@id":"http:\/\/parts-export24.com\/es\/#website"},"datePublished":"2022-07-30T10:58:43+00:00","dateModified":"2024-03-18T10:14:03+00:00","breadcrumb":{"@id":"https:\/\/parts-export24.com\/es\/oferta\/venta-al-por-mayor-de-motores\/#breadcrumb"},"inLanguage":"es","potentialAction":[{"@type":"ReadAction","target":["https:\/\/parts-export24.com\/es\/oferta\/venta-al-por-mayor-de-motores\/"]}]},{"@type":"BreadcrumbList","@id":"https:\/\/parts-export24.com\/es\/oferta\/venta-al-por-mayor-de-motores\/#breadcrumb","itemListElement":[{"@type":"ListItem","position":1,"name":"Home","item":"http:\/\/parts-export24.com\/es\/"},{"@type":"ListItem","position":2,"name":"Oferta","item":"http:\/\/parts-export24.com\/es\/oferta\/"},{"@type":"ListItem","position":3,"name":"Venta al por mayor de motores"}]},{"@type":"WebSite","@id":"http:\/\/parts-export24.com\/es\/#website","url":"http:\/\/parts-export24.com\/es\/","name":"Parts Export","description":"Wholesale of engines and car parts","publisher":{"@id":"http:\/\/parts-export24.com\/es\/#organization"},"potentialAction":[{"@type":"SearchAction","target":{"@type":"EntryPoint","urlTemplate":"http:\/\/parts-export24.com\/es\/?s={search_term_string}"},"query-input":"required name=search_term_string"}],"inLanguage":"es"},{"@type":"Organization","@id":"http:\/\/parts-export24.com\/es\/#organization","name":"Parts Export","url":"http:\/\/parts-export24.com\/es\/","sameAs":[],"logo":{"@type":"ImageObject","inLanguage":"es","@id":"http:\/\/parts-export24.com\/es\/#\/schema\/logo\/image\/","url":"http:\/\/parts-export24.com\/wp-content\/uploads\/2022\/07\/Parts-Export-logo.svg","contentUrl":"http:\/\/parts-export24.com\/wp-content\/uploads\/2022\/07\/Parts-Export-logo.svg","width":469,"height":115,"caption":"Parts Export"},"image":{"@id":"http:\/\/parts-export24.com\/es\/#\/schema\/logo\/image\/"}}]}},"_links":{"self":[{"href":"https:\/\/parts-export24.com\/es\/wp-json\/wp\/v2\/pages\/962","targetHints":{"allow":["GET"]}}],"collection":[{"href":"https:\/\/parts-export24.com\/es\/wp-json\/wp\/v2\/pages"}],"about":[{"href":"https:\/\/parts-export24.com\/es\/wp-json\/wp\/v2\/types\/page"}],"author":[{"embeddable":true,"href":"https:\/\/parts-export24.com\/es\/wp-json\/wp\/v2\/users\/1"}],"replies":[{"embeddable":true,"href":"https:\/\/parts-export24.com\/es\/wp-json\/wp\/v2\/comments?post=962"}],"version-history":[{"count":1,"href":"https:\/\/parts-export24.com\/es\/wp-json\/wp\/v2\/pages\/962\/revisions"}],"predecessor-version":[{"id":965,"href":"https:\/\/parts-export24.com\/es\/wp-json\/wp\/v2\/pages\/962\/revisions\/965"}],"up":[{"embeddable":true,"href":"https:\/\/parts-export24.com\/es\/wp-json\/wp\/v2\/pages\/953"}],"wp:attachment":[{"href":"https:\/\/parts-export24.com\/es\/wp-json\/wp\/v2\/media?parent=962"}],"curies":[{"name":"wp","href":"https:\/\/api.w.org\/{rel}","templated":true}]}}