{"id":841,"date":"2022-07-30T12:18:06","date_gmt":"2022-07-30T11:18:06","guid":{"rendered":"http:\/\/parts-export24.com\/politica-de-confidentialitate\/"},"modified":"2024-03-15T10:04:26","modified_gmt":"2024-03-15T10:04:26","slug":"politica-de-confidentialitate","status":"publish","type":"page","link":"http:\/\/parts-export24.com\/ro\/politica-de-confidentialitate\/","title":{"rendered":"Politica de confiden\u021bialitate"},"content":{"rendered":"\t\t<div data-elementor-type=\"wp-page\" data-elementor-id=\"841\" class=\"elementor elementor-841 elementor-319\">\n\t\t\t\t\t\t\t\t\t<section class=\"elementor-section elementor-top-section elementor-element elementor-element-05bba25 elementor-section-content-middle elementor-section-stretched elementor-section-boxed elementor-section-height-default elementor-section-height-default\" data-id=\"05bba25\" data-element_type=\"section\" data-settings=\"{&quot;stretch_section&quot;:&quot;section-stretched&quot;,&quot;background_background&quot;:&quot;classic&quot;}\">\n\t\t\t\t\t\t\t<div class=\"elementor-background-overlay\"><\/div>\n\t\t\t\t\t\t\t<div class=\"elementor-container elementor-column-gap-default\">\n\t\t\t\t\t<div class=\"elementor-column elementor-col-100 elementor-top-column elementor-element elementor-element-10952a6\" data-id=\"10952a6\" data-element_type=\"column\">\n\t\t\t<div class=\"elementor-widget-wrap elementor-element-populated\">\n\t\t\t\t\t\t\t\t<div class=\"elementor-element elementor-element-f1f957c elementor-widget elementor-widget-heading\" data-id=\"f1f957c\" data-element_type=\"widget\" data-widget_type=\"heading.default\">\n\t\t\t\t<div class=\"elementor-widget-container\">\n\t\t\t<style>\/*! elementor - v3.7.0 - 08-08-2022 *\/\n.elementor-heading-title{padding:0;margin:0;line-height:1}.elementor-widget-heading .elementor-heading-title[class*=elementor-size-]>a{color:inherit;font-size:inherit;line-height:inherit}.elementor-widget-heading .elementor-heading-title.elementor-size-small{font-size:15px}.elementor-widget-heading .elementor-heading-title.elementor-size-medium{font-size:19px}.elementor-widget-heading .elementor-heading-title.elementor-size-large{font-size:29px}.elementor-widget-heading .elementor-heading-title.elementor-size-xl{font-size:39px}.elementor-widget-heading .elementor-heading-title.elementor-size-xxl{font-size:59px}<\/style><h1 class=\"elementor-heading-title elementor-size-default\">Politica de confiden\u021bialitate<\/h1>\t\t<\/div>\n\t\t\t\t<\/div>\n\t\t\t\t\t<\/div>\n\t\t<\/div>\n\t\t\t\t\t\t\t<\/div>\n\t\t<\/section>\n\t\t\t\t<section class=\"elementor-section elementor-top-section elementor-element elementor-element-ad9f445 elementor-section-boxed elementor-section-height-default elementor-section-height-default\" data-id=\"ad9f445\" data-element_type=\"section\">\n\t\t\t\t\t\t<div class=\"elementor-container elementor-column-gap-default\">\n\t\t\t\t\t<div class=\"elementor-column elementor-col-100 elementor-top-column elementor-element elementor-element-f932ee4\" data-id=\"f932ee4\" data-element_type=\"column\">\n\t\t\t<div class=\"elementor-widget-wrap elementor-element-populated\">\n\t\t\t\t\t\t\t\t<div class=\"elementor-element elementor-element-6863d47 elementor-widget elementor-widget-text-editor\" data-id=\"6863d47\" data-element_type=\"widget\" data-widget_type=\"text-editor.default\">\n\t\t\t\t<div class=\"elementor-widget-container\">\n\t\t\t<style>\/*! elementor - v3.7.0 - 08-08-2022 *\/\n.elementor-widget-text-editor.elementor-drop-cap-view-stacked .elementor-drop-cap{background-color:#818a91;color:#fff}.elementor-widget-text-editor.elementor-drop-cap-view-framed .elementor-drop-cap{color:#818a91;border:3px solid;background-color:transparent}.elementor-widget-text-editor:not(.elementor-drop-cap-view-default) .elementor-drop-cap{margin-top:8px}.elementor-widget-text-editor:not(.elementor-drop-cap-view-default) .elementor-drop-cap-letter{width:1em;height:1em}.elementor-widget-text-editor .elementor-drop-cap{float:left;text-align:center;line-height:1;font-size:50px}.elementor-widget-text-editor .elementor-drop-cap-letter{display:inline-block}<\/style>\t\t\t\t<p>Parts Expert este con\u0219tient de importan\u021ba deosebit\u0103 pe care utilizatorii o acord\u0103 protec\u021biei datelor cu caracter personal \u0219i aspectului confiden\u021bial al acestora. Prin urmare, am dori s\u0103 descriem aici modul \u00een care colect\u0103m \u0219i prelucr\u0103m astfel de informa\u021bii.<\/p>\n<p>Parts Expert, informeaz\u0103 c\u0103, \u00een conformitate cu art. 24 alin. 1 din Legea din data de 29 august 1997 privind protec\u021bia datelor cu caracter personal (text consolidat: Monitorul Oficial 2014, pct. 1182) este operatorul datelor dumneavoastr\u0103 cu caracter personal, furnizate prin intermediul paginii noastre de internet, prin completarea \u0219i trimiterea de formulare de contact, prin solicit\u0103ri telefonice sau personale.<\/p>\n<p>Aceste date vor fi prelucrate de c\u0103tre Parts Expert pentru a te contacte, pentru a r\u0103spunde la \u00eentreb\u0103rile tale \u0219i pentru a-\u021bi preg\u0103ti o ofert\u0103 pentru serviciile pe care le furniz\u0103m. Datele vor fi prelucrate \u00een m\u0103sura \u00een care sunt relevante \u0219i necesare pentru scopurile men\u021bionate mai sus.<\/p>\n<h2>Colectarea \u0219i utilizarea datelor cu caracter personal<\/h2>\n<p>Datele cu caracter personal sunt informa\u021bii prin care se poate identifica o persoan\u0103, \u0219i anume: nume, adres\u0103 de e-mail sau adres\u0103 po\u0219tal\u0103. Parts Expert nu colecteaz\u0103 date cu caracter personal dec\u00e2t atunci c\u00e2nd persoanele interesate ne furnizeaz\u0103 datele personale cu un scop specific (de exemplu, pentru a se abona la un buletin informativ online, pentru a r\u0103spunde la o \u00eentrebare \u0219i a preg\u0103ti o ofert\u0103, pentru a participa la un sondaj de opinie, un concurs sau o tombol\u0103, pentru a comanda bro\u0219uri sau pentru a solicita informa\u021bii) \u0219i \u00ee\u0219i dau acordul pentru utilizarea acestora.<\/p>\n<p>P\u0103str\u0103m, utiliz\u0103m sau transmitem datele cu caracter personal numai cu consim\u021b\u0103m\u00e2ntul persoanei \u00een cauz\u0103 \u0219i numai \u00een m\u0103sura \u00een care \u2013 din punct de vedere al con\u021binutului \u0219i timpului \u2013 acest lucru este necesar \u00eentr-o situa\u021bie specific\u0103, de exemplu, pentru a r\u0103spunde la \u00eentreb\u0103rile sau preocup\u0103rile exprimate, pentru a solu\u021biona o cerere sau pentru a notifica persoanele \u00een cauz\u0103 cu privire la rezultatele unui concurs sau ale unei tombole. Parts Expert garanteaz\u0103 c\u0103 nu va vinde sau transmite datele personale niciunei ter\u021be p\u0103r\u021bi. Cu toate acestea, exist\u0103 situa\u021bii \u00een care am putea fi obliga\u021bi s\u0103 dezv\u0103luim informa\u021bii despre utilizatorii no\u0219tri,\u00een baza unui temei legal sau ca urmare a unor ordine executorii emise de autorit\u0103\u021bile guvernamentale.<\/p>\n<h2>Utilizarea datelor cu caracter personal \u00een scopuri publicitare \u0219i de marketing<\/h2>\n<p>\u00cen cazul \u00een care s-a ob\u021binut consim\u021b\u0103m\u00e2ntul expres al persoanei \u00een cauz\u0103 pentru utilizarea datelor sale cu caracter personal \u00een scopuri publicitare sau de marketing, datele cu caracter personal ale acestei persoane vor fi, de asemenea, stocate \u0219i utilizate \u00een mod continuu \u00een astfel de scopuri, de exemplu, pentru trimiterea de buletine informative, invita\u021bii la concursuri sau tombole, pe cale electronic\u0103 sau prin po\u0219t\u0103 sau prin orice alt canal de comunicare acceptat de persoana \u00een cauz\u0103. Putem utiliza datele unei persoane date pentru a crea \u0219i men\u021bine un profil de utilizator, ceea ce ne permite s\u0103 furniz\u0103m publicitate \u0219i promo\u021bii personalizate. De asemenea, putem utiliza datele furnizate pentru a analiza \u0219i a ne \u00eembun\u0103t\u0103\u021bi serviciile online \u0219i activit\u0103\u021bile de publicitate, marketing, cercetare de pia\u021b\u0103 \u0219i v\u00e2nz\u0103ri.<\/p>\n<h2>Retragerea consim\u021b\u0103m\u00e2ntului<\/h2>\n<p>Consim\u021b\u0103m\u00e2ntul pentru utilizarea datelor cu caracter personal poate fi retras \u00een totalitate sau par\u021bial \u00een orice moment, cu efect viitor. Datele cu caracter personal vor fi \u0219terse \u00een momentul primirii solicit\u0103rii de retrage a consim\u021b\u0103m\u00e2ntului. Solicitarea de retragere a consim\u021b\u0103m\u00e2ntului poate fi transmis\u0103 telefonic la num\u0103rul:<\/p>\n<p>T: +353 (85) 155 3786<\/p>\n<h2>Dreptul la informare<\/h2>\n<p>La cerere, vom informa imediat persoana \u00een cauz\u0103 cu privire la tipul de date cu caracter personal care (dac\u0103 este cazul) a fost colectat \u00een timpul acces\u0103rii de c\u0103tre aceasta a paginii noastre de internet. Orice solicitare de informa\u021bii \u00een acest sens se poate transmite telefonic la num\u0103rul:<\/p>\n<p>T: +353 (85) 155 3786<\/p>\n<h2>Securitatea datelor<\/h2>\n<p>Am implementat m\u0103suri tehnice \u0219i organizatorice pentru a proteja datele utilizatorilor \u00eempotriva pierderii, modific\u0103rii, furtului sau accesului de c\u0103tre ter\u021be p\u0103r\u021bi neautorizate.<\/p>\n<h2>Modific\u0103ri \u0219i actualiz\u0103ri<\/h2>\n<p>Ne rezerv\u0103m dreptul de a modifica sau de a actualiza orice parte a prezentei declara\u021bii privind protec\u021bia datelor, \u00een orice moment, f\u0103r\u0103 o notificare a utilizatorilor. Te rug\u0103m s\u0103 verifici cu regularitate con\u021binutul prezentului document, pentru a fi informat cu privire la orice modific\u0103ri sau actualiz\u0103ri. Declara\u021bia con\u021bine \u00een totdeauna data corespunz\u0103toare de intrare \u00een vigoare.<\/p>\n<p>Parts Expert \u00ee\u0219i rezerv\u0103 dreptul de a face modific\u0103ri la prezenta politic\u0103 de confiden\u021bialitate. Politica de confiden\u021bialitate se aplic\u0103 tuturor persoanelor care ne acceseaz\u0103 pagina de internet.<\/p>\n<h2>Date cu caracter personal<\/h2>\n<p>Parts Expert nu \u00eemp\u0103rt\u0103\u0219e\u0219te niciodat\u0103, sub nicio form\u0103, datele de contact ale utilizatorilor s\u0103i cu ter\u021be p\u0103r\u021bi\/companii.<\/p>\n<h2>Fi\u0219ierele de tip cookie<\/h2>\n<p>Unele zone din cadrul paginii de internet Parts Expert pot folosi fi\u0219iere de tip cookie, \u0219i anume fi\u0219iere text de mici dimensiuni, trimise pe computerul utilizatorului, cu ajutorul c\u0103rora utilizatorul este identificat \u00eentr-un mod necesar pentru simplificarea \u0219i accelerarea func\u021bion\u0103rii paginii de internet (de exemplu, prin memorarea textelor deschise anterior \u0219i \u00eenc\u0103rcarea mai rapid\u0103 a acestora). Fi\u0219ierele de tip cookie sunt inofensive, at\u00e2t pentru computerul utilizatorului, c\u00e2t \u0219i pentru utilizator \u0219i pentru datele acestuia. Fiecare utilizator poate s\u0103 le dezactiveze din set\u0103rile propriului browser.<\/p>\n<h2>Google Analytics<\/h2>\n<p>Parts Expert utilizeaz\u0103 <a xmlns:xhtml=\"http:\/\/www.w3.org\/1999\/xhtml\" xhtml:href=\"http:\/\/www.google.com\/analytics\/learn\/privacy.html\">Google Analytics<\/a>, un serviciu de analiz\u0103 a traficului aferent paginii de internet, furnizat de Google, Inc. (&#8222;Google&#8221;). Google Analytics utilizeaz\u0103 &#8222;cookie-uri&#8221;, \u0219i anume fi\u0219iere text trimise pe computerul utilizatorului, pentru a permite paginii de internet s\u0103 analizeze modul \u00een care aceasta este utilizat\u0103 de cei care o acceseaz\u0103. Informa\u021biile generate de fi\u0219ierele de tip cookie, \u00een ceea ce prive\u0219te utilizarea paginii de internet de c\u0103tre utilizator (inclusiv adresa IP a acestuia), vor fi transmise companiei Google \u0219i stocate de aceasta pe serverele din Statele Unite ale Americii.<\/p>\n<p>Google va utiliza aceste informa\u021bii cu scopul de a evalua modul de utilizare a paginii de internet, de a \u00eentocmi rapoarte privind traficul online pentru operatorii de pagini de internet \u0219i de a furniza alte servicii legate de traficul online \u0219i de utilizarea internetului. De asemenea, Google poate s\u0103 transfere aceste informa\u021bii c\u0103tre ter\u021be p\u0103r\u021bi, \u00een situa\u021bia \u00een care este obligat\u0103 prin lege s\u0103 fac\u0103 acest lucru sau dac\u0103 aceste ter\u021be p\u0103r\u021bi prelucreaz\u0103 astfel de informa\u021bii \u00een numele companiei Google.<\/p>\n<p>Google nu va face nicio leg\u0103tur\u0103 \u00eentre adresa IP a utilizatorului \u0219i alte date pe care aceasta le de\u021bine. Utilizatorul poate renun\u021ba la fi\u0219ierele de tip cookie prin selectarea set\u0103rilor corespunz\u0103toare \u00een browserul s\u0103u, dar trebuie avut \u00een vedere c\u0103, \u00eentr-un astfel de caz, este posibil ca utilizatorul s\u0103 nu poat\u0103 folosi toate func\u021biile paginii de internet. Prin utilizarea prezentei pagini de internet, sunte\u021bi de acord cu prelucrarea, de c\u0103tre Google, a datelor personale, \u00een modul \u0219i \u00een scopurile men\u021bionate mai sus.<\/p>\n<h2>Facebook<\/h2>\n<p>Paginile Parts Expert dispun de un plug-in integrat cu re\u021beaua de socializare Facebook. Plugin-ul Facebook se afl\u0103 sub butonul &#8222;\u00cemi place&#8221; de pe pagina noastr\u0103 de internet. Lista plug-in-urilor Facebook se g\u0103se\u0219te <a xmlns:xhtml=\"http:\/\/www.w3.org\/1999\/xhtml\" xhtml:href=\"http:\/\/developers.facebook.com\/docs\/plugins\/\">aici<\/a>.<\/p>\n<p>\u00cen momentul \u00een care accesezi pagina noastre de internet se creeaz\u0103 o conexiune automat\u0103, prin intermediul unui plugin, \u00eentre serverul Facebook \u0219i browserul t\u0103u. Facebook va fi apoi informat cu privire la vizita ta pe pagina noastr\u0103 de internet, folosind adresa ta IP. Dac\u0103 faci clic pe butonul &#8222;\u00cemi place&#8221; \u00een timp ce e\u0219ti conectat la contul t\u0103u de Facebook, con\u021binutul paginii noastre poate fi legat de profilul t\u0103u. Informa\u021bii suplimentare pot fi g\u0103site pe pagina de<a xmlns:xhtml=\"http:\/\/www.w3.org\/1999\/xhtml\" xhtml:href=\"http:\/\/www.facebook.com\/policy.php\">Facebook<\/a>.<\/p>\n<p>Dac\u0103 nu dore\u0219ti ca Facebook s\u0103 \u00eenregistreze vizita ta pe pagina noastr\u0103 de internet, te rug\u0103m s\u0103 te deconectezi de la contul t\u0103u de Facebook.<\/p>\n<h2>Excluderea r\u0103spunderii<\/h2>\n<p>Parts Expert nu este responsabil\u0103 pentru con\u021binutul opiniilor \u0219i comentariilor postate de persoane fizice \u0219i de companii pe pagina noastr\u0103.<\/p>\n\t\t\t\t\t\t<\/div>\n\t\t\t\t<\/div>\n\t\t\t\t\t<\/div>\n\t\t<\/div>\n\t\t\t\t\t\t\t<\/div>\n\t\t<\/section>\n\t\t\t\t\t\t\t<\/div>\n\t\t","protected":false},"excerpt":{"rendered":"<p>Politica de confiden\u021bialitate Parts Expert este con\u0219tient de importan\u021ba deosebit\u0103 pe care utilizatorii o acord\u0103 protec\u021biei datelor cu caracter personal \u0219i aspectului confiden\u021bial al acestora. Prin urmare, am dori s\u0103 descriem aici modul \u00een care colect\u0103m \u0219i prelucr\u0103m astfel de informa\u021bii. Parts Expert, informeaz\u0103 c\u0103, \u00een conformitate cu art. 24 alin. 1 din Legea din [&hellip;]<\/p>\n","protected":false},"author":1,"featured_media":0,"parent":0,"menu_order":0,"comment_status":"closed","ping_status":"open","template":"","meta":{"inline_featured_image":false,"footnotes":""},"class_list":["post-841","page","type-page","status-publish","hentry"],"yoast_head":"<!-- This site is optimized with the Yoast SEO plugin v19.5.1 - https:\/\/yoast.com\/wordpress\/plugins\/seo\/ -->\n<title>Politica de confiden\u021bialitate - Parts Export<\/title>\n<meta name=\"robots\" content=\"index, follow, max-snippet:-1, max-image-preview:large, max-video-preview:-1\" \/>\n<link rel=\"canonical\" href=\"http:\/\/parts-export24.com\/ro\/politica-de-confidentialitate\/\" \/>\n<meta property=\"og:locale\" content=\"ro_RO\" \/>\n<meta property=\"og:type\" content=\"article\" \/>\n<meta property=\"og:title\" content=\"Politica de confiden\u021bialitate - Parts Export\" \/>\n<meta property=\"og:description\" content=\"Politica de confiden\u021bialitate Parts Expert este con\u0219tient de importan\u021ba deosebit\u0103 pe care utilizatorii o acord\u0103 protec\u021biei datelor cu caracter personal \u0219i aspectului confiden\u021bial al acestora. Prin urmare, am dori s\u0103 descriem aici modul \u00een care colect\u0103m \u0219i prelucr\u0103m astfel de informa\u021bii. Parts Expert, informeaz\u0103 c\u0103, \u00een conformitate cu art. 24 alin. 1 din Legea din [&hellip;]\" \/>\n<meta property=\"og:url\" content=\"http:\/\/parts-export24.com\/ro\/politica-de-confidentialitate\/\" \/>\n<meta property=\"og:site_name\" content=\"Parts Export\" \/>\n<meta property=\"article:modified_time\" content=\"2024-03-15T10:04:26+00:00\" \/>\n<meta name=\"twitter:card\" content=\"summary_large_image\" \/>\n<meta name=\"twitter:label1\" content=\"Timp estimat pentru citire\" \/>\n\t<meta name=\"twitter:data1\" content=\"7 minute\" \/>\n<script type=\"application\/ld+json\" class=\"yoast-schema-graph\">{\"@context\":\"https:\/\/schema.org\",\"@graph\":[{\"@type\":\"WebPage\",\"@id\":\"http:\/\/parts-export24.com\/ro\/politica-de-confidentialitate\/\",\"url\":\"http:\/\/parts-export24.com\/ro\/politica-de-confidentialitate\/\",\"name\":\"Politica de confiden\u021bialitate - Parts Export\",\"isPartOf\":{\"@id\":\"http:\/\/parts-export24.com\/ro\/#website\"},\"datePublished\":\"2022-07-30T11:18:06+00:00\",\"dateModified\":\"2024-03-15T10:04:26+00:00\",\"breadcrumb\":{\"@id\":\"http:\/\/parts-export24.com\/ro\/politica-de-confidentialitate\/#breadcrumb\"},\"inLanguage\":\"ro-RO\",\"potentialAction\":[{\"@type\":\"ReadAction\",\"target\":[\"http:\/\/parts-export24.com\/ro\/politica-de-confidentialitate\/\"]}]},{\"@type\":\"BreadcrumbList\",\"@id\":\"http:\/\/parts-export24.com\/ro\/politica-de-confidentialitate\/#breadcrumb\",\"itemListElement\":[{\"@type\":\"ListItem\",\"position\":1,\"name\":\"Home\",\"item\":\"http:\/\/parts-export24.com\/ro\/\"},{\"@type\":\"ListItem\",\"position\":2,\"name\":\"Politica de confiden\u021bialitate\"}]},{\"@type\":\"WebSite\",\"@id\":\"http:\/\/parts-export24.com\/ro\/#website\",\"url\":\"http:\/\/parts-export24.com\/ro\/\",\"name\":\"Parts Export\",\"description\":\"Wholesale of engines and car parts\",\"publisher\":{\"@id\":\"http:\/\/parts-export24.com\/ro\/#organization\"},\"potentialAction\":[{\"@type\":\"SearchAction\",\"target\":{\"@type\":\"EntryPoint\",\"urlTemplate\":\"http:\/\/parts-export24.com\/ro\/?s={search_term_string}\"},\"query-input\":\"required name=search_term_string\"}],\"inLanguage\":\"ro-RO\"},{\"@type\":\"Organization\",\"@id\":\"http:\/\/parts-export24.com\/ro\/#organization\",\"name\":\"Parts Export\",\"url\":\"http:\/\/parts-export24.com\/ro\/\",\"sameAs\":[],\"logo\":{\"@type\":\"ImageObject\",\"inLanguage\":\"ro-RO\",\"@id\":\"http:\/\/parts-export24.com\/ro\/#\/schema\/logo\/image\/\",\"url\":\"http:\/\/parts-export24.com\/wp-content\/uploads\/2022\/07\/Parts-Export-logo.svg\",\"contentUrl\":\"http:\/\/parts-export24.com\/wp-content\/uploads\/2022\/07\/Parts-Export-logo.svg\",\"width\":469,\"height\":115,\"caption\":\"Parts Export\"},\"image\":{\"@id\":\"http:\/\/parts-export24.com\/ro\/#\/schema\/logo\/image\/\"}}]}<\/script>\n<!-- \/ Yoast SEO plugin. -->","yoast_head_json":{"title":"Politica de confiden\u021bialitate - Parts Export","robots":{"index":"index","follow":"follow","max-snippet":"max-snippet:-1","max-image-preview":"max-image-preview:large","max-video-preview":"max-video-preview:-1"},"canonical":"http:\/\/parts-export24.com\/ro\/politica-de-confidentialitate\/","og_locale":"ro_RO","og_type":"article","og_title":"Politica de confiden\u021bialitate - Parts Export","og_description":"Politica de confiden\u021bialitate Parts Expert este con\u0219tient de importan\u021ba deosebit\u0103 pe care utilizatorii o acord\u0103 protec\u021biei datelor cu caracter personal \u0219i aspectului confiden\u021bial al acestora. Prin urmare, am dori s\u0103 descriem aici modul \u00een care colect\u0103m \u0219i prelucr\u0103m astfel de informa\u021bii. Parts Expert, informeaz\u0103 c\u0103, \u00een conformitate cu art. 24 alin. 1 din Legea din [&hellip;]","og_url":"http:\/\/parts-export24.com\/ro\/politica-de-confidentialitate\/","og_site_name":"Parts Export","article_modified_time":"2024-03-15T10:04:26+00:00","twitter_card":"summary_large_image","twitter_misc":{"Timp estimat pentru citire":"7 minute"},"schema":{"@context":"https:\/\/schema.org","@graph":[{"@type":"WebPage","@id":"http:\/\/parts-export24.com\/ro\/politica-de-confidentialitate\/","url":"http:\/\/parts-export24.com\/ro\/politica-de-confidentialitate\/","name":"Politica de confiden\u021bialitate - Parts Export","isPartOf":{"@id":"http:\/\/parts-export24.com\/ro\/#website"},"datePublished":"2022-07-30T11:18:06+00:00","dateModified":"2024-03-15T10:04:26+00:00","breadcrumb":{"@id":"http:\/\/parts-export24.com\/ro\/politica-de-confidentialitate\/#breadcrumb"},"inLanguage":"ro-RO","potentialAction":[{"@type":"ReadAction","target":["http:\/\/parts-export24.com\/ro\/politica-de-confidentialitate\/"]}]},{"@type":"BreadcrumbList","@id":"http:\/\/parts-export24.com\/ro\/politica-de-confidentialitate\/#breadcrumb","itemListElement":[{"@type":"ListItem","position":1,"name":"Home","item":"http:\/\/parts-export24.com\/ro\/"},{"@type":"ListItem","position":2,"name":"Politica de confiden\u021bialitate"}]},{"@type":"WebSite","@id":"http:\/\/parts-export24.com\/ro\/#website","url":"http:\/\/parts-export24.com\/ro\/","name":"Parts Export","description":"Wholesale of engines and car parts","publisher":{"@id":"http:\/\/parts-export24.com\/ro\/#organization"},"potentialAction":[{"@type":"SearchAction","target":{"@type":"EntryPoint","urlTemplate":"http:\/\/parts-export24.com\/ro\/?s={search_term_string}"},"query-input":"required name=search_term_string"}],"inLanguage":"ro-RO"},{"@type":"Organization","@id":"http:\/\/parts-export24.com\/ro\/#organization","name":"Parts Export","url":"http:\/\/parts-export24.com\/ro\/","sameAs":[],"logo":{"@type":"ImageObject","inLanguage":"ro-RO","@id":"http:\/\/parts-export24.com\/ro\/#\/schema\/logo\/image\/","url":"http:\/\/parts-export24.com\/wp-content\/uploads\/2022\/07\/Parts-Export-logo.svg","contentUrl":"http:\/\/parts-export24.com\/wp-content\/uploads\/2022\/07\/Parts-Export-logo.svg","width":469,"height":115,"caption":"Parts Export"},"image":{"@id":"http:\/\/parts-export24.com\/ro\/#\/schema\/logo\/image\/"}}]}},"_links":{"self":[{"href":"http:\/\/parts-export24.com\/ro\/wp-json\/wp\/v2\/pages\/841","targetHints":{"allow":["GET"]}}],"collection":[{"href":"http:\/\/parts-export24.com\/ro\/wp-json\/wp\/v2\/pages"}],"about":[{"href":"http:\/\/parts-export24.com\/ro\/wp-json\/wp\/v2\/types\/page"}],"author":[{"embeddable":true,"href":"http:\/\/parts-export24.com\/ro\/wp-json\/wp\/v2\/users\/1"}],"replies":[{"embeddable":true,"href":"http:\/\/parts-export24.com\/ro\/wp-json\/wp\/v2\/comments?post=841"}],"version-history":[{"count":1,"href":"http:\/\/parts-export24.com\/ro\/wp-json\/wp\/v2\/pages\/841\/revisions"}],"predecessor-version":[{"id":843,"href":"http:\/\/parts-export24.com\/ro\/wp-json\/wp\/v2\/pages\/841\/revisions\/843"}],"wp:attachment":[{"href":"http:\/\/parts-export24.com\/ro\/wp-json\/wp\/v2\/media?parent=841"}],"curies":[{"name":"wp","href":"https:\/\/api.w.org\/{rel}","templated":true}]}}