{"id":821,"date":"2022-07-30T12:04:50","date_gmt":"2022-07-30T11:04:50","guid":{"rendered":"http:\/\/parts-export24.com\/oferta\/vanzare-en-gros-de-pompe-abs\/"},"modified":"2024-03-15T10:04:20","modified_gmt":"2024-03-15T10:04:20","slug":"vanzare-en-gros-de-pompe-abs","status":"publish","type":"page","link":"http:\/\/parts-export24.com\/ro\/oferta\/vanzare-en-gros-de-pompe-abs\/","title":{"rendered":"V\u00e2nzare en-gros de pompe ABS"},"content":{"rendered":"\t\t<div data-elementor-type=\"wp-page\" data-elementor-id=\"821\" class=\"elementor elementor-821 elementor-275\">\n\t\t\t\t\t\t\t\t\t<section class=\"elementor-section elementor-top-section elementor-element elementor-element-3956b66 elementor-section-content-middle elementor-section-stretched elementor-section-boxed elementor-section-height-default elementor-section-height-default\" data-id=\"3956b66\" data-element_type=\"section\" data-settings=\"{&quot;stretch_section&quot;:&quot;section-stretched&quot;,&quot;background_background&quot;:&quot;classic&quot;}\">\n\t\t\t\t\t\t\t<div class=\"elementor-background-overlay\"><\/div>\n\t\t\t\t\t\t\t<div class=\"elementor-container elementor-column-gap-default\">\n\t\t\t\t\t<div class=\"elementor-column elementor-col-100 elementor-top-column elementor-element elementor-element-0801306\" data-id=\"0801306\" data-element_type=\"column\">\n\t\t\t<div class=\"elementor-widget-wrap elementor-element-populated\">\n\t\t\t\t\t\t\t\t<div class=\"elementor-element elementor-element-e6753ba elementor-widget elementor-widget-heading\" data-id=\"e6753ba\" data-element_type=\"widget\" data-widget_type=\"heading.default\">\n\t\t\t\t<div class=\"elementor-widget-container\">\n\t\t\t<style>\/*! elementor - v3.7.0 - 08-08-2022 *\/\n.elementor-heading-title{padding:0;margin:0;line-height:1}.elementor-widget-heading .elementor-heading-title[class*=elementor-size-]>a{color:inherit;font-size:inherit;line-height:inherit}.elementor-widget-heading .elementor-heading-title.elementor-size-small{font-size:15px}.elementor-widget-heading .elementor-heading-title.elementor-size-medium{font-size:19px}.elementor-widget-heading .elementor-heading-title.elementor-size-large{font-size:29px}.elementor-widget-heading .elementor-heading-title.elementor-size-xl{font-size:39px}.elementor-widget-heading .elementor-heading-title.elementor-size-xxl{font-size:59px}<\/style><h1 class=\"elementor-heading-title elementor-size-default\">V\u00e2nzare en-gros de pompe ABS<\/h1>\t\t<\/div>\n\t\t\t\t<\/div>\n\t\t\t\t\t<\/div>\n\t\t<\/div>\n\t\t\t\t\t\t\t<\/div>\n\t\t<\/section>\n\t\t\t\t<section class=\"elementor-section elementor-top-section elementor-element elementor-element-32b80cc elementor-section-content-middle elementor-section-boxed elementor-section-height-default elementor-section-height-default\" data-id=\"32b80cc\" data-element_type=\"section\">\n\t\t\t\t\t\t<div class=\"elementor-container elementor-column-gap-default\">\n\t\t\t\t\t<div class=\"elementor-column elementor-col-50 elementor-top-column elementor-element elementor-element-debedcb\" data-id=\"debedcb\" data-element_type=\"column\">\n\t\t\t<div class=\"elementor-widget-wrap elementor-element-populated\">\n\t\t\t\t\t\t\t\t<div class=\"elementor-element elementor-element-027821d elementor-widget elementor-widget-text-editor\" data-id=\"027821d\" data-element_type=\"widget\" data-widget_type=\"text-editor.default\">\n\t\t\t\t<div class=\"elementor-widget-container\">\n\t\t\t<style>\/*! elementor - v3.7.0 - 08-08-2022 *\/\n.elementor-widget-text-editor.elementor-drop-cap-view-stacked .elementor-drop-cap{background-color:#818a91;color:#fff}.elementor-widget-text-editor.elementor-drop-cap-view-framed .elementor-drop-cap{color:#818a91;border:3px solid;background-color:transparent}.elementor-widget-text-editor:not(.elementor-drop-cap-view-default) .elementor-drop-cap{margin-top:8px}.elementor-widget-text-editor:not(.elementor-drop-cap-view-default) .elementor-drop-cap-letter{width:1em;height:1em}.elementor-widget-text-editor .elementor-drop-cap{float:left;text-align:center;line-height:1;font-size:50px}.elementor-widget-text-editor .elementor-drop-cap-letter{display:inline-block}<\/style>\t\t\t\t<h2>Ai nevoie de pompe ABS second-hand?<\/h2>\n<p><strong>Livr\u0103m pompe ABS numai \u00een pachete \u00een vrac.<\/strong><\/p>\n\t\t\t\t\t\t<\/div>\n\t\t\t\t<\/div>\n\t\t\t\t\t<\/div>\n\t\t<\/div>\n\t\t\t\t<div class=\"elementor-column elementor-col-50 elementor-top-column elementor-element elementor-element-a45efaf\" data-id=\"a45efaf\" data-element_type=\"column\">\n\t\t\t<div class=\"elementor-widget-wrap elementor-element-populated\">\n\t\t\t\t\t\t\t\t<div class=\"elementor-element elementor-element-c4e97cc elementor-widget elementor-widget-image\" data-id=\"c4e97cc\" data-element_type=\"widget\" data-widget_type=\"image.default\">\n\t\t\t\t<div class=\"elementor-widget-container\">\n\t\t\t<style>\/*! elementor - v3.7.0 - 08-08-2022 *\/\n.elementor-widget-image{text-align:center}.elementor-widget-image a{display:inline-block}.elementor-widget-image a img[src$=\".svg\"]{width:48px}.elementor-widget-image img{vertical-align:middle;display:inline-block}<\/style>\t\t\t\t\t\t\t\t\t\t\t\t<img decoding=\"async\" width=\"1024\" height=\"768\" src=\"http:\/\/parts-export24.com\/wp-content\/uploads\/2022\/07\/parts-export3-1024x768.jpg\" class=\"attachment-large size-large\" alt=\"\" srcset=\"http:\/\/parts-export24.com\/wp-content\/uploads\/2022\/07\/parts-export3-1024x768.jpg 1024w, http:\/\/parts-export24.com\/wp-content\/uploads\/2022\/07\/parts-export3-300x225.jpg 300w, http:\/\/parts-export24.com\/wp-content\/uploads\/2022\/07\/parts-export3-768x576.jpg 768w, http:\/\/parts-export24.com\/wp-content\/uploads\/2022\/07\/parts-export3-1536x1152.jpg 1536w, http:\/\/parts-export24.com\/wp-content\/uploads\/2022\/07\/parts-export3.jpg 1600w\" sizes=\"(max-width: 1024px) 100vw, 1024px\" \/>\t\t\t\t\t\t\t\t\t\t\t\t\t\t\t<\/div>\n\t\t\t\t<\/div>\n\t\t\t\t\t<\/div>\n\t\t<\/div>\n\t\t\t\t\t\t\t<\/div>\n\t\t<\/section>\n\t\t\t\t<section class=\"elementor-section elementor-top-section elementor-element elementor-element-a0eba57 elementor-section-boxed elementor-section-height-default elementor-section-height-default\" data-id=\"a0eba57\" data-element_type=\"section\">\n\t\t\t\t\t\t<div class=\"elementor-container elementor-column-gap-default\">\n\t\t\t\t\t<div class=\"elementor-column elementor-col-100 elementor-top-column elementor-element elementor-element-1323c8d\" data-id=\"1323c8d\" data-element_type=\"column\">\n\t\t\t<div class=\"elementor-widget-wrap elementor-element-populated\">\n\t\t\t\t\t\t\t\t<div class=\"elementor-element elementor-element-c909d6b elementor-widget elementor-widget-text-editor\" data-id=\"c909d6b\" data-element_type=\"widget\" data-widget_type=\"text-editor.default\">\n\t\t\t\t<div class=\"elementor-widget-container\">\n\t\t\t\t\t\t\t<h2>V\u00e2nzarea en-gros de pompe ABS <\/h2>\n<p>Pompele moderne ABS pentru autovehicule sunt mai mult dec\u00e2t o simpl\u0103 pomp\u0103, ele reprezent\u00e2nd un sistem de control ABS foarte complex \u0219i autonom, care, de-a lungul anilor, a fost \u00een mod continuu condensat \u00eentr-o singur\u0103 unitate mic\u0103. La \u00eenceputurile pompelor ABS, principalele componente necesare pentru func\u021bionarea acestora (sistemul de fr\u00e2nare cu anti-blocare) erau distribuite \u00een interiorul vehiculului, cu pompa de pre\u00eenc\u0103rcare ABS amplasat\u0103 \u00een apropierea servofr\u00e2nei, cu unitatea hidraulic\u0103 ABS ata\u0219at\u0103 l\u00e2ng\u0103 cilindrul principal \u0219i cu modulul ABS amplasat undeva \u00een interiorul compartimentului pentru pasageri (de obicei sub scaun sau \u00een spatele pragului).<\/p>\n<p>Aceasta s-a dovedit a fi o configura\u021bie destul de dificil\u0103, cu componente ale aceluia\u0219i sistem amplasate \u00een zone diferite ale vehiculului, necesit\u00e2nd, de asemenea, un fascicul de cabluri mult mai mare pentru a le conecta. Cu toate acestea, pentru a face economii de greutate \u0219i spa\u021biu, precum \u0219i pentru a cre\u0219te performan\u021ba vehiculelor, unit\u0103\u021bile moderne ABS reprezint\u0103 o unitate combinat\u0103 de sistem, adesea denumit\u0103 simplu pomp\u0103 ABS, dar care const\u0103 de fapt din 3 componente principale&#8230;.<br \/>Pompa ABS este o parte esen\u021bial\u0103 a multor sisteme de fr\u00e2nare moderne. <\/p>\n<h2>Care este rolul pompei ABS?<\/h2>\n<p>Pompa ABS reprezint\u0103 o component\u0103 de siguran\u021b\u0103, care poate fi g\u0103sit\u0103 \u00een majoritatea vehiculelor, ca parte a sistemului de fr\u00e2nare cu anti-blocare (ABS). \u00centregul sistem a fost conceput \u00een mod inteligent pentru a opri blocarea periculoas\u0103 a fr\u00e2nelor, \u00een situa\u021bii de fr\u00e2nare brusc\u0103, prevenind astfel derapajul, acvaplanarea \u0219i pierderea aderen\u021bei. Acest lucru este deosebit de important pe terenurile dificile, noroioase \u0219i \u00een condi\u021bii meteorologice dificile, cum ar fi drumurile \u00eenghe\u021bate sau ploile toren\u021biale, ajut\u00e2ndu-l pe \u0219ofer s\u0103 men\u021bin\u0103 controlul deplin asupra autovehiculului.<\/p>\n\t\t\t\t\t\t<\/div>\n\t\t\t\t<\/div>\n\t\t\t\t<div class=\"elementor-element elementor-element-3b720e7 elementor-widget elementor-widget-toggle\" data-id=\"3b720e7\" data-element_type=\"widget\" data-widget_type=\"toggle.default\">\n\t\t\t\t<div class=\"elementor-widget-container\">\n\t\t\t<style>\/*! elementor - v3.7.0 - 08-08-2022 *\/\n.elementor-toggle{text-align:left}.elementor-toggle .elementor-tab-title{font-weight:700;line-height:1;margin:0;padding:15px;border-bottom:1px solid #d4d4d4;cursor:pointer;outline:none}.elementor-toggle .elementor-tab-title .elementor-toggle-icon{display:inline-block;width:1em}.elementor-toggle .elementor-tab-title .elementor-toggle-icon svg{-webkit-margin-start:-5px;margin-inline-start:-5px;width:1em;height:1em}.elementor-toggle .elementor-tab-title .elementor-toggle-icon.elementor-toggle-icon-right{float:right;text-align:right}.elementor-toggle .elementor-tab-title .elementor-toggle-icon.elementor-toggle-icon-left{float:left;text-align:left}.elementor-toggle .elementor-tab-title .elementor-toggle-icon .elementor-toggle-icon-closed{display:block}.elementor-toggle .elementor-tab-title .elementor-toggle-icon .elementor-toggle-icon-opened{display:none}.elementor-toggle .elementor-tab-title.elementor-active{border-bottom:none}.elementor-toggle .elementor-tab-title.elementor-active .elementor-toggle-icon-closed{display:none}.elementor-toggle .elementor-tab-title.elementor-active .elementor-toggle-icon-opened{display:block}.elementor-toggle .elementor-tab-content{padding:15px;border-bottom:1px solid #d4d4d4;display:none}@media (max-width:767px){.elementor-toggle .elementor-tab-title{padding:12px}.elementor-toggle .elementor-tab-content{padding:12px 10px}}.e-container>.elementor-widget-toggle{width:var(--container-widget-width,100%)}<\/style>\t\t<div class=\"elementor-toggle\" role=\"tablist\">\n\t\t\t\t\t\t\t<div class=\"elementor-toggle-item\">\n\t\t\t\t\t<div id=\"elementor-tab-title-6231\" class=\"elementor-tab-title\" data-tab=\"1\" role=\"tab\" aria-controls=\"elementor-tab-content-6231\" aria-expanded=\"false\">\n\t\t\t\t\t\t\t\t\t\t\t\t<span class=\"elementor-toggle-icon elementor-toggle-icon-right\" aria-hidden=\"true\">\n\t\t\t\t\t\t\t\t\t\t\t\t\t\t\t<span class=\"elementor-toggle-icon-closed\"><i class=\"fas fa-caret-right\"><\/i><\/span>\n\t\t\t\t\t\t\t\t<span class=\"elementor-toggle-icon-opened\"><i class=\"elementor-toggle-icon-opened fas fa-caret-up\"><\/i><\/span>\n\t\t\t\t\t\t\t\t\t\t\t\t\t<\/span>\n\t\t\t\t\t\t\t\t\t\t\t\t<a href=\"\" class=\"elementor-toggle-title\">Mai mult<\/a>\n\t\t\t\t\t<\/div>\n\n\t\t\t\t\t<div id=\"elementor-tab-content-6231\" class=\"elementor-tab-content elementor-clearfix\" data-tab=\"1\" role=\"tabpanel\" aria-labelledby=\"elementor-tab-title-6231\"><p>\u00cen cadrul Parts Export dispunem de o gam\u0103 larg\u0103 de piese ABS pentru ma\u0219ina ta. Piesele noastre originale de \u00eenlocuire OEM \u0219i piesele de schimb premium sunt disponibile la pre\u021buri en-gros. Pompele ABS pe care le avem \u00een oferta noastr\u0103 sunt durabile \u0219i au fost testate din punct de vedere al conformit\u0103\u021bii cu standardele.<\/p>\n<p><strong>Furniz\u0103m ECU en-gros \u00een pachete \u00een vrac.<\/strong><\/p>\n<\/div>\n\t\t\t\t<\/div>\n\t\t\t\t\t\t\t\t<\/div>\n\t\t\t\t<\/div>\n\t\t\t\t<\/div>\n\t\t\t\t\t<\/div>\n\t\t<\/div>\n\t\t\t\t\t\t\t<\/div>\n\t\t<\/section>\n\t\t\t\t\t\t\t<\/div>\n\t\t","protected":false},"excerpt":{"rendered":"<p>V\u00e2nzare en-gros de pompe ABS Ai nevoie de pompe ABS second-hand? Livr\u0103m pompe ABS numai \u00een pachete \u00een vrac. V\u00e2nzarea en-gros de pompe ABS Pompele moderne ABS pentru autovehicule sunt mai mult dec\u00e2t o simpl\u0103 pomp\u0103, ele reprezent\u00e2nd un sistem de control ABS foarte complex \u0219i autonom, care, de-a lungul anilor, a fost \u00een mod [&hellip;]<\/p>\n","protected":false},"author":1,"featured_media":0,"parent":782,"menu_order":0,"comment_status":"closed","ping_status":"closed","template":"","meta":{"inline_featured_image":false,"footnotes":""},"class_list":["post-821","page","type-page","status-publish","hentry"],"yoast_head":"<!-- This site is optimized with the Yoast SEO plugin v19.5.1 - https:\/\/yoast.com\/wordpress\/plugins\/seo\/ -->\n<title>V\u00e2nzare en-gros de pompe ABS - Parts Export<\/title>\n<meta name=\"robots\" content=\"index, follow, max-snippet:-1, max-image-preview:large, max-video-preview:-1\" \/>\n<link rel=\"canonical\" href=\"http:\/\/parts-export24.com\/ro\/oferta\/vanzare-en-gros-de-pompe-abs\/\" \/>\n<meta property=\"og:locale\" content=\"ro_RO\" \/>\n<meta property=\"og:type\" content=\"article\" \/>\n<meta property=\"og:title\" content=\"V\u00e2nzare en-gros de pompe ABS - Parts Export\" \/>\n<meta property=\"og:description\" content=\"V\u00e2nzare en-gros de pompe ABS Ai nevoie de pompe ABS second-hand? Livr\u0103m pompe ABS numai \u00een pachete \u00een vrac. V\u00e2nzarea en-gros de pompe ABS Pompele moderne ABS pentru autovehicule sunt mai mult dec\u00e2t o simpl\u0103 pomp\u0103, ele reprezent\u00e2nd un sistem de control ABS foarte complex \u0219i autonom, care, de-a lungul anilor, a fost \u00een mod [&hellip;]\" \/>\n<meta property=\"og:url\" content=\"http:\/\/parts-export24.com\/ro\/oferta\/vanzare-en-gros-de-pompe-abs\/\" \/>\n<meta property=\"og:site_name\" content=\"Parts Export\" \/>\n<meta property=\"article:modified_time\" content=\"2024-03-15T10:04:20+00:00\" \/>\n<meta property=\"og:image\" content=\"http:\/\/parts-export24.com\/wp-content\/uploads\/2022\/07\/parts-export3-1024x768.jpg\" \/>\n<meta name=\"twitter:card\" content=\"summary_large_image\" \/>\n<meta name=\"twitter:label1\" content=\"Timp estimat pentru citire\" \/>\n\t<meta name=\"twitter:data1\" content=\"2 minute\" \/>\n<script type=\"application\/ld+json\" class=\"yoast-schema-graph\">{\"@context\":\"https:\/\/schema.org\",\"@graph\":[{\"@type\":\"WebPage\",\"@id\":\"http:\/\/parts-export24.com\/ro\/oferta\/vanzare-en-gros-de-pompe-abs\/\",\"url\":\"http:\/\/parts-export24.com\/ro\/oferta\/vanzare-en-gros-de-pompe-abs\/\",\"name\":\"V\u00e2nzare en-gros de pompe ABS - Parts Export\",\"isPartOf\":{\"@id\":\"http:\/\/parts-export24.com\/ro\/#website\"},\"datePublished\":\"2022-07-30T11:04:50+00:00\",\"dateModified\":\"2024-03-15T10:04:20+00:00\",\"breadcrumb\":{\"@id\":\"http:\/\/parts-export24.com\/ro\/oferta\/vanzare-en-gros-de-pompe-abs\/#breadcrumb\"},\"inLanguage\":\"ro-RO\",\"potentialAction\":[{\"@type\":\"ReadAction\",\"target\":[\"http:\/\/parts-export24.com\/ro\/oferta\/vanzare-en-gros-de-pompe-abs\/\"]}]},{\"@type\":\"BreadcrumbList\",\"@id\":\"http:\/\/parts-export24.com\/ro\/oferta\/vanzare-en-gros-de-pompe-abs\/#breadcrumb\",\"itemListElement\":[{\"@type\":\"ListItem\",\"position\":1,\"name\":\"Home\",\"item\":\"http:\/\/parts-export24.com\/ro\/\"},{\"@type\":\"ListItem\",\"position\":2,\"name\":\"Oferta\",\"item\":\"https:\/\/parts-export24.com\/ro\/oferta\/\"},{\"@type\":\"ListItem\",\"position\":3,\"name\":\"V\u00e2nzare en-gros de pompe ABS\"}]},{\"@type\":\"WebSite\",\"@id\":\"http:\/\/parts-export24.com\/ro\/#website\",\"url\":\"http:\/\/parts-export24.com\/ro\/\",\"name\":\"Parts Export\",\"description\":\"Wholesale of engines and car parts\",\"publisher\":{\"@id\":\"http:\/\/parts-export24.com\/ro\/#organization\"},\"potentialAction\":[{\"@type\":\"SearchAction\",\"target\":{\"@type\":\"EntryPoint\",\"urlTemplate\":\"http:\/\/parts-export24.com\/ro\/?s={search_term_string}\"},\"query-input\":\"required name=search_term_string\"}],\"inLanguage\":\"ro-RO\"},{\"@type\":\"Organization\",\"@id\":\"http:\/\/parts-export24.com\/ro\/#organization\",\"name\":\"Parts Export\",\"url\":\"http:\/\/parts-export24.com\/ro\/\",\"sameAs\":[],\"logo\":{\"@type\":\"ImageObject\",\"inLanguage\":\"ro-RO\",\"@id\":\"http:\/\/parts-export24.com\/ro\/#\/schema\/logo\/image\/\",\"url\":\"http:\/\/parts-export24.com\/wp-content\/uploads\/2022\/07\/Parts-Export-logo.svg\",\"contentUrl\":\"http:\/\/parts-export24.com\/wp-content\/uploads\/2022\/07\/Parts-Export-logo.svg\",\"width\":469,\"height\":115,\"caption\":\"Parts Export\"},\"image\":{\"@id\":\"http:\/\/parts-export24.com\/ro\/#\/schema\/logo\/image\/\"}}]}<\/script>\n<!-- \/ Yoast SEO plugin. -->","yoast_head_json":{"title":"V\u00e2nzare en-gros de pompe ABS - Parts Export","robots":{"index":"index","follow":"follow","max-snippet":"max-snippet:-1","max-image-preview":"max-image-preview:large","max-video-preview":"max-video-preview:-1"},"canonical":"http:\/\/parts-export24.com\/ro\/oferta\/vanzare-en-gros-de-pompe-abs\/","og_locale":"ro_RO","og_type":"article","og_title":"V\u00e2nzare en-gros de pompe ABS - Parts Export","og_description":"V\u00e2nzare en-gros de pompe ABS Ai nevoie de pompe ABS second-hand? Livr\u0103m pompe ABS numai \u00een pachete \u00een vrac. V\u00e2nzarea en-gros de pompe ABS Pompele moderne ABS pentru autovehicule sunt mai mult dec\u00e2t o simpl\u0103 pomp\u0103, ele reprezent\u00e2nd un sistem de control ABS foarte complex \u0219i autonom, care, de-a lungul anilor, a fost \u00een mod [&hellip;]","og_url":"http:\/\/parts-export24.com\/ro\/oferta\/vanzare-en-gros-de-pompe-abs\/","og_site_name":"Parts Export","article_modified_time":"2024-03-15T10:04:20+00:00","og_image":[{"url":"http:\/\/parts-export24.com\/wp-content\/uploads\/2022\/07\/parts-export3-1024x768.jpg"}],"twitter_card":"summary_large_image","twitter_misc":{"Timp estimat pentru citire":"2 minute"},"schema":{"@context":"https:\/\/schema.org","@graph":[{"@type":"WebPage","@id":"http:\/\/parts-export24.com\/ro\/oferta\/vanzare-en-gros-de-pompe-abs\/","url":"http:\/\/parts-export24.com\/ro\/oferta\/vanzare-en-gros-de-pompe-abs\/","name":"V\u00e2nzare en-gros de pompe ABS - Parts Export","isPartOf":{"@id":"http:\/\/parts-export24.com\/ro\/#website"},"datePublished":"2022-07-30T11:04:50+00:00","dateModified":"2024-03-15T10:04:20+00:00","breadcrumb":{"@id":"http:\/\/parts-export24.com\/ro\/oferta\/vanzare-en-gros-de-pompe-abs\/#breadcrumb"},"inLanguage":"ro-RO","potentialAction":[{"@type":"ReadAction","target":["http:\/\/parts-export24.com\/ro\/oferta\/vanzare-en-gros-de-pompe-abs\/"]}]},{"@type":"BreadcrumbList","@id":"http:\/\/parts-export24.com\/ro\/oferta\/vanzare-en-gros-de-pompe-abs\/#breadcrumb","itemListElement":[{"@type":"ListItem","position":1,"name":"Home","item":"http:\/\/parts-export24.com\/ro\/"},{"@type":"ListItem","position":2,"name":"Oferta","item":"https:\/\/parts-export24.com\/ro\/oferta\/"},{"@type":"ListItem","position":3,"name":"V\u00e2nzare en-gros de pompe ABS"}]},{"@type":"WebSite","@id":"http:\/\/parts-export24.com\/ro\/#website","url":"http:\/\/parts-export24.com\/ro\/","name":"Parts Export","description":"Wholesale of engines and car parts","publisher":{"@id":"http:\/\/parts-export24.com\/ro\/#organization"},"potentialAction":[{"@type":"SearchAction","target":{"@type":"EntryPoint","urlTemplate":"http:\/\/parts-export24.com\/ro\/?s={search_term_string}"},"query-input":"required name=search_term_string"}],"inLanguage":"ro-RO"},{"@type":"Organization","@id":"http:\/\/parts-export24.com\/ro\/#organization","name":"Parts Export","url":"http:\/\/parts-export24.com\/ro\/","sameAs":[],"logo":{"@type":"ImageObject","inLanguage":"ro-RO","@id":"http:\/\/parts-export24.com\/ro\/#\/schema\/logo\/image\/","url":"http:\/\/parts-export24.com\/wp-content\/uploads\/2022\/07\/Parts-Export-logo.svg","contentUrl":"http:\/\/parts-export24.com\/wp-content\/uploads\/2022\/07\/Parts-Export-logo.svg","width":469,"height":115,"caption":"Parts Export"},"image":{"@id":"http:\/\/parts-export24.com\/ro\/#\/schema\/logo\/image\/"}}]}},"_links":{"self":[{"href":"http:\/\/parts-export24.com\/ro\/wp-json\/wp\/v2\/pages\/821","targetHints":{"allow":["GET"]}}],"collection":[{"href":"http:\/\/parts-export24.com\/ro\/wp-json\/wp\/v2\/pages"}],"about":[{"href":"http:\/\/parts-export24.com\/ro\/wp-json\/wp\/v2\/types\/page"}],"author":[{"embeddable":true,"href":"http:\/\/parts-export24.com\/ro\/wp-json\/wp\/v2\/users\/1"}],"replies":[{"embeddable":true,"href":"http:\/\/parts-export24.com\/ro\/wp-json\/wp\/v2\/comments?post=821"}],"version-history":[{"count":1,"href":"http:\/\/parts-export24.com\/ro\/wp-json\/wp\/v2\/pages\/821\/revisions"}],"predecessor-version":[{"id":825,"href":"http:\/\/parts-export24.com\/ro\/wp-json\/wp\/v2\/pages\/821\/revisions\/825"}],"up":[{"embeddable":true,"href":"http:\/\/parts-export24.com\/ro\/wp-json\/wp\/v2\/pages\/782"}],"wp:attachment":[{"href":"http:\/\/parts-export24.com\/ro\/wp-json\/wp\/v2\/media?parent=821"}],"curies":[{"name":"wp","href":"https:\/\/api.w.org\/{rel}","templated":true}]}}