{"id":811,"date":"2022-07-30T12:00:47","date_gmt":"2022-07-30T11:00:47","guid":{"rendered":"http:\/\/parts-export24.com\/oferta\/vanzare-en-gros-de-piese-auto\/"},"modified":"2024-03-15T10:04:17","modified_gmt":"2024-03-15T10:04:17","slug":"vanzare-en-gros-de-piese-auto","status":"publish","type":"page","link":"http:\/\/parts-export24.com\/ro\/oferta\/vanzare-en-gros-de-piese-auto\/","title":{"rendered":"V\u00e2nzare en-gros de piese auto"},"content":{"rendered":"\t\t<div data-elementor-type=\"wp-page\" data-elementor-id=\"811\" class=\"elementor elementor-811 elementor-265\">\n\t\t\t\t\t\t\t\t\t<section class=\"elementor-section elementor-top-section elementor-element elementor-element-851c87d elementor-section-content-middle elementor-section-stretched elementor-section-boxed elementor-section-height-default elementor-section-height-default\" data-id=\"851c87d\" data-element_type=\"section\" data-settings=\"{&quot;stretch_section&quot;:&quot;section-stretched&quot;,&quot;background_background&quot;:&quot;classic&quot;}\">\n\t\t\t\t\t\t\t<div class=\"elementor-background-overlay\"><\/div>\n\t\t\t\t\t\t\t<div class=\"elementor-container elementor-column-gap-default\">\n\t\t\t\t\t<div class=\"elementor-column elementor-col-100 elementor-top-column elementor-element elementor-element-cede481\" data-id=\"cede481\" data-element_type=\"column\">\n\t\t\t<div class=\"elementor-widget-wrap elementor-element-populated\">\n\t\t\t\t\t\t\t\t<div class=\"elementor-element elementor-element-1206f4b elementor-widget elementor-widget-heading\" data-id=\"1206f4b\" data-element_type=\"widget\" data-widget_type=\"heading.default\">\n\t\t\t\t<div class=\"elementor-widget-container\">\n\t\t\t<style>\/*! elementor - v3.7.0 - 08-08-2022 *\/\n.elementor-heading-title{padding:0;margin:0;line-height:1}.elementor-widget-heading .elementor-heading-title[class*=elementor-size-]>a{color:inherit;font-size:inherit;line-height:inherit}.elementor-widget-heading .elementor-heading-title.elementor-size-small{font-size:15px}.elementor-widget-heading .elementor-heading-title.elementor-size-medium{font-size:19px}.elementor-widget-heading .elementor-heading-title.elementor-size-large{font-size:29px}.elementor-widget-heading .elementor-heading-title.elementor-size-xl{font-size:39px}.elementor-widget-heading .elementor-heading-title.elementor-size-xxl{font-size:59px}<\/style><h1 class=\"elementor-heading-title elementor-size-default\">V\u00e2nzare en-gros de piese auto<\/h1>\t\t<\/div>\n\t\t\t\t<\/div>\n\t\t\t\t\t<\/div>\n\t\t<\/div>\n\t\t\t\t\t\t\t<\/div>\n\t\t<\/section>\n\t\t\t\t<section class=\"elementor-section elementor-top-section elementor-element elementor-element-147b52e elementor-section-content-middle elementor-section-boxed elementor-section-height-default elementor-section-height-default\" data-id=\"147b52e\" data-element_type=\"section\">\n\t\t\t\t\t\t<div class=\"elementor-container elementor-column-gap-default\">\n\t\t\t\t\t<div class=\"elementor-column elementor-col-50 elementor-top-column elementor-element elementor-element-3038f2a\" data-id=\"3038f2a\" data-element_type=\"column\">\n\t\t\t<div class=\"elementor-widget-wrap elementor-element-populated\">\n\t\t\t\t\t\t\t\t<div class=\"elementor-element elementor-element-9013b36 elementor-widget elementor-widget-text-editor\" data-id=\"9013b36\" data-element_type=\"widget\" data-widget_type=\"text-editor.default\">\n\t\t\t\t<div class=\"elementor-widget-container\">\n\t\t\t<style>\/*! elementor - v3.7.0 - 08-08-2022 *\/\n.elementor-widget-text-editor.elementor-drop-cap-view-stacked .elementor-drop-cap{background-color:#818a91;color:#fff}.elementor-widget-text-editor.elementor-drop-cap-view-framed .elementor-drop-cap{color:#818a91;border:3px solid;background-color:transparent}.elementor-widget-text-editor:not(.elementor-drop-cap-view-default) .elementor-drop-cap{margin-top:8px}.elementor-widget-text-editor:not(.elementor-drop-cap-view-default) .elementor-drop-cap-letter{width:1em;height:1em}.elementor-widget-text-editor .elementor-drop-cap{float:left;text-align:center;line-height:1;font-size:50px}.elementor-widget-text-editor .elementor-drop-cap-letter{display:inline-block}<\/style>\t\t\t\t<h2>Piese auto de v\u00e2nzare<\/h2>\n<p>Furniz\u0103m caroserii pentru toate m\u0103rcile\/modelele. Codul culorii caroseriei la cerere.<\/p>\n<p>Oferta include: ap\u0103r\u0103tori de noroi, bare de protec\u021bie, u\u0219i, capote, clapete de portbagaj, elemente laterale de caroserie, bare de protec\u021bie fa\u021b\u0103 cu gril\u0103 de radiator. Toate componentele sunt ambalate cu grij\u0103 pentru transport.<\/p>\n<p>Ai nevoie de piese auto en-gros pentru caroserie? Ma\u0219inile se defecteaz\u0103 tot timpul. Indiferent c\u0103 este vorba de u\u0219i, oglinzi, bare de protec\u021bie sau capace de radiator, gama noastr\u0103 extins\u0103 de piese de caroserie auto \u00ee\u021bi va satisface a\u0219tept\u0103rile.<\/p>\n\t\t\t\t\t\t<\/div>\n\t\t\t\t<\/div>\n\t\t\t\t\t<\/div>\n\t\t<\/div>\n\t\t\t\t<div class=\"elementor-column elementor-col-50 elementor-top-column elementor-element elementor-element-4926f7d\" data-id=\"4926f7d\" data-element_type=\"column\">\n\t\t\t<div class=\"elementor-widget-wrap elementor-element-populated\">\n\t\t\t\t\t\t\t\t<div class=\"elementor-element elementor-element-61bb1d7 elementor-widget elementor-widget-image\" data-id=\"61bb1d7\" data-element_type=\"widget\" data-widget_type=\"image.default\">\n\t\t\t\t<div class=\"elementor-widget-container\">\n\t\t\t<style>\/*! elementor - v3.7.0 - 08-08-2022 *\/\n.elementor-widget-image{text-align:center}.elementor-widget-image a{display:inline-block}.elementor-widget-image a img[src$=\".svg\"]{width:48px}.elementor-widget-image img{vertical-align:middle;display:inline-block}<\/style>\t\t\t\t\t\t\t\t\t\t\t\t<img decoding=\"async\" width=\"1024\" height=\"576\" src=\"http:\/\/parts-export24.com\/wp-content\/uploads\/2022\/07\/parts-export1-1024x576.jpg\" class=\"attachment-large size-large\" alt=\"\" srcset=\"http:\/\/parts-export24.com\/wp-content\/uploads\/2022\/07\/parts-export1-1024x576.jpg 1024w, http:\/\/parts-export24.com\/wp-content\/uploads\/2022\/07\/parts-export1-300x169.jpg 300w, http:\/\/parts-export24.com\/wp-content\/uploads\/2022\/07\/parts-export1-768x432.jpg 768w, http:\/\/parts-export24.com\/wp-content\/uploads\/2022\/07\/parts-export1-1536x864.jpg 1536w, http:\/\/parts-export24.com\/wp-content\/uploads\/2022\/07\/parts-export1.jpg 1600w\" sizes=\"(max-width: 1024px) 100vw, 1024px\" \/>\t\t\t\t\t\t\t\t\t\t\t\t\t\t\t<\/div>\n\t\t\t\t<\/div>\n\t\t\t\t\t<\/div>\n\t\t<\/div>\n\t\t\t\t\t\t\t<\/div>\n\t\t<\/section>\n\t\t\t\t<section class=\"elementor-section elementor-top-section elementor-element elementor-element-925f57a elementor-section-boxed elementor-section-height-default elementor-section-height-default\" data-id=\"925f57a\" data-element_type=\"section\">\n\t\t\t\t\t\t<div class=\"elementor-container elementor-column-gap-default\">\n\t\t\t\t\t<div class=\"elementor-column elementor-col-100 elementor-top-column elementor-element elementor-element-9d0fbbd\" data-id=\"9d0fbbd\" data-element_type=\"column\">\n\t\t\t<div class=\"elementor-widget-wrap elementor-element-populated\">\n\t\t\t\t\t\t\t\t<div class=\"elementor-element elementor-element-b794107 elementor-widget elementor-widget-text-editor\" data-id=\"b794107\" data-element_type=\"widget\" data-widget_type=\"text-editor.default\">\n\t\t\t\t<div class=\"elementor-widget-container\">\n\t\t\t\t\t\t\t<h2>Piese auto second-hand \u2013 v\u00e2nzare en-gros<\/h2>\n<p>\u00ce\u021bi punem la dispozi\u021bie cu m\u00e2ndrie o gam\u0103 larg\u0103 de piese auto second-hand, pentru diferite modele de SUV, sedan \u0219i camioane. Avem spre v\u00e2nzare caroserii pentru fiecare tip de autovehicul, printre care:<\/p>\n\t\t\t\t\t\t<\/div>\n\t\t\t\t<\/div>\n\t\t\t\t\t<\/div>\n\t\t<\/div>\n\t\t\t\t\t\t\t<\/div>\n\t\t<\/section>\n\t\t\t\t<section class=\"elementor-section elementor-top-section elementor-element elementor-element-99276af elementor-section-boxed elementor-section-height-default elementor-section-height-default\" data-id=\"99276af\" data-element_type=\"section\">\n\t\t\t\t\t\t<div class=\"elementor-container elementor-column-gap-default\">\n\t\t\t\t\t<div class=\"elementor-column elementor-col-33 elementor-top-column elementor-element elementor-element-94e9d91\" data-id=\"94e9d91\" data-element_type=\"column\">\n\t\t\t<div class=\"elementor-widget-wrap elementor-element-populated\">\n\t\t\t\t\t\t\t\t<div class=\"elementor-element elementor-element-8387f7d elementor-widget elementor-widget-text-editor\" data-id=\"8387f7d\" data-element_type=\"widget\" data-widget_type=\"text-editor.default\">\n\t\t\t\t<div class=\"elementor-widget-container\">\n\t\t\t\t\t\t\t<h3>V\u00e2nzarea en-gros de caroserii<\/h3>\n<p>Indiferent c\u0103 Avem piesele de care ai nevoie, \u0219i anume:<\/p>\n<ul>\n<li>U\u0219i<\/li>\n<li>Motoare<\/li>\n<li>Cutii de fr\u00e2n\u0103<\/li>\n<li>Bare de protec\u021bie<\/li>\n<li>Lumini<\/li>\n<li>Componente de suspensie<\/li>\n<li>Ap\u0103r\u0103tori de noroi<\/li>\n<li>Axe<\/li>\n<\/ul>\n\t\t\t\t\t\t<\/div>\n\t\t\t\t<\/div>\n\t\t\t\t\t<\/div>\n\t\t<\/div>\n\t\t\t\t<div class=\"elementor-column elementor-col-33 elementor-top-column elementor-element elementor-element-a55f2ac\" data-id=\"a55f2ac\" data-element_type=\"column\">\n\t\t\t<div class=\"elementor-widget-wrap elementor-element-populated\">\n\t\t\t\t\t\t\t\t<div class=\"elementor-element elementor-element-1d8f81f elementor-widget elementor-widget-text-editor\" data-id=\"1d8f81f\" data-element_type=\"widget\" data-widget_type=\"text-editor.default\">\n\t\t\t\t<div class=\"elementor-widget-container\">\n\t\t\t\t\t\t\t<h3>Componente interne<\/h3>\n<p>Interiorul conteaz\u0103, astfel c\u0103 furniz\u0103m doar piese care au fost testate \u00een mod corespunz\u0103tor de speciali\u0219tii no\u0219tri, pentru a \u00eendeplini cele mai \u00eenalte standarde de calitate. Oferta noastr\u0103 include:<\/p>\n<ul>\n<li>Airbag-uri<\/li>\n<li>Tablouri de bord<\/li>\n<li>Panouri de finisare pentru u\u0219i<\/li>\n<li>Moluri interioare<\/li>\n<li>Oglinzi \u0219i l\u0103mpi<\/li>\n<li>Viziere parasolare <\/li>\n<li>Levier de schimbat viteza<\/li>\n<\/ul>\n\t\t\t\t\t\t<\/div>\n\t\t\t\t<\/div>\n\t\t\t\t\t<\/div>\n\t\t<\/div>\n\t\t\t\t<div class=\"elementor-column elementor-col-33 elementor-top-column elementor-element elementor-element-a6d09ad\" data-id=\"a6d09ad\" data-element_type=\"column\">\n\t\t\t<div class=\"elementor-widget-wrap elementor-element-populated\">\n\t\t\t\t\t\t\t\t<div class=\"elementor-element elementor-element-e791572 elementor-widget elementor-widget-text-editor\" data-id=\"e791572\" data-element_type=\"widget\" data-widget_type=\"text-editor.default\">\n\t\t\t\t<div class=\"elementor-widget-container\">\n\t\t\t\t\t\t\t<h3>Componente electrice<\/h3>\n<p>Avem o gam\u0103 larg\u0103 de componente electrice pentru autoturisme, camionete \u0219i autobuze, care cuprinde, printre altele:<\/p>\n<ul>\n<li>Cutii de vitez\u0103<\/li>\n<li>Unit\u0103\u021bi de control pentru sistemul de aer condi\u021bionat<\/li>\n<li>Regulator de ferestre<\/li>\n<li>Comutatoare pentru u\u0219i\/\u00eencuietori<\/li>\n<li>Radio\/Sistem stereo\/Sistem audio<\/li>\n<li>Cablaje electrice<\/li>\n<li>Modul de control al caroseriei (BCM)<\/li>\n<li>Modul de control al motorului (ECM)<\/li>\n<\/ul>\n\t\t\t\t\t\t<\/div>\n\t\t\t\t<\/div>\n\t\t\t\t\t<\/div>\n\t\t<\/div>\n\t\t\t\t\t\t\t<\/div>\n\t\t<\/section>\n\t\t\t\t\t\t\t<\/div>\n\t\t","protected":false},"excerpt":{"rendered":"<p>V\u00e2nzare en-gros de piese auto Piese auto de v\u00e2nzare Furniz\u0103m caroserii pentru toate m\u0103rcile\/modelele. Codul culorii caroseriei la cerere. Oferta include: ap\u0103r\u0103tori de noroi, bare de protec\u021bie, u\u0219i, capote, clapete de portbagaj, elemente laterale de caroserie, bare de protec\u021bie fa\u021b\u0103 cu gril\u0103 de radiator. Toate componentele sunt ambalate cu grij\u0103 pentru transport. Ai nevoie de [&hellip;]<\/p>\n","protected":false},"author":1,"featured_media":0,"parent":782,"menu_order":0,"comment_status":"closed","ping_status":"closed","template":"","meta":{"inline_featured_image":false,"footnotes":""},"class_list":["post-811","page","type-page","status-publish","hentry"],"yoast_head":"<!-- This site is optimized with the Yoast SEO plugin v19.5.1 - https:\/\/yoast.com\/wordpress\/plugins\/seo\/ -->\n<title>V\u00e2nzare en-gros de piese auto - Parts Export<\/title>\n<meta name=\"robots\" content=\"index, follow, max-snippet:-1, max-image-preview:large, max-video-preview:-1\" \/>\n<link rel=\"canonical\" href=\"http:\/\/parts-export24.com\/ro\/oferta\/vanzare-en-gros-de-piese-auto\/\" \/>\n<meta property=\"og:locale\" content=\"ro_RO\" \/>\n<meta property=\"og:type\" content=\"article\" \/>\n<meta property=\"og:title\" content=\"V\u00e2nzare en-gros de piese auto - Parts Export\" \/>\n<meta property=\"og:description\" content=\"V\u00e2nzare en-gros de piese auto Piese auto de v\u00e2nzare Furniz\u0103m caroserii pentru toate m\u0103rcile\/modelele. Codul culorii caroseriei la cerere. Oferta include: ap\u0103r\u0103tori de noroi, bare de protec\u021bie, u\u0219i, capote, clapete de portbagaj, elemente laterale de caroserie, bare de protec\u021bie fa\u021b\u0103 cu gril\u0103 de radiator. Toate componentele sunt ambalate cu grij\u0103 pentru transport. Ai nevoie de [&hellip;]\" \/>\n<meta property=\"og:url\" content=\"http:\/\/parts-export24.com\/ro\/oferta\/vanzare-en-gros-de-piese-auto\/\" \/>\n<meta property=\"og:site_name\" content=\"Parts Export\" \/>\n<meta property=\"article:modified_time\" content=\"2024-03-15T10:04:17+00:00\" \/>\n<meta property=\"og:image\" content=\"http:\/\/parts-export24.com\/wp-content\/uploads\/2022\/07\/parts-export1-1024x576.jpg\" \/>\n<meta name=\"twitter:card\" content=\"summary_large_image\" \/>\n<meta name=\"twitter:label1\" content=\"Timp estimat pentru citire\" \/>\n\t<meta name=\"twitter:data1\" content=\"1 minut\" \/>\n<script type=\"application\/ld+json\" class=\"yoast-schema-graph\">{\"@context\":\"https:\/\/schema.org\",\"@graph\":[{\"@type\":\"WebPage\",\"@id\":\"http:\/\/parts-export24.com\/ro\/oferta\/vanzare-en-gros-de-piese-auto\/\",\"url\":\"http:\/\/parts-export24.com\/ro\/oferta\/vanzare-en-gros-de-piese-auto\/\",\"name\":\"V\u00e2nzare en-gros de piese auto - Parts Export\",\"isPartOf\":{\"@id\":\"http:\/\/parts-export24.com\/ro\/#website\"},\"datePublished\":\"2022-07-30T11:00:47+00:00\",\"dateModified\":\"2024-03-15T10:04:17+00:00\",\"breadcrumb\":{\"@id\":\"http:\/\/parts-export24.com\/ro\/oferta\/vanzare-en-gros-de-piese-auto\/#breadcrumb\"},\"inLanguage\":\"ro-RO\",\"potentialAction\":[{\"@type\":\"ReadAction\",\"target\":[\"http:\/\/parts-export24.com\/ro\/oferta\/vanzare-en-gros-de-piese-auto\/\"]}]},{\"@type\":\"BreadcrumbList\",\"@id\":\"http:\/\/parts-export24.com\/ro\/oferta\/vanzare-en-gros-de-piese-auto\/#breadcrumb\",\"itemListElement\":[{\"@type\":\"ListItem\",\"position\":1,\"name\":\"Home\",\"item\":\"http:\/\/parts-export24.com\/ro\/\"},{\"@type\":\"ListItem\",\"position\":2,\"name\":\"Oferta\",\"item\":\"https:\/\/parts-export24.com\/ro\/oferta\/\"},{\"@type\":\"ListItem\",\"position\":3,\"name\":\"V\u00e2nzare en-gros de piese auto\"}]},{\"@type\":\"WebSite\",\"@id\":\"http:\/\/parts-export24.com\/ro\/#website\",\"url\":\"http:\/\/parts-export24.com\/ro\/\",\"name\":\"Parts Export\",\"description\":\"Wholesale of engines and car parts\",\"publisher\":{\"@id\":\"http:\/\/parts-export24.com\/ro\/#organization\"},\"potentialAction\":[{\"@type\":\"SearchAction\",\"target\":{\"@type\":\"EntryPoint\",\"urlTemplate\":\"http:\/\/parts-export24.com\/ro\/?s={search_term_string}\"},\"query-input\":\"required name=search_term_string\"}],\"inLanguage\":\"ro-RO\"},{\"@type\":\"Organization\",\"@id\":\"http:\/\/parts-export24.com\/ro\/#organization\",\"name\":\"Parts Export\",\"url\":\"http:\/\/parts-export24.com\/ro\/\",\"sameAs\":[],\"logo\":{\"@type\":\"ImageObject\",\"inLanguage\":\"ro-RO\",\"@id\":\"http:\/\/parts-export24.com\/ro\/#\/schema\/logo\/image\/\",\"url\":\"http:\/\/parts-export24.com\/wp-content\/uploads\/2022\/07\/Parts-Export-logo.svg\",\"contentUrl\":\"http:\/\/parts-export24.com\/wp-content\/uploads\/2022\/07\/Parts-Export-logo.svg\",\"width\":469,\"height\":115,\"caption\":\"Parts Export\"},\"image\":{\"@id\":\"http:\/\/parts-export24.com\/ro\/#\/schema\/logo\/image\/\"}}]}<\/script>\n<!-- \/ Yoast SEO plugin. -->","yoast_head_json":{"title":"V\u00e2nzare en-gros de piese auto - Parts Export","robots":{"index":"index","follow":"follow","max-snippet":"max-snippet:-1","max-image-preview":"max-image-preview:large","max-video-preview":"max-video-preview:-1"},"canonical":"http:\/\/parts-export24.com\/ro\/oferta\/vanzare-en-gros-de-piese-auto\/","og_locale":"ro_RO","og_type":"article","og_title":"V\u00e2nzare en-gros de piese auto - Parts Export","og_description":"V\u00e2nzare en-gros de piese auto Piese auto de v\u00e2nzare Furniz\u0103m caroserii pentru toate m\u0103rcile\/modelele. Codul culorii caroseriei la cerere. Oferta include: ap\u0103r\u0103tori de noroi, bare de protec\u021bie, u\u0219i, capote, clapete de portbagaj, elemente laterale de caroserie, bare de protec\u021bie fa\u021b\u0103 cu gril\u0103 de radiator. Toate componentele sunt ambalate cu grij\u0103 pentru transport. Ai nevoie de [&hellip;]","og_url":"http:\/\/parts-export24.com\/ro\/oferta\/vanzare-en-gros-de-piese-auto\/","og_site_name":"Parts Export","article_modified_time":"2024-03-15T10:04:17+00:00","og_image":[{"url":"http:\/\/parts-export24.com\/wp-content\/uploads\/2022\/07\/parts-export1-1024x576.jpg"}],"twitter_card":"summary_large_image","twitter_misc":{"Timp estimat pentru citire":"1 minut"},"schema":{"@context":"https:\/\/schema.org","@graph":[{"@type":"WebPage","@id":"http:\/\/parts-export24.com\/ro\/oferta\/vanzare-en-gros-de-piese-auto\/","url":"http:\/\/parts-export24.com\/ro\/oferta\/vanzare-en-gros-de-piese-auto\/","name":"V\u00e2nzare en-gros de piese auto - Parts Export","isPartOf":{"@id":"http:\/\/parts-export24.com\/ro\/#website"},"datePublished":"2022-07-30T11:00:47+00:00","dateModified":"2024-03-15T10:04:17+00:00","breadcrumb":{"@id":"http:\/\/parts-export24.com\/ro\/oferta\/vanzare-en-gros-de-piese-auto\/#breadcrumb"},"inLanguage":"ro-RO","potentialAction":[{"@type":"ReadAction","target":["http:\/\/parts-export24.com\/ro\/oferta\/vanzare-en-gros-de-piese-auto\/"]}]},{"@type":"BreadcrumbList","@id":"http:\/\/parts-export24.com\/ro\/oferta\/vanzare-en-gros-de-piese-auto\/#breadcrumb","itemListElement":[{"@type":"ListItem","position":1,"name":"Home","item":"http:\/\/parts-export24.com\/ro\/"},{"@type":"ListItem","position":2,"name":"Oferta","item":"https:\/\/parts-export24.com\/ro\/oferta\/"},{"@type":"ListItem","position":3,"name":"V\u00e2nzare en-gros de piese auto"}]},{"@type":"WebSite","@id":"http:\/\/parts-export24.com\/ro\/#website","url":"http:\/\/parts-export24.com\/ro\/","name":"Parts Export","description":"Wholesale of engines and car parts","publisher":{"@id":"http:\/\/parts-export24.com\/ro\/#organization"},"potentialAction":[{"@type":"SearchAction","target":{"@type":"EntryPoint","urlTemplate":"http:\/\/parts-export24.com\/ro\/?s={search_term_string}"},"query-input":"required name=search_term_string"}],"inLanguage":"ro-RO"},{"@type":"Organization","@id":"http:\/\/parts-export24.com\/ro\/#organization","name":"Parts Export","url":"http:\/\/parts-export24.com\/ro\/","sameAs":[],"logo":{"@type":"ImageObject","inLanguage":"ro-RO","@id":"http:\/\/parts-export24.com\/ro\/#\/schema\/logo\/image\/","url":"http:\/\/parts-export24.com\/wp-content\/uploads\/2022\/07\/Parts-Export-logo.svg","contentUrl":"http:\/\/parts-export24.com\/wp-content\/uploads\/2022\/07\/Parts-Export-logo.svg","width":469,"height":115,"caption":"Parts Export"},"image":{"@id":"http:\/\/parts-export24.com\/ro\/#\/schema\/logo\/image\/"}}]}},"_links":{"self":[{"href":"http:\/\/parts-export24.com\/ro\/wp-json\/wp\/v2\/pages\/811","targetHints":{"allow":["GET"]}}],"collection":[{"href":"http:\/\/parts-export24.com\/ro\/wp-json\/wp\/v2\/pages"}],"about":[{"href":"http:\/\/parts-export24.com\/ro\/wp-json\/wp\/v2\/types\/page"}],"author":[{"embeddable":true,"href":"http:\/\/parts-export24.com\/ro\/wp-json\/wp\/v2\/users\/1"}],"replies":[{"embeddable":true,"href":"http:\/\/parts-export24.com\/ro\/wp-json\/wp\/v2\/comments?post=811"}],"version-history":[{"count":1,"href":"http:\/\/parts-export24.com\/ro\/wp-json\/wp\/v2\/pages\/811\/revisions"}],"predecessor-version":[{"id":812,"href":"http:\/\/parts-export24.com\/ro\/wp-json\/wp\/v2\/pages\/811\/revisions\/812"}],"up":[{"embeddable":true,"href":"http:\/\/parts-export24.com\/ro\/wp-json\/wp\/v2\/pages\/782"}],"wp:attachment":[{"href":"http:\/\/parts-export24.com\/ro\/wp-json\/wp\/v2\/media?parent=811"}],"curies":[{"name":"wp","href":"https:\/\/api.w.org\/{rel}","templated":true}]}}