{"id":782,"date":"2022-07-30T11:58:24","date_gmt":"2022-07-30T10:58:24","guid":{"rendered":"http:\/\/parts-export24.com\/oferta\/"},"modified":"2024-03-15T10:04:12","modified_gmt":"2024-03-15T10:04:12","slug":"oferta","status":"publish","type":"page","link":"http:\/\/parts-export24.com\/ro\/oferta\/","title":{"rendered":"Oferta"},"content":{"rendered":"\t\t<div data-elementor-type=\"wp-page\" data-elementor-id=\"782\" class=\"elementor elementor-782 elementor-258\">\n\t\t\t\t\t\t\t\t\t<section class=\"elementor-section elementor-top-section elementor-element elementor-element-54fdd42 elementor-section-content-middle elementor-section-stretched elementor-section-boxed elementor-section-height-default elementor-section-height-default\" data-id=\"54fdd42\" data-element_type=\"section\" data-settings=\"{&quot;stretch_section&quot;:&quot;section-stretched&quot;,&quot;background_background&quot;:&quot;classic&quot;}\">\n\t\t\t\t\t\t\t<div class=\"elementor-background-overlay\"><\/div>\n\t\t\t\t\t\t\t<div class=\"elementor-container elementor-column-gap-default\">\n\t\t\t\t\t<div class=\"elementor-column elementor-col-100 elementor-top-column elementor-element elementor-element-1e8f1e1\" data-id=\"1e8f1e1\" data-element_type=\"column\">\n\t\t\t<div class=\"elementor-widget-wrap elementor-element-populated\">\n\t\t\t\t\t\t\t\t<div class=\"elementor-element elementor-element-e7dfa15 elementor-widget elementor-widget-heading\" data-id=\"e7dfa15\" data-element_type=\"widget\" data-widget_type=\"heading.default\">\n\t\t\t\t<div class=\"elementor-widget-container\">\n\t\t\t<style>\/*! elementor - v3.7.0 - 08-08-2022 *\/\n.elementor-heading-title{padding:0;margin:0;line-height:1}.elementor-widget-heading .elementor-heading-title[class*=elementor-size-]>a{color:inherit;font-size:inherit;line-height:inherit}.elementor-widget-heading .elementor-heading-title.elementor-size-small{font-size:15px}.elementor-widget-heading .elementor-heading-title.elementor-size-medium{font-size:19px}.elementor-widget-heading .elementor-heading-title.elementor-size-large{font-size:29px}.elementor-widget-heading .elementor-heading-title.elementor-size-xl{font-size:39px}.elementor-widget-heading .elementor-heading-title.elementor-size-xxl{font-size:59px}<\/style><h1 class=\"elementor-heading-title elementor-size-default\">Oferta<\/h1>\t\t<\/div>\n\t\t\t\t<\/div>\n\t\t\t\t\t<\/div>\n\t\t<\/div>\n\t\t\t\t\t\t\t<\/div>\n\t\t<\/section>\n\t\t\t\t<section class=\"elementor-section elementor-top-section elementor-element elementor-element-72b3338 elementor-section-boxed elementor-section-height-default elementor-section-height-default\" data-id=\"72b3338\" data-element_type=\"section\">\n\t\t\t\t\t\t<div class=\"elementor-container elementor-column-gap-default\">\n\t\t\t\t\t<div class=\"elementor-column elementor-col-100 elementor-top-column elementor-element elementor-element-90a7696\" data-id=\"90a7696\" data-element_type=\"column\">\n\t\t\t<div class=\"elementor-widget-wrap elementor-element-populated\">\n\t\t\t\t\t\t\t\t<div class=\"elementor-element elementor-element-41be054 elementor-widget elementor-widget-heading\" data-id=\"41be054\" data-element_type=\"widget\" data-widget_type=\"heading.default\">\n\t\t\t\t<div class=\"elementor-widget-container\">\n\t\t\t<h2 class=\"elementor-heading-title elementor-size-default\">Ofertele noastre<\/h2>\t\t<\/div>\n\t\t\t\t<\/div>\n\t\t\t\t<div class=\"elementor-element elementor-element-8c31a2b elementor-widget elementor-widget-text-editor\" data-id=\"8c31a2b\" data-element_type=\"widget\" data-widget_type=\"text-editor.default\">\n\t\t\t\t<div class=\"elementor-widget-container\">\n\t\t\t<style>\/*! elementor - v3.7.0 - 08-08-2022 *\/\n.elementor-widget-text-editor.elementor-drop-cap-view-stacked .elementor-drop-cap{background-color:#818a91;color:#fff}.elementor-widget-text-editor.elementor-drop-cap-view-framed .elementor-drop-cap{color:#818a91;border:3px solid;background-color:transparent}.elementor-widget-text-editor:not(.elementor-drop-cap-view-default) .elementor-drop-cap{margin-top:8px}.elementor-widget-text-editor:not(.elementor-drop-cap-view-default) .elementor-drop-cap-letter{width:1em;height:1em}.elementor-widget-text-editor .elementor-drop-cap{float:left;text-align:center;line-height:1;font-size:50px}.elementor-widget-text-editor .elementor-drop-cap-letter{display:inline-block}<\/style>\t\t\t\t<p>Oferim piese pentru autoturisme, autovehicule comerciale \u0219i camioane<\/p>\n\t\t\t\t\t\t<\/div>\n\t\t\t\t<\/div>\n\t\t\t\t<section class=\"elementor-section elementor-inner-section elementor-element elementor-element-1362bbb elementor-section-boxed elementor-section-height-default elementor-section-height-default\" data-id=\"1362bbb\" data-element_type=\"section\">\n\t\t\t\t\t\t<div class=\"elementor-container elementor-column-gap-default\">\n\t\t\t\t\t<div class=\"elementor-column elementor-col-33 elementor-inner-column elementor-element elementor-element-7b19b7c\" data-id=\"7b19b7c\" data-element_type=\"column\">\n\t\t\t<div class=\"elementor-widget-wrap elementor-element-populated\">\n\t\t\t\t\t\t\t\t<div class=\"elementor-element elementor-element-1e7980e elementor-widget elementor-widget-image\" data-id=\"1e7980e\" data-element_type=\"widget\" data-widget_type=\"image.default\">\n\t\t\t\t<div class=\"elementor-widget-container\">\n\t\t\t<style>\/*! elementor - v3.7.0 - 08-08-2022 *\/\n.elementor-widget-image{text-align:center}.elementor-widget-image a{display:inline-block}.elementor-widget-image a img[src$=\".svg\"]{width:48px}.elementor-widget-image img{vertical-align:middle;display:inline-block}<\/style>\t\t\t\t\t\t\t\t\t\t\t\t\t<a href=\"http:\/\/parts-export24.com\/ro\/vanzare-en-gros-de-motoare\/\">\n\t\t\t\t\t\t\t<img decoding=\"async\" src=\"http:\/\/parts-export24.com\/wp-content\/uploads\/elementor\/thumbs\/icon2-pso6biokctetemu2vsm38kk2pco96bgxwzmga3wats.png\" title=\"icon2\" alt=\"icon2\" \/>\t\t\t\t\t\t\t\t<\/a>\n\t\t\t\t\t\t\t\t\t\t\t\t\t\t\t<\/div>\n\t\t\t\t<\/div>\n\t\t\t\t<div class=\"elementor-element elementor-element-2f9bc89 elementor-widget elementor-widget-heading\" data-id=\"2f9bc89\" data-element_type=\"widget\" data-widget_type=\"heading.default\">\n\t\t\t\t<div class=\"elementor-widget-container\">\n\t\t\t<h3 class=\"elementor-heading-title elementor-size-default\"><a href=\"http:\/\/parts-export24.com\/ro\/vanzare-en-gros-de-motoare\/\">V\u00e2nzare en-gros de motoare<\/a><\/h3>\t\t<\/div>\n\t\t\t\t<\/div>\n\t\t\t\t\t<\/div>\n\t\t<\/div>\n\t\t\t\t<div class=\"elementor-column elementor-col-33 elementor-inner-column elementor-element elementor-element-40ddfce\" data-id=\"40ddfce\" data-element_type=\"column\">\n\t\t\t<div class=\"elementor-widget-wrap elementor-element-populated\">\n\t\t\t\t\t\t\t\t<div class=\"elementor-element elementor-element-67296c1 elementor-widget elementor-widget-image\" data-id=\"67296c1\" data-element_type=\"widget\" data-widget_type=\"image.default\">\n\t\t\t\t<div class=\"elementor-widget-container\">\n\t\t\t\t\t\t\t\t\t\t\t\t\t\t\t\t<a href=\"http:\/\/parts-export24.com\/oferta\/sprzedaz-hurtowa-czesci-samochodowych\/\">\n\t\t\t\t\t\t\t<img decoding=\"async\" src=\"http:\/\/parts-export24.com\/wp-content\/uploads\/elementor\/thumbs\/icon1-pso6bgsvz5c8rewt6rsu3l15ikxiqx9h8qbhbjz368.png\" title=\"icon1\" alt=\"icon1\" \/>\t\t\t\t\t\t\t\t<\/a>\n\t\t\t\t\t\t\t\t\t\t\t\t\t\t\t<\/div>\n\t\t\t\t<\/div>\n\t\t\t\t<div class=\"elementor-element elementor-element-91b7296 elementor-widget elementor-widget-heading\" data-id=\"91b7296\" data-element_type=\"widget\" data-widget_type=\"heading.default\">\n\t\t\t\t<div class=\"elementor-widget-container\">\n\t\t\t<h3 class=\"elementor-heading-title elementor-size-default\"><a href=\"http:\/\/parts-export24.com\/oferta\/sprzedaz-hurtowa-czesci-samochodowych\/\">V\u00e2nzare en-gros de piese auto<\/a><\/h3>\t\t<\/div>\n\t\t\t\t<\/div>\n\t\t\t\t\t<\/div>\n\t\t<\/div>\n\t\t\t\t<div class=\"elementor-column elementor-col-33 elementor-inner-column elementor-element elementor-element-5a4c5b5\" data-id=\"5a4c5b5\" data-element_type=\"column\">\n\t\t\t<div class=\"elementor-widget-wrap elementor-element-populated\">\n\t\t\t\t\t\t\t\t<div class=\"elementor-element elementor-element-cf81640 elementor-widget elementor-widget-image\" data-id=\"cf81640\" data-element_type=\"widget\" data-widget_type=\"image.default\">\n\t\t\t\t<div class=\"elementor-widget-container\">\n\t\t\t\t\t\t\t\t\t\t\t\t\t\t\t\t<a href=\"http:\/\/parts-export24.com\/oferta\/sprzedaz-hurtowa-pomp-abs\/\">\n\t\t\t\t\t\t\t<img decoding=\"async\" src=\"http:\/\/parts-export24.com\/wp-content\/uploads\/elementor\/thumbs\/icon5-pso6cen2t6mkddjnp6felchqwgaqg0ztddsylikwy8.png\" title=\"icon5\" alt=\"icon5\" \/>\t\t\t\t\t\t\t\t<\/a>\n\t\t\t\t\t\t\t\t\t\t\t\t\t\t\t<\/div>\n\t\t\t\t<\/div>\n\t\t\t\t<div class=\"elementor-element elementor-element-da31ae9 elementor-widget elementor-widget-heading\" data-id=\"da31ae9\" data-element_type=\"widget\" data-widget_type=\"heading.default\">\n\t\t\t\t<div class=\"elementor-widget-container\">\n\t\t\t<h3 class=\"elementor-heading-title elementor-size-default\"><a href=\"http:\/\/parts-export24.com\/oferta\/sprzedaz-hurtowa-pomp-abs\/\">V\u00e2nzare en-gros de pompe ABS<\/a><\/h3>\t\t<\/div>\n\t\t\t\t<\/div>\n\t\t\t\t\t<\/div>\n\t\t<\/div>\n\t\t\t\t\t\t\t<\/div>\n\t\t<\/section>\n\t\t\t\t<section class=\"elementor-section elementor-inner-section elementor-element elementor-element-9a01431 elementor-section-boxed elementor-section-height-default elementor-section-height-default\" data-id=\"9a01431\" data-element_type=\"section\">\n\t\t\t\t\t\t<div class=\"elementor-container elementor-column-gap-default\">\n\t\t\t\t\t<div class=\"elementor-column elementor-col-33 elementor-inner-column elementor-element elementor-element-5fc7923\" data-id=\"5fc7923\" data-element_type=\"column\">\n\t\t\t<div class=\"elementor-widget-wrap elementor-element-populated\">\n\t\t\t\t\t\t\t\t<div class=\"elementor-element elementor-element-fb14287 elementor-widget elementor-widget-image\" data-id=\"fb14287\" data-element_type=\"widget\" data-widget_type=\"image.default\">\n\t\t\t\t<div class=\"elementor-widget-container\">\n\t\t\t\t\t\t\t\t\t\t\t\t\t\t\t\t<a href=\"http:\/\/parts-export24.com\/oferta\/sprzedaz-hurtowa-sterownikow\/\">\n\t\t\t\t\t\t\t<img decoding=\"async\" src=\"http:\/\/parts-export24.com\/wp-content\/uploads\/elementor\/thumbs\/icon3-pso6bs2y95romqgfcwocxi6on7dxbai9aa5b2vid3k.png\" title=\"icon3\" alt=\"icon3\" \/>\t\t\t\t\t\t\t\t<\/a>\n\t\t\t\t\t\t\t\t\t\t\t\t\t\t\t<\/div>\n\t\t\t\t<\/div>\n\t\t\t\t<div class=\"elementor-element elementor-element-92ecec6 elementor-widget elementor-widget-heading\" data-id=\"92ecec6\" data-element_type=\"widget\" data-widget_type=\"heading.default\">\n\t\t\t\t<div class=\"elementor-widget-container\">\n\t\t\t<h3 class=\"elementor-heading-title elementor-size-default\"><a href=\"http:\/\/parts-export24.com\/oferta\/sprzedaz-hurtowa-sterownikow\/\">V\u00e2nzare en-gros de controlere<\/a><\/h3>\t\t<\/div>\n\t\t\t\t<\/div>\n\t\t\t\t\t<\/div>\n\t\t<\/div>\n\t\t\t\t<div class=\"elementor-column elementor-col-33 elementor-inner-column elementor-element elementor-element-00fd00d\" data-id=\"00fd00d\" data-element_type=\"column\">\n\t\t\t<div class=\"elementor-widget-wrap elementor-element-populated\">\n\t\t\t\t\t\t\t\t<div class=\"elementor-element elementor-element-a678dc6 elementor-widget elementor-widget-image\" data-id=\"a678dc6\" data-element_type=\"widget\" data-widget_type=\"image.default\">\n\t\t\t\t<div class=\"elementor-widget-container\">\n\t\t\t\t\t\t\t\t\t\t\t\t\t\t\t\t<a href=\"http:\/\/parts-export24.com\/oferta\/kompletne-samochody-demontowane-na-zyczenie-klienta\/\">\n\t\t\t\t\t\t\t<img decoding=\"async\" src=\"http:\/\/parts-export24.com\/wp-content\/uploads\/elementor\/thumbs\/icon4-pso6c58owu9p59xb82d4wev4yll2b1yi03a3sqyuog.png\" title=\"icon4\" alt=\"icon4\" \/>\t\t\t\t\t\t\t\t<\/a>\n\t\t\t\t\t\t\t\t\t\t\t\t\t\t\t<\/div>\n\t\t\t\t<\/div>\n\t\t\t\t<div class=\"elementor-element elementor-element-5a7de9f elementor-widget elementor-widget-heading\" data-id=\"5a7de9f\" data-element_type=\"widget\" data-widget_type=\"heading.default\">\n\t\t\t\t<div class=\"elementor-widget-container\">\n\t\t\t<h3 class=\"elementor-heading-title elementor-size-default\"><a href=\"http:\/\/parts-export24.com\/oferta\/kompletne-samochody-demontowane-na-zyczenie-klienta\/\">autovehicule complete dezasamblate la cerere<\/a><\/h3>\t\t<\/div>\n\t\t\t\t<\/div>\n\t\t\t\t\t<\/div>\n\t\t<\/div>\n\t\t\t\t<div class=\"elementor-column elementor-col-33 elementor-inner-column elementor-element elementor-element-f91b880\" data-id=\"f91b880\" data-element_type=\"column\" data-settings=\"{&quot;background_background&quot;:&quot;classic&quot;}\">\n\t\t\t<div class=\"elementor-widget-wrap elementor-element-populated\">\n\t\t\t\t\t\t\t\t<div class=\"elementor-element elementor-element-1d547b7 elementor-widget elementor-widget-heading\" data-id=\"1d547b7\" data-element_type=\"widget\" data-widget_type=\"heading.default\">\n\t\t\t\t<div class=\"elementor-widget-container\">\n\t\t\t<h3 class=\"elementor-heading-title elementor-size-default\">Ai nevoie de alte piese?<\/h3>\t\t<\/div>\n\t\t\t\t<\/div>\n\t\t\t\t<div class=\"elementor-element elementor-element-6792130 elementor-align-center elementor-widget elementor-widget-button\" data-id=\"6792130\" data-element_type=\"widget\" data-widget_type=\"button.default\">\n\t\t\t\t<div class=\"elementor-widget-container\">\n\t\t\t\t\t<div class=\"elementor-button-wrapper\">\n\t\t\t<a href=\"http:\/\/parts-export24.com\/ro\/date-de-contact\/\" class=\"elementor-button-link elementor-button elementor-size-sm\" role=\"button\">\n\t\t\t\t\t\t<span class=\"elementor-button-content-wrapper\">\n\t\t\t\t\t\t<span class=\"elementor-button-text\">Contacteaz\u0103-ne<\/span>\n\t\t<\/span>\n\t\t\t\t\t<\/a>\n\t\t<\/div>\n\t\t\t\t<\/div>\n\t\t\t\t<\/div>\n\t\t\t\t\t<\/div>\n\t\t<\/div>\n\t\t\t\t\t\t\t<\/div>\n\t\t<\/section>\n\t\t\t\t\t<\/div>\n\t\t<\/div>\n\t\t\t\t\t\t\t<\/div>\n\t\t<\/section>\n\t\t\t\t\t\t\t<\/div>\n\t\t","protected":false},"excerpt":{"rendered":"<p>Oferta Ofertele noastre Oferim piese pentru autoturisme, autovehicule comerciale \u0219i camioane V\u00e2nzare en-gros de motoare V\u00e2nzare en-gros de piese auto V\u00e2nzare en-gros de pompe ABS V\u00e2nzare en-gros de controlere autovehicule complete dezasamblate la cerere Ai nevoie de alte piese? Contacteaz\u0103-ne<\/p>\n","protected":false},"author":1,"featured_media":0,"parent":0,"menu_order":0,"comment_status":"closed","ping_status":"closed","template":"","meta":{"inline_featured_image":false,"footnotes":""},"class_list":["post-782","page","type-page","status-publish","hentry"],"yoast_head":"<!-- This site is optimized with the Yoast SEO plugin v19.5.1 - https:\/\/yoast.com\/wordpress\/plugins\/seo\/ -->\n<title>Oferta - Parts Export<\/title>\n<meta name=\"robots\" content=\"index, follow, max-snippet:-1, max-image-preview:large, max-video-preview:-1\" \/>\n<link rel=\"canonical\" href=\"http:\/\/parts-export24.com\/ro\/oferta\/\" \/>\n<meta property=\"og:locale\" content=\"ro_RO\" \/>\n<meta property=\"og:type\" content=\"article\" \/>\n<meta property=\"og:title\" content=\"Oferta - Parts Export\" \/>\n<meta property=\"og:description\" content=\"Oferta Ofertele noastre Oferim piese pentru autoturisme, autovehicule comerciale \u0219i camioane V\u00e2nzare en-gros de motoare V\u00e2nzare en-gros de piese auto V\u00e2nzare en-gros de pompe ABS V\u00e2nzare en-gros de controlere autovehicule complete dezasamblate la cerere Ai nevoie de alte piese? Contacteaz\u0103-ne\" \/>\n<meta property=\"og:url\" content=\"http:\/\/parts-export24.com\/ro\/oferta\/\" \/>\n<meta property=\"og:site_name\" content=\"Parts Export\" \/>\n<meta property=\"article:modified_time\" content=\"2024-03-15T10:04:12+00:00\" \/>\n<meta property=\"og:image\" content=\"http:\/\/parts-export24.com\/wp-content\/uploads\/elementor\/thumbs\/icon2-pso6biokctetemu2vsm38kk2pco96bgxwzmga3wats.png\" \/>\n<meta name=\"twitter:card\" content=\"summary_large_image\" \/>\n<script type=\"application\/ld+json\" class=\"yoast-schema-graph\">{\"@context\":\"https:\/\/schema.org\",\"@graph\":[{\"@type\":\"WebPage\",\"@id\":\"http:\/\/parts-export24.com\/ro\/oferta\/\",\"url\":\"http:\/\/parts-export24.com\/ro\/oferta\/\",\"name\":\"Oferta - Parts Export\",\"isPartOf\":{\"@id\":\"http:\/\/parts-export24.com\/ro\/#website\"},\"datePublished\":\"2022-07-30T10:58:24+00:00\",\"dateModified\":\"2024-03-15T10:04:12+00:00\",\"breadcrumb\":{\"@id\":\"http:\/\/parts-export24.com\/ro\/oferta\/#breadcrumb\"},\"inLanguage\":\"ro-RO\",\"potentialAction\":[{\"@type\":\"ReadAction\",\"target\":[\"http:\/\/parts-export24.com\/ro\/oferta\/\"]}]},{\"@type\":\"BreadcrumbList\",\"@id\":\"http:\/\/parts-export24.com\/ro\/oferta\/#breadcrumb\",\"itemListElement\":[{\"@type\":\"ListItem\",\"position\":1,\"name\":\"Home\",\"item\":\"https:\/\/parts-export24.com\/ro\/\"},{\"@type\":\"ListItem\",\"position\":2,\"name\":\"Oferta\"}]},{\"@type\":\"WebSite\",\"@id\":\"http:\/\/parts-export24.com\/ro\/#website\",\"url\":\"http:\/\/parts-export24.com\/ro\/\",\"name\":\"Parts Export\",\"description\":\"Wholesale of engines and car parts\",\"publisher\":{\"@id\":\"http:\/\/parts-export24.com\/ro\/#organization\"},\"potentialAction\":[{\"@type\":\"SearchAction\",\"target\":{\"@type\":\"EntryPoint\",\"urlTemplate\":\"http:\/\/parts-export24.com\/ro\/?s={search_term_string}\"},\"query-input\":\"required name=search_term_string\"}],\"inLanguage\":\"ro-RO\"},{\"@type\":\"Organization\",\"@id\":\"http:\/\/parts-export24.com\/ro\/#organization\",\"name\":\"Parts Export\",\"url\":\"http:\/\/parts-export24.com\/ro\/\",\"sameAs\":[],\"logo\":{\"@type\":\"ImageObject\",\"inLanguage\":\"ro-RO\",\"@id\":\"http:\/\/parts-export24.com\/ro\/#\/schema\/logo\/image\/\",\"url\":\"http:\/\/parts-export24.com\/wp-content\/uploads\/2022\/07\/Parts-Export-logo.svg\",\"contentUrl\":\"http:\/\/parts-export24.com\/wp-content\/uploads\/2022\/07\/Parts-Export-logo.svg\",\"width\":469,\"height\":115,\"caption\":\"Parts Export\"},\"image\":{\"@id\":\"http:\/\/parts-export24.com\/ro\/#\/schema\/logo\/image\/\"}}]}<\/script>\n<!-- \/ Yoast SEO plugin. -->","yoast_head_json":{"title":"Oferta - Parts Export","robots":{"index":"index","follow":"follow","max-snippet":"max-snippet:-1","max-image-preview":"max-image-preview:large","max-video-preview":"max-video-preview:-1"},"canonical":"http:\/\/parts-export24.com\/ro\/oferta\/","og_locale":"ro_RO","og_type":"article","og_title":"Oferta - Parts Export","og_description":"Oferta Ofertele noastre Oferim piese pentru autoturisme, autovehicule comerciale \u0219i camioane V\u00e2nzare en-gros de motoare V\u00e2nzare en-gros de piese auto V\u00e2nzare en-gros de pompe ABS V\u00e2nzare en-gros de controlere autovehicule complete dezasamblate la cerere Ai nevoie de alte piese? Contacteaz\u0103-ne","og_url":"http:\/\/parts-export24.com\/ro\/oferta\/","og_site_name":"Parts Export","article_modified_time":"2024-03-15T10:04:12+00:00","og_image":[{"url":"http:\/\/parts-export24.com\/wp-content\/uploads\/elementor\/thumbs\/icon2-pso6biokctetemu2vsm38kk2pco96bgxwzmga3wats.png"}],"twitter_card":"summary_large_image","schema":{"@context":"https:\/\/schema.org","@graph":[{"@type":"WebPage","@id":"http:\/\/parts-export24.com\/ro\/oferta\/","url":"http:\/\/parts-export24.com\/ro\/oferta\/","name":"Oferta - Parts Export","isPartOf":{"@id":"http:\/\/parts-export24.com\/ro\/#website"},"datePublished":"2022-07-30T10:58:24+00:00","dateModified":"2024-03-15T10:04:12+00:00","breadcrumb":{"@id":"http:\/\/parts-export24.com\/ro\/oferta\/#breadcrumb"},"inLanguage":"ro-RO","potentialAction":[{"@type":"ReadAction","target":["http:\/\/parts-export24.com\/ro\/oferta\/"]}]},{"@type":"BreadcrumbList","@id":"http:\/\/parts-export24.com\/ro\/oferta\/#breadcrumb","itemListElement":[{"@type":"ListItem","position":1,"name":"Home","item":"https:\/\/parts-export24.com\/ro\/"},{"@type":"ListItem","position":2,"name":"Oferta"}]},{"@type":"WebSite","@id":"http:\/\/parts-export24.com\/ro\/#website","url":"http:\/\/parts-export24.com\/ro\/","name":"Parts Export","description":"Wholesale of engines and car parts","publisher":{"@id":"http:\/\/parts-export24.com\/ro\/#organization"},"potentialAction":[{"@type":"SearchAction","target":{"@type":"EntryPoint","urlTemplate":"http:\/\/parts-export24.com\/ro\/?s={search_term_string}"},"query-input":"required name=search_term_string"}],"inLanguage":"ro-RO"},{"@type":"Organization","@id":"http:\/\/parts-export24.com\/ro\/#organization","name":"Parts Export","url":"http:\/\/parts-export24.com\/ro\/","sameAs":[],"logo":{"@type":"ImageObject","inLanguage":"ro-RO","@id":"http:\/\/parts-export24.com\/ro\/#\/schema\/logo\/image\/","url":"http:\/\/parts-export24.com\/wp-content\/uploads\/2022\/07\/Parts-Export-logo.svg","contentUrl":"http:\/\/parts-export24.com\/wp-content\/uploads\/2022\/07\/Parts-Export-logo.svg","width":469,"height":115,"caption":"Parts Export"},"image":{"@id":"http:\/\/parts-export24.com\/ro\/#\/schema\/logo\/image\/"}}]}},"_links":{"self":[{"href":"http:\/\/parts-export24.com\/ro\/wp-json\/wp\/v2\/pages\/782","targetHints":{"allow":["GET"]}}],"collection":[{"href":"http:\/\/parts-export24.com\/ro\/wp-json\/wp\/v2\/pages"}],"about":[{"href":"http:\/\/parts-export24.com\/ro\/wp-json\/wp\/v2\/types\/page"}],"author":[{"embeddable":true,"href":"http:\/\/parts-export24.com\/ro\/wp-json\/wp\/v2\/users\/1"}],"replies":[{"embeddable":true,"href":"http:\/\/parts-export24.com\/ro\/wp-json\/wp\/v2\/comments?post=782"}],"version-history":[{"count":1,"href":"http:\/\/parts-export24.com\/ro\/wp-json\/wp\/v2\/pages\/782\/revisions"}],"predecessor-version":[{"id":787,"href":"http:\/\/parts-export24.com\/ro\/wp-json\/wp\/v2\/pages\/782\/revisions\/787"}],"wp:attachment":[{"href":"http:\/\/parts-export24.com\/ro\/wp-json\/wp\/v2\/media?parent=782"}],"curies":[{"name":"wp","href":"https:\/\/api.w.org\/{rel}","templated":true}]}}