{"id":761,"date":"2022-07-30T11:58:43","date_gmt":"2022-07-30T10:58:43","guid":{"rendered":"http:\/\/parts-export24.com\/vanzare-en-gros-de-motoare\/"},"modified":"2024-03-15T10:04:07","modified_gmt":"2024-03-15T10:04:07","slug":"vanzare-en-gros-de-motoare","status":"publish","type":"page","link":"http:\/\/parts-export24.com\/ro\/oferta\/vanzare-en-gros-de-motoare\/","title":{"rendered":"V\u00e2nzare en-gros de motoare"},"content":{"rendered":"\t\t<div data-elementor-type=\"wp-page\" data-elementor-id=\"761\" class=\"elementor elementor-761 elementor-260\">\n\t\t\t\t\t\t\t\t\t<section class=\"elementor-section elementor-top-section elementor-element elementor-element-ec38bb5 elementor-section-content-middle elementor-section-stretched elementor-section-boxed elementor-section-height-default elementor-section-height-default\" data-id=\"ec38bb5\" data-element_type=\"section\" data-settings=\"{&quot;stretch_section&quot;:&quot;section-stretched&quot;,&quot;background_background&quot;:&quot;classic&quot;}\">\n\t\t\t\t\t\t\t<div class=\"elementor-background-overlay\"><\/div>\n\t\t\t\t\t\t\t<div class=\"elementor-container elementor-column-gap-default\">\n\t\t\t\t\t<div class=\"elementor-column elementor-col-100 elementor-top-column elementor-element elementor-element-da7f3f2\" data-id=\"da7f3f2\" data-element_type=\"column\">\n\t\t\t<div class=\"elementor-widget-wrap elementor-element-populated\">\n\t\t\t\t\t\t\t\t<div class=\"elementor-element elementor-element-ceeacbf elementor-widget elementor-widget-heading\" data-id=\"ceeacbf\" data-element_type=\"widget\" data-widget_type=\"heading.default\">\n\t\t\t\t<div class=\"elementor-widget-container\">\n\t\t\t<style>\/*! elementor - v3.7.0 - 08-08-2022 *\/\n.elementor-heading-title{padding:0;margin:0;line-height:1}.elementor-widget-heading .elementor-heading-title[class*=elementor-size-]>a{color:inherit;font-size:inherit;line-height:inherit}.elementor-widget-heading .elementor-heading-title.elementor-size-small{font-size:15px}.elementor-widget-heading .elementor-heading-title.elementor-size-medium{font-size:19px}.elementor-widget-heading .elementor-heading-title.elementor-size-large{font-size:29px}.elementor-widget-heading .elementor-heading-title.elementor-size-xl{font-size:39px}.elementor-widget-heading .elementor-heading-title.elementor-size-xxl{font-size:59px}<\/style><h1 class=\"elementor-heading-title elementor-size-default\">V\u00e2nzare en-gros de motoare<\/h1>\t\t<\/div>\n\t\t\t\t<\/div>\n\t\t\t\t\t<\/div>\n\t\t<\/div>\n\t\t\t\t\t\t\t<\/div>\n\t\t<\/section>\n\t\t\t\t<section class=\"elementor-section elementor-top-section elementor-element elementor-element-801def1 elementor-section-content-middle elementor-section-boxed elementor-section-height-default elementor-section-height-default\" data-id=\"801def1\" data-element_type=\"section\">\n\t\t\t\t\t\t<div class=\"elementor-container elementor-column-gap-default\">\n\t\t\t\t\t<div class=\"elementor-column elementor-col-50 elementor-top-column elementor-element elementor-element-99ddedb\" data-id=\"99ddedb\" data-element_type=\"column\">\n\t\t\t<div class=\"elementor-widget-wrap elementor-element-populated\">\n\t\t\t\t\t\t\t\t<div class=\"elementor-element elementor-element-67caa8f elementor-widget elementor-widget-text-editor\" data-id=\"67caa8f\" data-element_type=\"widget\" data-widget_type=\"text-editor.default\">\n\t\t\t\t<div class=\"elementor-widget-container\">\n\t\t\t<style>\/*! elementor - v3.7.0 - 08-08-2022 *\/\n.elementor-widget-text-editor.elementor-drop-cap-view-stacked .elementor-drop-cap{background-color:#818a91;color:#fff}.elementor-widget-text-editor.elementor-drop-cap-view-framed .elementor-drop-cap{color:#818a91;border:3px solid;background-color:transparent}.elementor-widget-text-editor:not(.elementor-drop-cap-view-default) .elementor-drop-cap{margin-top:8px}.elementor-widget-text-editor:not(.elementor-drop-cap-view-default) .elementor-drop-cap-letter{width:1em;height:1em}.elementor-widget-text-editor .elementor-drop-cap{float:left;text-align:center;line-height:1;font-size:50px}.elementor-widget-text-editor .elementor-drop-cap-letter{display:inline-block}<\/style>\t\t\t\t<h2>V\u00e2nzare de motoare second-hand<\/h2>\n<h3>Cump\u0103r\u0103 motoare second-hand de calitate bun\u0103<\/h3>\n<p>Oferim motoare de bun\u0103 calitate, \u00een cantit\u0103\u021bi mari, de toate tipurile \u0219i modelele, pentru autoturisme, camioane \u0219i autovehicule comerciale.<\/p>\n<p>V\u00e2nzarea en-gros de motoare auto:<\/p>\n<ul>\n<li>motoare pe benzin\u0103<\/li>\n<li>motoare diesel<\/li>\n<li>Motoare 4&#215;4<\/li>\n<li>motoare pentru camionete<\/li>\n<li>motoare pentru camioane&nbsp;<\/li>\n<\/ul>\t\t\t\t\t\t<\/div>\n\t\t\t\t<\/div>\n\t\t\t\t\t<\/div>\n\t\t<\/div>\n\t\t\t\t<div class=\"elementor-column elementor-col-50 elementor-top-column elementor-element elementor-element-3ead538\" data-id=\"3ead538\" data-element_type=\"column\">\n\t\t\t<div class=\"elementor-widget-wrap elementor-element-populated\">\n\t\t\t\t\t\t\t\t<div class=\"elementor-element elementor-element-07ddc2b elementor-widget elementor-widget-image\" data-id=\"07ddc2b\" data-element_type=\"widget\" data-widget_type=\"image.default\">\n\t\t\t\t<div class=\"elementor-widget-container\">\n\t\t\t<style>\/*! elementor - v3.7.0 - 08-08-2022 *\/\n.elementor-widget-image{text-align:center}.elementor-widget-image a{display:inline-block}.elementor-widget-image a img[src$=\".svg\"]{width:48px}.elementor-widget-image img{vertical-align:middle;display:inline-block}<\/style>\t\t\t\t\t\t\t\t\t\t\t\t<img decoding=\"async\" width=\"1024\" height=\"768\" src=\"http:\/\/parts-export24.com\/wp-content\/uploads\/2022\/07\/parts-export9-1024x768.jpg\" class=\"attachment-large size-large\" alt=\"\" srcset=\"http:\/\/parts-export24.com\/wp-content\/uploads\/2022\/07\/parts-export9-1024x768.jpg 1024w, http:\/\/parts-export24.com\/wp-content\/uploads\/2022\/07\/parts-export9-300x225.jpg 300w, http:\/\/parts-export24.com\/wp-content\/uploads\/2022\/07\/parts-export9-768x576.jpg 768w, http:\/\/parts-export24.com\/wp-content\/uploads\/2022\/07\/parts-export9-1536x1152.jpg 1536w, http:\/\/parts-export24.com\/wp-content\/uploads\/2022\/07\/parts-export9.jpg 1600w\" sizes=\"(max-width: 1024px) 100vw, 1024px\" \/>\t\t\t\t\t\t\t\t\t\t\t\t\t\t\t<\/div>\n\t\t\t\t<\/div>\n\t\t\t\t\t<\/div>\n\t\t<\/div>\n\t\t\t\t\t\t\t<\/div>\n\t\t<\/section>\n\t\t\t\t<section class=\"elementor-section elementor-top-section elementor-element elementor-element-d310abc elementor-section-boxed elementor-section-height-default elementor-section-height-default\" data-id=\"d310abc\" data-element_type=\"section\">\n\t\t\t\t\t\t<div class=\"elementor-container elementor-column-gap-default\">\n\t\t\t\t\t<div class=\"elementor-column elementor-col-100 elementor-top-column elementor-element elementor-element-05664dc\" data-id=\"05664dc\" data-element_type=\"column\">\n\t\t\t<div class=\"elementor-widget-wrap elementor-element-populated\">\n\t\t\t\t\t\t\t\t<div class=\"elementor-element elementor-element-233eb0c elementor-widget elementor-widget-toggle\" data-id=\"233eb0c\" data-element_type=\"widget\" data-widget_type=\"toggle.default\">\n\t\t\t\t<div class=\"elementor-widget-container\">\n\t\t\t<style>\/*! elementor - v3.7.0 - 08-08-2022 *\/\n.elementor-toggle{text-align:left}.elementor-toggle .elementor-tab-title{font-weight:700;line-height:1;margin:0;padding:15px;border-bottom:1px solid #d4d4d4;cursor:pointer;outline:none}.elementor-toggle .elementor-tab-title .elementor-toggle-icon{display:inline-block;width:1em}.elementor-toggle .elementor-tab-title .elementor-toggle-icon svg{-webkit-margin-start:-5px;margin-inline-start:-5px;width:1em;height:1em}.elementor-toggle .elementor-tab-title .elementor-toggle-icon.elementor-toggle-icon-right{float:right;text-align:right}.elementor-toggle .elementor-tab-title .elementor-toggle-icon.elementor-toggle-icon-left{float:left;text-align:left}.elementor-toggle .elementor-tab-title .elementor-toggle-icon .elementor-toggle-icon-closed{display:block}.elementor-toggle .elementor-tab-title .elementor-toggle-icon .elementor-toggle-icon-opened{display:none}.elementor-toggle .elementor-tab-title.elementor-active{border-bottom:none}.elementor-toggle .elementor-tab-title.elementor-active .elementor-toggle-icon-closed{display:none}.elementor-toggle .elementor-tab-title.elementor-active .elementor-toggle-icon-opened{display:block}.elementor-toggle .elementor-tab-content{padding:15px;border-bottom:1px solid #d4d4d4;display:none}@media (max-width:767px){.elementor-toggle .elementor-tab-title{padding:12px}.elementor-toggle .elementor-tab-content{padding:12px 10px}}.e-container>.elementor-widget-toggle{width:var(--container-widget-width,100%)}<\/style>\t\t<div class=\"elementor-toggle\" role=\"tablist\">\n\t\t\t\t\t\t\t<div class=\"elementor-toggle-item\">\n\t\t\t\t\t<div id=\"elementor-tab-title-3691\" class=\"elementor-tab-title\" data-tab=\"1\" role=\"tab\" aria-controls=\"elementor-tab-content-3691\" aria-expanded=\"false\">\n\t\t\t\t\t\t\t\t\t\t\t\t<span class=\"elementor-toggle-icon elementor-toggle-icon-left\" aria-hidden=\"true\">\n\t\t\t\t\t\t\t\t\t\t\t\t\t\t\t<span class=\"elementor-toggle-icon-closed\"><i class=\"fas fa-caret-right\"><\/i><\/span>\n\t\t\t\t\t\t\t\t<span class=\"elementor-toggle-icon-opened\"><i class=\"elementor-toggle-icon-opened fas fa-caret-up\"><\/i><\/span>\n\t\t\t\t\t\t\t\t\t\t\t\t\t<\/span>\n\t\t\t\t\t\t\t\t\t\t\t\t<a href=\"\" class=\"elementor-toggle-title\">Exporturi de motoare<\/a>\n\t\t\t\t\t<\/div>\n\n\t\t\t\t\t<div id=\"elementor-tab-content-3691\" class=\"elementor-tab-content elementor-clearfix\" data-tab=\"1\" role=\"tabpanel\" aria-labelledby=\"elementor-tab-title-3691\"><p>Nu vindem motoare cu kilometraj mare. Colabor\u0103m cu mul\u021bi furnizori de motoare second-hand de bun\u0103 calitate. Ne ocup\u0103m personal de demontarea vehiculelor, ob\u021bin\u00e2nd, astfel, motoare \u00eentregi. Contacteaz\u0103-ne pentru a afla dac\u0103 avem \u00een stoc motorul de care ai nevoie.<\/p>\n<p>Indiferent dac\u0103 e\u0219ti un mecanic \u00een c\u0103utarea unui motor second-hand de calitate \u00eenalt\u0103 sau un pasionat care dore\u0219te s\u0103 schimbe un motor defect, ne po\u021bi contacta pentru cele mai fiabile motoare second-hand, pe care le avem disponibile la cele mai accesibile pre\u021buri. La Parts Export suntem specializa\u021bi \u00een toate tipurile de motoare second-hand, at\u00e2t pe benzin\u0103, c\u00e2t \u0219i diesel, apar\u021bin\u00e2nd celor mai importan\u021bi produc\u0103tori auto americani \u0219i nu numai: Volkswagen, Ford, Ford, BMW, Toyota, Nissan, Mercedes, Kia \u0219i mul\u021bi al\u021bii. <\/p>\n<p>\u00cen timpul evalu\u0103rii calit\u0103\u021bii, efectu\u0103m o inspec\u021bie am\u0103nun\u021bit\u0103 a motoarelor second-hand, pentru a ne asigura c\u0103 motorul este \u00een stare bun\u0103.<\/p>\n<h3>Sunt bune motoarele second-hand?<\/h3>\n<p>Motoarele noastre second-hand sunt o op\u021biune excelent\u0103 pentru \u00eenlocuirea motorului, \u00een special dac\u0103 ave\u021bi un buget limitat \u0219i ave\u021bi nevoie de ma\u0219in\u0103 c\u00e2t mai repede posibil. Efectu\u0103m o inspec\u021bie de evaluare a calit\u0103\u021bii fiec\u0103rui motor, pentru a ne asigura c\u0103 furniz\u0103m doar motoare second-hand de cea mai bun\u0103 calitate.<\/p>\n<h3>De unde pot achizi\u021biona un astfel de motor?<\/h3>\n<p>Pentru a achizi\u021biona un motor de la Parts Export, te rug\u0103m s\u0103 ne contactezi.<\/p>\n<\/div>\n\t\t\t\t<\/div>\n\t\t\t\t\t\t\t\t<\/div>\n\t\t\t\t<\/div>\n\t\t\t\t<\/div>\n\t\t\t\t\t<\/div>\n\t\t<\/div>\n\t\t\t\t\t\t\t<\/div>\n\t\t<\/section>\n\t\t\t\t\t\t\t<\/div>\n\t\t","protected":false},"excerpt":{"rendered":"<p>V\u00e2nzare en-gros de motoare V\u00e2nzare de motoare second-hand Cump\u0103r\u0103 motoare second-hand de calitate bun\u0103 Oferim motoare de bun\u0103 calitate, \u00een cantit\u0103\u021bi mari, de toate tipurile \u0219i modelele, pentru autoturisme, camioane \u0219i autovehicule comerciale. V\u00e2nzarea en-gros de motoare auto: motoare pe benzin\u0103 motoare diesel Motoare 4&#215;4 motoare pentru camionete motoare pentru camioane&nbsp; Exporturi de motoare Nu [&hellip;]<\/p>\n","protected":false},"author":1,"featured_media":0,"parent":782,"menu_order":0,"comment_status":"closed","ping_status":"closed","template":"","meta":{"inline_featured_image":false,"footnotes":""},"class_list":["post-761","page","type-page","status-publish","hentry"],"yoast_head":"<!-- This site is optimized with the Yoast SEO plugin v19.5.1 - https:\/\/yoast.com\/wordpress\/plugins\/seo\/ -->\n<title>V\u00e2nzare en-gros de motoare - Parts Export<\/title>\n<meta name=\"robots\" content=\"index, follow, max-snippet:-1, max-image-preview:large, max-video-preview:-1\" \/>\n<link rel=\"canonical\" href=\"http:\/\/parts-export24.com\/ro\/oferta\/vanzare-en-gros-de-motoare\/\" \/>\n<meta property=\"og:locale\" content=\"ro_RO\" \/>\n<meta property=\"og:type\" content=\"article\" \/>\n<meta property=\"og:title\" content=\"V\u00e2nzare en-gros de motoare - Parts Export\" \/>\n<meta property=\"og:description\" content=\"V\u00e2nzare en-gros de motoare V\u00e2nzare de motoare second-hand Cump\u0103r\u0103 motoare second-hand de calitate bun\u0103 Oferim motoare de bun\u0103 calitate, \u00een cantit\u0103\u021bi mari, de toate tipurile \u0219i modelele, pentru autoturisme, camioane \u0219i autovehicule comerciale. V\u00e2nzarea en-gros de motoare auto: motoare pe benzin\u0103 motoare diesel Motoare 4&#215;4 motoare pentru camionete motoare pentru camioane&nbsp; Exporturi de motoare Nu [&hellip;]\" \/>\n<meta property=\"og:url\" content=\"http:\/\/parts-export24.com\/ro\/oferta\/vanzare-en-gros-de-motoare\/\" \/>\n<meta property=\"og:site_name\" content=\"Parts Export\" \/>\n<meta property=\"article:modified_time\" content=\"2024-03-15T10:04:07+00:00\" \/>\n<meta property=\"og:image\" content=\"http:\/\/parts-export24.com\/wp-content\/uploads\/2022\/07\/parts-export9-1024x768.jpg\" \/>\n<meta name=\"twitter:card\" content=\"summary_large_image\" \/>\n<meta name=\"twitter:label1\" content=\"Timp estimat pentru citire\" \/>\n\t<meta name=\"twitter:data1\" content=\"2 minute\" \/>\n<script type=\"application\/ld+json\" class=\"yoast-schema-graph\">{\"@context\":\"https:\/\/schema.org\",\"@graph\":[{\"@type\":\"WebPage\",\"@id\":\"http:\/\/parts-export24.com\/ro\/oferta\/vanzare-en-gros-de-motoare\/\",\"url\":\"http:\/\/parts-export24.com\/ro\/oferta\/vanzare-en-gros-de-motoare\/\",\"name\":\"V\u00e2nzare en-gros de motoare - Parts Export\",\"isPartOf\":{\"@id\":\"http:\/\/parts-export24.com\/ro\/#website\"},\"datePublished\":\"2022-07-30T10:58:43+00:00\",\"dateModified\":\"2024-03-15T10:04:07+00:00\",\"breadcrumb\":{\"@id\":\"http:\/\/parts-export24.com\/ro\/oferta\/vanzare-en-gros-de-motoare\/#breadcrumb\"},\"inLanguage\":\"ro-RO\",\"potentialAction\":[{\"@type\":\"ReadAction\",\"target\":[\"http:\/\/parts-export24.com\/ro\/oferta\/vanzare-en-gros-de-motoare\/\"]}]},{\"@type\":\"BreadcrumbList\",\"@id\":\"http:\/\/parts-export24.com\/ro\/oferta\/vanzare-en-gros-de-motoare\/#breadcrumb\",\"itemListElement\":[{\"@type\":\"ListItem\",\"position\":1,\"name\":\"Home\",\"item\":\"http:\/\/parts-export24.com\/ro\/\"},{\"@type\":\"ListItem\",\"position\":2,\"name\":\"Oferta\",\"item\":\"https:\/\/parts-export24.com\/ro\/oferta\/\"},{\"@type\":\"ListItem\",\"position\":3,\"name\":\"V\u00e2nzare en-gros de motoare\"}]},{\"@type\":\"WebSite\",\"@id\":\"http:\/\/parts-export24.com\/ro\/#website\",\"url\":\"http:\/\/parts-export24.com\/ro\/\",\"name\":\"Parts Export\",\"description\":\"Wholesale of engines and car parts\",\"publisher\":{\"@id\":\"http:\/\/parts-export24.com\/ro\/#organization\"},\"potentialAction\":[{\"@type\":\"SearchAction\",\"target\":{\"@type\":\"EntryPoint\",\"urlTemplate\":\"http:\/\/parts-export24.com\/ro\/?s={search_term_string}\"},\"query-input\":\"required name=search_term_string\"}],\"inLanguage\":\"ro-RO\"},{\"@type\":\"Organization\",\"@id\":\"http:\/\/parts-export24.com\/ro\/#organization\",\"name\":\"Parts Export\",\"url\":\"http:\/\/parts-export24.com\/ro\/\",\"sameAs\":[],\"logo\":{\"@type\":\"ImageObject\",\"inLanguage\":\"ro-RO\",\"@id\":\"http:\/\/parts-export24.com\/ro\/#\/schema\/logo\/image\/\",\"url\":\"http:\/\/parts-export24.com\/wp-content\/uploads\/2022\/07\/Parts-Export-logo.svg\",\"contentUrl\":\"http:\/\/parts-export24.com\/wp-content\/uploads\/2022\/07\/Parts-Export-logo.svg\",\"width\":469,\"height\":115,\"caption\":\"Parts Export\"},\"image\":{\"@id\":\"http:\/\/parts-export24.com\/ro\/#\/schema\/logo\/image\/\"}}]}<\/script>\n<!-- \/ Yoast SEO plugin. -->","yoast_head_json":{"title":"V\u00e2nzare en-gros de motoare - Parts Export","robots":{"index":"index","follow":"follow","max-snippet":"max-snippet:-1","max-image-preview":"max-image-preview:large","max-video-preview":"max-video-preview:-1"},"canonical":"http:\/\/parts-export24.com\/ro\/oferta\/vanzare-en-gros-de-motoare\/","og_locale":"ro_RO","og_type":"article","og_title":"V\u00e2nzare en-gros de motoare - Parts Export","og_description":"V\u00e2nzare en-gros de motoare V\u00e2nzare de motoare second-hand Cump\u0103r\u0103 motoare second-hand de calitate bun\u0103 Oferim motoare de bun\u0103 calitate, \u00een cantit\u0103\u021bi mari, de toate tipurile \u0219i modelele, pentru autoturisme, camioane \u0219i autovehicule comerciale. V\u00e2nzarea en-gros de motoare auto: motoare pe benzin\u0103 motoare diesel Motoare 4&#215;4 motoare pentru camionete motoare pentru camioane&nbsp; Exporturi de motoare Nu [&hellip;]","og_url":"http:\/\/parts-export24.com\/ro\/oferta\/vanzare-en-gros-de-motoare\/","og_site_name":"Parts Export","article_modified_time":"2024-03-15T10:04:07+00:00","og_image":[{"url":"http:\/\/parts-export24.com\/wp-content\/uploads\/2022\/07\/parts-export9-1024x768.jpg"}],"twitter_card":"summary_large_image","twitter_misc":{"Timp estimat pentru citire":"2 minute"},"schema":{"@context":"https:\/\/schema.org","@graph":[{"@type":"WebPage","@id":"http:\/\/parts-export24.com\/ro\/oferta\/vanzare-en-gros-de-motoare\/","url":"http:\/\/parts-export24.com\/ro\/oferta\/vanzare-en-gros-de-motoare\/","name":"V\u00e2nzare en-gros de motoare - Parts Export","isPartOf":{"@id":"http:\/\/parts-export24.com\/ro\/#website"},"datePublished":"2022-07-30T10:58:43+00:00","dateModified":"2024-03-15T10:04:07+00:00","breadcrumb":{"@id":"http:\/\/parts-export24.com\/ro\/oferta\/vanzare-en-gros-de-motoare\/#breadcrumb"},"inLanguage":"ro-RO","potentialAction":[{"@type":"ReadAction","target":["http:\/\/parts-export24.com\/ro\/oferta\/vanzare-en-gros-de-motoare\/"]}]},{"@type":"BreadcrumbList","@id":"http:\/\/parts-export24.com\/ro\/oferta\/vanzare-en-gros-de-motoare\/#breadcrumb","itemListElement":[{"@type":"ListItem","position":1,"name":"Home","item":"http:\/\/parts-export24.com\/ro\/"},{"@type":"ListItem","position":2,"name":"Oferta","item":"https:\/\/parts-export24.com\/ro\/oferta\/"},{"@type":"ListItem","position":3,"name":"V\u00e2nzare en-gros de motoare"}]},{"@type":"WebSite","@id":"http:\/\/parts-export24.com\/ro\/#website","url":"http:\/\/parts-export24.com\/ro\/","name":"Parts Export","description":"Wholesale of engines and car parts","publisher":{"@id":"http:\/\/parts-export24.com\/ro\/#organization"},"potentialAction":[{"@type":"SearchAction","target":{"@type":"EntryPoint","urlTemplate":"http:\/\/parts-export24.com\/ro\/?s={search_term_string}"},"query-input":"required name=search_term_string"}],"inLanguage":"ro-RO"},{"@type":"Organization","@id":"http:\/\/parts-export24.com\/ro\/#organization","name":"Parts Export","url":"http:\/\/parts-export24.com\/ro\/","sameAs":[],"logo":{"@type":"ImageObject","inLanguage":"ro-RO","@id":"http:\/\/parts-export24.com\/ro\/#\/schema\/logo\/image\/","url":"http:\/\/parts-export24.com\/wp-content\/uploads\/2022\/07\/Parts-Export-logo.svg","contentUrl":"http:\/\/parts-export24.com\/wp-content\/uploads\/2022\/07\/Parts-Export-logo.svg","width":469,"height":115,"caption":"Parts Export"},"image":{"@id":"http:\/\/parts-export24.com\/ro\/#\/schema\/logo\/image\/"}}]}},"_links":{"self":[{"href":"http:\/\/parts-export24.com\/ro\/wp-json\/wp\/v2\/pages\/761","targetHints":{"allow":["GET"]}}],"collection":[{"href":"http:\/\/parts-export24.com\/ro\/wp-json\/wp\/v2\/pages"}],"about":[{"href":"http:\/\/parts-export24.com\/ro\/wp-json\/wp\/v2\/types\/page"}],"author":[{"embeddable":true,"href":"http:\/\/parts-export24.com\/ro\/wp-json\/wp\/v2\/users\/1"}],"replies":[{"embeddable":true,"href":"http:\/\/parts-export24.com\/ro\/wp-json\/wp\/v2\/comments?post=761"}],"version-history":[{"count":1,"href":"http:\/\/parts-export24.com\/ro\/wp-json\/wp\/v2\/pages\/761\/revisions"}],"predecessor-version":[{"id":766,"href":"http:\/\/parts-export24.com\/ro\/wp-json\/wp\/v2\/pages\/761\/revisions\/766"}],"up":[{"embeddable":true,"href":"http:\/\/parts-export24.com\/ro\/wp-json\/wp\/v2\/pages\/782"}],"wp:attachment":[{"href":"http:\/\/parts-export24.com\/ro\/wp-json\/wp\/v2\/media?parent=761"}],"curies":[{"name":"wp","href":"https:\/\/api.w.org\/{rel}","templated":true}]}}