{"id":837,"date":"2022-07-30T12:18:06","date_gmt":"2022-07-30T11:18:06","guid":{"rendered":"http:\/\/parts-export24.com\/politica-de-privacidade\/"},"modified":"2024-03-15T10:04:26","modified_gmt":"2024-03-15T10:04:26","slug":"politica-de-privacidade","status":"publish","type":"page","link":"http:\/\/parts-export24.com\/pt-pt\/politica-de-privacidade\/","title":{"rendered":"Pol\u00edtica de Privacidade"},"content":{"rendered":"\t\t<div data-elementor-type=\"wp-page\" data-elementor-id=\"837\" class=\"elementor elementor-837 elementor-319\">\n\t\t\t\t\t\t\t\t\t<section class=\"elementor-section elementor-top-section elementor-element elementor-element-05bba25 elementor-section-content-middle elementor-section-stretched elementor-section-boxed elementor-section-height-default elementor-section-height-default\" data-id=\"05bba25\" data-element_type=\"section\" data-settings=\"{&quot;stretch_section&quot;:&quot;section-stretched&quot;,&quot;background_background&quot;:&quot;classic&quot;}\">\n\t\t\t\t\t\t\t<div class=\"elementor-background-overlay\"><\/div>\n\t\t\t\t\t\t\t<div class=\"elementor-container elementor-column-gap-default\">\n\t\t\t\t\t<div class=\"elementor-column elementor-col-100 elementor-top-column elementor-element elementor-element-10952a6\" data-id=\"10952a6\" data-element_type=\"column\">\n\t\t\t<div class=\"elementor-widget-wrap elementor-element-populated\">\n\t\t\t\t\t\t\t\t<div class=\"elementor-element elementor-element-f1f957c elementor-widget elementor-widget-heading\" data-id=\"f1f957c\" data-element_type=\"widget\" data-widget_type=\"heading.default\">\n\t\t\t\t<div class=\"elementor-widget-container\">\n\t\t\t<style>\/*! elementor - v3.7.0 - 08-08-2022 *\/\n.elementor-heading-title{padding:0;margin:0;line-height:1}.elementor-widget-heading .elementor-heading-title[class*=elementor-size-]>a{color:inherit;font-size:inherit;line-height:inherit}.elementor-widget-heading .elementor-heading-title.elementor-size-small{font-size:15px}.elementor-widget-heading .elementor-heading-title.elementor-size-medium{font-size:19px}.elementor-widget-heading .elementor-heading-title.elementor-size-large{font-size:29px}.elementor-widget-heading .elementor-heading-title.elementor-size-xl{font-size:39px}.elementor-widget-heading .elementor-heading-title.elementor-size-xxl{font-size:59px}<\/style><h1 class=\"elementor-heading-title elementor-size-default\">Pol\u00edtica de Privacidade<\/h1>\t\t<\/div>\n\t\t\t\t<\/div>\n\t\t\t\t\t<\/div>\n\t\t<\/div>\n\t\t\t\t\t\t\t<\/div>\n\t\t<\/section>\n\t\t\t\t<section class=\"elementor-section elementor-top-section elementor-element elementor-element-ad9f445 elementor-section-boxed elementor-section-height-default elementor-section-height-default\" data-id=\"ad9f445\" data-element_type=\"section\">\n\t\t\t\t\t\t<div class=\"elementor-container elementor-column-gap-default\">\n\t\t\t\t\t<div class=\"elementor-column elementor-col-100 elementor-top-column elementor-element elementor-element-f932ee4\" data-id=\"f932ee4\" data-element_type=\"column\">\n\t\t\t<div class=\"elementor-widget-wrap elementor-element-populated\">\n\t\t\t\t\t\t\t\t<div class=\"elementor-element elementor-element-6863d47 elementor-widget elementor-widget-text-editor\" data-id=\"6863d47\" data-element_type=\"widget\" data-widget_type=\"text-editor.default\">\n\t\t\t\t<div class=\"elementor-widget-container\">\n\t\t\t<style>\/*! elementor - v3.7.0 - 08-08-2022 *\/\n.elementor-widget-text-editor.elementor-drop-cap-view-stacked .elementor-drop-cap{background-color:#818a91;color:#fff}.elementor-widget-text-editor.elementor-drop-cap-view-framed .elementor-drop-cap{color:#818a91;border:3px solid;background-color:transparent}.elementor-widget-text-editor:not(.elementor-drop-cap-view-default) .elementor-drop-cap{margin-top:8px}.elementor-widget-text-editor:not(.elementor-drop-cap-view-default) .elementor-drop-cap-letter{width:1em;height:1em}.elementor-widget-text-editor .elementor-drop-cap{float:left;text-align:center;line-height:1;font-size:50px}.elementor-widget-text-editor .elementor-drop-cap-letter{display:inline-block}<\/style>\t\t\t\t<p>A Parts Expert tem consci\u00eancia da enorme import\u00e2ncia que os utilizadores atribuem \u00e0 prote\u00e7\u00e3o de dados pessoais e ao seu tratamento confidencial. Por isso, gostar\u00edamos de apresentar aqui a forma como n\u00f3s recolhemos e processamos tais informa\u00e7\u00f5es.<\/p>\n<p>A Parts Expert informa, que de acordo com o artigo 24, par\u00e1grafo 1 da Lei de Prote\u00e7\u00e3o de Dados Pessoais de 29 de agosto de 1997 (texto consolidado: Jornal Oficial de 2014, item 1182), \u00e9 o respons\u00e1vel pelo tratamento dos seus dados pessoais fornecidos atrav\u00e9s do nosso s\u00edtio web, ao preencher e enviar formul\u00e1rios de contacto, e ao fazer pedidos de informa\u00e7\u00e3o por telefone ou pessoalmente.<\/p>\n<p>Estes dados ser\u00e3o processados pela Parts Expert com o objetivo de estabelecer contacto, responder \u00e0 sua pergunta e preparar uma proposta dos nossos servi\u00e7os para si. Os dados ser\u00e3o processados no escopo adequado e necess\u00e1rio para cumprir os objetivos acima mencionados.<\/p>\n<h2>Recolha e utiliza\u00e7\u00e3o de dados pessoais<\/h2>\n<p>Dados pessoais s\u00e3o informa\u00e7\u00f5es que identificam uma pessoa, como o apelido, endere\u00e7o de email ou endere\u00e7o postal. A Parts Expert n\u00e3o recolhe dados pessoais, exceto quando as pessoas interessadas nos fornecem os seus dados para um prop\u00f3sito espec\u00edfico (por exemplo, para subscrever uma Newsletter online, responder a uma pergunta e preparar uma oferta, participar num estudo, concurso ou sorteio, encomendar brochuras ou solicitar informa\u00e7\u00f5es) e d\u00e3o o seu consentimento para a sua utiliza\u00e7\u00e3o.<\/p>\n<p>Armazenamos, utilizamos ou transferimos dados pessoais exclusivamente com o consentimento da pessoa envolvida e estritamente na medida \u2013 em termos de conte\u00fado e dura\u00e7\u00e3o \u2013 necess\u00e1ria no caso espec\u00edfico, por exemplo, para responder a perguntas ou abordar preocupa\u00e7\u00f5es expressas, atender a um pedido ou notificar as pessoas interessadas sobre os resultados de um concurso ou sorteio. A Parts Expert garante que n\u00e3o vender\u00e1 nem partilhar\u00e1 dados pessoais com quaisquer terceiros. Podemos, no entanto, ser obrigados a divulgar informa\u00e7\u00f5es sobre os nossos utilizadores em virtude da lei ou como consequ\u00eancia de mandados execut\u00e1veis por organismos governamentais.<\/p>\n<h2>Utiliza\u00e7\u00e3o de dados pessoais para fins publicit\u00e1rios e de marketing<\/h2>\n<p>No caso de se obter consentimento expl\u00edcito da pessoa envolvida para a utiliza\u00e7\u00e3o dos seus dados pessoais para fins de publicidade ou marketing, os dados pessoais dessa pessoa ser\u00e3o tamb\u00e9m armazenados e utilizados de forma cont\u00ednua para tais fins, por exemplo, para o envio de Newsletters, convites para participar em concursos ou sorteios, por via eletr\u00f3nica, correio ou atrav\u00e9s de outro canal de comunica\u00e7\u00e3o aceite pela pessoa em quest\u00e3o. Podemos usar os dados desta pessoa para criar e manter um perfil de usu\u00e1rio, o que nos permitir\u00e1 oferecer an\u00fancios e promo\u00e7\u00f5es ajustados \u00e0s necessidades individuais. Tamb\u00e9m podemos utilizar os dados que nos s\u00e3o fornecidos com o objetivo de analisar e melhorar os nossos servi\u00e7os online, bem como as nossas atividades de publicidade, marketing, pesquisa de mercado e vendas.<\/p>\n<h2>Revoga\u00e7\u00e3o do consentimento<\/h2>\n<p>\u00c9 poss\u00edvel retirar o consentimento para o uso de dados pessoais, total ou parcialmente, a qualquer momento, com efeito futuro. Os dados pessoais ser\u00e3o eliminados no momento em que a retirada do consentimento for recebida. Para apresentar uma declara\u00e7\u00e3o de revoga\u00e7\u00e3o do consentimento, contacte-nos telefonicamente atrav\u00e9s do n\u00famero:<\/p>\n<p>T: +353 (85) 155 3786<\/p>\n<h2>Direito \u00e0 informa\u00e7\u00e3o<\/h2>\n<p>A pedido, informamos imediatamente a pessoa interessada sobre o tipo de dados pessoais que foram (se algum) recolhidos durante a sua visita ao nosso site. Qualquer d\u00favida sobre este assunto deve ser preferencialmente reportada por telefone para o n\u00famero:<\/p>\n<p>T: +353 (85) 155 3786<\/p>\n<h2>Seguran\u00e7a dos dados<\/h2>\n<p>Implement\u00e1mos medidas t\u00e9cnicas e organizacionais com o objetivo de proteger os dados do usu\u00e1rio contra perda, altera\u00e7\u00e3o, roubo ou acesso por partes terceiras n\u00e3o autorizadas.<\/p>\n<h2>Altera\u00e7\u00f5es e atualiza\u00e7\u00f5es<\/h2>\n<p>Reservamo-nos o direito de alterar ou atualizar qualquer parte desta declara\u00e7\u00e3o de prote\u00e7\u00e3o de dados em qualquer momento escolhido por n\u00f3s, sem a necessidade de notificar os utilizadores. Pedimos que verifique regularmente o conte\u00fado desta informa\u00e7\u00e3o para se informar sobre quaisquer altera\u00e7\u00f5es ou atualiza\u00e7\u00f5es relativamente a esta declara\u00e7\u00e3o. A declara\u00e7\u00e3o \u00e9 sempre acompanhada pela respetiva data de entrada em vigor.<\/p>\n<p>A Parts Expert reserva-se o direito de fazer altera\u00e7\u00f5es nesta Pol\u00edtica de Privacidade. A Pol\u00edtica de Privacidade aplica-se a todas as pessoas que visitam o nosso servi\u00e7o.<\/p>\n<h2>Dados pessoais<\/h2>\n<p>A Parts Expert nunca, sob circunst\u00e2ncia alguma, divulga os dados de contacto dos seus utilizadores a pessoas\/empresas terceiras.<\/p>\n<h2>Cookies<\/h2>\n<p>Algumas \u00e1reas do servi\u00e7o Parts Expert podem usar cookies, que s\u00e3o pequenos ficheiros de texto enviados para o computador do visitante, identificando-o de maneira necess\u00e1ria para simplificar e acelerar a opera\u00e7\u00e3o do servi\u00e7o (por exemplo, atrav\u00e9s da lembran\u00e7a de textos previamente abertos e do seu carregamento mais r\u00e1pido). As cookies s\u00e3o inofensivas tanto para o computador quanto para o usu\u00e1rio e os seus dados. Cada utilizador pode desativ\u00e1-los nas configura\u00e7\u00f5es do seu pr\u00f3prio navegador.<\/p>\n<h2>Google Analytics<\/h2>\n<p>A Parts Expert utiliza o <a xmlns:xhtml=\"http:\/\/www.w3.org\/1999\/xhtml\" xhtml:href=\"http:\/\/www.google.com\/analytics\/learn\/privacy.html\">Google Analytics<\/a>, um servi\u00e7o de an\u00e1lise de visualiza\u00e7\u00f5es de p\u00e1ginas da web fornecido pela Google, Inc. (&#8220;Google&#8221;). O Google Analytics utiliza \u201ccookies\u201d, que s\u00e3o arquivos de texto colocados no computador do usu\u00e1rio, com o objetivo de permitir que o site analise a forma como os usu\u00e1rios o utilizam. As informa\u00e7\u00f5es geradas pelos cookies sobre a utiliza\u00e7\u00e3o do site pelo usu\u00e1rio (incluindo o seu endere\u00e7o IP) ser\u00e3o transferidas para a Google e armazenadas por ela em servidores nos Estados Unidos.<\/p>\n<p>A Google utilizar\u00e1 essas informa\u00e7\u00f5es para avaliar o uso do site pelo usu\u00e1rio, criar relat\u00f3rios sobre o tr\u00e1fego nas p\u00e1ginas para os operadores de sites, e fornecer outros servi\u00e7os relacionados ao tr\u00e1fego em sites da internet e ao uso da internet. A Google tamb\u00e9m pode transmitir essas informa\u00e7\u00f5es a terceiros, caso seja obrigada a faz\u00ea-lo por for\u00e7a da legisla\u00e7\u00e3o, ou quando essas pessoas processem tais informa\u00e7\u00f5es em nome da Google.<\/p>\n<p>O Google n\u00e3o associar\u00e1 o endere\u00e7o IP do usu\u00e1rio a quaisquer outros dados que possua. O usu\u00e1rio pode desativar os cookies escolhendo as configura\u00e7\u00f5es apropriadas no seu navegador, no entanto, deve-se ter em mente que, neste caso, a utiliza\u00e7\u00e3o de todas as funcionalidades do site pode tornar-se imposs\u00edvel. Ao utilizar este site, o usu\u00e1rio consente ao processamento dos seus dados por parte da Google na forma e para os fins especificados acima.<\/p>\n<h2>Facebook<\/h2>\n<p>Nas p\u00e1ginas da Parts Expert, encontra-se um plugin integrado do portal de redes sociais Facebook. O plugin do Facebook encontra-se sob o bot\u00e3o \u201cGosto\u201d no nosso site. Pode encontrar a lista de plugins para o Facebook <a xmlns:xhtml=\"http:\/\/www.w3.org\/1999\/xhtml\" xhtml:href=\"http:\/\/developers.facebook.com\/docs\/plugins\/\">aqui<\/a>.<\/p>\n<p>Quando visitas o nosso site, ocorre automaticamente uma conex\u00e3o atrav\u00e9s de um plugin entre o servidor do Facebook e o teu navegador de internet. O Facebook receber\u00e1 ent\u00e3o a informa\u00e7\u00e3o de que visitou a nossa p\u00e1gina sob o seu endere\u00e7o IP. Se clicar no bot\u00e3o \u201cGosto\u201d enquanto estiver ligado \u00e0 sua conta no Facebook, o conte\u00fado do nosso site pode ser associado ao seu perfil. Pode encontrar informa\u00e7\u00f5es adicionais nas p\u00e1ginas do <a xmlns:xhtml=\"http:\/\/www.w3.org\/1999\/xhtml\" xhtml:href=\"http:\/\/www.facebook.com\/policy.php\">Facebook<\/a>.<\/p>\n<p>Se n\u00e3o deseja que o Facebook registe o facto das suas visitas ao nosso site, por favor, fa\u00e7a logout da sua conta de utilizador no Facebook.<\/p>\n<h2>Exclus\u00e3o de responsabilidade<\/h2>\n<p>A Parts Expert n\u00e3o assume a responsabilidade pelos conte\u00fados das opini\u00f5es, coment\u00e1rios de indiv\u00edduos privados e empresas fornecidos nas nossas p\u00e1ginas.<\/p>\n\t\t\t\t\t\t<\/div>\n\t\t\t\t<\/div>\n\t\t\t\t\t<\/div>\n\t\t<\/div>\n\t\t\t\t\t\t\t<\/div>\n\t\t<\/section>\n\t\t\t\t\t\t\t<\/div>\n\t\t","protected":false},"excerpt":{"rendered":"<p>Pol\u00edtica de Privacidade A Parts Expert tem consci\u00eancia da enorme import\u00e2ncia que os utilizadores atribuem \u00e0 prote\u00e7\u00e3o de dados pessoais e ao seu tratamento confidencial. Por isso, gostar\u00edamos de apresentar aqui a forma como n\u00f3s recolhemos e processamos tais informa\u00e7\u00f5es. A Parts Expert informa, que de acordo com o artigo 24, par\u00e1grafo 1 da Lei [&hellip;]<\/p>\n","protected":false},"author":1,"featured_media":0,"parent":0,"menu_order":0,"comment_status":"closed","ping_status":"open","template":"","meta":{"inline_featured_image":false,"footnotes":""},"class_list":["post-837","page","type-page","status-publish","hentry"],"yoast_head":"<!-- This site is optimized with the Yoast SEO plugin v19.5.1 - https:\/\/yoast.com\/wordpress\/plugins\/seo\/ -->\n<title>Pol\u00edtica de Privacidade - Parts Export<\/title>\n<meta name=\"robots\" content=\"index, follow, max-snippet:-1, max-image-preview:large, max-video-preview:-1\" \/>\n<link rel=\"canonical\" href=\"http:\/\/parts-export24.com\/pt-pt\/politica-de-privacidade\/\" \/>\n<meta property=\"og:locale\" content=\"pt_PT\" \/>\n<meta property=\"og:type\" content=\"article\" \/>\n<meta property=\"og:title\" content=\"Pol\u00edtica de Privacidade - Parts Export\" \/>\n<meta property=\"og:description\" content=\"Pol\u00edtica de Privacidade A Parts Expert tem consci\u00eancia da enorme import\u00e2ncia que os utilizadores atribuem \u00e0 prote\u00e7\u00e3o de dados pessoais e ao seu tratamento confidencial. Por isso, gostar\u00edamos de apresentar aqui a forma como n\u00f3s recolhemos e processamos tais informa\u00e7\u00f5es. A Parts Expert informa, que de acordo com o artigo 24, par\u00e1grafo 1 da Lei [&hellip;]\" \/>\n<meta property=\"og:url\" content=\"http:\/\/parts-export24.com\/pt-pt\/politica-de-privacidade\/\" \/>\n<meta property=\"og:site_name\" content=\"Parts Export\" \/>\n<meta property=\"article:modified_time\" content=\"2024-03-15T10:04:26+00:00\" \/>\n<meta name=\"twitter:card\" content=\"summary_large_image\" \/>\n<meta name=\"twitter:label1\" content=\"Tempo estimado de leitura\" \/>\n\t<meta name=\"twitter:data1\" content=\"6 minutos\" \/>\n<script type=\"application\/ld+json\" class=\"yoast-schema-graph\">{\"@context\":\"https:\/\/schema.org\",\"@graph\":[{\"@type\":\"WebPage\",\"@id\":\"http:\/\/parts-export24.com\/pt-pt\/politica-de-privacidade\/\",\"url\":\"http:\/\/parts-export24.com\/pt-pt\/politica-de-privacidade\/\",\"name\":\"Pol\u00edtica de Privacidade - Parts Export\",\"isPartOf\":{\"@id\":\"http:\/\/parts-export24.com\/pt-pt\/#website\"},\"datePublished\":\"2022-07-30T11:18:06+00:00\",\"dateModified\":\"2024-03-15T10:04:26+00:00\",\"breadcrumb\":{\"@id\":\"http:\/\/parts-export24.com\/pt-pt\/politica-de-privacidade\/#breadcrumb\"},\"inLanguage\":\"pt-PT\",\"potentialAction\":[{\"@type\":\"ReadAction\",\"target\":[\"http:\/\/parts-export24.com\/pt-pt\/politica-de-privacidade\/\"]}]},{\"@type\":\"BreadcrumbList\",\"@id\":\"http:\/\/parts-export24.com\/pt-pt\/politica-de-privacidade\/#breadcrumb\",\"itemListElement\":[{\"@type\":\"ListItem\",\"position\":1,\"name\":\"Home\",\"item\":\"http:\/\/parts-export24.com\/pt-pt\/\"},{\"@type\":\"ListItem\",\"position\":2,\"name\":\"Pol\u00edtica de Privacidade\"}]},{\"@type\":\"WebSite\",\"@id\":\"http:\/\/parts-export24.com\/pt-pt\/#website\",\"url\":\"http:\/\/parts-export24.com\/pt-pt\/\",\"name\":\"Parts Export\",\"description\":\"Wholesale of engines and car parts\",\"publisher\":{\"@id\":\"http:\/\/parts-export24.com\/pt-pt\/#organization\"},\"potentialAction\":[{\"@type\":\"SearchAction\",\"target\":{\"@type\":\"EntryPoint\",\"urlTemplate\":\"http:\/\/parts-export24.com\/pt-pt\/?s={search_term_string}\"},\"query-input\":\"required name=search_term_string\"}],\"inLanguage\":\"pt-PT\"},{\"@type\":\"Organization\",\"@id\":\"http:\/\/parts-export24.com\/pt-pt\/#organization\",\"name\":\"Parts Export\",\"url\":\"http:\/\/parts-export24.com\/pt-pt\/\",\"sameAs\":[],\"logo\":{\"@type\":\"ImageObject\",\"inLanguage\":\"pt-PT\",\"@id\":\"http:\/\/parts-export24.com\/pt-pt\/#\/schema\/logo\/image\/\",\"url\":\"http:\/\/parts-export24.com\/wp-content\/uploads\/2022\/07\/Parts-Export-logo.svg\",\"contentUrl\":\"http:\/\/parts-export24.com\/wp-content\/uploads\/2022\/07\/Parts-Export-logo.svg\",\"width\":469,\"height\":115,\"caption\":\"Parts Export\"},\"image\":{\"@id\":\"http:\/\/parts-export24.com\/pt-pt\/#\/schema\/logo\/image\/\"}}]}<\/script>\n<!-- \/ Yoast SEO plugin. -->","yoast_head_json":{"title":"Pol\u00edtica de Privacidade - Parts Export","robots":{"index":"index","follow":"follow","max-snippet":"max-snippet:-1","max-image-preview":"max-image-preview:large","max-video-preview":"max-video-preview:-1"},"canonical":"http:\/\/parts-export24.com\/pt-pt\/politica-de-privacidade\/","og_locale":"pt_PT","og_type":"article","og_title":"Pol\u00edtica de Privacidade - Parts Export","og_description":"Pol\u00edtica de Privacidade A Parts Expert tem consci\u00eancia da enorme import\u00e2ncia que os utilizadores atribuem \u00e0 prote\u00e7\u00e3o de dados pessoais e ao seu tratamento confidencial. Por isso, gostar\u00edamos de apresentar aqui a forma como n\u00f3s recolhemos e processamos tais informa\u00e7\u00f5es. A Parts Expert informa, que de acordo com o artigo 24, par\u00e1grafo 1 da Lei [&hellip;]","og_url":"http:\/\/parts-export24.com\/pt-pt\/politica-de-privacidade\/","og_site_name":"Parts Export","article_modified_time":"2024-03-15T10:04:26+00:00","twitter_card":"summary_large_image","twitter_misc":{"Tempo estimado de leitura":"6 minutos"},"schema":{"@context":"https:\/\/schema.org","@graph":[{"@type":"WebPage","@id":"http:\/\/parts-export24.com\/pt-pt\/politica-de-privacidade\/","url":"http:\/\/parts-export24.com\/pt-pt\/politica-de-privacidade\/","name":"Pol\u00edtica de Privacidade - Parts Export","isPartOf":{"@id":"http:\/\/parts-export24.com\/pt-pt\/#website"},"datePublished":"2022-07-30T11:18:06+00:00","dateModified":"2024-03-15T10:04:26+00:00","breadcrumb":{"@id":"http:\/\/parts-export24.com\/pt-pt\/politica-de-privacidade\/#breadcrumb"},"inLanguage":"pt-PT","potentialAction":[{"@type":"ReadAction","target":["http:\/\/parts-export24.com\/pt-pt\/politica-de-privacidade\/"]}]},{"@type":"BreadcrumbList","@id":"http:\/\/parts-export24.com\/pt-pt\/politica-de-privacidade\/#breadcrumb","itemListElement":[{"@type":"ListItem","position":1,"name":"Home","item":"http:\/\/parts-export24.com\/pt-pt\/"},{"@type":"ListItem","position":2,"name":"Pol\u00edtica de Privacidade"}]},{"@type":"WebSite","@id":"http:\/\/parts-export24.com\/pt-pt\/#website","url":"http:\/\/parts-export24.com\/pt-pt\/","name":"Parts Export","description":"Wholesale of engines and car parts","publisher":{"@id":"http:\/\/parts-export24.com\/pt-pt\/#organization"},"potentialAction":[{"@type":"SearchAction","target":{"@type":"EntryPoint","urlTemplate":"http:\/\/parts-export24.com\/pt-pt\/?s={search_term_string}"},"query-input":"required name=search_term_string"}],"inLanguage":"pt-PT"},{"@type":"Organization","@id":"http:\/\/parts-export24.com\/pt-pt\/#organization","name":"Parts Export","url":"http:\/\/parts-export24.com\/pt-pt\/","sameAs":[],"logo":{"@type":"ImageObject","inLanguage":"pt-PT","@id":"http:\/\/parts-export24.com\/pt-pt\/#\/schema\/logo\/image\/","url":"http:\/\/parts-export24.com\/wp-content\/uploads\/2022\/07\/Parts-Export-logo.svg","contentUrl":"http:\/\/parts-export24.com\/wp-content\/uploads\/2022\/07\/Parts-Export-logo.svg","width":469,"height":115,"caption":"Parts Export"},"image":{"@id":"http:\/\/parts-export24.com\/pt-pt\/#\/schema\/logo\/image\/"}}]}},"_links":{"self":[{"href":"http:\/\/parts-export24.com\/pt-pt\/wp-json\/wp\/v2\/pages\/837","targetHints":{"allow":["GET"]}}],"collection":[{"href":"http:\/\/parts-export24.com\/pt-pt\/wp-json\/wp\/v2\/pages"}],"about":[{"href":"http:\/\/parts-export24.com\/pt-pt\/wp-json\/wp\/v2\/types\/page"}],"author":[{"embeddable":true,"href":"http:\/\/parts-export24.com\/pt-pt\/wp-json\/wp\/v2\/users\/1"}],"replies":[{"embeddable":true,"href":"http:\/\/parts-export24.com\/pt-pt\/wp-json\/wp\/v2\/comments?post=837"}],"version-history":[{"count":1,"href":"http:\/\/parts-export24.com\/pt-pt\/wp-json\/wp\/v2\/pages\/837\/revisions"}],"predecessor-version":[{"id":839,"href":"http:\/\/parts-export24.com\/pt-pt\/wp-json\/wp\/v2\/pages\/837\/revisions\/839"}],"wp:attachment":[{"href":"http:\/\/parts-export24.com\/pt-pt\/wp-json\/wp\/v2\/media?parent=837"}],"curies":[{"name":"wp","href":"https:\/\/api.w.org\/{rel}","templated":true}]}}