{"id":814,"date":"2022-07-30T12:04:50","date_gmt":"2022-07-30T11:04:50","guid":{"rendered":"http:\/\/parts-export24.com\/oferta\/venda-por-grosso-de-bombas-abs\/"},"modified":"2024-03-15T10:04:20","modified_gmt":"2024-03-15T10:04:20","slug":"venda-por-grosso-de-bombas-abs","status":"publish","type":"page","link":"http:\/\/parts-export24.com\/pt-pt\/oferta\/venda-por-grosso-de-bombas-abs\/","title":{"rendered":"Venda por grosso de bombas ABS"},"content":{"rendered":"\t\t<div data-elementor-type=\"wp-page\" data-elementor-id=\"814\" class=\"elementor elementor-814 elementor-275\">\n\t\t\t\t\t\t\t\t\t<section class=\"elementor-section elementor-top-section elementor-element elementor-element-3956b66 elementor-section-content-middle elementor-section-stretched elementor-section-boxed elementor-section-height-default elementor-section-height-default\" data-id=\"3956b66\" data-element_type=\"section\" data-settings=\"{&quot;stretch_section&quot;:&quot;section-stretched&quot;,&quot;background_background&quot;:&quot;classic&quot;}\">\n\t\t\t\t\t\t\t<div class=\"elementor-background-overlay\"><\/div>\n\t\t\t\t\t\t\t<div class=\"elementor-container elementor-column-gap-default\">\n\t\t\t\t\t<div class=\"elementor-column elementor-col-100 elementor-top-column elementor-element elementor-element-0801306\" data-id=\"0801306\" data-element_type=\"column\">\n\t\t\t<div class=\"elementor-widget-wrap elementor-element-populated\">\n\t\t\t\t\t\t\t\t<div class=\"elementor-element elementor-element-e6753ba elementor-widget elementor-widget-heading\" data-id=\"e6753ba\" data-element_type=\"widget\" data-widget_type=\"heading.default\">\n\t\t\t\t<div class=\"elementor-widget-container\">\n\t\t\t<style>\/*! elementor - v3.7.0 - 08-08-2022 *\/\n.elementor-heading-title{padding:0;margin:0;line-height:1}.elementor-widget-heading .elementor-heading-title[class*=elementor-size-]>a{color:inherit;font-size:inherit;line-height:inherit}.elementor-widget-heading .elementor-heading-title.elementor-size-small{font-size:15px}.elementor-widget-heading .elementor-heading-title.elementor-size-medium{font-size:19px}.elementor-widget-heading .elementor-heading-title.elementor-size-large{font-size:29px}.elementor-widget-heading .elementor-heading-title.elementor-size-xl{font-size:39px}.elementor-widget-heading .elementor-heading-title.elementor-size-xxl{font-size:59px}<\/style><h1 class=\"elementor-heading-title elementor-size-default\">Venda por grosso de bombas ABS<\/h1>\t\t<\/div>\n\t\t\t\t<\/div>\n\t\t\t\t\t<\/div>\n\t\t<\/div>\n\t\t\t\t\t\t\t<\/div>\n\t\t<\/section>\n\t\t\t\t<section class=\"elementor-section elementor-top-section elementor-element elementor-element-32b80cc elementor-section-content-middle elementor-section-boxed elementor-section-height-default elementor-section-height-default\" data-id=\"32b80cc\" data-element_type=\"section\">\n\t\t\t\t\t\t<div class=\"elementor-container elementor-column-gap-default\">\n\t\t\t\t\t<div class=\"elementor-column elementor-col-50 elementor-top-column elementor-element elementor-element-debedcb\" data-id=\"debedcb\" data-element_type=\"column\">\n\t\t\t<div class=\"elementor-widget-wrap elementor-element-populated\">\n\t\t\t\t\t\t\t\t<div class=\"elementor-element elementor-element-027821d elementor-widget elementor-widget-text-editor\" data-id=\"027821d\" data-element_type=\"widget\" data-widget_type=\"text-editor.default\">\n\t\t\t\t<div class=\"elementor-widget-container\">\n\t\t\t<style>\/*! elementor - v3.7.0 - 08-08-2022 *\/\n.elementor-widget-text-editor.elementor-drop-cap-view-stacked .elementor-drop-cap{background-color:#818a91;color:#fff}.elementor-widget-text-editor.elementor-drop-cap-view-framed .elementor-drop-cap{color:#818a91;border:3px solid;background-color:transparent}.elementor-widget-text-editor:not(.elementor-drop-cap-view-default) .elementor-drop-cap{margin-top:8px}.elementor-widget-text-editor:not(.elementor-drop-cap-view-default) .elementor-drop-cap-letter{width:1em;height:1em}.elementor-widget-text-editor .elementor-drop-cap{float:left;text-align:center;line-height:1;font-size:50px}.elementor-widget-text-editor .elementor-drop-cap-letter{display:inline-block}<\/style>\t\t\t\t<h2>Precisa de bombas ABS usadas?<\/h2>\n<p><strong>Fornecemos bombas ABS apenas em embalagens coletivas.<\/strong><\/p>\n\t\t\t\t\t\t<\/div>\n\t\t\t\t<\/div>\n\t\t\t\t\t<\/div>\n\t\t<\/div>\n\t\t\t\t<div class=\"elementor-column elementor-col-50 elementor-top-column elementor-element elementor-element-a45efaf\" data-id=\"a45efaf\" data-element_type=\"column\">\n\t\t\t<div class=\"elementor-widget-wrap elementor-element-populated\">\n\t\t\t\t\t\t\t\t<div class=\"elementor-element elementor-element-c4e97cc elementor-widget elementor-widget-image\" data-id=\"c4e97cc\" data-element_type=\"widget\" data-widget_type=\"image.default\">\n\t\t\t\t<div class=\"elementor-widget-container\">\n\t\t\t<style>\/*! elementor - v3.7.0 - 08-08-2022 *\/\n.elementor-widget-image{text-align:center}.elementor-widget-image a{display:inline-block}.elementor-widget-image a img[src$=\".svg\"]{width:48px}.elementor-widget-image img{vertical-align:middle;display:inline-block}<\/style>\t\t\t\t\t\t\t\t\t\t\t\t<img decoding=\"async\" width=\"1024\" height=\"768\" src=\"http:\/\/parts-export24.com\/wp-content\/uploads\/2022\/07\/parts-export3-1024x768.jpg\" class=\"attachment-large size-large\" alt=\"\" srcset=\"http:\/\/parts-export24.com\/wp-content\/uploads\/2022\/07\/parts-export3-1024x768.jpg 1024w, http:\/\/parts-export24.com\/wp-content\/uploads\/2022\/07\/parts-export3-300x225.jpg 300w, http:\/\/parts-export24.com\/wp-content\/uploads\/2022\/07\/parts-export3-768x576.jpg 768w, http:\/\/parts-export24.com\/wp-content\/uploads\/2022\/07\/parts-export3-1536x1152.jpg 1536w, http:\/\/parts-export24.com\/wp-content\/uploads\/2022\/07\/parts-export3.jpg 1600w\" sizes=\"(max-width: 1024px) 100vw, 1024px\" \/>\t\t\t\t\t\t\t\t\t\t\t\t\t\t\t<\/div>\n\t\t\t\t<\/div>\n\t\t\t\t\t<\/div>\n\t\t<\/div>\n\t\t\t\t\t\t\t<\/div>\n\t\t<\/section>\n\t\t\t\t<section class=\"elementor-section elementor-top-section elementor-element elementor-element-a0eba57 elementor-section-boxed elementor-section-height-default elementor-section-height-default\" data-id=\"a0eba57\" data-element_type=\"section\">\n\t\t\t\t\t\t<div class=\"elementor-container elementor-column-gap-default\">\n\t\t\t\t\t<div class=\"elementor-column elementor-col-100 elementor-top-column elementor-element elementor-element-1323c8d\" data-id=\"1323c8d\" data-element_type=\"column\">\n\t\t\t<div class=\"elementor-widget-wrap elementor-element-populated\">\n\t\t\t\t\t\t\t\t<div class=\"elementor-element elementor-element-c909d6b elementor-widget elementor-widget-text-editor\" data-id=\"c909d6b\" data-element_type=\"widget\" data-widget_type=\"text-editor.default\">\n\t\t\t\t<div class=\"elementor-widget-container\">\n\t\t\t\t\t\t\t<h2>Venda por grosso de bombas ABS <\/h2>\n<p>As modernas bombas de ABS para autom\u00f3veis s\u00e3o muito mais do que uma simples bomba; s\u00e3o um sistema de controle de ABS muito complexo e autossuficiente que, ao longo dos anos, foi continuamente condensado numa \u00fanica pequena unidade. Nos prim\u00f3rdios da exist\u00eancia do ABS, os principais componentes necess\u00e1rios para o funcionamento do ABS (sistema de preven\u00e7\u00e3o de bloqueio das rodas durante a travagem) estavam distribu\u00eddos pelo ve\u00edculo, com a bomba de ABS para pr\u00e9-carregamento localizada algures perto do assistente de travagem, com uma unidade hidr\u00e1ulica ABS anexada perto da bomba de trav\u00e3o e um m\u00f3dulo de ABS situado algures dentro do compartimento dos passageiros (normalmente debaixo do assento ou atr\u00e1s da soleira da porta).<\/p>\n<p>Descobriu-se que esta \u00e9 uma configura\u00e7\u00e3o bastante problem\u00e1tica com elementos do mesmo sistema colocados em diferentes \u00e1reas do ve\u00edculo, requerendo tamb\u00e9m um conjunto de cabos significativamente maior para a sua conex\u00e3o. No entanto, a fim de economizar massa, espa\u00e7o e aumentar a efici\u00eancia dos ve\u00edculos, as modernas unidades ABS s\u00e3o uma unidade de sistema combinada, frequentemente chamada simplesmente de bomba ABS, mas que na realidade consiste em 3 componentes principais&#8230;<br \/>A bomba ABS \u00e9 uma parte essencial de muitos sistemas de travagem modernos. <\/p>\n<h2>Qual \u00e9 o prop\u00f3sito da bomba ABS?<\/h2>\n<p>A bomba ABS \u00e9 um elemento de seguran\u00e7a que pode ser encontrado na maioria dos ve\u00edculos, como parte do sistema de travagem anti-bloqueio (ABS). Todo o sistema foi inteligentemente projetado para evitar o perigoso bloqueio dos trav\u00f5es em situa\u00e7\u00f5es de travagem abrupta, prevenindo derrapagens, aquaplanagem e perda de ader\u00eancia. Isto \u00e9 especialmente importante em terrenos dif\u00edceis e lamacentos, bem como em condi\u00e7\u00f5es meteorol\u00f3gicas adversas, como estradas geladas ou chuvas torrenciais, ajudando o condutor a manter o controle total do ve\u00edculo.<\/p>\n\t\t\t\t\t\t<\/div>\n\t\t\t\t<\/div>\n\t\t\t\t<div class=\"elementor-element elementor-element-3b720e7 elementor-widget elementor-widget-toggle\" data-id=\"3b720e7\" data-element_type=\"widget\" data-widget_type=\"toggle.default\">\n\t\t\t\t<div class=\"elementor-widget-container\">\n\t\t\t<style>\/*! elementor - v3.7.0 - 08-08-2022 *\/\n.elementor-toggle{text-align:left}.elementor-toggle .elementor-tab-title{font-weight:700;line-height:1;margin:0;padding:15px;border-bottom:1px solid #d4d4d4;cursor:pointer;outline:none}.elementor-toggle .elementor-tab-title .elementor-toggle-icon{display:inline-block;width:1em}.elementor-toggle .elementor-tab-title .elementor-toggle-icon svg{-webkit-margin-start:-5px;margin-inline-start:-5px;width:1em;height:1em}.elementor-toggle .elementor-tab-title .elementor-toggle-icon.elementor-toggle-icon-right{float:right;text-align:right}.elementor-toggle .elementor-tab-title .elementor-toggle-icon.elementor-toggle-icon-left{float:left;text-align:left}.elementor-toggle .elementor-tab-title .elementor-toggle-icon .elementor-toggle-icon-closed{display:block}.elementor-toggle .elementor-tab-title .elementor-toggle-icon .elementor-toggle-icon-opened{display:none}.elementor-toggle .elementor-tab-title.elementor-active{border-bottom:none}.elementor-toggle .elementor-tab-title.elementor-active .elementor-toggle-icon-closed{display:none}.elementor-toggle .elementor-tab-title.elementor-active .elementor-toggle-icon-opened{display:block}.elementor-toggle .elementor-tab-content{padding:15px;border-bottom:1px solid #d4d4d4;display:none}@media (max-width:767px){.elementor-toggle .elementor-tab-title{padding:12px}.elementor-toggle .elementor-tab-content{padding:12px 10px}}.e-container>.elementor-widget-toggle{width:var(--container-widget-width,100%)}<\/style>\t\t<div class=\"elementor-toggle\" role=\"tablist\">\n\t\t\t\t\t\t\t<div class=\"elementor-toggle-item\">\n\t\t\t\t\t<div id=\"elementor-tab-title-6231\" class=\"elementor-tab-title\" data-tab=\"1\" role=\"tab\" aria-controls=\"elementor-tab-content-6231\" aria-expanded=\"false\">\n\t\t\t\t\t\t\t\t\t\t\t\t<span class=\"elementor-toggle-icon elementor-toggle-icon-right\" aria-hidden=\"true\">\n\t\t\t\t\t\t\t\t\t\t\t\t\t\t\t<span class=\"elementor-toggle-icon-closed\"><i class=\"fas fa-caret-right\"><\/i><\/span>\n\t\t\t\t\t\t\t\t<span class=\"elementor-toggle-icon-opened\"><i class=\"elementor-toggle-icon-opened fas fa-caret-up\"><\/i><\/span>\n\t\t\t\t\t\t\t\t\t\t\t\t\t<\/span>\n\t\t\t\t\t\t\t\t\t\t\t\t<a href=\"\" class=\"elementor-toggle-title\">Mais<\/a>\n\t\t\t\t\t<\/div>\n\n\t\t\t\t\t<div id=\"elementor-tab-content-6231\" class=\"elementor-tab-content elementor-clearfix\" data-tab=\"1\" role=\"tabpanel\" aria-labelledby=\"elementor-tab-title-6231\"><p>Na Parts Export, temos uma ampla gama de pe\u00e7as ABS para o seu carro. Os nossos substitutos de OEM originais e pe\u00e7as de substitui\u00e7\u00e3o de qualidade superior est\u00e3o dispon\u00edveis a pre\u00e7os de grosso. As bombas ABS que vendemos s\u00e3o dur\u00e1veis e foram testadas para cumprir com os padr\u00f5es.<\/p>\n<p><strong>Fornecemos ECU em grande escala em pacotes coletivos.<\/strong><\/p>\n<\/div>\n\t\t\t\t<\/div>\n\t\t\t\t\t\t\t\t<\/div>\n\t\t\t\t<\/div>\n\t\t\t\t<\/div>\n\t\t\t\t\t<\/div>\n\t\t<\/div>\n\t\t\t\t\t\t\t<\/div>\n\t\t<\/section>\n\t\t\t\t\t\t\t<\/div>\n\t\t","protected":false},"excerpt":{"rendered":"<p>Venda por grosso de bombas ABS Precisa de bombas ABS usadas? Fornecemos bombas ABS apenas em embalagens coletivas. Venda por grosso de bombas ABS As modernas bombas de ABS para autom\u00f3veis s\u00e3o muito mais do que uma simples bomba; s\u00e3o um sistema de controle de ABS muito complexo e autossuficiente que, ao longo dos anos, [&hellip;]<\/p>\n","protected":false},"author":1,"featured_media":0,"parent":758,"menu_order":0,"comment_status":"closed","ping_status":"closed","template":"","meta":{"inline_featured_image":false,"footnotes":""},"class_list":["post-814","page","type-page","status-publish","hentry"],"yoast_head":"<!-- This site is optimized with the Yoast SEO plugin v19.5.1 - https:\/\/yoast.com\/wordpress\/plugins\/seo\/ -->\n<title>Venda por grosso de bombas ABS - Parts Export<\/title>\n<meta name=\"robots\" content=\"index, follow, max-snippet:-1, max-image-preview:large, max-video-preview:-1\" \/>\n<link rel=\"canonical\" href=\"http:\/\/parts-export24.com\/pt-pt\/oferta\/venda-por-grosso-de-bombas-abs\/\" \/>\n<meta property=\"og:locale\" content=\"pt_PT\" \/>\n<meta property=\"og:type\" content=\"article\" \/>\n<meta property=\"og:title\" content=\"Venda por grosso de bombas ABS - Parts Export\" \/>\n<meta property=\"og:description\" content=\"Venda por grosso de bombas ABS Precisa de bombas ABS usadas? Fornecemos bombas ABS apenas em embalagens coletivas. Venda por grosso de bombas ABS As modernas bombas de ABS para autom\u00f3veis s\u00e3o muito mais do que uma simples bomba; s\u00e3o um sistema de controle de ABS muito complexo e autossuficiente que, ao longo dos anos, [&hellip;]\" \/>\n<meta property=\"og:url\" content=\"http:\/\/parts-export24.com\/pt-pt\/oferta\/venda-por-grosso-de-bombas-abs\/\" \/>\n<meta property=\"og:site_name\" content=\"Parts Export\" \/>\n<meta property=\"article:modified_time\" content=\"2024-03-15T10:04:20+00:00\" \/>\n<meta property=\"og:image\" content=\"http:\/\/parts-export24.com\/wp-content\/uploads\/2022\/07\/parts-export3-1024x768.jpg\" \/>\n<meta name=\"twitter:card\" content=\"summary_large_image\" \/>\n<meta name=\"twitter:label1\" content=\"Tempo estimado de leitura\" \/>\n\t<meta name=\"twitter:data1\" content=\"2 minutos\" \/>\n<script type=\"application\/ld+json\" class=\"yoast-schema-graph\">{\"@context\":\"https:\/\/schema.org\",\"@graph\":[{\"@type\":\"WebPage\",\"@id\":\"http:\/\/parts-export24.com\/pt-pt\/oferta\/venda-por-grosso-de-bombas-abs\/\",\"url\":\"http:\/\/parts-export24.com\/pt-pt\/oferta\/venda-por-grosso-de-bombas-abs\/\",\"name\":\"Venda por grosso de bombas ABS - Parts Export\",\"isPartOf\":{\"@id\":\"https:\/\/parts-export24.com\/pt-pt\/#website\"},\"datePublished\":\"2022-07-30T11:04:50+00:00\",\"dateModified\":\"2024-03-15T10:04:20+00:00\",\"breadcrumb\":{\"@id\":\"http:\/\/parts-export24.com\/pt-pt\/oferta\/venda-por-grosso-de-bombas-abs\/#breadcrumb\"},\"inLanguage\":\"pt-PT\",\"potentialAction\":[{\"@type\":\"ReadAction\",\"target\":[\"http:\/\/parts-export24.com\/pt-pt\/oferta\/venda-por-grosso-de-bombas-abs\/\"]}]},{\"@type\":\"BreadcrumbList\",\"@id\":\"http:\/\/parts-export24.com\/pt-pt\/oferta\/venda-por-grosso-de-bombas-abs\/#breadcrumb\",\"itemListElement\":[{\"@type\":\"ListItem\",\"position\":1,\"name\":\"Home\",\"item\":\"http:\/\/parts-export24.com\/pt-pt\/\"},{\"@type\":\"ListItem\",\"position\":2,\"name\":\"Oferta\",\"item\":\"http:\/\/parts-export24.com\/pt-pt\/oferta\/\"},{\"@type\":\"ListItem\",\"position\":3,\"name\":\"Venda por grosso de bombas ABS\"}]},{\"@type\":\"WebSite\",\"@id\":\"https:\/\/parts-export24.com\/pt-pt\/#website\",\"url\":\"https:\/\/parts-export24.com\/pt-pt\/\",\"name\":\"Parts Export\",\"description\":\"Wholesale of engines and car parts\",\"publisher\":{\"@id\":\"https:\/\/parts-export24.com\/pt-pt\/#organization\"},\"potentialAction\":[{\"@type\":\"SearchAction\",\"target\":{\"@type\":\"EntryPoint\",\"urlTemplate\":\"https:\/\/parts-export24.com\/pt-pt\/?s={search_term_string}\"},\"query-input\":\"required name=search_term_string\"}],\"inLanguage\":\"pt-PT\"},{\"@type\":\"Organization\",\"@id\":\"https:\/\/parts-export24.com\/pt-pt\/#organization\",\"name\":\"Parts Export\",\"url\":\"https:\/\/parts-export24.com\/pt-pt\/\",\"sameAs\":[],\"logo\":{\"@type\":\"ImageObject\",\"inLanguage\":\"pt-PT\",\"@id\":\"https:\/\/parts-export24.com\/pt-pt\/#\/schema\/logo\/image\/\",\"url\":\"http:\/\/parts-export24.com\/wp-content\/uploads\/2022\/07\/Parts-Export-logo.svg\",\"contentUrl\":\"http:\/\/parts-export24.com\/wp-content\/uploads\/2022\/07\/Parts-Export-logo.svg\",\"width\":469,\"height\":115,\"caption\":\"Parts Export\"},\"image\":{\"@id\":\"https:\/\/parts-export24.com\/pt-pt\/#\/schema\/logo\/image\/\"}}]}<\/script>\n<!-- \/ Yoast SEO plugin. -->","yoast_head_json":{"title":"Venda por grosso de bombas ABS - Parts Export","robots":{"index":"index","follow":"follow","max-snippet":"max-snippet:-1","max-image-preview":"max-image-preview:large","max-video-preview":"max-video-preview:-1"},"canonical":"http:\/\/parts-export24.com\/pt-pt\/oferta\/venda-por-grosso-de-bombas-abs\/","og_locale":"pt_PT","og_type":"article","og_title":"Venda por grosso de bombas ABS - Parts Export","og_description":"Venda por grosso de bombas ABS Precisa de bombas ABS usadas? Fornecemos bombas ABS apenas em embalagens coletivas. Venda por grosso de bombas ABS As modernas bombas de ABS para autom\u00f3veis s\u00e3o muito mais do que uma simples bomba; s\u00e3o um sistema de controle de ABS muito complexo e autossuficiente que, ao longo dos anos, [&hellip;]","og_url":"http:\/\/parts-export24.com\/pt-pt\/oferta\/venda-por-grosso-de-bombas-abs\/","og_site_name":"Parts Export","article_modified_time":"2024-03-15T10:04:20+00:00","og_image":[{"url":"http:\/\/parts-export24.com\/wp-content\/uploads\/2022\/07\/parts-export3-1024x768.jpg"}],"twitter_card":"summary_large_image","twitter_misc":{"Tempo estimado de leitura":"2 minutos"},"schema":{"@context":"https:\/\/schema.org","@graph":[{"@type":"WebPage","@id":"http:\/\/parts-export24.com\/pt-pt\/oferta\/venda-por-grosso-de-bombas-abs\/","url":"http:\/\/parts-export24.com\/pt-pt\/oferta\/venda-por-grosso-de-bombas-abs\/","name":"Venda por grosso de bombas ABS - Parts Export","isPartOf":{"@id":"https:\/\/parts-export24.com\/pt-pt\/#website"},"datePublished":"2022-07-30T11:04:50+00:00","dateModified":"2024-03-15T10:04:20+00:00","breadcrumb":{"@id":"http:\/\/parts-export24.com\/pt-pt\/oferta\/venda-por-grosso-de-bombas-abs\/#breadcrumb"},"inLanguage":"pt-PT","potentialAction":[{"@type":"ReadAction","target":["http:\/\/parts-export24.com\/pt-pt\/oferta\/venda-por-grosso-de-bombas-abs\/"]}]},{"@type":"BreadcrumbList","@id":"http:\/\/parts-export24.com\/pt-pt\/oferta\/venda-por-grosso-de-bombas-abs\/#breadcrumb","itemListElement":[{"@type":"ListItem","position":1,"name":"Home","item":"http:\/\/parts-export24.com\/pt-pt\/"},{"@type":"ListItem","position":2,"name":"Oferta","item":"http:\/\/parts-export24.com\/pt-pt\/oferta\/"},{"@type":"ListItem","position":3,"name":"Venda por grosso de bombas ABS"}]},{"@type":"WebSite","@id":"https:\/\/parts-export24.com\/pt-pt\/#website","url":"https:\/\/parts-export24.com\/pt-pt\/","name":"Parts Export","description":"Wholesale of engines and car parts","publisher":{"@id":"https:\/\/parts-export24.com\/pt-pt\/#organization"},"potentialAction":[{"@type":"SearchAction","target":{"@type":"EntryPoint","urlTemplate":"https:\/\/parts-export24.com\/pt-pt\/?s={search_term_string}"},"query-input":"required name=search_term_string"}],"inLanguage":"pt-PT"},{"@type":"Organization","@id":"https:\/\/parts-export24.com\/pt-pt\/#organization","name":"Parts Export","url":"https:\/\/parts-export24.com\/pt-pt\/","sameAs":[],"logo":{"@type":"ImageObject","inLanguage":"pt-PT","@id":"https:\/\/parts-export24.com\/pt-pt\/#\/schema\/logo\/image\/","url":"http:\/\/parts-export24.com\/wp-content\/uploads\/2022\/07\/Parts-Export-logo.svg","contentUrl":"http:\/\/parts-export24.com\/wp-content\/uploads\/2022\/07\/Parts-Export-logo.svg","width":469,"height":115,"caption":"Parts Export"},"image":{"@id":"https:\/\/parts-export24.com\/pt-pt\/#\/schema\/logo\/image\/"}}]}},"_links":{"self":[{"href":"http:\/\/parts-export24.com\/pt-pt\/wp-json\/wp\/v2\/pages\/814","targetHints":{"allow":["GET"]}}],"collection":[{"href":"http:\/\/parts-export24.com\/pt-pt\/wp-json\/wp\/v2\/pages"}],"about":[{"href":"http:\/\/parts-export24.com\/pt-pt\/wp-json\/wp\/v2\/types\/page"}],"author":[{"embeddable":true,"href":"http:\/\/parts-export24.com\/pt-pt\/wp-json\/wp\/v2\/users\/1"}],"replies":[{"embeddable":true,"href":"http:\/\/parts-export24.com\/pt-pt\/wp-json\/wp\/v2\/comments?post=814"}],"version-history":[{"count":1,"href":"http:\/\/parts-export24.com\/pt-pt\/wp-json\/wp\/v2\/pages\/814\/revisions"}],"predecessor-version":[{"id":816,"href":"http:\/\/parts-export24.com\/pt-pt\/wp-json\/wp\/v2\/pages\/814\/revisions\/816"}],"up":[{"embeddable":true,"href":"http:\/\/parts-export24.com\/pt-pt\/wp-json\/wp\/v2\/pages\/758"}],"wp:attachment":[{"href":"http:\/\/parts-export24.com\/pt-pt\/wp-json\/wp\/v2\/media?parent=814"}],"curies":[{"name":"wp","href":"https:\/\/api.w.org\/{rel}","templated":true}]}}