{"id":813,"date":"2022-07-30T12:03:27","date_gmt":"2022-07-30T11:03:27","guid":{"rendered":"http:\/\/parts-export24.com\/oferta\/venda-por-grosso-de-controladores\/"},"modified":"2024-03-15T10:04:20","modified_gmt":"2024-03-15T10:04:20","slug":"venda-por-grosso-de-controladores","status":"publish","type":"page","link":"http:\/\/parts-export24.com\/pt-pt\/oferta\/venda-por-grosso-de-controladores\/","title":{"rendered":"Venda por grosso de controladores"},"content":{"rendered":"\t\t<div data-elementor-type=\"wp-page\" data-elementor-id=\"813\" class=\"elementor elementor-813 elementor-270\">\n\t\t\t\t\t\t\t\t\t<section class=\"elementor-section elementor-top-section elementor-element elementor-element-f3814eb elementor-section-content-middle elementor-section-stretched elementor-section-boxed elementor-section-height-default elementor-section-height-default\" data-id=\"f3814eb\" data-element_type=\"section\" data-settings=\"{&quot;stretch_section&quot;:&quot;section-stretched&quot;,&quot;background_background&quot;:&quot;classic&quot;}\">\n\t\t\t\t\t\t\t<div class=\"elementor-background-overlay\"><\/div>\n\t\t\t\t\t\t\t<div class=\"elementor-container elementor-column-gap-default\">\n\t\t\t\t\t<div class=\"elementor-column elementor-col-100 elementor-top-column elementor-element elementor-element-c0c5aa9\" data-id=\"c0c5aa9\" data-element_type=\"column\">\n\t\t\t<div class=\"elementor-widget-wrap elementor-element-populated\">\n\t\t\t\t\t\t\t\t<div class=\"elementor-element elementor-element-9b84775 elementor-widget elementor-widget-heading\" data-id=\"9b84775\" data-element_type=\"widget\" data-widget_type=\"heading.default\">\n\t\t\t\t<div class=\"elementor-widget-container\">\n\t\t\t<style>\/*! elementor - v3.7.0 - 08-08-2022 *\/\n.elementor-heading-title{padding:0;margin:0;line-height:1}.elementor-widget-heading .elementor-heading-title[class*=elementor-size-]>a{color:inherit;font-size:inherit;line-height:inherit}.elementor-widget-heading .elementor-heading-title.elementor-size-small{font-size:15px}.elementor-widget-heading .elementor-heading-title.elementor-size-medium{font-size:19px}.elementor-widget-heading .elementor-heading-title.elementor-size-large{font-size:29px}.elementor-widget-heading .elementor-heading-title.elementor-size-xl{font-size:39px}.elementor-widget-heading .elementor-heading-title.elementor-size-xxl{font-size:59px}<\/style><h1 class=\"elementor-heading-title elementor-size-default\">Venda por grosso de controladores<\/h1>\t\t<\/div>\n\t\t\t\t<\/div>\n\t\t\t\t\t<\/div>\n\t\t<\/div>\n\t\t\t\t\t\t\t<\/div>\n\t\t<\/section>\n\t\t\t\t<section class=\"elementor-section elementor-top-section elementor-element elementor-element-7a62465 elementor-section-content-middle elementor-section-boxed elementor-section-height-default elementor-section-height-default\" data-id=\"7a62465\" data-element_type=\"section\">\n\t\t\t\t\t\t<div class=\"elementor-container elementor-column-gap-default\">\n\t\t\t\t\t<div class=\"elementor-column elementor-col-50 elementor-top-column elementor-element elementor-element-afdbc83\" data-id=\"afdbc83\" data-element_type=\"column\">\n\t\t\t<div class=\"elementor-widget-wrap elementor-element-populated\">\n\t\t\t\t\t\t\t\t<div class=\"elementor-element elementor-element-314735c elementor-widget elementor-widget-text-editor\" data-id=\"314735c\" data-element_type=\"widget\" data-widget_type=\"text-editor.default\">\n\t\t\t\t<div class=\"elementor-widget-container\">\n\t\t\t<style>\/*! elementor - v3.7.0 - 08-08-2022 *\/\n.elementor-widget-text-editor.elementor-drop-cap-view-stacked .elementor-drop-cap{background-color:#818a91;color:#fff}.elementor-widget-text-editor.elementor-drop-cap-view-framed .elementor-drop-cap{color:#818a91;border:3px solid;background-color:transparent}.elementor-widget-text-editor:not(.elementor-drop-cap-view-default) .elementor-drop-cap{margin-top:8px}.elementor-widget-text-editor:not(.elementor-drop-cap-view-default) .elementor-drop-cap-letter{width:1em;height:1em}.elementor-widget-text-editor .elementor-drop-cap{float:left;text-align:center;line-height:1;font-size:50px}.elementor-widget-text-editor .elementor-drop-cap-letter{display:inline-block}<\/style>\t\t\t\t<h2>Venda por grosso de pe\u00e7as de autom\u00f3veis \u2013 controladores<\/h2>\n<p>Temos grandes quantidades de controladores autom\u00f3veis usados. Venda exclusivamente em pacotes.<\/p>\n\t\t\t\t\t\t<\/div>\n\t\t\t\t<\/div>\n\t\t\t\t\t<\/div>\n\t\t<\/div>\n\t\t\t\t<div class=\"elementor-column elementor-col-50 elementor-top-column elementor-element elementor-element-1165751\" data-id=\"1165751\" data-element_type=\"column\">\n\t\t\t<div class=\"elementor-widget-wrap elementor-element-populated\">\n\t\t\t\t\t\t\t\t<div class=\"elementor-element elementor-element-064c584 elementor-widget elementor-widget-image\" data-id=\"064c584\" data-element_type=\"widget\" data-widget_type=\"image.default\">\n\t\t\t\t<div class=\"elementor-widget-container\">\n\t\t\t<style>\/*! elementor - v3.7.0 - 08-08-2022 *\/\n.elementor-widget-image{text-align:center}.elementor-widget-image a{display:inline-block}.elementor-widget-image a img[src$=\".svg\"]{width:48px}.elementor-widget-image img{vertical-align:middle;display:inline-block}<\/style>\t\t\t\t\t\t\t\t\t\t\t\t<img decoding=\"async\" width=\"1024\" height=\"576\" src=\"http:\/\/parts-export24.com\/wp-content\/uploads\/2022\/07\/parts-export5-1024x576.jpg\" class=\"attachment-large size-large\" alt=\"\" srcset=\"http:\/\/parts-export24.com\/wp-content\/uploads\/2022\/07\/parts-export5-1024x576.jpg 1024w, http:\/\/parts-export24.com\/wp-content\/uploads\/2022\/07\/parts-export5-300x169.jpg 300w, http:\/\/parts-export24.com\/wp-content\/uploads\/2022\/07\/parts-export5-768x432.jpg 768w, http:\/\/parts-export24.com\/wp-content\/uploads\/2022\/07\/parts-export5-1536x864.jpg 1536w, http:\/\/parts-export24.com\/wp-content\/uploads\/2022\/07\/parts-export5.jpg 1599w\" sizes=\"(max-width: 1024px) 100vw, 1024px\" \/>\t\t\t\t\t\t\t\t\t\t\t\t\t\t\t<\/div>\n\t\t\t\t<\/div>\n\t\t\t\t\t<\/div>\n\t\t<\/div>\n\t\t\t\t\t\t\t<\/div>\n\t\t<\/section>\n\t\t\t\t<section class=\"elementor-section elementor-top-section elementor-element elementor-element-84fbea4 elementor-section-boxed elementor-section-height-default elementor-section-height-default\" data-id=\"84fbea4\" data-element_type=\"section\">\n\t\t\t\t\t\t<div class=\"elementor-container elementor-column-gap-default\">\n\t\t\t\t\t<div class=\"elementor-column elementor-col-100 elementor-top-column elementor-element elementor-element-25460a0\" data-id=\"25460a0\" data-element_type=\"column\">\n\t\t\t<div class=\"elementor-widget-wrap elementor-element-populated\">\n\t\t\t\t\t\t\t\t<div class=\"elementor-element elementor-element-efc428f elementor-widget elementor-widget-text-editor\" data-id=\"efc428f\" data-element_type=\"widget\" data-widget_type=\"text-editor.default\">\n\t\t\t\t<div class=\"elementor-widget-container\">\n\t\t\t\t\t\t\t<p>Ao olhar para os esquemas de todas as partes el\u00e9tricas do seu carro, \u00e9 impressionante o n\u00famero de feixes e conectores que ligam quil\u00f3metros de cablagem do ve\u00edculo. Todos os componentes para um funcionamento adequado necessitam de controladores eletr\u00f3nicos que transmitem informa\u00e7\u00f5es. Como todas as pe\u00e7as eletr\u00f3nicas, s\u00e3o suscet\u00edveis a avarias e falhas. Se necessita de componentes de eletr\u00f3nica autom\u00f3vel, como controladores ou outros elementos, entre em contacto connosco.<\/p>\n\t\t\t\t\t\t<\/div>\n\t\t\t\t<\/div>\n\t\t\t\t\t<\/div>\n\t\t<\/div>\n\t\t\t\t\t\t\t<\/div>\n\t\t<\/section>\n\t\t\t\t\t\t\t<\/div>\n\t\t","protected":false},"excerpt":{"rendered":"<p>Venda por grosso de controladores Venda por grosso de pe\u00e7as de autom\u00f3veis \u2013 controladores Temos grandes quantidades de controladores autom\u00f3veis usados. Venda exclusivamente em pacotes. Ao olhar para os esquemas de todas as partes el\u00e9tricas do seu carro, \u00e9 impressionante o n\u00famero de feixes e conectores que ligam quil\u00f3metros de cablagem do ve\u00edculo. Todos os [&hellip;]<\/p>\n","protected":false},"author":1,"featured_media":0,"parent":758,"menu_order":0,"comment_status":"closed","ping_status":"closed","template":"","meta":{"inline_featured_image":false,"footnotes":""},"class_list":["post-813","page","type-page","status-publish","hentry"],"yoast_head":"<!-- This site is optimized with the Yoast SEO plugin v19.5.1 - https:\/\/yoast.com\/wordpress\/plugins\/seo\/ -->\n<title>Venda por grosso de controladores - Parts Export<\/title>\n<meta name=\"robots\" content=\"index, follow, max-snippet:-1, max-image-preview:large, max-video-preview:-1\" \/>\n<link rel=\"canonical\" href=\"http:\/\/parts-export24.com\/pt-pt\/oferta\/venda-por-grosso-de-controladores\/\" \/>\n<meta property=\"og:locale\" content=\"pt_PT\" \/>\n<meta property=\"og:type\" content=\"article\" \/>\n<meta property=\"og:title\" content=\"Venda por grosso de controladores - Parts Export\" \/>\n<meta property=\"og:description\" content=\"Venda por grosso de controladores Venda por grosso de pe\u00e7as de autom\u00f3veis \u2013 controladores Temos grandes quantidades de controladores autom\u00f3veis usados. Venda exclusivamente em pacotes. Ao olhar para os esquemas de todas as partes el\u00e9tricas do seu carro, \u00e9 impressionante o n\u00famero de feixes e conectores que ligam quil\u00f3metros de cablagem do ve\u00edculo. Todos os [&hellip;]\" \/>\n<meta property=\"og:url\" content=\"http:\/\/parts-export24.com\/pt-pt\/oferta\/venda-por-grosso-de-controladores\/\" \/>\n<meta property=\"og:site_name\" content=\"Parts Export\" \/>\n<meta property=\"article:modified_time\" content=\"2024-03-15T10:04:20+00:00\" \/>\n<meta property=\"og:image\" content=\"http:\/\/parts-export24.com\/wp-content\/uploads\/2022\/07\/parts-export5-1024x576.jpg\" \/>\n<meta name=\"twitter:card\" content=\"summary_large_image\" \/>\n<meta name=\"twitter:label1\" content=\"Tempo estimado de leitura\" \/>\n\t<meta name=\"twitter:data1\" content=\"1 minuto\" \/>\n<script type=\"application\/ld+json\" class=\"yoast-schema-graph\">{\"@context\":\"https:\/\/schema.org\",\"@graph\":[{\"@type\":\"WebPage\",\"@id\":\"http:\/\/parts-export24.com\/pt-pt\/oferta\/venda-por-grosso-de-controladores\/\",\"url\":\"http:\/\/parts-export24.com\/pt-pt\/oferta\/venda-por-grosso-de-controladores\/\",\"name\":\"Venda por grosso de controladores - Parts Export\",\"isPartOf\":{\"@id\":\"http:\/\/parts-export24.com\/pt-pt\/#website\"},\"datePublished\":\"2022-07-30T11:03:27+00:00\",\"dateModified\":\"2024-03-15T10:04:20+00:00\",\"breadcrumb\":{\"@id\":\"http:\/\/parts-export24.com\/pt-pt\/oferta\/venda-por-grosso-de-controladores\/#breadcrumb\"},\"inLanguage\":\"pt-PT\",\"potentialAction\":[{\"@type\":\"ReadAction\",\"target\":[\"http:\/\/parts-export24.com\/pt-pt\/oferta\/venda-por-grosso-de-controladores\/\"]}]},{\"@type\":\"BreadcrumbList\",\"@id\":\"http:\/\/parts-export24.com\/pt-pt\/oferta\/venda-por-grosso-de-controladores\/#breadcrumb\",\"itemListElement\":[{\"@type\":\"ListItem\",\"position\":1,\"name\":\"Home\",\"item\":\"http:\/\/parts-export24.com\/pt-pt\/\"},{\"@type\":\"ListItem\",\"position\":2,\"name\":\"Oferta\",\"item\":\"http:\/\/parts-export24.com\/pt-pt\/oferta\/\"},{\"@type\":\"ListItem\",\"position\":3,\"name\":\"Venda por grosso de controladores\"}]},{\"@type\":\"WebSite\",\"@id\":\"http:\/\/parts-export24.com\/pt-pt\/#website\",\"url\":\"http:\/\/parts-export24.com\/pt-pt\/\",\"name\":\"Parts Export\",\"description\":\"Wholesale of engines and car parts\",\"publisher\":{\"@id\":\"http:\/\/parts-export24.com\/pt-pt\/#organization\"},\"potentialAction\":[{\"@type\":\"SearchAction\",\"target\":{\"@type\":\"EntryPoint\",\"urlTemplate\":\"http:\/\/parts-export24.com\/pt-pt\/?s={search_term_string}\"},\"query-input\":\"required name=search_term_string\"}],\"inLanguage\":\"pt-PT\"},{\"@type\":\"Organization\",\"@id\":\"http:\/\/parts-export24.com\/pt-pt\/#organization\",\"name\":\"Parts Export\",\"url\":\"http:\/\/parts-export24.com\/pt-pt\/\",\"sameAs\":[],\"logo\":{\"@type\":\"ImageObject\",\"inLanguage\":\"pt-PT\",\"@id\":\"http:\/\/parts-export24.com\/pt-pt\/#\/schema\/logo\/image\/\",\"url\":\"http:\/\/parts-export24.com\/wp-content\/uploads\/2022\/07\/Parts-Export-logo.svg\",\"contentUrl\":\"http:\/\/parts-export24.com\/wp-content\/uploads\/2022\/07\/Parts-Export-logo.svg\",\"width\":469,\"height\":115,\"caption\":\"Parts Export\"},\"image\":{\"@id\":\"http:\/\/parts-export24.com\/pt-pt\/#\/schema\/logo\/image\/\"}}]}<\/script>\n<!-- \/ Yoast SEO plugin. -->","yoast_head_json":{"title":"Venda por grosso de controladores - Parts Export","robots":{"index":"index","follow":"follow","max-snippet":"max-snippet:-1","max-image-preview":"max-image-preview:large","max-video-preview":"max-video-preview:-1"},"canonical":"http:\/\/parts-export24.com\/pt-pt\/oferta\/venda-por-grosso-de-controladores\/","og_locale":"pt_PT","og_type":"article","og_title":"Venda por grosso de controladores - Parts Export","og_description":"Venda por grosso de controladores Venda por grosso de pe\u00e7as de autom\u00f3veis \u2013 controladores Temos grandes quantidades de controladores autom\u00f3veis usados. Venda exclusivamente em pacotes. Ao olhar para os esquemas de todas as partes el\u00e9tricas do seu carro, \u00e9 impressionante o n\u00famero de feixes e conectores que ligam quil\u00f3metros de cablagem do ve\u00edculo. Todos os [&hellip;]","og_url":"http:\/\/parts-export24.com\/pt-pt\/oferta\/venda-por-grosso-de-controladores\/","og_site_name":"Parts Export","article_modified_time":"2024-03-15T10:04:20+00:00","og_image":[{"url":"http:\/\/parts-export24.com\/wp-content\/uploads\/2022\/07\/parts-export5-1024x576.jpg"}],"twitter_card":"summary_large_image","twitter_misc":{"Tempo estimado de leitura":"1 minuto"},"schema":{"@context":"https:\/\/schema.org","@graph":[{"@type":"WebPage","@id":"http:\/\/parts-export24.com\/pt-pt\/oferta\/venda-por-grosso-de-controladores\/","url":"http:\/\/parts-export24.com\/pt-pt\/oferta\/venda-por-grosso-de-controladores\/","name":"Venda por grosso de controladores - Parts Export","isPartOf":{"@id":"http:\/\/parts-export24.com\/pt-pt\/#website"},"datePublished":"2022-07-30T11:03:27+00:00","dateModified":"2024-03-15T10:04:20+00:00","breadcrumb":{"@id":"http:\/\/parts-export24.com\/pt-pt\/oferta\/venda-por-grosso-de-controladores\/#breadcrumb"},"inLanguage":"pt-PT","potentialAction":[{"@type":"ReadAction","target":["http:\/\/parts-export24.com\/pt-pt\/oferta\/venda-por-grosso-de-controladores\/"]}]},{"@type":"BreadcrumbList","@id":"http:\/\/parts-export24.com\/pt-pt\/oferta\/venda-por-grosso-de-controladores\/#breadcrumb","itemListElement":[{"@type":"ListItem","position":1,"name":"Home","item":"http:\/\/parts-export24.com\/pt-pt\/"},{"@type":"ListItem","position":2,"name":"Oferta","item":"http:\/\/parts-export24.com\/pt-pt\/oferta\/"},{"@type":"ListItem","position":3,"name":"Venda por grosso de controladores"}]},{"@type":"WebSite","@id":"http:\/\/parts-export24.com\/pt-pt\/#website","url":"http:\/\/parts-export24.com\/pt-pt\/","name":"Parts Export","description":"Wholesale of engines and car parts","publisher":{"@id":"http:\/\/parts-export24.com\/pt-pt\/#organization"},"potentialAction":[{"@type":"SearchAction","target":{"@type":"EntryPoint","urlTemplate":"http:\/\/parts-export24.com\/pt-pt\/?s={search_term_string}"},"query-input":"required name=search_term_string"}],"inLanguage":"pt-PT"},{"@type":"Organization","@id":"http:\/\/parts-export24.com\/pt-pt\/#organization","name":"Parts Export","url":"http:\/\/parts-export24.com\/pt-pt\/","sameAs":[],"logo":{"@type":"ImageObject","inLanguage":"pt-PT","@id":"http:\/\/parts-export24.com\/pt-pt\/#\/schema\/logo\/image\/","url":"http:\/\/parts-export24.com\/wp-content\/uploads\/2022\/07\/Parts-Export-logo.svg","contentUrl":"http:\/\/parts-export24.com\/wp-content\/uploads\/2022\/07\/Parts-Export-logo.svg","width":469,"height":115,"caption":"Parts Export"},"image":{"@id":"http:\/\/parts-export24.com\/pt-pt\/#\/schema\/logo\/image\/"}}]}},"_links":{"self":[{"href":"http:\/\/parts-export24.com\/pt-pt\/wp-json\/wp\/v2\/pages\/813","targetHints":{"allow":["GET"]}}],"collection":[{"href":"http:\/\/parts-export24.com\/pt-pt\/wp-json\/wp\/v2\/pages"}],"about":[{"href":"http:\/\/parts-export24.com\/pt-pt\/wp-json\/wp\/v2\/types\/page"}],"author":[{"embeddable":true,"href":"http:\/\/parts-export24.com\/pt-pt\/wp-json\/wp\/v2\/users\/1"}],"replies":[{"embeddable":true,"href":"http:\/\/parts-export24.com\/pt-pt\/wp-json\/wp\/v2\/comments?post=813"}],"version-history":[{"count":1,"href":"http:\/\/parts-export24.com\/pt-pt\/wp-json\/wp\/v2\/pages\/813\/revisions"}],"predecessor-version":[{"id":815,"href":"http:\/\/parts-export24.com\/pt-pt\/wp-json\/wp\/v2\/pages\/813\/revisions\/815"}],"up":[{"embeddable":true,"href":"http:\/\/parts-export24.com\/pt-pt\/wp-json\/wp\/v2\/pages\/758"}],"wp:attachment":[{"href":"http:\/\/parts-export24.com\/pt-pt\/wp-json\/wp\/v2\/media?parent=813"}],"curies":[{"name":"wp","href":"https:\/\/api.w.org\/{rel}","templated":true}]}}