{"id":801,"date":"2022-07-30T12:00:47","date_gmt":"2022-07-30T11:00:47","guid":{"rendered":"http:\/\/parts-export24.com\/oferta\/venda-por-grosso-de-pecas-automoveis\/"},"modified":"2024-03-15T10:04:17","modified_gmt":"2024-03-15T10:04:17","slug":"venda-por-grosso-de-pecas-automoveis","status":"publish","type":"page","link":"http:\/\/parts-export24.com\/pt-pt\/oferta\/venda-por-grosso-de-pecas-automoveis\/","title":{"rendered":"Venda por grosso de pe\u00e7as autom\u00f3veis\u200b"},"content":{"rendered":"\t\t<div data-elementor-type=\"wp-page\" data-elementor-id=\"801\" class=\"elementor elementor-801 elementor-265\">\n\t\t\t\t\t\t\t\t\t<section class=\"elementor-section elementor-top-section elementor-element elementor-element-851c87d elementor-section-content-middle elementor-section-stretched elementor-section-boxed elementor-section-height-default elementor-section-height-default\" data-id=\"851c87d\" data-element_type=\"section\" data-settings=\"{&quot;stretch_section&quot;:&quot;section-stretched&quot;,&quot;background_background&quot;:&quot;classic&quot;}\">\n\t\t\t\t\t\t\t<div class=\"elementor-background-overlay\"><\/div>\n\t\t\t\t\t\t\t<div class=\"elementor-container elementor-column-gap-default\">\n\t\t\t\t\t<div class=\"elementor-column elementor-col-100 elementor-top-column elementor-element elementor-element-cede481\" data-id=\"cede481\" data-element_type=\"column\">\n\t\t\t<div class=\"elementor-widget-wrap elementor-element-populated\">\n\t\t\t\t\t\t\t\t<div class=\"elementor-element elementor-element-1206f4b elementor-widget elementor-widget-heading\" data-id=\"1206f4b\" data-element_type=\"widget\" data-widget_type=\"heading.default\">\n\t\t\t\t<div class=\"elementor-widget-container\">\n\t\t\t<style>\/*! elementor - v3.7.0 - 08-08-2022 *\/\n.elementor-heading-title{padding:0;margin:0;line-height:1}.elementor-widget-heading .elementor-heading-title[class*=elementor-size-]>a{color:inherit;font-size:inherit;line-height:inherit}.elementor-widget-heading .elementor-heading-title.elementor-size-small{font-size:15px}.elementor-widget-heading .elementor-heading-title.elementor-size-medium{font-size:19px}.elementor-widget-heading .elementor-heading-title.elementor-size-large{font-size:29px}.elementor-widget-heading .elementor-heading-title.elementor-size-xl{font-size:39px}.elementor-widget-heading .elementor-heading-title.elementor-size-xxl{font-size:59px}<\/style><h1 class=\"elementor-heading-title elementor-size-default\">Venda por grosso de pe\u00e7as autom\u00f3veis\u200b<\/h1>\t\t<\/div>\n\t\t\t\t<\/div>\n\t\t\t\t\t<\/div>\n\t\t<\/div>\n\t\t\t\t\t\t\t<\/div>\n\t\t<\/section>\n\t\t\t\t<section class=\"elementor-section elementor-top-section elementor-element elementor-element-147b52e elementor-section-content-middle elementor-section-boxed elementor-section-height-default elementor-section-height-default\" data-id=\"147b52e\" data-element_type=\"section\">\n\t\t\t\t\t\t<div class=\"elementor-container elementor-column-gap-default\">\n\t\t\t\t\t<div class=\"elementor-column elementor-col-50 elementor-top-column elementor-element elementor-element-3038f2a\" data-id=\"3038f2a\" data-element_type=\"column\">\n\t\t\t<div class=\"elementor-widget-wrap elementor-element-populated\">\n\t\t\t\t\t\t\t\t<div class=\"elementor-element elementor-element-9013b36 elementor-widget elementor-widget-text-editor\" data-id=\"9013b36\" data-element_type=\"widget\" data-widget_type=\"text-editor.default\">\n\t\t\t\t<div class=\"elementor-widget-container\">\n\t\t\t<style>\/*! elementor - v3.7.0 - 08-08-2022 *\/\n.elementor-widget-text-editor.elementor-drop-cap-view-stacked .elementor-drop-cap{background-color:#818a91;color:#fff}.elementor-widget-text-editor.elementor-drop-cap-view-framed .elementor-drop-cap{color:#818a91;border:3px solid;background-color:transparent}.elementor-widget-text-editor:not(.elementor-drop-cap-view-default) .elementor-drop-cap{margin-top:8px}.elementor-widget-text-editor:not(.elementor-drop-cap-view-default) .elementor-drop-cap-letter{width:1em;height:1em}.elementor-widget-text-editor .elementor-drop-cap{float:left;text-align:center;line-height:1;font-size:50px}.elementor-widget-text-editor .elementor-drop-cap-letter{display:inline-block}<\/style>\t\t\t\t<h2>Pe\u00e7as de autom\u00f3vel \u00e0 venda<\/h2>\n<p>Fornecemos carro\u00e7arias para todas as marcas\/modelos. C\u00f3digo de cor da carro\u00e7aria por pedido.<\/p>\n<p>Na oferta: guarda-lamas, para-choques, portas, cap\u00f4s, tampas de bagageira, carro\u00e7arias laterais, para-choques frontais com grelhas de radiador. Todas as pe\u00e7as s\u00e3o cuidadosamente embaladas para transporte.<\/p>\n<p>Precisa de uma quantidade em grosso de pe\u00e7as de carro\u00e7aria de autom\u00f3veis? Os carros est\u00e3o sempre a avariar. A nossa vasta gama de pe\u00e7as de carro\u00e7aria vai ao encontro das suas expectativas, quer se trate de portas, espelhos, para-choques ou grelhas de radiadores.<\/p>\n\t\t\t\t\t\t<\/div>\n\t\t\t\t<\/div>\n\t\t\t\t\t<\/div>\n\t\t<\/div>\n\t\t\t\t<div class=\"elementor-column elementor-col-50 elementor-top-column elementor-element elementor-element-4926f7d\" data-id=\"4926f7d\" data-element_type=\"column\">\n\t\t\t<div class=\"elementor-widget-wrap elementor-element-populated\">\n\t\t\t\t\t\t\t\t<div class=\"elementor-element elementor-element-61bb1d7 elementor-widget elementor-widget-image\" data-id=\"61bb1d7\" data-element_type=\"widget\" data-widget_type=\"image.default\">\n\t\t\t\t<div class=\"elementor-widget-container\">\n\t\t\t<style>\/*! elementor - v3.7.0 - 08-08-2022 *\/\n.elementor-widget-image{text-align:center}.elementor-widget-image a{display:inline-block}.elementor-widget-image a img[src$=\".svg\"]{width:48px}.elementor-widget-image img{vertical-align:middle;display:inline-block}<\/style>\t\t\t\t\t\t\t\t\t\t\t\t<img decoding=\"async\" width=\"1024\" height=\"576\" src=\"http:\/\/parts-export24.com\/wp-content\/uploads\/2022\/07\/parts-export1-1024x576.jpg\" class=\"attachment-large size-large\" alt=\"\" srcset=\"http:\/\/parts-export24.com\/wp-content\/uploads\/2022\/07\/parts-export1-1024x576.jpg 1024w, http:\/\/parts-export24.com\/wp-content\/uploads\/2022\/07\/parts-export1-300x169.jpg 300w, http:\/\/parts-export24.com\/wp-content\/uploads\/2022\/07\/parts-export1-768x432.jpg 768w, http:\/\/parts-export24.com\/wp-content\/uploads\/2022\/07\/parts-export1-1536x864.jpg 1536w, http:\/\/parts-export24.com\/wp-content\/uploads\/2022\/07\/parts-export1.jpg 1600w\" sizes=\"(max-width: 1024px) 100vw, 1024px\" \/>\t\t\t\t\t\t\t\t\t\t\t\t\t\t\t<\/div>\n\t\t\t\t<\/div>\n\t\t\t\t\t<\/div>\n\t\t<\/div>\n\t\t\t\t\t\t\t<\/div>\n\t\t<\/section>\n\t\t\t\t<section class=\"elementor-section elementor-top-section elementor-element elementor-element-925f57a elementor-section-boxed elementor-section-height-default elementor-section-height-default\" data-id=\"925f57a\" data-element_type=\"section\">\n\t\t\t\t\t\t<div class=\"elementor-container elementor-column-gap-default\">\n\t\t\t\t\t<div class=\"elementor-column elementor-col-100 elementor-top-column elementor-element elementor-element-9d0fbbd\" data-id=\"9d0fbbd\" data-element_type=\"column\">\n\t\t\t<div class=\"elementor-widget-wrap elementor-element-populated\">\n\t\t\t\t\t\t\t\t<div class=\"elementor-element elementor-element-b794107 elementor-widget elementor-widget-text-editor\" data-id=\"b794107\" data-element_type=\"widget\" data-widget_type=\"text-editor.default\">\n\t\t\t\t<div class=\"elementor-widget-container\">\n\t\t\t\t\t\t\t<h2>Pe\u00e7as de autom\u00f3veis usadas \u2013 venda por grosso<\/h2>\n<p>Com orgulho, oferecemos um vasto sortimento de pe\u00e7as de autom\u00f3veis usadas para diversos modelos de SUVs, sed\u00e3s e cami\u00f5es. Oferecemos venda de carro\u00e7arias para qualquer carro, incluindo:<\/p>\n\t\t\t\t\t\t<\/div>\n\t\t\t\t<\/div>\n\t\t\t\t\t<\/div>\n\t\t<\/div>\n\t\t\t\t\t\t\t<\/div>\n\t\t<\/section>\n\t\t\t\t<section class=\"elementor-section elementor-top-section elementor-element elementor-element-99276af elementor-section-boxed elementor-section-height-default elementor-section-height-default\" data-id=\"99276af\" data-element_type=\"section\">\n\t\t\t\t\t\t<div class=\"elementor-container elementor-column-gap-default\">\n\t\t\t\t\t<div class=\"elementor-column elementor-col-33 elementor-top-column elementor-element elementor-element-94e9d91\" data-id=\"94e9d91\" data-element_type=\"column\">\n\t\t\t<div class=\"elementor-widget-wrap elementor-element-populated\">\n\t\t\t\t\t\t\t\t<div class=\"elementor-element elementor-element-8387f7d elementor-widget elementor-widget-text-editor\" data-id=\"8387f7d\" data-element_type=\"widget\" data-widget_type=\"text-editor.default\">\n\t\t\t\t<div class=\"elementor-widget-container\">\n\t\t\t\t\t\t\t<h3>Venda por grosso de carro\u00e7arias<\/h3>\n<p>Quer precise de partes da carro\u00e7aria por raz\u00f5es est\u00e9ticas ou funcionais, encontrar\u00e1 o que procura connosco. Temos as pe\u00e7as de que precisa, incluindo:<\/p>\n<ul>\n<li>Portas<\/li>\n<li>Motores<\/li>\n<li>Caixas de velocidades<\/li>\n<li>Para-choques<\/li>\n<li>Luzes<\/li>\n<li>Elementos de suspens\u00e3o<\/li>\n<li>Guarda-lamas<\/li>\n<li>Eixos<\/li>\n<\/ul>\n\t\t\t\t\t\t<\/div>\n\t\t\t\t<\/div>\n\t\t\t\t\t<\/div>\n\t\t<\/div>\n\t\t\t\t<div class=\"elementor-column elementor-col-33 elementor-top-column elementor-element elementor-element-a55f2ac\" data-id=\"a55f2ac\" data-element_type=\"column\">\n\t\t\t<div class=\"elementor-widget-wrap elementor-element-populated\">\n\t\t\t\t\t\t\t\t<div class=\"elementor-element elementor-element-1d8f81f elementor-widget elementor-widget-text-editor\" data-id=\"1d8f81f\" data-element_type=\"widget\" data-widget_type=\"text-editor.default\">\n\t\t\t\t<div class=\"elementor-widget-container\">\n\t\t\t\t\t\t\t<h3>Pe\u00e7as interiores<\/h3>\n<p>O que est\u00e1 no interior conta, fornecemos apenas pe\u00e7as que foram cuidadosamente inspecionadas pelos nossos especialistas, a fim de cumprir os mais altos padr\u00f5es de qualidade. Possu\u00edmos, entre outros:<\/p>\n<ul>\n<li>Airbags<\/li>\n<li>Pain\u00e9is de instrumentos<\/li>\n<li>Pain\u00e9is decorativos de portas<\/li>\n<li>Guarni\u00e7\u00f5es internas<\/li>\n<li>Espelhos e far\u00f3is<\/li>\n<li>Para-s\u00f3is <\/li>\n<li>Hastes de mudan\u00e7a de marcha<\/li>\n<\/ul>\n\t\t\t\t\t\t<\/div>\n\t\t\t\t<\/div>\n\t\t\t\t\t<\/div>\n\t\t<\/div>\n\t\t\t\t<div class=\"elementor-column elementor-col-33 elementor-top-column elementor-element elementor-element-a6d09ad\" data-id=\"a6d09ad\" data-element_type=\"column\">\n\t\t\t<div class=\"elementor-widget-wrap elementor-element-populated\">\n\t\t\t\t\t\t\t\t<div class=\"elementor-element elementor-element-e791572 elementor-widget elementor-widget-text-editor\" data-id=\"e791572\" data-element_type=\"widget\" data-widget_type=\"text-editor.default\">\n\t\t\t\t<div class=\"elementor-widget-container\">\n\t\t\t\t\t\t\t<h3>Pe\u00e7as el\u00e9tricas<\/h3>\n<p>Dispomos de uma vasta oferta de componentes el\u00e9tricos para autom\u00f3veis de passageiros, carrinhas e autocarros, incluindo:<\/p>\n<ul>\n<li>Caixa de fus\u00edveis<\/li>\n<li>Unidades de controlo do ar condicionado<\/li>\n<li>Regulador de janelas<\/li>\n<li>Interruptores de porta\/fechadura<\/li>\n<li>R\u00e1dio\/Som\/Sistema de \u00e1udio<\/li>\n<li>Chicotes de fia\u00e7\u00e3o el\u00e9trica<\/li>\n<li>M\u00f3dulo de controle do corpo (BCM)<\/li>\n<li>M\u00f3dulo de controle do motor (ECM)<\/li>\n<\/ul>\n\t\t\t\t\t\t<\/div>\n\t\t\t\t<\/div>\n\t\t\t\t\t<\/div>\n\t\t<\/div>\n\t\t\t\t\t\t\t<\/div>\n\t\t<\/section>\n\t\t\t\t\t\t\t<\/div>\n\t\t","protected":false},"excerpt":{"rendered":"<p>Venda por grosso de pe\u00e7as autom\u00f3veis\u200b Pe\u00e7as de autom\u00f3vel \u00e0 venda Fornecemos carro\u00e7arias para todas as marcas\/modelos. C\u00f3digo de cor da carro\u00e7aria por pedido. Na oferta: guarda-lamas, para-choques, portas, cap\u00f4s, tampas de bagageira, carro\u00e7arias laterais, para-choques frontais com grelhas de radiador. Todas as pe\u00e7as s\u00e3o cuidadosamente embaladas para transporte. Precisa de uma quantidade em grosso [&hellip;]<\/p>\n","protected":false},"author":1,"featured_media":0,"parent":758,"menu_order":0,"comment_status":"closed","ping_status":"closed","template":"","meta":{"inline_featured_image":false,"footnotes":""},"class_list":["post-801","page","type-page","status-publish","hentry"],"yoast_head":"<!-- This site is optimized with the Yoast SEO plugin v19.5.1 - https:\/\/yoast.com\/wordpress\/plugins\/seo\/ -->\n<title>Venda por grosso de pe\u00e7as autom\u00f3veis\u200b - Parts Export<\/title>\n<meta name=\"robots\" content=\"index, follow, max-snippet:-1, max-image-preview:large, max-video-preview:-1\" \/>\n<link rel=\"canonical\" href=\"http:\/\/parts-export24.com\/pt-pt\/oferta\/venda-por-grosso-de-pecas-automoveis\/\" \/>\n<meta property=\"og:locale\" content=\"pt_PT\" \/>\n<meta property=\"og:type\" content=\"article\" \/>\n<meta property=\"og:title\" content=\"Venda por grosso de pe\u00e7as autom\u00f3veis\u200b - Parts Export\" \/>\n<meta property=\"og:description\" content=\"Venda por grosso de pe\u00e7as autom\u00f3veis\u200b Pe\u00e7as de autom\u00f3vel \u00e0 venda Fornecemos carro\u00e7arias para todas as marcas\/modelos. C\u00f3digo de cor da carro\u00e7aria por pedido. Na oferta: guarda-lamas, para-choques, portas, cap\u00f4s, tampas de bagageira, carro\u00e7arias laterais, para-choques frontais com grelhas de radiador. Todas as pe\u00e7as s\u00e3o cuidadosamente embaladas para transporte. Precisa de uma quantidade em grosso [&hellip;]\" \/>\n<meta property=\"og:url\" content=\"http:\/\/parts-export24.com\/pt-pt\/oferta\/venda-por-grosso-de-pecas-automoveis\/\" \/>\n<meta property=\"og:site_name\" content=\"Parts Export\" \/>\n<meta property=\"article:modified_time\" content=\"2024-03-15T10:04:17+00:00\" \/>\n<meta property=\"og:image\" content=\"http:\/\/parts-export24.com\/wp-content\/uploads\/2022\/07\/parts-export1-1024x576.jpg\" \/>\n<meta name=\"twitter:card\" content=\"summary_large_image\" \/>\n<meta name=\"twitter:label1\" content=\"Tempo estimado de leitura\" \/>\n\t<meta name=\"twitter:data1\" content=\"2 minutos\" \/>\n<script type=\"application\/ld+json\" class=\"yoast-schema-graph\">{\"@context\":\"https:\/\/schema.org\",\"@graph\":[{\"@type\":\"WebPage\",\"@id\":\"http:\/\/parts-export24.com\/pt-pt\/oferta\/venda-por-grosso-de-pecas-automoveis\/\",\"url\":\"http:\/\/parts-export24.com\/pt-pt\/oferta\/venda-por-grosso-de-pecas-automoveis\/\",\"name\":\"Venda por grosso de pe\u00e7as autom\u00f3veis\u200b - Parts Export\",\"isPartOf\":{\"@id\":\"http:\/\/parts-export24.com\/pt-pt\/#website\"},\"datePublished\":\"2022-07-30T11:00:47+00:00\",\"dateModified\":\"2024-03-15T10:04:17+00:00\",\"breadcrumb\":{\"@id\":\"http:\/\/parts-export24.com\/pt-pt\/oferta\/venda-por-grosso-de-pecas-automoveis\/#breadcrumb\"},\"inLanguage\":\"pt-PT\",\"potentialAction\":[{\"@type\":\"ReadAction\",\"target\":[\"http:\/\/parts-export24.com\/pt-pt\/oferta\/venda-por-grosso-de-pecas-automoveis\/\"]}]},{\"@type\":\"BreadcrumbList\",\"@id\":\"http:\/\/parts-export24.com\/pt-pt\/oferta\/venda-por-grosso-de-pecas-automoveis\/#breadcrumb\",\"itemListElement\":[{\"@type\":\"ListItem\",\"position\":1,\"name\":\"Home\",\"item\":\"http:\/\/parts-export24.com\/pt-pt\/\"},{\"@type\":\"ListItem\",\"position\":2,\"name\":\"Oferta\",\"item\":\"http:\/\/parts-export24.com\/pt-pt\/oferta\/\"},{\"@type\":\"ListItem\",\"position\":3,\"name\":\"Venda por grosso de pe\u00e7as autom\u00f3veis\u200b\"}]},{\"@type\":\"WebSite\",\"@id\":\"http:\/\/parts-export24.com\/pt-pt\/#website\",\"url\":\"http:\/\/parts-export24.com\/pt-pt\/\",\"name\":\"Parts Export\",\"description\":\"Wholesale of engines and car parts\",\"publisher\":{\"@id\":\"http:\/\/parts-export24.com\/pt-pt\/#organization\"},\"potentialAction\":[{\"@type\":\"SearchAction\",\"target\":{\"@type\":\"EntryPoint\",\"urlTemplate\":\"http:\/\/parts-export24.com\/pt-pt\/?s={search_term_string}\"},\"query-input\":\"required name=search_term_string\"}],\"inLanguage\":\"pt-PT\"},{\"@type\":\"Organization\",\"@id\":\"http:\/\/parts-export24.com\/pt-pt\/#organization\",\"name\":\"Parts Export\",\"url\":\"http:\/\/parts-export24.com\/pt-pt\/\",\"sameAs\":[],\"logo\":{\"@type\":\"ImageObject\",\"inLanguage\":\"pt-PT\",\"@id\":\"http:\/\/parts-export24.com\/pt-pt\/#\/schema\/logo\/image\/\",\"url\":\"http:\/\/parts-export24.com\/wp-content\/uploads\/2022\/07\/Parts-Export-logo.svg\",\"contentUrl\":\"http:\/\/parts-export24.com\/wp-content\/uploads\/2022\/07\/Parts-Export-logo.svg\",\"width\":469,\"height\":115,\"caption\":\"Parts Export\"},\"image\":{\"@id\":\"http:\/\/parts-export24.com\/pt-pt\/#\/schema\/logo\/image\/\"}}]}<\/script>\n<!-- \/ Yoast SEO plugin. -->","yoast_head_json":{"title":"Venda por grosso de pe\u00e7as autom\u00f3veis\u200b - Parts Export","robots":{"index":"index","follow":"follow","max-snippet":"max-snippet:-1","max-image-preview":"max-image-preview:large","max-video-preview":"max-video-preview:-1"},"canonical":"http:\/\/parts-export24.com\/pt-pt\/oferta\/venda-por-grosso-de-pecas-automoveis\/","og_locale":"pt_PT","og_type":"article","og_title":"Venda por grosso de pe\u00e7as autom\u00f3veis\u200b - Parts Export","og_description":"Venda por grosso de pe\u00e7as autom\u00f3veis\u200b Pe\u00e7as de autom\u00f3vel \u00e0 venda Fornecemos carro\u00e7arias para todas as marcas\/modelos. C\u00f3digo de cor da carro\u00e7aria por pedido. Na oferta: guarda-lamas, para-choques, portas, cap\u00f4s, tampas de bagageira, carro\u00e7arias laterais, para-choques frontais com grelhas de radiador. Todas as pe\u00e7as s\u00e3o cuidadosamente embaladas para transporte. Precisa de uma quantidade em grosso [&hellip;]","og_url":"http:\/\/parts-export24.com\/pt-pt\/oferta\/venda-por-grosso-de-pecas-automoveis\/","og_site_name":"Parts Export","article_modified_time":"2024-03-15T10:04:17+00:00","og_image":[{"url":"http:\/\/parts-export24.com\/wp-content\/uploads\/2022\/07\/parts-export1-1024x576.jpg"}],"twitter_card":"summary_large_image","twitter_misc":{"Tempo estimado de leitura":"2 minutos"},"schema":{"@context":"https:\/\/schema.org","@graph":[{"@type":"WebPage","@id":"http:\/\/parts-export24.com\/pt-pt\/oferta\/venda-por-grosso-de-pecas-automoveis\/","url":"http:\/\/parts-export24.com\/pt-pt\/oferta\/venda-por-grosso-de-pecas-automoveis\/","name":"Venda por grosso de pe\u00e7as autom\u00f3veis\u200b - Parts Export","isPartOf":{"@id":"http:\/\/parts-export24.com\/pt-pt\/#website"},"datePublished":"2022-07-30T11:00:47+00:00","dateModified":"2024-03-15T10:04:17+00:00","breadcrumb":{"@id":"http:\/\/parts-export24.com\/pt-pt\/oferta\/venda-por-grosso-de-pecas-automoveis\/#breadcrumb"},"inLanguage":"pt-PT","potentialAction":[{"@type":"ReadAction","target":["http:\/\/parts-export24.com\/pt-pt\/oferta\/venda-por-grosso-de-pecas-automoveis\/"]}]},{"@type":"BreadcrumbList","@id":"http:\/\/parts-export24.com\/pt-pt\/oferta\/venda-por-grosso-de-pecas-automoveis\/#breadcrumb","itemListElement":[{"@type":"ListItem","position":1,"name":"Home","item":"http:\/\/parts-export24.com\/pt-pt\/"},{"@type":"ListItem","position":2,"name":"Oferta","item":"http:\/\/parts-export24.com\/pt-pt\/oferta\/"},{"@type":"ListItem","position":3,"name":"Venda por grosso de pe\u00e7as autom\u00f3veis\u200b"}]},{"@type":"WebSite","@id":"http:\/\/parts-export24.com\/pt-pt\/#website","url":"http:\/\/parts-export24.com\/pt-pt\/","name":"Parts Export","description":"Wholesale of engines and car parts","publisher":{"@id":"http:\/\/parts-export24.com\/pt-pt\/#organization"},"potentialAction":[{"@type":"SearchAction","target":{"@type":"EntryPoint","urlTemplate":"http:\/\/parts-export24.com\/pt-pt\/?s={search_term_string}"},"query-input":"required name=search_term_string"}],"inLanguage":"pt-PT"},{"@type":"Organization","@id":"http:\/\/parts-export24.com\/pt-pt\/#organization","name":"Parts Export","url":"http:\/\/parts-export24.com\/pt-pt\/","sameAs":[],"logo":{"@type":"ImageObject","inLanguage":"pt-PT","@id":"http:\/\/parts-export24.com\/pt-pt\/#\/schema\/logo\/image\/","url":"http:\/\/parts-export24.com\/wp-content\/uploads\/2022\/07\/Parts-Export-logo.svg","contentUrl":"http:\/\/parts-export24.com\/wp-content\/uploads\/2022\/07\/Parts-Export-logo.svg","width":469,"height":115,"caption":"Parts Export"},"image":{"@id":"http:\/\/parts-export24.com\/pt-pt\/#\/schema\/logo\/image\/"}}]}},"_links":{"self":[{"href":"http:\/\/parts-export24.com\/pt-pt\/wp-json\/wp\/v2\/pages\/801","targetHints":{"allow":["GET"]}}],"collection":[{"href":"http:\/\/parts-export24.com\/pt-pt\/wp-json\/wp\/v2\/pages"}],"about":[{"href":"http:\/\/parts-export24.com\/pt-pt\/wp-json\/wp\/v2\/types\/page"}],"author":[{"embeddable":true,"href":"http:\/\/parts-export24.com\/pt-pt\/wp-json\/wp\/v2\/users\/1"}],"replies":[{"embeddable":true,"href":"http:\/\/parts-export24.com\/pt-pt\/wp-json\/wp\/v2\/comments?post=801"}],"version-history":[{"count":1,"href":"http:\/\/parts-export24.com\/pt-pt\/wp-json\/wp\/v2\/pages\/801\/revisions"}],"predecessor-version":[{"id":804,"href":"http:\/\/parts-export24.com\/pt-pt\/wp-json\/wp\/v2\/pages\/801\/revisions\/804"}],"up":[{"embeddable":true,"href":"http:\/\/parts-export24.com\/pt-pt\/wp-json\/wp\/v2\/pages\/758"}],"wp:attachment":[{"href":"http:\/\/parts-export24.com\/pt-pt\/wp-json\/wp\/v2\/media?parent=801"}],"curies":[{"name":"wp","href":"https:\/\/api.w.org\/{rel}","templated":true}]}}