{"id":752,"date":"2022-07-30T11:58:43","date_gmt":"2022-07-30T10:58:43","guid":{"rendered":"http:\/\/parts-export24.com\/venda-por-grosso-de-motores\/"},"modified":"2024-03-15T10:04:07","modified_gmt":"2024-03-15T10:04:07","slug":"venda-por-grosso-de-motores","status":"publish","type":"page","link":"http:\/\/parts-export24.com\/pt-pt\/oferta\/venda-por-grosso-de-motores\/","title":{"rendered":"Venda por grosso de motores"},"content":{"rendered":"\t\t<div data-elementor-type=\"wp-page\" data-elementor-id=\"752\" class=\"elementor elementor-752 elementor-260\">\n\t\t\t\t\t\t\t\t\t<section class=\"elementor-section elementor-top-section elementor-element elementor-element-ec38bb5 elementor-section-content-middle elementor-section-stretched elementor-section-boxed elementor-section-height-default elementor-section-height-default\" data-id=\"ec38bb5\" data-element_type=\"section\" data-settings=\"{&quot;stretch_section&quot;:&quot;section-stretched&quot;,&quot;background_background&quot;:&quot;classic&quot;}\">\n\t\t\t\t\t\t\t<div class=\"elementor-background-overlay\"><\/div>\n\t\t\t\t\t\t\t<div class=\"elementor-container elementor-column-gap-default\">\n\t\t\t\t\t<div class=\"elementor-column elementor-col-100 elementor-top-column elementor-element elementor-element-da7f3f2\" data-id=\"da7f3f2\" data-element_type=\"column\">\n\t\t\t<div class=\"elementor-widget-wrap elementor-element-populated\">\n\t\t\t\t\t\t\t\t<div class=\"elementor-element elementor-element-ceeacbf elementor-widget elementor-widget-heading\" data-id=\"ceeacbf\" data-element_type=\"widget\" data-widget_type=\"heading.default\">\n\t\t\t\t<div class=\"elementor-widget-container\">\n\t\t\t<style>\/*! elementor - v3.7.0 - 08-08-2022 *\/\n.elementor-heading-title{padding:0;margin:0;line-height:1}.elementor-widget-heading .elementor-heading-title[class*=elementor-size-]>a{color:inherit;font-size:inherit;line-height:inherit}.elementor-widget-heading .elementor-heading-title.elementor-size-small{font-size:15px}.elementor-widget-heading .elementor-heading-title.elementor-size-medium{font-size:19px}.elementor-widget-heading .elementor-heading-title.elementor-size-large{font-size:29px}.elementor-widget-heading .elementor-heading-title.elementor-size-xl{font-size:39px}.elementor-widget-heading .elementor-heading-title.elementor-size-xxl{font-size:59px}<\/style><h1 class=\"elementor-heading-title elementor-size-default\">Venda por grosso de motores<\/h1>\t\t<\/div>\n\t\t\t\t<\/div>\n\t\t\t\t\t<\/div>\n\t\t<\/div>\n\t\t\t\t\t\t\t<\/div>\n\t\t<\/section>\n\t\t\t\t<section class=\"elementor-section elementor-top-section elementor-element elementor-element-801def1 elementor-section-content-middle elementor-section-boxed elementor-section-height-default elementor-section-height-default\" data-id=\"801def1\" data-element_type=\"section\">\n\t\t\t\t\t\t<div class=\"elementor-container elementor-column-gap-default\">\n\t\t\t\t\t<div class=\"elementor-column elementor-col-50 elementor-top-column elementor-element elementor-element-99ddedb\" data-id=\"99ddedb\" data-element_type=\"column\">\n\t\t\t<div class=\"elementor-widget-wrap elementor-element-populated\">\n\t\t\t\t\t\t\t\t<div class=\"elementor-element elementor-element-67caa8f elementor-widget elementor-widget-text-editor\" data-id=\"67caa8f\" data-element_type=\"widget\" data-widget_type=\"text-editor.default\">\n\t\t\t\t<div class=\"elementor-widget-container\">\n\t\t\t<style>\/*! elementor - v3.7.0 - 08-08-2022 *\/\n.elementor-widget-text-editor.elementor-drop-cap-view-stacked .elementor-drop-cap{background-color:#818a91;color:#fff}.elementor-widget-text-editor.elementor-drop-cap-view-framed .elementor-drop-cap{color:#818a91;border:3px solid;background-color:transparent}.elementor-widget-text-editor:not(.elementor-drop-cap-view-default) .elementor-drop-cap{margin-top:8px}.elementor-widget-text-editor:not(.elementor-drop-cap-view-default) .elementor-drop-cap-letter{width:1em;height:1em}.elementor-widget-text-editor .elementor-drop-cap{float:left;text-align:center;line-height:1;font-size:50px}.elementor-widget-text-editor .elementor-drop-cap-letter{display:inline-block}<\/style>\t\t\t\t<h2>Venda de motores usados<\/h2>\n<h3>Compre motores usados de boa qualidade<\/h3>\n<p>Oferecemos motores de boa qualidade, em grandes quantidades, de todos os tipos e modelos para carros de passageiros, cami\u00f5es e ve\u00edculos comerciais.<\/p>\n<p>Venda por grosso de motores autom\u00f3veis\u200b<\/p>\n<ul>\n<li>motores a gasolina<\/li>\n<li>motores diesel<\/li>\n<li>motores 4&#215;4<\/li>\n<li>motores para carrinhas<\/li>\n<li>motores para cami\u00f5es&nbsp;<\/li>\n<\/ul>\t\t\t\t\t\t<\/div>\n\t\t\t\t<\/div>\n\t\t\t\t\t<\/div>\n\t\t<\/div>\n\t\t\t\t<div class=\"elementor-column elementor-col-50 elementor-top-column elementor-element elementor-element-3ead538\" data-id=\"3ead538\" data-element_type=\"column\">\n\t\t\t<div class=\"elementor-widget-wrap elementor-element-populated\">\n\t\t\t\t\t\t\t\t<div class=\"elementor-element elementor-element-07ddc2b elementor-widget elementor-widget-image\" data-id=\"07ddc2b\" data-element_type=\"widget\" data-widget_type=\"image.default\">\n\t\t\t\t<div class=\"elementor-widget-container\">\n\t\t\t<style>\/*! elementor - v3.7.0 - 08-08-2022 *\/\n.elementor-widget-image{text-align:center}.elementor-widget-image a{display:inline-block}.elementor-widget-image a img[src$=\".svg\"]{width:48px}.elementor-widget-image img{vertical-align:middle;display:inline-block}<\/style>\t\t\t\t\t\t\t\t\t\t\t\t<img decoding=\"async\" width=\"1024\" height=\"768\" src=\"http:\/\/parts-export24.com\/wp-content\/uploads\/2022\/07\/parts-export9-1024x768.jpg\" class=\"attachment-large size-large\" alt=\"\" srcset=\"http:\/\/parts-export24.com\/wp-content\/uploads\/2022\/07\/parts-export9-1024x768.jpg 1024w, http:\/\/parts-export24.com\/wp-content\/uploads\/2022\/07\/parts-export9-300x225.jpg 300w, http:\/\/parts-export24.com\/wp-content\/uploads\/2022\/07\/parts-export9-768x576.jpg 768w, http:\/\/parts-export24.com\/wp-content\/uploads\/2022\/07\/parts-export9-1536x1152.jpg 1536w, http:\/\/parts-export24.com\/wp-content\/uploads\/2022\/07\/parts-export9.jpg 1600w\" sizes=\"(max-width: 1024px) 100vw, 1024px\" \/>\t\t\t\t\t\t\t\t\t\t\t\t\t\t\t<\/div>\n\t\t\t\t<\/div>\n\t\t\t\t\t<\/div>\n\t\t<\/div>\n\t\t\t\t\t\t\t<\/div>\n\t\t<\/section>\n\t\t\t\t<section class=\"elementor-section elementor-top-section elementor-element elementor-element-d310abc elementor-section-boxed elementor-section-height-default elementor-section-height-default\" data-id=\"d310abc\" data-element_type=\"section\">\n\t\t\t\t\t\t<div class=\"elementor-container elementor-column-gap-default\">\n\t\t\t\t\t<div class=\"elementor-column elementor-col-100 elementor-top-column elementor-element elementor-element-05664dc\" data-id=\"05664dc\" data-element_type=\"column\">\n\t\t\t<div class=\"elementor-widget-wrap elementor-element-populated\">\n\t\t\t\t\t\t\t\t<div class=\"elementor-element elementor-element-233eb0c elementor-widget elementor-widget-toggle\" data-id=\"233eb0c\" data-element_type=\"widget\" data-widget_type=\"toggle.default\">\n\t\t\t\t<div class=\"elementor-widget-container\">\n\t\t\t<style>\/*! elementor - v3.7.0 - 08-08-2022 *\/\n.elementor-toggle{text-align:left}.elementor-toggle .elementor-tab-title{font-weight:700;line-height:1;margin:0;padding:15px;border-bottom:1px solid #d4d4d4;cursor:pointer;outline:none}.elementor-toggle .elementor-tab-title .elementor-toggle-icon{display:inline-block;width:1em}.elementor-toggle .elementor-tab-title .elementor-toggle-icon svg{-webkit-margin-start:-5px;margin-inline-start:-5px;width:1em;height:1em}.elementor-toggle .elementor-tab-title .elementor-toggle-icon.elementor-toggle-icon-right{float:right;text-align:right}.elementor-toggle .elementor-tab-title .elementor-toggle-icon.elementor-toggle-icon-left{float:left;text-align:left}.elementor-toggle .elementor-tab-title .elementor-toggle-icon .elementor-toggle-icon-closed{display:block}.elementor-toggle .elementor-tab-title .elementor-toggle-icon .elementor-toggle-icon-opened{display:none}.elementor-toggle .elementor-tab-title.elementor-active{border-bottom:none}.elementor-toggle .elementor-tab-title.elementor-active .elementor-toggle-icon-closed{display:none}.elementor-toggle .elementor-tab-title.elementor-active .elementor-toggle-icon-opened{display:block}.elementor-toggle .elementor-tab-content{padding:15px;border-bottom:1px solid #d4d4d4;display:none}@media (max-width:767px){.elementor-toggle .elementor-tab-title{padding:12px}.elementor-toggle .elementor-tab-content{padding:12px 10px}}.e-container>.elementor-widget-toggle{width:var(--container-widget-width,100%)}<\/style>\t\t<div class=\"elementor-toggle\" role=\"tablist\">\n\t\t\t\t\t\t\t<div class=\"elementor-toggle-item\">\n\t\t\t\t\t<div id=\"elementor-tab-title-3691\" class=\"elementor-tab-title\" data-tab=\"1\" role=\"tab\" aria-controls=\"elementor-tab-content-3691\" aria-expanded=\"false\">\n\t\t\t\t\t\t\t\t\t\t\t\t<span class=\"elementor-toggle-icon elementor-toggle-icon-left\" aria-hidden=\"true\">\n\t\t\t\t\t\t\t\t\t\t\t\t\t\t\t<span class=\"elementor-toggle-icon-closed\"><i class=\"fas fa-caret-right\"><\/i><\/span>\n\t\t\t\t\t\t\t\t<span class=\"elementor-toggle-icon-opened\"><i class=\"elementor-toggle-icon-opened fas fa-caret-up\"><\/i><\/span>\n\t\t\t\t\t\t\t\t\t\t\t\t\t<\/span>\n\t\t\t\t\t\t\t\t\t\t\t\t<a href=\"\" class=\"elementor-toggle-title\">Exporta\u00e7\u00e3o de motores<\/a>\n\t\t\t\t\t<\/div>\n\n\t\t\t\t\t<div id=\"elementor-tab-content-3691\" class=\"elementor-tab-content elementor-clearfix\" data-tab=\"1\" role=\"tabpanel\" aria-labelledby=\"elementor-tab-title-3691\"><p>N\u00e3o venderemos motores com muita quilometragem. Colaboramos com v\u00e1rios fornecedores de motores usados de alta qualidade. Desmontamos os carros por conta pr\u00f3pria e deles obtemos, entre outras coisas, motores inteiros. Entre em contacto connosco para saber se temos em stock os motores que procura.<\/p>\n<p>Quer seja um mec\u00e2nico \u00e0 procura de um motor usado de alta qualidade para substitui\u00e7\u00e3o, ou um faz-tudo com um motor avariado que necessita de ser substitu\u00eddo, pode recorrer a n\u00f3s para obter os motores usados mais fi\u00e1veis aos pre\u00e7os mais acess\u00edveis. Na Parts Export, especializamo-nos em todos os tipos de motores a gasolina e diesel usados de todos os principais fabricantes de autom\u00f3veis americanos e importados, incluindo Volkswagen, Ford, BMW, Toyota, Nissan, Mercedes, Kia entre muitos outros. <\/p>\n<p>Durante a nossa avalia\u00e7\u00e3o de qualidade, realizamos uma inspe\u00e7\u00e3o minuciosa dos motores usados, para nos assegurarmos de que o motor est\u00e1 em bom estado.<\/p>\n<h3>Os motores usados s\u00e3o bons?<\/h3>\n<p>Os nossos motores usados s\u00e3o uma excelente op\u00e7\u00e3o para a substitui\u00e7\u00e3o do motor, especialmente se tiver um or\u00e7amento limitado e precisar de colocar o carro a funcionar o mais r\u00e1pido poss\u00edvel. Realizamos uma inspe\u00e7\u00e3o de avalia\u00e7\u00e3o da qualidade de cada motor, para garantir que recebas um motor usado da mais alta qualidade.<\/p>\n<h3>Onde posso comprar os vossos motores?<\/h3>\n<p>Para a compra de motores da Parts Export, por favor, entre em contacto connosco.<\/p>\n<\/div>\n\t\t\t\t<\/div>\n\t\t\t\t\t\t\t\t<\/div>\n\t\t\t\t<\/div>\n\t\t\t\t<\/div>\n\t\t\t\t\t<\/div>\n\t\t<\/div>\n\t\t\t\t\t\t\t<\/div>\n\t\t<\/section>\n\t\t\t\t\t\t\t<\/div>\n\t\t","protected":false},"excerpt":{"rendered":"<p>Venda por grosso de motores Venda de motores usados Compre motores usados de boa qualidade Oferecemos motores de boa qualidade, em grandes quantidades, de todos os tipos e modelos para carros de passageiros, cami\u00f5es e ve\u00edculos comerciais. Venda por grosso de motores autom\u00f3veis\u200b motores a gasolina motores diesel motores 4&#215;4 motores para carrinhas motores para [&hellip;]<\/p>\n","protected":false},"author":1,"featured_media":0,"parent":758,"menu_order":0,"comment_status":"closed","ping_status":"closed","template":"","meta":{"inline_featured_image":false,"footnotes":""},"class_list":["post-752","page","type-page","status-publish","hentry"],"yoast_head":"<!-- This site is optimized with the Yoast SEO plugin v19.5.1 - https:\/\/yoast.com\/wordpress\/plugins\/seo\/ -->\n<title>Venda por grosso de motores - Parts Export<\/title>\n<meta name=\"robots\" content=\"index, follow, max-snippet:-1, max-image-preview:large, max-video-preview:-1\" \/>\n<link rel=\"canonical\" href=\"http:\/\/parts-export24.com\/pt-pt\/oferta\/venda-por-grosso-de-motores\/\" \/>\n<meta property=\"og:locale\" content=\"pt_PT\" \/>\n<meta property=\"og:type\" content=\"article\" \/>\n<meta property=\"og:title\" content=\"Venda por grosso de motores - Parts Export\" \/>\n<meta property=\"og:description\" content=\"Venda por grosso de motores Venda de motores usados Compre motores usados de boa qualidade Oferecemos motores de boa qualidade, em grandes quantidades, de todos os tipos e modelos para carros de passageiros, cami\u00f5es e ve\u00edculos comerciais. Venda por grosso de motores autom\u00f3veis\u200b motores a gasolina motores diesel motores 4&#215;4 motores para carrinhas motores para [&hellip;]\" \/>\n<meta property=\"og:url\" content=\"http:\/\/parts-export24.com\/pt-pt\/oferta\/venda-por-grosso-de-motores\/\" \/>\n<meta property=\"og:site_name\" content=\"Parts Export\" \/>\n<meta property=\"article:modified_time\" content=\"2024-03-15T10:04:07+00:00\" \/>\n<meta property=\"og:image\" content=\"http:\/\/parts-export24.com\/wp-content\/uploads\/2022\/07\/parts-export9-1024x768.jpg\" \/>\n<meta name=\"twitter:card\" content=\"summary_large_image\" \/>\n<meta name=\"twitter:label1\" content=\"Tempo estimado de leitura\" \/>\n\t<meta name=\"twitter:data1\" content=\"2 minutos\" \/>\n<script type=\"application\/ld+json\" class=\"yoast-schema-graph\">{\"@context\":\"https:\/\/schema.org\",\"@graph\":[{\"@type\":\"WebPage\",\"@id\":\"http:\/\/parts-export24.com\/pt-pt\/oferta\/venda-por-grosso-de-motores\/\",\"url\":\"http:\/\/parts-export24.com\/pt-pt\/oferta\/venda-por-grosso-de-motores\/\",\"name\":\"Venda por grosso de motores - Parts Export\",\"isPartOf\":{\"@id\":\"http:\/\/parts-export24.com\/pt-pt\/#website\"},\"datePublished\":\"2022-07-30T10:58:43+00:00\",\"dateModified\":\"2024-03-15T10:04:07+00:00\",\"breadcrumb\":{\"@id\":\"http:\/\/parts-export24.com\/pt-pt\/oferta\/venda-por-grosso-de-motores\/#breadcrumb\"},\"inLanguage\":\"pt-PT\",\"potentialAction\":[{\"@type\":\"ReadAction\",\"target\":[\"http:\/\/parts-export24.com\/pt-pt\/oferta\/venda-por-grosso-de-motores\/\"]}]},{\"@type\":\"BreadcrumbList\",\"@id\":\"http:\/\/parts-export24.com\/pt-pt\/oferta\/venda-por-grosso-de-motores\/#breadcrumb\",\"itemListElement\":[{\"@type\":\"ListItem\",\"position\":1,\"name\":\"Home\",\"item\":\"http:\/\/parts-export24.com\/pt-pt\/\"},{\"@type\":\"ListItem\",\"position\":2,\"name\":\"Oferta\",\"item\":\"http:\/\/parts-export24.com\/pt-pt\/oferta\/\"},{\"@type\":\"ListItem\",\"position\":3,\"name\":\"Venda por grosso de motores\"}]},{\"@type\":\"WebSite\",\"@id\":\"http:\/\/parts-export24.com\/pt-pt\/#website\",\"url\":\"http:\/\/parts-export24.com\/pt-pt\/\",\"name\":\"Parts Export\",\"description\":\"Wholesale of engines and car parts\",\"publisher\":{\"@id\":\"http:\/\/parts-export24.com\/pt-pt\/#organization\"},\"potentialAction\":[{\"@type\":\"SearchAction\",\"target\":{\"@type\":\"EntryPoint\",\"urlTemplate\":\"http:\/\/parts-export24.com\/pt-pt\/?s={search_term_string}\"},\"query-input\":\"required name=search_term_string\"}],\"inLanguage\":\"pt-PT\"},{\"@type\":\"Organization\",\"@id\":\"http:\/\/parts-export24.com\/pt-pt\/#organization\",\"name\":\"Parts Export\",\"url\":\"http:\/\/parts-export24.com\/pt-pt\/\",\"sameAs\":[],\"logo\":{\"@type\":\"ImageObject\",\"inLanguage\":\"pt-PT\",\"@id\":\"http:\/\/parts-export24.com\/pt-pt\/#\/schema\/logo\/image\/\",\"url\":\"http:\/\/parts-export24.com\/wp-content\/uploads\/2022\/07\/Parts-Export-logo.svg\",\"contentUrl\":\"http:\/\/parts-export24.com\/wp-content\/uploads\/2022\/07\/Parts-Export-logo.svg\",\"width\":469,\"height\":115,\"caption\":\"Parts Export\"},\"image\":{\"@id\":\"http:\/\/parts-export24.com\/pt-pt\/#\/schema\/logo\/image\/\"}}]}<\/script>\n<!-- \/ Yoast SEO plugin. -->","yoast_head_json":{"title":"Venda por grosso de motores - Parts Export","robots":{"index":"index","follow":"follow","max-snippet":"max-snippet:-1","max-image-preview":"max-image-preview:large","max-video-preview":"max-video-preview:-1"},"canonical":"http:\/\/parts-export24.com\/pt-pt\/oferta\/venda-por-grosso-de-motores\/","og_locale":"pt_PT","og_type":"article","og_title":"Venda por grosso de motores - Parts Export","og_description":"Venda por grosso de motores Venda de motores usados Compre motores usados de boa qualidade Oferecemos motores de boa qualidade, em grandes quantidades, de todos os tipos e modelos para carros de passageiros, cami\u00f5es e ve\u00edculos comerciais. Venda por grosso de motores autom\u00f3veis\u200b motores a gasolina motores diesel motores 4&#215;4 motores para carrinhas motores para [&hellip;]","og_url":"http:\/\/parts-export24.com\/pt-pt\/oferta\/venda-por-grosso-de-motores\/","og_site_name":"Parts Export","article_modified_time":"2024-03-15T10:04:07+00:00","og_image":[{"url":"http:\/\/parts-export24.com\/wp-content\/uploads\/2022\/07\/parts-export9-1024x768.jpg"}],"twitter_card":"summary_large_image","twitter_misc":{"Tempo estimado de leitura":"2 minutos"},"schema":{"@context":"https:\/\/schema.org","@graph":[{"@type":"WebPage","@id":"http:\/\/parts-export24.com\/pt-pt\/oferta\/venda-por-grosso-de-motores\/","url":"http:\/\/parts-export24.com\/pt-pt\/oferta\/venda-por-grosso-de-motores\/","name":"Venda por grosso de motores - Parts Export","isPartOf":{"@id":"http:\/\/parts-export24.com\/pt-pt\/#website"},"datePublished":"2022-07-30T10:58:43+00:00","dateModified":"2024-03-15T10:04:07+00:00","breadcrumb":{"@id":"http:\/\/parts-export24.com\/pt-pt\/oferta\/venda-por-grosso-de-motores\/#breadcrumb"},"inLanguage":"pt-PT","potentialAction":[{"@type":"ReadAction","target":["http:\/\/parts-export24.com\/pt-pt\/oferta\/venda-por-grosso-de-motores\/"]}]},{"@type":"BreadcrumbList","@id":"http:\/\/parts-export24.com\/pt-pt\/oferta\/venda-por-grosso-de-motores\/#breadcrumb","itemListElement":[{"@type":"ListItem","position":1,"name":"Home","item":"http:\/\/parts-export24.com\/pt-pt\/"},{"@type":"ListItem","position":2,"name":"Oferta","item":"http:\/\/parts-export24.com\/pt-pt\/oferta\/"},{"@type":"ListItem","position":3,"name":"Venda por grosso de motores"}]},{"@type":"WebSite","@id":"http:\/\/parts-export24.com\/pt-pt\/#website","url":"http:\/\/parts-export24.com\/pt-pt\/","name":"Parts Export","description":"Wholesale of engines and car parts","publisher":{"@id":"http:\/\/parts-export24.com\/pt-pt\/#organization"},"potentialAction":[{"@type":"SearchAction","target":{"@type":"EntryPoint","urlTemplate":"http:\/\/parts-export24.com\/pt-pt\/?s={search_term_string}"},"query-input":"required name=search_term_string"}],"inLanguage":"pt-PT"},{"@type":"Organization","@id":"http:\/\/parts-export24.com\/pt-pt\/#organization","name":"Parts Export","url":"http:\/\/parts-export24.com\/pt-pt\/","sameAs":[],"logo":{"@type":"ImageObject","inLanguage":"pt-PT","@id":"http:\/\/parts-export24.com\/pt-pt\/#\/schema\/logo\/image\/","url":"http:\/\/parts-export24.com\/wp-content\/uploads\/2022\/07\/Parts-Export-logo.svg","contentUrl":"http:\/\/parts-export24.com\/wp-content\/uploads\/2022\/07\/Parts-Export-logo.svg","width":469,"height":115,"caption":"Parts Export"},"image":{"@id":"http:\/\/parts-export24.com\/pt-pt\/#\/schema\/logo\/image\/"}}]}},"_links":{"self":[{"href":"http:\/\/parts-export24.com\/pt-pt\/wp-json\/wp\/v2\/pages\/752","targetHints":{"allow":["GET"]}}],"collection":[{"href":"http:\/\/parts-export24.com\/pt-pt\/wp-json\/wp\/v2\/pages"}],"about":[{"href":"http:\/\/parts-export24.com\/pt-pt\/wp-json\/wp\/v2\/types\/page"}],"author":[{"embeddable":true,"href":"http:\/\/parts-export24.com\/pt-pt\/wp-json\/wp\/v2\/users\/1"}],"replies":[{"embeddable":true,"href":"http:\/\/parts-export24.com\/pt-pt\/wp-json\/wp\/v2\/comments?post=752"}],"version-history":[{"count":1,"href":"http:\/\/parts-export24.com\/pt-pt\/wp-json\/wp\/v2\/pages\/752\/revisions"}],"predecessor-version":[{"id":756,"href":"http:\/\/parts-export24.com\/pt-pt\/wp-json\/wp\/v2\/pages\/752\/revisions\/756"}],"up":[{"embeddable":true,"href":"http:\/\/parts-export24.com\/pt-pt\/wp-json\/wp\/v2\/pages\/758"}],"wp:attachment":[{"href":"http:\/\/parts-export24.com\/pt-pt\/wp-json\/wp\/v2\/media?parent=752"}],"curies":[{"name":"wp","href":"https:\/\/api.w.org\/{rel}","templated":true}]}}