{"id":819,"date":"2022-07-30T12:18:06","date_gmt":"2022-07-30T11:18:06","guid":{"rendered":"http:\/\/parts-export24.com\/privaatsuspoliitika\/"},"modified":"2024-03-15T10:04:26","modified_gmt":"2024-03-15T10:04:26","slug":"privaatsuspoliitika","status":"publish","type":"page","link":"http:\/\/parts-export24.com\/et\/privaatsuspoliitika\/","title":{"rendered":"Privaatsuspoliitika"},"content":{"rendered":"\t\t<div data-elementor-type=\"wp-page\" data-elementor-id=\"819\" class=\"elementor elementor-819 elementor-319\">\n\t\t\t\t\t\t\t\t\t<section class=\"elementor-section elementor-top-section elementor-element elementor-element-05bba25 elementor-section-content-middle elementor-section-stretched elementor-section-boxed elementor-section-height-default elementor-section-height-default\" data-id=\"05bba25\" data-element_type=\"section\" data-settings=\"{&quot;stretch_section&quot;:&quot;section-stretched&quot;,&quot;background_background&quot;:&quot;classic&quot;}\">\n\t\t\t\t\t\t\t<div class=\"elementor-background-overlay\"><\/div>\n\t\t\t\t\t\t\t<div class=\"elementor-container elementor-column-gap-default\">\n\t\t\t\t\t<div class=\"elementor-column elementor-col-100 elementor-top-column elementor-element elementor-element-10952a6\" data-id=\"10952a6\" data-element_type=\"column\">\n\t\t\t<div class=\"elementor-widget-wrap elementor-element-populated\">\n\t\t\t\t\t\t\t\t<div class=\"elementor-element elementor-element-f1f957c elementor-widget elementor-widget-heading\" data-id=\"f1f957c\" data-element_type=\"widget\" data-widget_type=\"heading.default\">\n\t\t\t\t<div class=\"elementor-widget-container\">\n\t\t\t<style>\/*! elementor - v3.7.0 - 08-08-2022 *\/\n.elementor-heading-title{padding:0;margin:0;line-height:1}.elementor-widget-heading .elementor-heading-title[class*=elementor-size-]>a{color:inherit;font-size:inherit;line-height:inherit}.elementor-widget-heading .elementor-heading-title.elementor-size-small{font-size:15px}.elementor-widget-heading .elementor-heading-title.elementor-size-medium{font-size:19px}.elementor-widget-heading .elementor-heading-title.elementor-size-large{font-size:29px}.elementor-widget-heading .elementor-heading-title.elementor-size-xl{font-size:39px}.elementor-widget-heading .elementor-heading-title.elementor-size-xxl{font-size:59px}<\/style><h1 class=\"elementor-heading-title elementor-size-default\">Privaatsuspoliitika<\/h1>\t\t<\/div>\n\t\t\t\t<\/div>\n\t\t\t\t\t<\/div>\n\t\t<\/div>\n\t\t\t\t\t\t\t<\/div>\n\t\t<\/section>\n\t\t\t\t<section class=\"elementor-section elementor-top-section elementor-element elementor-element-ad9f445 elementor-section-boxed elementor-section-height-default elementor-section-height-default\" data-id=\"ad9f445\" data-element_type=\"section\">\n\t\t\t\t\t\t<div class=\"elementor-container elementor-column-gap-default\">\n\t\t\t\t\t<div class=\"elementor-column elementor-col-100 elementor-top-column elementor-element elementor-element-f932ee4\" data-id=\"f932ee4\" data-element_type=\"column\">\n\t\t\t<div class=\"elementor-widget-wrap elementor-element-populated\">\n\t\t\t\t\t\t\t\t<div class=\"elementor-element elementor-element-6863d47 elementor-widget elementor-widget-text-editor\" data-id=\"6863d47\" data-element_type=\"widget\" data-widget_type=\"text-editor.default\">\n\t\t\t\t<div class=\"elementor-widget-container\">\n\t\t\t<style>\/*! elementor - v3.7.0 - 08-08-2022 *\/\n.elementor-widget-text-editor.elementor-drop-cap-view-stacked .elementor-drop-cap{background-color:#818a91;color:#fff}.elementor-widget-text-editor.elementor-drop-cap-view-framed .elementor-drop-cap{color:#818a91;border:3px solid;background-color:transparent}.elementor-widget-text-editor:not(.elementor-drop-cap-view-default) .elementor-drop-cap{margin-top:8px}.elementor-widget-text-editor:not(.elementor-drop-cap-view-default) .elementor-drop-cap-letter{width:1em;height:1em}.elementor-widget-text-editor .elementor-drop-cap{float:left;text-align:center;line-height:1;font-size:50px}.elementor-widget-text-editor .elementor-drop-cap-letter{display:inline-block}<\/style>\t\t\t\t<p>Parts Expert on teadlik sellest, et kasutajad peavad isikuandmete kaitset ja nende konfidentsiaalset k\u00e4sitlemist v\u00e4ga oluliseks. Seet\u00f5ttu soovime siin tutvustada, kuidas me sellist teavet kogume ja t\u00f6\u00f6tleme.<\/p>\n<p>Parts Expert teatab, et vastavalt 29 augusti 1997 aasta isikuandmete kaitse seaduse isikuandmete kaitse seaduse (konsolideeritud tekst: Riigi Teataja 2014, punkt 1182) artikli 24 l\u00f5ike 1 alusel teie isikuandmete vastutav t\u00f6\u00f6tleja, mis on esitatud meie veebisaidi kaudu, kontaktvormide t\u00e4itmisel ja esitamisel, telefoni teel v\u00f5i isiklikult.<\/p>\n<p>Parts Expert t\u00f6\u00f6tleb andmeid \u00fchenduse v\u00f5tmiseks, k\u00fcsimusele vatamiseks ja pakkumise koostamiseks meie poolt pakutavate teenuste kohta. Andmeid t\u00f6\u00f6deldakse ulatuses, mis on piisav ja vajalik eespool nimetatud eesm\u00e4rkide t\u00e4itmiseks.<\/p>\n<h2>Isikuandmete kogumine ja kasutamine<\/h2>\n<p>Isikuandmed on \u00fcksikisikut tuvastavad andmed, nagu n\u00e4iteks nimi, e-posti aadress v\u00f5i postiaadress. Parts Expert ei kogu isikuandmeid, v\u00e4lja arvatud juhul, kui huvitatud isikud esitavad meile oma andmed konkreetsel eesm\u00e4rgil (nt online uudiskirja tellimiseks, k\u00fcsimusele vastamiseks ja pakkumise koostamiseks, k\u00fcsitluses, konkursil v\u00f5i loosimises osalemiseks, bro\u0161\u00fc\u00fcride tellimiseks v\u00f5i teabe taotlemiseks) ja n\u00f5ustuvad nende kasutamisega.<\/p>\n<p>Me salvestame, kasutame v\u00f5i edastame isikuandmeid ainult asjaomase isiku n\u00f5usolekul ja ainult selles ulatuses \u2013 sisu ja aja osas \u2013 mis on konkreetsel juhul vajalik, nt k\u00fcsimustele vastamiseks v\u00f5i v\u00e4ljendatud muredele reageerimiseks, taotluse t\u00e4itmiseks v\u00f5i asjaomaste isikute teavitamiseks konkursi v\u00f5i loosimise tulemustest. Parts Expert garanteerib, et ta ei m\u00fc\u00fc ega jaga isikuandmeid kolmandate osapooltega. Siiski v\u00f5idakse meilt seaduse alusel v\u00f5i t\u00e4idetavate valitsuse korralduste alusel n\u00f5uda teabe avaldamist oma kasutajate kohta.<\/p>\n<h2>Isikuandmete kasutamine reklaami- ja turunduseesm\u00e4rkidel<\/h2>\n<p>Kui asjaomane isik on andnud selges\u00f5nalise n\u00f5usoleku oma isikuandmete kasutamiseks reklaami- v\u00f5i turunduslikel eesm\u00e4rkidel, s\u00e4ilitatakse ja kasutatakse tema isikuandmeid pidevalt ka sellistel eesm\u00e4rkidel, n\u00e4iteks uudiskirjade, konkursside v\u00f5i loosimiste kutsete saatmiseks elektrooniliselt v\u00f5i posti teel v\u00f5i mis tahes muu asjaomase isiku poolt aktsepteeritud sidekanali kaudu. Me v\u00f5ime kasutada \u00fcksikisiku andmeid kasutaja profiili loomiseks ja haldamiseks, mis v\u00f5imaldab meil pakkuda kohandatud reklaami ja kampaaniaid. Me v\u00f5ime kasutada esitatud andmeid ka selleks, et anal\u00fc\u00fcsida ja parandada meie v\u00f5rguteenuseid ning reklaami-, turundus-, turu- ja m\u00fc\u00fcgitegevust.<\/p>\n<h2>N\u00f5usoleku t\u00fchistamine<\/h2>\n<p>N\u00f5usoleku isikuandmete kasutamiseks v\u00f5ib igal ajal t\u00e4ielikult v\u00f5i osaliselt t\u00fchistada, mis j\u00f5ustub tulevikus. Isikuandmed kustutatakse p\u00e4rast n\u00f5usoleku t\u00fchistamist. N\u00f5usoleku t\u00fchistamisest teata telefoni teel:<\/p>\n<p>T: +353 (85) 155 3786<\/p>\n<h2>\u00d5igus saada teavet<\/h2>\n<p>Taotluse korral teavitame asjaomast isikut viivitamatult tema meie veebisaidi k\u00fclastuse ajal kogutud isikuandmete liigist (kui neid on). Selle teemaga seotud p\u00e4ringud on k\u00f5ige parem esitada telefoni teel:<\/p>\n<p>T: +353 (85) 155 3786<\/p>\n<h2>Andmete ohutus<\/h2>\n<p>Oleme rakendanud tehnilisi ja organisatsioonilisi meetmeid, et kaitsta andmeid kadumise, muutmise, varguse v\u00f5i volitamata kolmandate isikute juurdep\u00e4\u00e4su eest.<\/p>\n<h2>Muudatused ja uuendused<\/h2>\n<p>Me j\u00e4tame endale \u00f5iguse muuta v\u00f5i ajakohastada mis tahes osa k\u00e4esolevast andmekaitsetingimustest igal ajal, kui me seda soovime, ilma kasutajatele ette teatamata. Kontrolli seda teatist regulaarselt selle avalduse muudatuste v\u00f5i v\u00e4rskenduste osas. Deklaratsioonile on alati m\u00e4rgitud sobiv j\u00f5ustumise kuup\u00e4ev.<\/p>\n<p>Parts Expert j\u00e4tab endale \u00f5iguse teha selles privaatsuspoliitikas muudatusi. Privaatsuspoliitika kehtib k\u00f5igile meie veebisaidi k\u00fclastajatele.<\/p>\n<h2>Isikuandmed<\/h2>\n<p>Parts Expert ei jaga kunagi ja mitte mingil juhul oma kasutajate kontaktandmeid kolmandate osapoolte\/ettev\u00f5tetega.<\/p>\n<h2>K\u00fcpsised (cookies)<\/h2>\n<p>Parts Expert&#8217;i veebisaidi m\u00f5ned valdkonnad v\u00f5ivad kasutada k\u00fcpsiseid, mis on v\u00e4ikesed tekstifailid, mis saadetakse k\u00fclastaja arvutisse ja mille abil on v\u00f5imalik k\u00fclastaja tuvastada, et lihtsustada ja kiirendada veebisaidi toimimist (nt m\u00e4letades varem avatud tekste ja laadides neid kiiremini). K\u00fcpsised on arvutile, samuti kasutajale ja tema andmetele kahjutud. Iga kasutaja saab need oma brauseri seadetes keelata.<\/p>\n<h2>Google Analytics<\/h2>\n<p>Parts Expert kasutab <a xmlns:xhtml=\"http:\/\/www.w3.org\/1999\/xhtml\" xhtml:href=\"http:\/\/www.google.com\/analytics\/learn\/privacy.html\">Google Analyticsit<\/a>, veebianal\u00fc\u00fcsi teenust, mida pakub Google, Inc. (&#8220;Google&#8221;). Google Analytics kasutab &#8220;k\u00fcpsiseid&#8221;, mis on sinu arvutisse paigutatud tekstifailid, et v\u00f5imaldada veebisaidil anal\u00fc\u00fcsida, kuidas kasutajad seda veebilehte kasutavad. K\u00fcpsise poolt genereeritud teave teie veebilehe kasutamise kohta (sealhulgas sinu IP-aadress) edastatakse ja salvestatakse Google&#8217;i poolt Ameerika \u00dchendriikides asuvatesse serveritesse.<\/p>\n<p>Google kasutab seda teavet selleks, et hinnata sinu veebilehe kasutamist, koostada veebilehe operaatoritele aruandeid veebilehe k\u00fclastatavuse kohta ning pakkuda muid veebilehe k\u00fclastatavuse ja internetikasutusega seotud teenuseid. Google v\u00f5ib neid andmeid edastada ka kolmandatele osapooltele, kui ta on selleks seadusega kohustatud v\u00f5i kui need kolmandad osapooled t\u00f6\u00f6tlevad neid andmeid Google&#8217;i nimel.<\/p>\n<p>Google ei seosta sinu IP-aadressi mis tahes muude tema valduses olevate andmetega. Kasutaja v\u00f5ib k\u00fcpsiste kasutamise keelata, valides oma brauseris vastavad seaded, kuid arvestades, et sel juhul ei pruugi olla v\u00f5imalik kasutada k\u00f5iki veebisaidi funktsioone. Seda veebisaiti kasutades n\u00f5ustud, et Google t\u00f6\u00f6tleb sinu kohta k\u00e4ivaid andmeid eespool kirjeldatud viisil ja eesm\u00e4rkidel.<\/p>\n<h2>Facebook<\/h2>\n<p>Parts Expert&#8217;i veebisaidil on integreeritud pistikprogramm (plug-in) sotsiaalv\u00f5rgustiku Facebook jaoks. Facebooki pistikprogramm asub meie veebisaidil nupu &#8220;Meeldib&#8221; all. Facebooki pistikprogrammide loendi leiad <a xmlns:xhtml=\"http:\/\/www.w3.org\/1999\/xhtml\" xhtml:href=\"http:\/\/developers.facebook.com\/docs\/plugins\/\">siit<\/a>.<\/p>\n<p>Kui k\u00fclastad meie veebisaiti, luuakse pistikprogrammi kaudu automaatne \u00fchendus Facebooki serveri ja sinu veebibrauseri vahel. Seej\u00e4rel saab Facebook info, et oled oma IP-aadressiga meie veebisaiti k\u00fclastanud. Kui kl\u00f5psad nuppu &#8220;Meeldib&#8221; olles oma Facebooki kontole sisse loginud, v\u00f5ib meie veebisaidi sisu olla lingitud sinu profiiliga. Lisainfot leiab <a xmlns:xhtml=\"http:\/\/www.w3.org\/1999\/xhtml\" xhtml:href=\"http:\/\/www.facebook.com\/policy.php\">Facebooki<\/a> lehtedelt.<\/p>\n<p>Kui sa ei soovi, et Facebook salvestaks kui sa k\u00fclastasid meie veebisaiti k\u00fclastad, siis logi palun oma Facebooki kasutajakontost v\u00e4lja.<\/p>\n<h2>Vastutusest loobumine<\/h2>\n<p>Parts Expert ei vastuta meie veebilehtedel avaldatud eraisikute ja ettev\u00f5tete arvamuste, kommentaaride sisu eest.<\/p>\n\t\t\t\t\t\t<\/div>\n\t\t\t\t<\/div>\n\t\t\t\t\t<\/div>\n\t\t<\/div>\n\t\t\t\t\t\t\t<\/div>\n\t\t<\/section>\n\t\t\t\t\t\t\t<\/div>\n\t\t","protected":false},"excerpt":{"rendered":"<p>Privaatsuspoliitika Parts Expert on teadlik sellest, et kasutajad peavad isikuandmete kaitset ja nende konfidentsiaalset k\u00e4sitlemist v\u00e4ga oluliseks. Seet\u00f5ttu soovime siin tutvustada, kuidas me sellist teavet kogume ja t\u00f6\u00f6tleme. Parts Expert teatab, et vastavalt 29 augusti 1997 aasta isikuandmete kaitse seaduse isikuandmete kaitse seaduse (konsolideeritud tekst: Riigi Teataja 2014, punkt 1182) artikli 24 l\u00f5ike 1 alusel [&hellip;]<\/p>\n","protected":false},"author":1,"featured_media":0,"parent":0,"menu_order":0,"comment_status":"closed","ping_status":"open","template":"","meta":{"inline_featured_image":false,"footnotes":""},"class_list":["post-819","page","type-page","status-publish","hentry"],"yoast_head":"<!-- This site is optimized with the Yoast SEO plugin v19.5.1 - https:\/\/yoast.com\/wordpress\/plugins\/seo\/ -->\n<title>Privaatsuspoliitika - Parts Export<\/title>\n<meta name=\"robots\" content=\"index, follow, max-snippet:-1, max-image-preview:large, max-video-preview:-1\" \/>\n<link rel=\"canonical\" href=\"http:\/\/parts-export24.com\/et\/privaatsuspoliitika\/\" \/>\n<meta property=\"og:locale\" content=\"et_EE\" \/>\n<meta property=\"og:type\" content=\"article\" \/>\n<meta property=\"og:title\" content=\"Privaatsuspoliitika - Parts Export\" \/>\n<meta property=\"og:description\" content=\"Privaatsuspoliitika Parts Expert on teadlik sellest, et kasutajad peavad isikuandmete kaitset ja nende konfidentsiaalset k\u00e4sitlemist v\u00e4ga oluliseks. Seet\u00f5ttu soovime siin tutvustada, kuidas me sellist teavet kogume ja t\u00f6\u00f6tleme. Parts Expert teatab, et vastavalt 29 augusti 1997 aasta isikuandmete kaitse seaduse isikuandmete kaitse seaduse (konsolideeritud tekst: Riigi Teataja 2014, punkt 1182) artikli 24 l\u00f5ike 1 alusel [&hellip;]\" \/>\n<meta property=\"og:url\" content=\"http:\/\/parts-export24.com\/et\/privaatsuspoliitika\/\" \/>\n<meta property=\"og:site_name\" content=\"Parts Export\" \/>\n<meta property=\"article:modified_time\" content=\"2024-03-15T10:04:26+00:00\" \/>\n<meta name=\"twitter:card\" content=\"summary_large_image\" \/>\n<meta name=\"twitter:label1\" content=\"Est. reading time\" \/>\n\t<meta name=\"twitter:data1\" content=\"4 minutit\" \/>\n<script type=\"application\/ld+json\" class=\"yoast-schema-graph\">{\"@context\":\"https:\/\/schema.org\",\"@graph\":[{\"@type\":\"WebPage\",\"@id\":\"http:\/\/parts-export24.com\/et\/privaatsuspoliitika\/\",\"url\":\"http:\/\/parts-export24.com\/et\/privaatsuspoliitika\/\",\"name\":\"Privaatsuspoliitika - Parts Export\",\"isPartOf\":{\"@id\":\"http:\/\/parts-export24.com\/et\/#website\"},\"datePublished\":\"2022-07-30T11:18:06+00:00\",\"dateModified\":\"2024-03-15T10:04:26+00:00\",\"breadcrumb\":{\"@id\":\"http:\/\/parts-export24.com\/et\/privaatsuspoliitika\/#breadcrumb\"},\"inLanguage\":\"et\",\"potentialAction\":[{\"@type\":\"ReadAction\",\"target\":[\"http:\/\/parts-export24.com\/et\/privaatsuspoliitika\/\"]}]},{\"@type\":\"BreadcrumbList\",\"@id\":\"http:\/\/parts-export24.com\/et\/privaatsuspoliitika\/#breadcrumb\",\"itemListElement\":[{\"@type\":\"ListItem\",\"position\":1,\"name\":\"Home\",\"item\":\"http:\/\/parts-export24.com\/et\/\"},{\"@type\":\"ListItem\",\"position\":2,\"name\":\"Privaatsuspoliitika\"}]},{\"@type\":\"WebSite\",\"@id\":\"http:\/\/parts-export24.com\/et\/#website\",\"url\":\"http:\/\/parts-export24.com\/et\/\",\"name\":\"Parts Export\",\"description\":\"Wholesale of engines and car parts\",\"publisher\":{\"@id\":\"http:\/\/parts-export24.com\/et\/#organization\"},\"potentialAction\":[{\"@type\":\"SearchAction\",\"target\":{\"@type\":\"EntryPoint\",\"urlTemplate\":\"http:\/\/parts-export24.com\/et\/?s={search_term_string}\"},\"query-input\":\"required name=search_term_string\"}],\"inLanguage\":\"et\"},{\"@type\":\"Organization\",\"@id\":\"http:\/\/parts-export24.com\/et\/#organization\",\"name\":\"Parts Export\",\"url\":\"http:\/\/parts-export24.com\/et\/\",\"sameAs\":[],\"logo\":{\"@type\":\"ImageObject\",\"inLanguage\":\"et\",\"@id\":\"http:\/\/parts-export24.com\/et\/#\/schema\/logo\/image\/\",\"url\":\"http:\/\/parts-export24.com\/wp-content\/uploads\/2022\/07\/Parts-Export-logo.svg\",\"contentUrl\":\"http:\/\/parts-export24.com\/wp-content\/uploads\/2022\/07\/Parts-Export-logo.svg\",\"width\":469,\"height\":115,\"caption\":\"Parts Export\"},\"image\":{\"@id\":\"http:\/\/parts-export24.com\/et\/#\/schema\/logo\/image\/\"}}]}<\/script>\n<!-- \/ Yoast SEO plugin. -->","yoast_head_json":{"title":"Privaatsuspoliitika - Parts Export","robots":{"index":"index","follow":"follow","max-snippet":"max-snippet:-1","max-image-preview":"max-image-preview:large","max-video-preview":"max-video-preview:-1"},"canonical":"http:\/\/parts-export24.com\/et\/privaatsuspoliitika\/","og_locale":"et_EE","og_type":"article","og_title":"Privaatsuspoliitika - Parts Export","og_description":"Privaatsuspoliitika Parts Expert on teadlik sellest, et kasutajad peavad isikuandmete kaitset ja nende konfidentsiaalset k\u00e4sitlemist v\u00e4ga oluliseks. Seet\u00f5ttu soovime siin tutvustada, kuidas me sellist teavet kogume ja t\u00f6\u00f6tleme. Parts Expert teatab, et vastavalt 29 augusti 1997 aasta isikuandmete kaitse seaduse isikuandmete kaitse seaduse (konsolideeritud tekst: Riigi Teataja 2014, punkt 1182) artikli 24 l\u00f5ike 1 alusel [&hellip;]","og_url":"http:\/\/parts-export24.com\/et\/privaatsuspoliitika\/","og_site_name":"Parts Export","article_modified_time":"2024-03-15T10:04:26+00:00","twitter_card":"summary_large_image","twitter_misc":{"Est. reading time":"4 minutit"},"schema":{"@context":"https:\/\/schema.org","@graph":[{"@type":"WebPage","@id":"http:\/\/parts-export24.com\/et\/privaatsuspoliitika\/","url":"http:\/\/parts-export24.com\/et\/privaatsuspoliitika\/","name":"Privaatsuspoliitika - Parts Export","isPartOf":{"@id":"http:\/\/parts-export24.com\/et\/#website"},"datePublished":"2022-07-30T11:18:06+00:00","dateModified":"2024-03-15T10:04:26+00:00","breadcrumb":{"@id":"http:\/\/parts-export24.com\/et\/privaatsuspoliitika\/#breadcrumb"},"inLanguage":"et","potentialAction":[{"@type":"ReadAction","target":["http:\/\/parts-export24.com\/et\/privaatsuspoliitika\/"]}]},{"@type":"BreadcrumbList","@id":"http:\/\/parts-export24.com\/et\/privaatsuspoliitika\/#breadcrumb","itemListElement":[{"@type":"ListItem","position":1,"name":"Home","item":"http:\/\/parts-export24.com\/et\/"},{"@type":"ListItem","position":2,"name":"Privaatsuspoliitika"}]},{"@type":"WebSite","@id":"http:\/\/parts-export24.com\/et\/#website","url":"http:\/\/parts-export24.com\/et\/","name":"Parts Export","description":"Wholesale of engines and car parts","publisher":{"@id":"http:\/\/parts-export24.com\/et\/#organization"},"potentialAction":[{"@type":"SearchAction","target":{"@type":"EntryPoint","urlTemplate":"http:\/\/parts-export24.com\/et\/?s={search_term_string}"},"query-input":"required name=search_term_string"}],"inLanguage":"et"},{"@type":"Organization","@id":"http:\/\/parts-export24.com\/et\/#organization","name":"Parts Export","url":"http:\/\/parts-export24.com\/et\/","sameAs":[],"logo":{"@type":"ImageObject","inLanguage":"et","@id":"http:\/\/parts-export24.com\/et\/#\/schema\/logo\/image\/","url":"http:\/\/parts-export24.com\/wp-content\/uploads\/2022\/07\/Parts-Export-logo.svg","contentUrl":"http:\/\/parts-export24.com\/wp-content\/uploads\/2022\/07\/Parts-Export-logo.svg","width":469,"height":115,"caption":"Parts Export"},"image":{"@id":"http:\/\/parts-export24.com\/et\/#\/schema\/logo\/image\/"}}]}},"_links":{"self":[{"href":"http:\/\/parts-export24.com\/et\/wp-json\/wp\/v2\/pages\/819","targetHints":{"allow":["GET"]}}],"collection":[{"href":"http:\/\/parts-export24.com\/et\/wp-json\/wp\/v2\/pages"}],"about":[{"href":"http:\/\/parts-export24.com\/et\/wp-json\/wp\/v2\/types\/page"}],"author":[{"embeddable":true,"href":"http:\/\/parts-export24.com\/et\/wp-json\/wp\/v2\/users\/1"}],"replies":[{"embeddable":true,"href":"http:\/\/parts-export24.com\/et\/wp-json\/wp\/v2\/comments?post=819"}],"version-history":[{"count":2,"href":"http:\/\/parts-export24.com\/et\/wp-json\/wp\/v2\/pages\/819\/revisions"}],"predecessor-version":[{"id":830,"href":"http:\/\/parts-export24.com\/et\/wp-json\/wp\/v2\/pages\/819\/revisions\/830"}],"wp:attachment":[{"href":"http:\/\/parts-export24.com\/et\/wp-json\/wp\/v2\/media?parent=819"}],"curies":[{"name":"wp","href":"https:\/\/api.w.org\/{rel}","templated":true}]}}