{"id":791,"date":"2022-07-30T12:03:27","date_gmt":"2022-07-30T11:03:27","guid":{"rendered":"http:\/\/parts-export24.com\/pakkumine\/kontrollerite-hulgimuuk\/"},"modified":"2024-03-15T10:04:20","modified_gmt":"2024-03-15T10:04:20","slug":"kontrollerite-hulgimuuk","status":"publish","type":"page","link":"http:\/\/parts-export24.com\/et\/pakkumine\/kontrollerite-hulgimuuk\/","title":{"rendered":"Kontrollerite hulgim\u00fc\u00fck"},"content":{"rendered":"\t\t<div data-elementor-type=\"wp-page\" data-elementor-id=\"791\" class=\"elementor elementor-791 elementor-270\">\n\t\t\t\t\t\t\t\t\t<section class=\"elementor-section elementor-top-section elementor-element elementor-element-f3814eb elementor-section-content-middle elementor-section-stretched elementor-section-boxed elementor-section-height-default elementor-section-height-default\" data-id=\"f3814eb\" data-element_type=\"section\" data-settings=\"{&quot;stretch_section&quot;:&quot;section-stretched&quot;,&quot;background_background&quot;:&quot;classic&quot;}\">\n\t\t\t\t\t\t\t<div class=\"elementor-background-overlay\"><\/div>\n\t\t\t\t\t\t\t<div class=\"elementor-container elementor-column-gap-default\">\n\t\t\t\t\t<div class=\"elementor-column elementor-col-100 elementor-top-column elementor-element elementor-element-c0c5aa9\" data-id=\"c0c5aa9\" data-element_type=\"column\">\n\t\t\t<div class=\"elementor-widget-wrap elementor-element-populated\">\n\t\t\t\t\t\t\t\t<div class=\"elementor-element elementor-element-9b84775 elementor-widget elementor-widget-heading\" data-id=\"9b84775\" data-element_type=\"widget\" data-widget_type=\"heading.default\">\n\t\t\t\t<div class=\"elementor-widget-container\">\n\t\t\t<style>\/*! elementor - v3.7.0 - 08-08-2022 *\/\n.elementor-heading-title{padding:0;margin:0;line-height:1}.elementor-widget-heading .elementor-heading-title[class*=elementor-size-]>a{color:inherit;font-size:inherit;line-height:inherit}.elementor-widget-heading .elementor-heading-title.elementor-size-small{font-size:15px}.elementor-widget-heading .elementor-heading-title.elementor-size-medium{font-size:19px}.elementor-widget-heading .elementor-heading-title.elementor-size-large{font-size:29px}.elementor-widget-heading .elementor-heading-title.elementor-size-xl{font-size:39px}.elementor-widget-heading .elementor-heading-title.elementor-size-xxl{font-size:59px}<\/style><h1 class=\"elementor-heading-title elementor-size-default\">Kontrollerite hulgim\u00fc\u00fck<\/h1>\t\t<\/div>\n\t\t\t\t<\/div>\n\t\t\t\t\t<\/div>\n\t\t<\/div>\n\t\t\t\t\t\t\t<\/div>\n\t\t<\/section>\n\t\t\t\t<section class=\"elementor-section elementor-top-section elementor-element elementor-element-7a62465 elementor-section-content-middle elementor-section-boxed elementor-section-height-default elementor-section-height-default\" data-id=\"7a62465\" data-element_type=\"section\">\n\t\t\t\t\t\t<div class=\"elementor-container elementor-column-gap-default\">\n\t\t\t\t\t<div class=\"elementor-column elementor-col-50 elementor-top-column elementor-element elementor-element-afdbc83\" data-id=\"afdbc83\" data-element_type=\"column\">\n\t\t\t<div class=\"elementor-widget-wrap elementor-element-populated\">\n\t\t\t\t\t\t\t\t<div class=\"elementor-element elementor-element-314735c elementor-widget elementor-widget-text-editor\" data-id=\"314735c\" data-element_type=\"widget\" data-widget_type=\"text-editor.default\">\n\t\t\t\t<div class=\"elementor-widget-container\">\n\t\t\t<style>\/*! elementor - v3.7.0 - 08-08-2022 *\/\n.elementor-widget-text-editor.elementor-drop-cap-view-stacked .elementor-drop-cap{background-color:#818a91;color:#fff}.elementor-widget-text-editor.elementor-drop-cap-view-framed .elementor-drop-cap{color:#818a91;border:3px solid;background-color:transparent}.elementor-widget-text-editor:not(.elementor-drop-cap-view-default) .elementor-drop-cap{margin-top:8px}.elementor-widget-text-editor:not(.elementor-drop-cap-view-default) .elementor-drop-cap-letter{width:1em;height:1em}.elementor-widget-text-editor .elementor-drop-cap{float:left;text-align:center;line-height:1;font-size:50px}.elementor-widget-text-editor .elementor-drop-cap-letter{display:inline-block}<\/style>\t\t\t\t<h2>Autoosade hulgim\u00fc\u00fck \u2013 kontrollerid<\/h2>\n<p>Meil on suures koguses kasutatud autode kontrollereid. M\u00fc\u00fck ainult pakendites.<\/p>\n\t\t\t\t\t\t<\/div>\n\t\t\t\t<\/div>\n\t\t\t\t\t<\/div>\n\t\t<\/div>\n\t\t\t\t<div class=\"elementor-column elementor-col-50 elementor-top-column elementor-element elementor-element-1165751\" data-id=\"1165751\" data-element_type=\"column\">\n\t\t\t<div class=\"elementor-widget-wrap elementor-element-populated\">\n\t\t\t\t\t\t\t\t<div class=\"elementor-element elementor-element-064c584 elementor-widget elementor-widget-image\" data-id=\"064c584\" data-element_type=\"widget\" data-widget_type=\"image.default\">\n\t\t\t\t<div class=\"elementor-widget-container\">\n\t\t\t<style>\/*! elementor - v3.7.0 - 08-08-2022 *\/\n.elementor-widget-image{text-align:center}.elementor-widget-image a{display:inline-block}.elementor-widget-image a img[src$=\".svg\"]{width:48px}.elementor-widget-image img{vertical-align:middle;display:inline-block}<\/style>\t\t\t\t\t\t\t\t\t\t\t\t<img decoding=\"async\" width=\"1024\" height=\"576\" src=\"http:\/\/parts-export24.com\/wp-content\/uploads\/2022\/07\/parts-export5-1024x576.jpg\" class=\"attachment-large size-large\" alt=\"\" srcset=\"http:\/\/parts-export24.com\/wp-content\/uploads\/2022\/07\/parts-export5-1024x576.jpg 1024w, http:\/\/parts-export24.com\/wp-content\/uploads\/2022\/07\/parts-export5-300x169.jpg 300w, http:\/\/parts-export24.com\/wp-content\/uploads\/2022\/07\/parts-export5-768x432.jpg 768w, http:\/\/parts-export24.com\/wp-content\/uploads\/2022\/07\/parts-export5-1536x864.jpg 1536w, http:\/\/parts-export24.com\/wp-content\/uploads\/2022\/07\/parts-export5.jpg 1599w\" sizes=\"(max-width: 1024px) 100vw, 1024px\" \/>\t\t\t\t\t\t\t\t\t\t\t\t\t\t\t<\/div>\n\t\t\t\t<\/div>\n\t\t\t\t\t<\/div>\n\t\t<\/div>\n\t\t\t\t\t\t\t<\/div>\n\t\t<\/section>\n\t\t\t\t<section class=\"elementor-section elementor-top-section elementor-element elementor-element-84fbea4 elementor-section-boxed elementor-section-height-default elementor-section-height-default\" data-id=\"84fbea4\" data-element_type=\"section\">\n\t\t\t\t\t\t<div class=\"elementor-container elementor-column-gap-default\">\n\t\t\t\t\t<div class=\"elementor-column elementor-col-100 elementor-top-column elementor-element elementor-element-25460a0\" data-id=\"25460a0\" data-element_type=\"column\">\n\t\t\t<div class=\"elementor-widget-wrap elementor-element-populated\">\n\t\t\t\t\t\t\t\t<div class=\"elementor-element elementor-element-efc428f elementor-widget elementor-widget-text-editor\" data-id=\"efc428f\" data-element_type=\"widget\" data-widget_type=\"text-editor.default\">\n\t\t\t\t<div class=\"elementor-widget-container\">\n\t\t\t\t\t\t\t<p>Kui vaadata oma auto k\u00f5igi elektriliste osade skeeme, siis on s\u00f5idukis kilomeetrite jagu juhtmestikku \u00fchendavate juhtmete ja pistikute arv h\u00e4mmastav. K\u00f5ik elemendid vajavad korrektseks toimimiseks teabe edastamiseks elektroonilisi kontrollereid. Nagu elektroonilised osad, on need vastuv\u00f5tlikud l\u00e4bip\u00f5lemisele ja riketele. Kui vajad autoelektroonika komponente kontrollerite v\u00f5i muude komponentide n\u00e4ol, v\u00f5ta meiega \u00fchendust.<\/p>\n\t\t\t\t\t\t<\/div>\n\t\t\t\t<\/div>\n\t\t\t\t\t<\/div>\n\t\t<\/div>\n\t\t\t\t\t\t\t<\/div>\n\t\t<\/section>\n\t\t\t\t\t\t\t<\/div>\n\t\t","protected":false},"excerpt":{"rendered":"<p>Kontrollerite hulgim\u00fc\u00fck Autoosade hulgim\u00fc\u00fck \u2013 kontrollerid Meil on suures koguses kasutatud autode kontrollereid. M\u00fc\u00fck ainult pakendites. Kui vaadata oma auto k\u00f5igi elektriliste osade skeeme, siis on s\u00f5idukis kilomeetrite jagu juhtmestikku \u00fchendavate juhtmete ja pistikute arv h\u00e4mmastav. K\u00f5ik elemendid vajavad korrektseks toimimiseks teabe edastamiseks elektroonilisi kontrollereid. Nagu elektroonilised osad, on need vastuv\u00f5tlikud l\u00e4bip\u00f5lemisele ja riketele. Kui [&hellip;]<\/p>\n","protected":false},"author":1,"featured_media":0,"parent":728,"menu_order":0,"comment_status":"closed","ping_status":"closed","template":"","meta":{"inline_featured_image":false,"footnotes":""},"class_list":["post-791","page","type-page","status-publish","hentry"],"yoast_head":"<!-- This site is optimized with the Yoast SEO plugin v19.5.1 - https:\/\/yoast.com\/wordpress\/plugins\/seo\/ -->\n<title>Kontrollerite hulgim\u00fc\u00fck - Parts Export<\/title>\n<meta name=\"robots\" content=\"index, follow, max-snippet:-1, max-image-preview:large, max-video-preview:-1\" \/>\n<link rel=\"canonical\" href=\"http:\/\/parts-export24.com\/et\/pakkumine\/kontrollerite-hulgimuuk\/\" \/>\n<meta property=\"og:locale\" content=\"et_EE\" \/>\n<meta property=\"og:type\" content=\"article\" \/>\n<meta property=\"og:title\" content=\"Kontrollerite hulgim\u00fc\u00fck - Parts Export\" \/>\n<meta property=\"og:description\" content=\"Kontrollerite hulgim\u00fc\u00fck Autoosade hulgim\u00fc\u00fck \u2013 kontrollerid Meil on suures koguses kasutatud autode kontrollereid. M\u00fc\u00fck ainult pakendites. Kui vaadata oma auto k\u00f5igi elektriliste osade skeeme, siis on s\u00f5idukis kilomeetrite jagu juhtmestikku \u00fchendavate juhtmete ja pistikute arv h\u00e4mmastav. K\u00f5ik elemendid vajavad korrektseks toimimiseks teabe edastamiseks elektroonilisi kontrollereid. Nagu elektroonilised osad, on need vastuv\u00f5tlikud l\u00e4bip\u00f5lemisele ja riketele. Kui [&hellip;]\" \/>\n<meta property=\"og:url\" content=\"http:\/\/parts-export24.com\/et\/pakkumine\/kontrollerite-hulgimuuk\/\" \/>\n<meta property=\"og:site_name\" content=\"Parts Export\" \/>\n<meta property=\"article:modified_time\" content=\"2024-03-15T10:04:20+00:00\" \/>\n<meta property=\"og:image\" content=\"http:\/\/parts-export24.com\/wp-content\/uploads\/2022\/07\/parts-export5-1024x576.jpg\" \/>\n<meta name=\"twitter:card\" content=\"summary_large_image\" \/>\n<script type=\"application\/ld+json\" class=\"yoast-schema-graph\">{\"@context\":\"https:\/\/schema.org\",\"@graph\":[{\"@type\":\"WebPage\",\"@id\":\"http:\/\/parts-export24.com\/et\/pakkumine\/kontrollerite-hulgimuuk\/\",\"url\":\"http:\/\/parts-export24.com\/et\/pakkumine\/kontrollerite-hulgimuuk\/\",\"name\":\"Kontrollerite hulgim\u00fc\u00fck - Parts Export\",\"isPartOf\":{\"@id\":\"http:\/\/parts-export24.com\/et\/#website\"},\"datePublished\":\"2022-07-30T11:03:27+00:00\",\"dateModified\":\"2024-03-15T10:04:20+00:00\",\"breadcrumb\":{\"@id\":\"http:\/\/parts-export24.com\/et\/pakkumine\/kontrollerite-hulgimuuk\/#breadcrumb\"},\"inLanguage\":\"et\",\"potentialAction\":[{\"@type\":\"ReadAction\",\"target\":[\"http:\/\/parts-export24.com\/et\/pakkumine\/kontrollerite-hulgimuuk\/\"]}]},{\"@type\":\"BreadcrumbList\",\"@id\":\"http:\/\/parts-export24.com\/et\/pakkumine\/kontrollerite-hulgimuuk\/#breadcrumb\",\"itemListElement\":[{\"@type\":\"ListItem\",\"position\":1,\"name\":\"Home\",\"item\":\"http:\/\/parts-export24.com\/et\/\"},{\"@type\":\"ListItem\",\"position\":2,\"name\":\"Pakkumine\",\"item\":\"http:\/\/parts-export24.com\/et\/pakkumine\/\"},{\"@type\":\"ListItem\",\"position\":3,\"name\":\"Kontrollerite hulgim\u00fc\u00fck\"}]},{\"@type\":\"WebSite\",\"@id\":\"http:\/\/parts-export24.com\/et\/#website\",\"url\":\"http:\/\/parts-export24.com\/et\/\",\"name\":\"Parts Export\",\"description\":\"Wholesale of engines and car parts\",\"publisher\":{\"@id\":\"http:\/\/parts-export24.com\/et\/#organization\"},\"potentialAction\":[{\"@type\":\"SearchAction\",\"target\":{\"@type\":\"EntryPoint\",\"urlTemplate\":\"http:\/\/parts-export24.com\/et\/?s={search_term_string}\"},\"query-input\":\"required name=search_term_string\"}],\"inLanguage\":\"et\"},{\"@type\":\"Organization\",\"@id\":\"http:\/\/parts-export24.com\/et\/#organization\",\"name\":\"Parts Export\",\"url\":\"http:\/\/parts-export24.com\/et\/\",\"sameAs\":[],\"logo\":{\"@type\":\"ImageObject\",\"inLanguage\":\"et\",\"@id\":\"http:\/\/parts-export24.com\/et\/#\/schema\/logo\/image\/\",\"url\":\"http:\/\/parts-export24.com\/wp-content\/uploads\/2022\/07\/Parts-Export-logo.svg\",\"contentUrl\":\"http:\/\/parts-export24.com\/wp-content\/uploads\/2022\/07\/Parts-Export-logo.svg\",\"width\":469,\"height\":115,\"caption\":\"Parts Export\"},\"image\":{\"@id\":\"http:\/\/parts-export24.com\/et\/#\/schema\/logo\/image\/\"}}]}<\/script>\n<!-- \/ Yoast SEO plugin. -->","yoast_head_json":{"title":"Kontrollerite hulgim\u00fc\u00fck - Parts Export","robots":{"index":"index","follow":"follow","max-snippet":"max-snippet:-1","max-image-preview":"max-image-preview:large","max-video-preview":"max-video-preview:-1"},"canonical":"http:\/\/parts-export24.com\/et\/pakkumine\/kontrollerite-hulgimuuk\/","og_locale":"et_EE","og_type":"article","og_title":"Kontrollerite hulgim\u00fc\u00fck - Parts Export","og_description":"Kontrollerite hulgim\u00fc\u00fck Autoosade hulgim\u00fc\u00fck \u2013 kontrollerid Meil on suures koguses kasutatud autode kontrollereid. M\u00fc\u00fck ainult pakendites. Kui vaadata oma auto k\u00f5igi elektriliste osade skeeme, siis on s\u00f5idukis kilomeetrite jagu juhtmestikku \u00fchendavate juhtmete ja pistikute arv h\u00e4mmastav. K\u00f5ik elemendid vajavad korrektseks toimimiseks teabe edastamiseks elektroonilisi kontrollereid. Nagu elektroonilised osad, on need vastuv\u00f5tlikud l\u00e4bip\u00f5lemisele ja riketele. Kui [&hellip;]","og_url":"http:\/\/parts-export24.com\/et\/pakkumine\/kontrollerite-hulgimuuk\/","og_site_name":"Parts Export","article_modified_time":"2024-03-15T10:04:20+00:00","og_image":[{"url":"http:\/\/parts-export24.com\/wp-content\/uploads\/2022\/07\/parts-export5-1024x576.jpg"}],"twitter_card":"summary_large_image","schema":{"@context":"https:\/\/schema.org","@graph":[{"@type":"WebPage","@id":"http:\/\/parts-export24.com\/et\/pakkumine\/kontrollerite-hulgimuuk\/","url":"http:\/\/parts-export24.com\/et\/pakkumine\/kontrollerite-hulgimuuk\/","name":"Kontrollerite hulgim\u00fc\u00fck - Parts Export","isPartOf":{"@id":"http:\/\/parts-export24.com\/et\/#website"},"datePublished":"2022-07-30T11:03:27+00:00","dateModified":"2024-03-15T10:04:20+00:00","breadcrumb":{"@id":"http:\/\/parts-export24.com\/et\/pakkumine\/kontrollerite-hulgimuuk\/#breadcrumb"},"inLanguage":"et","potentialAction":[{"@type":"ReadAction","target":["http:\/\/parts-export24.com\/et\/pakkumine\/kontrollerite-hulgimuuk\/"]}]},{"@type":"BreadcrumbList","@id":"http:\/\/parts-export24.com\/et\/pakkumine\/kontrollerite-hulgimuuk\/#breadcrumb","itemListElement":[{"@type":"ListItem","position":1,"name":"Home","item":"http:\/\/parts-export24.com\/et\/"},{"@type":"ListItem","position":2,"name":"Pakkumine","item":"http:\/\/parts-export24.com\/et\/pakkumine\/"},{"@type":"ListItem","position":3,"name":"Kontrollerite hulgim\u00fc\u00fck"}]},{"@type":"WebSite","@id":"http:\/\/parts-export24.com\/et\/#website","url":"http:\/\/parts-export24.com\/et\/","name":"Parts Export","description":"Wholesale of engines and car parts","publisher":{"@id":"http:\/\/parts-export24.com\/et\/#organization"},"potentialAction":[{"@type":"SearchAction","target":{"@type":"EntryPoint","urlTemplate":"http:\/\/parts-export24.com\/et\/?s={search_term_string}"},"query-input":"required name=search_term_string"}],"inLanguage":"et"},{"@type":"Organization","@id":"http:\/\/parts-export24.com\/et\/#organization","name":"Parts Export","url":"http:\/\/parts-export24.com\/et\/","sameAs":[],"logo":{"@type":"ImageObject","inLanguage":"et","@id":"http:\/\/parts-export24.com\/et\/#\/schema\/logo\/image\/","url":"http:\/\/parts-export24.com\/wp-content\/uploads\/2022\/07\/Parts-Export-logo.svg","contentUrl":"http:\/\/parts-export24.com\/wp-content\/uploads\/2022\/07\/Parts-Export-logo.svg","width":469,"height":115,"caption":"Parts Export"},"image":{"@id":"http:\/\/parts-export24.com\/et\/#\/schema\/logo\/image\/"}}]}},"_links":{"self":[{"href":"http:\/\/parts-export24.com\/et\/wp-json\/wp\/v2\/pages\/791","targetHints":{"allow":["GET"]}}],"collection":[{"href":"http:\/\/parts-export24.com\/et\/wp-json\/wp\/v2\/pages"}],"about":[{"href":"http:\/\/parts-export24.com\/et\/wp-json\/wp\/v2\/types\/page"}],"author":[{"embeddable":true,"href":"http:\/\/parts-export24.com\/et\/wp-json\/wp\/v2\/users\/1"}],"replies":[{"embeddable":true,"href":"http:\/\/parts-export24.com\/et\/wp-json\/wp\/v2\/comments?post=791"}],"version-history":[{"count":2,"href":"http:\/\/parts-export24.com\/et\/wp-json\/wp\/v2\/pages\/791\/revisions"}],"predecessor-version":[{"id":807,"href":"http:\/\/parts-export24.com\/et\/wp-json\/wp\/v2\/pages\/791\/revisions\/807"}],"up":[{"embeddable":true,"href":"http:\/\/parts-export24.com\/et\/wp-json\/wp\/v2\/pages\/728"}],"wp:attachment":[{"href":"http:\/\/parts-export24.com\/et\/wp-json\/wp\/v2\/media?parent=791"}],"curies":[{"name":"wp","href":"https:\/\/api.w.org\/{rel}","templated":true}]}}