{"id":781,"date":"2022-07-30T12:00:47","date_gmt":"2022-07-30T11:00:47","guid":{"rendered":"http:\/\/parts-export24.com\/pakkumine\/autoosade-hulgimuuk\/"},"modified":"2024-03-15T10:04:17","modified_gmt":"2024-03-15T10:04:17","slug":"autoosade-hulgimuuk","status":"publish","type":"page","link":"http:\/\/parts-export24.com\/et\/pakkumine\/autoosade-hulgimuuk\/","title":{"rendered":"Autoosade hulgim\u00fc\u00fck"},"content":{"rendered":"\t\t<div data-elementor-type=\"wp-page\" data-elementor-id=\"781\" class=\"elementor elementor-781 elementor-265\">\n\t\t\t\t\t\t\t\t\t<section class=\"elementor-section elementor-top-section elementor-element elementor-element-851c87d elementor-section-content-middle elementor-section-stretched elementor-section-boxed elementor-section-height-default elementor-section-height-default\" data-id=\"851c87d\" data-element_type=\"section\" data-settings=\"{&quot;stretch_section&quot;:&quot;section-stretched&quot;,&quot;background_background&quot;:&quot;classic&quot;}\">\n\t\t\t\t\t\t\t<div class=\"elementor-background-overlay\"><\/div>\n\t\t\t\t\t\t\t<div class=\"elementor-container elementor-column-gap-default\">\n\t\t\t\t\t<div class=\"elementor-column elementor-col-100 elementor-top-column elementor-element elementor-element-cede481\" data-id=\"cede481\" data-element_type=\"column\">\n\t\t\t<div class=\"elementor-widget-wrap elementor-element-populated\">\n\t\t\t\t\t\t\t\t<div class=\"elementor-element elementor-element-1206f4b elementor-widget elementor-widget-heading\" data-id=\"1206f4b\" data-element_type=\"widget\" data-widget_type=\"heading.default\">\n\t\t\t\t<div class=\"elementor-widget-container\">\n\t\t\t<style>\/*! elementor - v3.7.0 - 08-08-2022 *\/\n.elementor-heading-title{padding:0;margin:0;line-height:1}.elementor-widget-heading .elementor-heading-title[class*=elementor-size-]>a{color:inherit;font-size:inherit;line-height:inherit}.elementor-widget-heading .elementor-heading-title.elementor-size-small{font-size:15px}.elementor-widget-heading .elementor-heading-title.elementor-size-medium{font-size:19px}.elementor-widget-heading .elementor-heading-title.elementor-size-large{font-size:29px}.elementor-widget-heading .elementor-heading-title.elementor-size-xl{font-size:39px}.elementor-widget-heading .elementor-heading-title.elementor-size-xxl{font-size:59px}<\/style><h1 class=\"elementor-heading-title elementor-size-default\">Autoosade hulgim\u00fc\u00fck<\/h1>\t\t<\/div>\n\t\t\t\t<\/div>\n\t\t\t\t\t<\/div>\n\t\t<\/div>\n\t\t\t\t\t\t\t<\/div>\n\t\t<\/section>\n\t\t\t\t<section class=\"elementor-section elementor-top-section elementor-element elementor-element-147b52e elementor-section-content-middle elementor-section-boxed elementor-section-height-default elementor-section-height-default\" data-id=\"147b52e\" data-element_type=\"section\">\n\t\t\t\t\t\t<div class=\"elementor-container elementor-column-gap-default\">\n\t\t\t\t\t<div class=\"elementor-column elementor-col-50 elementor-top-column elementor-element elementor-element-3038f2a\" data-id=\"3038f2a\" data-element_type=\"column\">\n\t\t\t<div class=\"elementor-widget-wrap elementor-element-populated\">\n\t\t\t\t\t\t\t\t<div class=\"elementor-element elementor-element-9013b36 elementor-widget elementor-widget-text-editor\" data-id=\"9013b36\" data-element_type=\"widget\" data-widget_type=\"text-editor.default\">\n\t\t\t\t<div class=\"elementor-widget-container\">\n\t\t\t<style>\/*! elementor - v3.7.0 - 08-08-2022 *\/\n.elementor-widget-text-editor.elementor-drop-cap-view-stacked .elementor-drop-cap{background-color:#818a91;color:#fff}.elementor-widget-text-editor.elementor-drop-cap-view-framed .elementor-drop-cap{color:#818a91;border:3px solid;background-color:transparent}.elementor-widget-text-editor:not(.elementor-drop-cap-view-default) .elementor-drop-cap{margin-top:8px}.elementor-widget-text-editor:not(.elementor-drop-cap-view-default) .elementor-drop-cap-letter{width:1em;height:1em}.elementor-widget-text-editor .elementor-drop-cap{float:left;text-align:center;line-height:1;font-size:50px}.elementor-widget-text-editor .elementor-drop-cap-letter{display:inline-block}<\/style>\t\t\t\t<h2>Autoosad m\u00fc\u00fcgiks<\/h2>\n<p>Tarnime kere k\u00f5ikidele markidele\/mudelitele. Kere v\u00e4rvikood n\u00f5udmisel.<\/p>\n<p>Pakkumine sisaldab: poritiivad, kaitserauad, uksed, kapotid, pakiruumi luugid, k\u00fcljepaneelid, esikaitserauad koos radiaatoriv\u00f5rega. K\u00f5ik esemed on transpordiks hoolikalt pakitud.<\/p>\n<p>Kas vajad autode kereosade hulgim\u00fc\u00fcki? Autod lagunevad kogu aeg. S\u00f5ltumata sellest, kas tegemist on ukse, peegli, kaitseraua v\u00f5i radiaatoriv\u00f5rega, vastab meie lai valik autokereelemente sinu ootustele.<\/p>\n\t\t\t\t\t\t<\/div>\n\t\t\t\t<\/div>\n\t\t\t\t\t<\/div>\n\t\t<\/div>\n\t\t\t\t<div class=\"elementor-column elementor-col-50 elementor-top-column elementor-element elementor-element-4926f7d\" data-id=\"4926f7d\" data-element_type=\"column\">\n\t\t\t<div class=\"elementor-widget-wrap elementor-element-populated\">\n\t\t\t\t\t\t\t\t<div class=\"elementor-element elementor-element-61bb1d7 elementor-widget elementor-widget-image\" data-id=\"61bb1d7\" data-element_type=\"widget\" data-widget_type=\"image.default\">\n\t\t\t\t<div class=\"elementor-widget-container\">\n\t\t\t<style>\/*! elementor - v3.7.0 - 08-08-2022 *\/\n.elementor-widget-image{text-align:center}.elementor-widget-image a{display:inline-block}.elementor-widget-image a img[src$=\".svg\"]{width:48px}.elementor-widget-image img{vertical-align:middle;display:inline-block}<\/style>\t\t\t\t\t\t\t\t\t\t\t\t<img decoding=\"async\" width=\"1024\" height=\"576\" src=\"http:\/\/parts-export24.com\/wp-content\/uploads\/2022\/07\/parts-export1-1024x576.jpg\" class=\"attachment-large size-large\" alt=\"\" srcset=\"http:\/\/parts-export24.com\/wp-content\/uploads\/2022\/07\/parts-export1-1024x576.jpg 1024w, http:\/\/parts-export24.com\/wp-content\/uploads\/2022\/07\/parts-export1-300x169.jpg 300w, http:\/\/parts-export24.com\/wp-content\/uploads\/2022\/07\/parts-export1-768x432.jpg 768w, http:\/\/parts-export24.com\/wp-content\/uploads\/2022\/07\/parts-export1-1536x864.jpg 1536w, http:\/\/parts-export24.com\/wp-content\/uploads\/2022\/07\/parts-export1.jpg 1600w\" sizes=\"(max-width: 1024px) 100vw, 1024px\" \/>\t\t\t\t\t\t\t\t\t\t\t\t\t\t\t<\/div>\n\t\t\t\t<\/div>\n\t\t\t\t\t<\/div>\n\t\t<\/div>\n\t\t\t\t\t\t\t<\/div>\n\t\t<\/section>\n\t\t\t\t<section class=\"elementor-section elementor-top-section elementor-element elementor-element-925f57a elementor-section-boxed elementor-section-height-default elementor-section-height-default\" data-id=\"925f57a\" data-element_type=\"section\">\n\t\t\t\t\t\t<div class=\"elementor-container elementor-column-gap-default\">\n\t\t\t\t\t<div class=\"elementor-column elementor-col-100 elementor-top-column elementor-element elementor-element-9d0fbbd\" data-id=\"9d0fbbd\" data-element_type=\"column\">\n\t\t\t<div class=\"elementor-widget-wrap elementor-element-populated\">\n\t\t\t\t\t\t\t\t<div class=\"elementor-element elementor-element-b794107 elementor-widget elementor-widget-text-editor\" data-id=\"b794107\" data-element_type=\"widget\" data-widget_type=\"text-editor.default\">\n\t\t\t\t<div class=\"elementor-widget-container\">\n\t\t\t\t\t\t\t<h2>Kasutatud autoosade hulgim\u00fc\u00fck<\/h2>\n<p>Pakume uhkusega tohutut valikut kasutatud autoosi erinevatele linnamaasturi-, sedaani- ja veoautomudelitele. Pakume m\u00fc\u00fcgiks mis tahes auto kere, sealhulgas:<\/p>\n\t\t\t\t\t\t<\/div>\n\t\t\t\t<\/div>\n\t\t\t\t\t<\/div>\n\t\t<\/div>\n\t\t\t\t\t\t\t<\/div>\n\t\t<\/section>\n\t\t\t\t<section class=\"elementor-section elementor-top-section elementor-element elementor-element-99276af elementor-section-boxed elementor-section-height-default elementor-section-height-default\" data-id=\"99276af\" data-element_type=\"section\">\n\t\t\t\t\t\t<div class=\"elementor-container elementor-column-gap-default\">\n\t\t\t\t\t<div class=\"elementor-column elementor-col-33 elementor-top-column elementor-element elementor-element-94e9d91\" data-id=\"94e9d91\" data-element_type=\"column\">\n\t\t\t<div class=\"elementor-widget-wrap elementor-element-populated\">\n\t\t\t\t\t\t\t\t<div class=\"elementor-element elementor-element-8387f7d elementor-widget elementor-widget-text-editor\" data-id=\"8387f7d\" data-element_type=\"widget\" data-widget_type=\"text-editor.default\">\n\t\t\t\t<div class=\"elementor-widget-container\">\n\t\t\t\t\t\t\t<h3>Kereelementide hulgim\u00fc\u00fcki<\/h3>\n<p>Olenemata sellest, kas vajad kereosa esteetilistel v\u00f5i funktsionaalsetel p\u00f5hjustel, leiad selle siit. Meil on vajalikud osad, sealhulgas:<\/p>\n<ul>\n<li>Uksed<\/li>\n<li>Mootorid<\/li>\n<li>K\u00e4igukastid<\/li>\n<li>Kaitserauad<\/li>\n<li>Tuled<\/li>\n<li>Vedrustuse komponendid<\/li>\n<li>Poritiivad<\/li>\n<li>Teljed<\/li>\n<\/ul>\n\t\t\t\t\t\t<\/div>\n\t\t\t\t<\/div>\n\t\t\t\t\t<\/div>\n\t\t<\/div>\n\t\t\t\t<div class=\"elementor-column elementor-col-33 elementor-top-column elementor-element elementor-element-a55f2ac\" data-id=\"a55f2ac\" data-element_type=\"column\">\n\t\t\t<div class=\"elementor-widget-wrap elementor-element-populated\">\n\t\t\t\t\t\t\t\t<div class=\"elementor-element elementor-element-1d8f81f elementor-widget elementor-widget-text-editor\" data-id=\"1d8f81f\" data-element_type=\"widget\" data-widget_type=\"text-editor.default\">\n\t\t\t\t<div class=\"elementor-widget-container\">\n\t\t\t\t\t\t\t<h3>Sisemised osad<\/h3>\n<p>Oluline on see, mis on sees, me tarnime ainult selliseid osi, mida meie spetsialistid on p\u00f5hjalikult testinud, et need vastaksid k\u00f5rgeimatele kvaliteedistandarditele. Meil on muu hulgas:<\/p>\n<ul>\n<li>Turvapadjad<\/li>\n<li>Armatuurlauad<\/li>\n<li>Ukse viimistluspaneelid<\/li>\n<li>Sisemised liistud<\/li>\n<li>Peeglid ja lambid<\/li>\n<li>P\u00e4ikesesirmid <\/li>\n<li>Hammasrattad<\/li>\n<\/ul>\n\t\t\t\t\t\t<\/div>\n\t\t\t\t<\/div>\n\t\t\t\t\t<\/div>\n\t\t<\/div>\n\t\t\t\t<div class=\"elementor-column elementor-col-33 elementor-top-column elementor-element elementor-element-a6d09ad\" data-id=\"a6d09ad\" data-element_type=\"column\">\n\t\t\t<div class=\"elementor-widget-wrap elementor-element-populated\">\n\t\t\t\t\t\t\t\t<div class=\"elementor-element elementor-element-e791572 elementor-widget elementor-widget-text-editor\" data-id=\"e791572\" data-element_type=\"widget\" data-widget_type=\"text-editor.default\">\n\t\t\t\t<div class=\"elementor-widget-container\">\n\t\t\t\t\t\t\t<h3>Elektrilised osad<\/h3>\n<p>Meil on lai valik elektrilisi komponente autodele, tarbes\u00f5idukitele ja bussidele., sealhulgas:<\/p>\n<ul>\n<li>Kaitsmekarp<\/li>\n<li>Kliimaseadme juhtseadmed<\/li>\n<li>Aknat\u00f5stuk<\/li>\n<li>Ukse\/luku l\u00fclitid<\/li>\n<li>Raadio\/stereo\/helis\u00fcsteem<\/li>\n<li>Elektrijuhtmed<\/li>\n<li>Kere juhtimismoodul (BCM)<\/li>\n<li>Mootori juhtimismoodul (ECM)<\/li>\n<\/ul>\n\t\t\t\t\t\t<\/div>\n\t\t\t\t<\/div>\n\t\t\t\t\t<\/div>\n\t\t<\/div>\n\t\t\t\t\t\t\t<\/div>\n\t\t<\/section>\n\t\t\t\t\t\t\t<\/div>\n\t\t","protected":false},"excerpt":{"rendered":"<p>Autoosade hulgim\u00fc\u00fck Autoosad m\u00fc\u00fcgiks Tarnime kere k\u00f5ikidele markidele\/mudelitele. Kere v\u00e4rvikood n\u00f5udmisel. Pakkumine sisaldab: poritiivad, kaitserauad, uksed, kapotid, pakiruumi luugid, k\u00fcljepaneelid, esikaitserauad koos radiaatoriv\u00f5rega. K\u00f5ik esemed on transpordiks hoolikalt pakitud. Kas vajad autode kereosade hulgim\u00fc\u00fcki? Autod lagunevad kogu aeg. S\u00f5ltumata sellest, kas tegemist on ukse, peegli, kaitseraua v\u00f5i radiaatoriv\u00f5rega, vastab meie lai valik autokereelemente sinu ootustele. [&hellip;]<\/p>\n","protected":false},"author":1,"featured_media":0,"parent":728,"menu_order":0,"comment_status":"closed","ping_status":"closed","template":"","meta":{"inline_featured_image":false,"footnotes":""},"class_list":["post-781","page","type-page","status-publish","hentry"],"yoast_head":"<!-- This site is optimized with the Yoast SEO plugin v19.5.1 - https:\/\/yoast.com\/wordpress\/plugins\/seo\/ -->\n<title>Autoosade hulgim\u00fc\u00fck - Parts Export<\/title>\n<meta name=\"robots\" content=\"index, follow, max-snippet:-1, max-image-preview:large, max-video-preview:-1\" \/>\n<link rel=\"canonical\" href=\"http:\/\/parts-export24.com\/et\/pakkumine\/autoosade-hulgimuuk\/\" \/>\n<meta property=\"og:locale\" content=\"et_EE\" \/>\n<meta property=\"og:type\" content=\"article\" \/>\n<meta property=\"og:title\" content=\"Autoosade hulgim\u00fc\u00fck - Parts Export\" \/>\n<meta property=\"og:description\" content=\"Autoosade hulgim\u00fc\u00fck Autoosad m\u00fc\u00fcgiks Tarnime kere k\u00f5ikidele markidele\/mudelitele. Kere v\u00e4rvikood n\u00f5udmisel. Pakkumine sisaldab: poritiivad, kaitserauad, uksed, kapotid, pakiruumi luugid, k\u00fcljepaneelid, esikaitserauad koos radiaatoriv\u00f5rega. K\u00f5ik esemed on transpordiks hoolikalt pakitud. Kas vajad autode kereosade hulgim\u00fc\u00fcki? Autod lagunevad kogu aeg. S\u00f5ltumata sellest, kas tegemist on ukse, peegli, kaitseraua v\u00f5i radiaatoriv\u00f5rega, vastab meie lai valik autokereelemente sinu ootustele. [&hellip;]\" \/>\n<meta property=\"og:url\" content=\"http:\/\/parts-export24.com\/et\/pakkumine\/autoosade-hulgimuuk\/\" \/>\n<meta property=\"og:site_name\" content=\"Parts Export\" \/>\n<meta property=\"article:modified_time\" content=\"2024-03-15T10:04:17+00:00\" \/>\n<meta property=\"og:image\" content=\"http:\/\/parts-export24.com\/wp-content\/uploads\/2022\/07\/parts-export1-1024x576.jpg\" \/>\n<meta name=\"twitter:card\" content=\"summary_large_image\" \/>\n<meta name=\"twitter:label1\" content=\"Est. reading time\" \/>\n\t<meta name=\"twitter:data1\" content=\"1 minut\" \/>\n<script type=\"application\/ld+json\" class=\"yoast-schema-graph\">{\"@context\":\"https:\/\/schema.org\",\"@graph\":[{\"@type\":\"WebPage\",\"@id\":\"http:\/\/parts-export24.com\/et\/pakkumine\/autoosade-hulgimuuk\/\",\"url\":\"http:\/\/parts-export24.com\/et\/pakkumine\/autoosade-hulgimuuk\/\",\"name\":\"Autoosade hulgim\u00fc\u00fck - Parts Export\",\"isPartOf\":{\"@id\":\"http:\/\/parts-export24.com\/et\/#website\"},\"datePublished\":\"2022-07-30T11:00:47+00:00\",\"dateModified\":\"2024-03-15T10:04:17+00:00\",\"breadcrumb\":{\"@id\":\"http:\/\/parts-export24.com\/et\/pakkumine\/autoosade-hulgimuuk\/#breadcrumb\"},\"inLanguage\":\"et\",\"potentialAction\":[{\"@type\":\"ReadAction\",\"target\":[\"http:\/\/parts-export24.com\/et\/pakkumine\/autoosade-hulgimuuk\/\"]}]},{\"@type\":\"BreadcrumbList\",\"@id\":\"http:\/\/parts-export24.com\/et\/pakkumine\/autoosade-hulgimuuk\/#breadcrumb\",\"itemListElement\":[{\"@type\":\"ListItem\",\"position\":1,\"name\":\"Home\",\"item\":\"http:\/\/parts-export24.com\/et\/\"},{\"@type\":\"ListItem\",\"position\":2,\"name\":\"Pakkumine\",\"item\":\"http:\/\/parts-export24.com\/et\/pakkumine\/\"},{\"@type\":\"ListItem\",\"position\":3,\"name\":\"Autoosade hulgim\u00fc\u00fck\"}]},{\"@type\":\"WebSite\",\"@id\":\"http:\/\/parts-export24.com\/et\/#website\",\"url\":\"http:\/\/parts-export24.com\/et\/\",\"name\":\"Parts Export\",\"description\":\"Wholesale of engines and car parts\",\"publisher\":{\"@id\":\"http:\/\/parts-export24.com\/et\/#organization\"},\"potentialAction\":[{\"@type\":\"SearchAction\",\"target\":{\"@type\":\"EntryPoint\",\"urlTemplate\":\"http:\/\/parts-export24.com\/et\/?s={search_term_string}\"},\"query-input\":\"required name=search_term_string\"}],\"inLanguage\":\"et\"},{\"@type\":\"Organization\",\"@id\":\"http:\/\/parts-export24.com\/et\/#organization\",\"name\":\"Parts Export\",\"url\":\"http:\/\/parts-export24.com\/et\/\",\"sameAs\":[],\"logo\":{\"@type\":\"ImageObject\",\"inLanguage\":\"et\",\"@id\":\"http:\/\/parts-export24.com\/et\/#\/schema\/logo\/image\/\",\"url\":\"http:\/\/parts-export24.com\/wp-content\/uploads\/2022\/07\/Parts-Export-logo.svg\",\"contentUrl\":\"http:\/\/parts-export24.com\/wp-content\/uploads\/2022\/07\/Parts-Export-logo.svg\",\"width\":469,\"height\":115,\"caption\":\"Parts Export\"},\"image\":{\"@id\":\"http:\/\/parts-export24.com\/et\/#\/schema\/logo\/image\/\"}}]}<\/script>\n<!-- \/ Yoast SEO plugin. -->","yoast_head_json":{"title":"Autoosade hulgim\u00fc\u00fck - Parts Export","robots":{"index":"index","follow":"follow","max-snippet":"max-snippet:-1","max-image-preview":"max-image-preview:large","max-video-preview":"max-video-preview:-1"},"canonical":"http:\/\/parts-export24.com\/et\/pakkumine\/autoosade-hulgimuuk\/","og_locale":"et_EE","og_type":"article","og_title":"Autoosade hulgim\u00fc\u00fck - Parts Export","og_description":"Autoosade hulgim\u00fc\u00fck Autoosad m\u00fc\u00fcgiks Tarnime kere k\u00f5ikidele markidele\/mudelitele. Kere v\u00e4rvikood n\u00f5udmisel. Pakkumine sisaldab: poritiivad, kaitserauad, uksed, kapotid, pakiruumi luugid, k\u00fcljepaneelid, esikaitserauad koos radiaatoriv\u00f5rega. K\u00f5ik esemed on transpordiks hoolikalt pakitud. Kas vajad autode kereosade hulgim\u00fc\u00fcki? Autod lagunevad kogu aeg. S\u00f5ltumata sellest, kas tegemist on ukse, peegli, kaitseraua v\u00f5i radiaatoriv\u00f5rega, vastab meie lai valik autokereelemente sinu ootustele. [&hellip;]","og_url":"http:\/\/parts-export24.com\/et\/pakkumine\/autoosade-hulgimuuk\/","og_site_name":"Parts Export","article_modified_time":"2024-03-15T10:04:17+00:00","og_image":[{"url":"http:\/\/parts-export24.com\/wp-content\/uploads\/2022\/07\/parts-export1-1024x576.jpg"}],"twitter_card":"summary_large_image","twitter_misc":{"Est. reading time":"1 minut"},"schema":{"@context":"https:\/\/schema.org","@graph":[{"@type":"WebPage","@id":"http:\/\/parts-export24.com\/et\/pakkumine\/autoosade-hulgimuuk\/","url":"http:\/\/parts-export24.com\/et\/pakkumine\/autoosade-hulgimuuk\/","name":"Autoosade hulgim\u00fc\u00fck - Parts Export","isPartOf":{"@id":"http:\/\/parts-export24.com\/et\/#website"},"datePublished":"2022-07-30T11:00:47+00:00","dateModified":"2024-03-15T10:04:17+00:00","breadcrumb":{"@id":"http:\/\/parts-export24.com\/et\/pakkumine\/autoosade-hulgimuuk\/#breadcrumb"},"inLanguage":"et","potentialAction":[{"@type":"ReadAction","target":["http:\/\/parts-export24.com\/et\/pakkumine\/autoosade-hulgimuuk\/"]}]},{"@type":"BreadcrumbList","@id":"http:\/\/parts-export24.com\/et\/pakkumine\/autoosade-hulgimuuk\/#breadcrumb","itemListElement":[{"@type":"ListItem","position":1,"name":"Home","item":"http:\/\/parts-export24.com\/et\/"},{"@type":"ListItem","position":2,"name":"Pakkumine","item":"http:\/\/parts-export24.com\/et\/pakkumine\/"},{"@type":"ListItem","position":3,"name":"Autoosade hulgim\u00fc\u00fck"}]},{"@type":"WebSite","@id":"http:\/\/parts-export24.com\/et\/#website","url":"http:\/\/parts-export24.com\/et\/","name":"Parts Export","description":"Wholesale of engines and car parts","publisher":{"@id":"http:\/\/parts-export24.com\/et\/#organization"},"potentialAction":[{"@type":"SearchAction","target":{"@type":"EntryPoint","urlTemplate":"http:\/\/parts-export24.com\/et\/?s={search_term_string}"},"query-input":"required name=search_term_string"}],"inLanguage":"et"},{"@type":"Organization","@id":"http:\/\/parts-export24.com\/et\/#organization","name":"Parts Export","url":"http:\/\/parts-export24.com\/et\/","sameAs":[],"logo":{"@type":"ImageObject","inLanguage":"et","@id":"http:\/\/parts-export24.com\/et\/#\/schema\/logo\/image\/","url":"http:\/\/parts-export24.com\/wp-content\/uploads\/2022\/07\/Parts-Export-logo.svg","contentUrl":"http:\/\/parts-export24.com\/wp-content\/uploads\/2022\/07\/Parts-Export-logo.svg","width":469,"height":115,"caption":"Parts Export"},"image":{"@id":"http:\/\/parts-export24.com\/et\/#\/schema\/logo\/image\/"}}]}},"_links":{"self":[{"href":"http:\/\/parts-export24.com\/et\/wp-json\/wp\/v2\/pages\/781","targetHints":{"allow":["GET"]}}],"collection":[{"href":"http:\/\/parts-export24.com\/et\/wp-json\/wp\/v2\/pages"}],"about":[{"href":"http:\/\/parts-export24.com\/et\/wp-json\/wp\/v2\/types\/page"}],"author":[{"embeddable":true,"href":"http:\/\/parts-export24.com\/et\/wp-json\/wp\/v2\/users\/1"}],"replies":[{"embeddable":true,"href":"http:\/\/parts-export24.com\/et\/wp-json\/wp\/v2\/comments?post=781"}],"version-history":[{"count":2,"href":"http:\/\/parts-export24.com\/et\/wp-json\/wp\/v2\/pages\/781\/revisions"}],"predecessor-version":[{"id":789,"href":"http:\/\/parts-export24.com\/et\/wp-json\/wp\/v2\/pages\/781\/revisions\/789"}],"up":[{"embeddable":true,"href":"http:\/\/parts-export24.com\/et\/wp-json\/wp\/v2\/pages\/728"}],"wp:attachment":[{"href":"http:\/\/parts-export24.com\/et\/wp-json\/wp\/v2\/media?parent=781"}],"curies":[{"name":"wp","href":"https:\/\/api.w.org\/{rel}","templated":true}]}}