{"id":732,"date":"2022-07-30T11:58:43","date_gmt":"2022-07-30T10:58:43","guid":{"rendered":"http:\/\/parts-export24.com\/pakkumine\/mootorite-hulgimuuk\/"},"modified":"2024-03-15T10:04:06","modified_gmt":"2024-03-15T10:04:06","slug":"mootorite-hulgimuuk","status":"publish","type":"page","link":"http:\/\/parts-export24.com\/et\/pakkumine\/mootorite-hulgimuuk\/","title":{"rendered":"Mootorite hulgim\u00fc\u00fck"},"content":{"rendered":"\t\t<div data-elementor-type=\"wp-page\" data-elementor-id=\"732\" class=\"elementor elementor-732 elementor-260\">\n\t\t\t\t\t\t\t\t\t<section class=\"elementor-section elementor-top-section elementor-element elementor-element-ec38bb5 elementor-section-content-middle elementor-section-stretched elementor-section-boxed elementor-section-height-default elementor-section-height-default\" data-id=\"ec38bb5\" data-element_type=\"section\" data-settings=\"{&quot;stretch_section&quot;:&quot;section-stretched&quot;,&quot;background_background&quot;:&quot;classic&quot;}\">\n\t\t\t\t\t\t\t<div class=\"elementor-background-overlay\"><\/div>\n\t\t\t\t\t\t\t<div class=\"elementor-container elementor-column-gap-default\">\n\t\t\t\t\t<div class=\"elementor-column elementor-col-100 elementor-top-column elementor-element elementor-element-da7f3f2\" data-id=\"da7f3f2\" data-element_type=\"column\">\n\t\t\t<div class=\"elementor-widget-wrap elementor-element-populated\">\n\t\t\t\t\t\t\t\t<div class=\"elementor-element elementor-element-ceeacbf elementor-widget elementor-widget-heading\" data-id=\"ceeacbf\" data-element_type=\"widget\" data-widget_type=\"heading.default\">\n\t\t\t\t<div class=\"elementor-widget-container\">\n\t\t\t<style>\/*! elementor - v3.7.0 - 08-08-2022 *\/\n.elementor-heading-title{padding:0;margin:0;line-height:1}.elementor-widget-heading .elementor-heading-title[class*=elementor-size-]>a{color:inherit;font-size:inherit;line-height:inherit}.elementor-widget-heading .elementor-heading-title.elementor-size-small{font-size:15px}.elementor-widget-heading .elementor-heading-title.elementor-size-medium{font-size:19px}.elementor-widget-heading .elementor-heading-title.elementor-size-large{font-size:29px}.elementor-widget-heading .elementor-heading-title.elementor-size-xl{font-size:39px}.elementor-widget-heading .elementor-heading-title.elementor-size-xxl{font-size:59px}<\/style><h1 class=\"elementor-heading-title elementor-size-default\">Mootorite hulgim\u00fc\u00fck<\/h1>\t\t<\/div>\n\t\t\t\t<\/div>\n\t\t\t\t\t<\/div>\n\t\t<\/div>\n\t\t\t\t\t\t\t<\/div>\n\t\t<\/section>\n\t\t\t\t<section class=\"elementor-section elementor-top-section elementor-element elementor-element-801def1 elementor-section-content-middle elementor-section-boxed elementor-section-height-default elementor-section-height-default\" data-id=\"801def1\" data-element_type=\"section\">\n\t\t\t\t\t\t<div class=\"elementor-container elementor-column-gap-default\">\n\t\t\t\t\t<div class=\"elementor-column elementor-col-50 elementor-top-column elementor-element elementor-element-99ddedb\" data-id=\"99ddedb\" data-element_type=\"column\">\n\t\t\t<div class=\"elementor-widget-wrap elementor-element-populated\">\n\t\t\t\t\t\t\t\t<div class=\"elementor-element elementor-element-67caa8f elementor-widget elementor-widget-text-editor\" data-id=\"67caa8f\" data-element_type=\"widget\" data-widget_type=\"text-editor.default\">\n\t\t\t\t<div class=\"elementor-widget-container\">\n\t\t\t<style>\/*! elementor - v3.7.0 - 08-08-2022 *\/\n.elementor-widget-text-editor.elementor-drop-cap-view-stacked .elementor-drop-cap{background-color:#818a91;color:#fff}.elementor-widget-text-editor.elementor-drop-cap-view-framed .elementor-drop-cap{color:#818a91;border:3px solid;background-color:transparent}.elementor-widget-text-editor:not(.elementor-drop-cap-view-default) .elementor-drop-cap{margin-top:8px}.elementor-widget-text-editor:not(.elementor-drop-cap-view-default) .elementor-drop-cap-letter{width:1em;height:1em}.elementor-widget-text-editor .elementor-drop-cap{float:left;text-align:center;line-height:1;font-size:50px}.elementor-widget-text-editor .elementor-drop-cap-letter{display:inline-block}<\/style>\t\t\t\t<h2>Kasutatud mootorite m\u00fc\u00fck<\/h2>\n<h3>Osta kvaliteetseid kasutatud mootoreid<\/h3>\n<p>Pakume kvaliteetseid, suurtes kogustes igat t\u00fc\u00fcpi ja igale s\u00f5iduauto, tarbes\u00f5iduki ja veoauto mudelile m\u00f5eldud mootoreid.<\/p>\n<p>Automootorite hulgim\u00fc\u00fck:<\/p>\n<ul>\n<li>bensiinimootorid<\/li>\n<li>diiselmootorid<\/li>\n<li>4&#215;4 mootorid<\/li>\n<li>kaubikute mootorid<\/li>\n<li>veoautode mootorid&nbsp;<\/li>\n<\/ul>\t\t\t\t\t\t<\/div>\n\t\t\t\t<\/div>\n\t\t\t\t\t<\/div>\n\t\t<\/div>\n\t\t\t\t<div class=\"elementor-column elementor-col-50 elementor-top-column elementor-element elementor-element-3ead538\" data-id=\"3ead538\" data-element_type=\"column\">\n\t\t\t<div class=\"elementor-widget-wrap elementor-element-populated\">\n\t\t\t\t\t\t\t\t<div class=\"elementor-element elementor-element-07ddc2b elementor-widget elementor-widget-image\" data-id=\"07ddc2b\" data-element_type=\"widget\" data-widget_type=\"image.default\">\n\t\t\t\t<div class=\"elementor-widget-container\">\n\t\t\t<style>\/*! elementor - v3.7.0 - 08-08-2022 *\/\n.elementor-widget-image{text-align:center}.elementor-widget-image a{display:inline-block}.elementor-widget-image a img[src$=\".svg\"]{width:48px}.elementor-widget-image img{vertical-align:middle;display:inline-block}<\/style>\t\t\t\t\t\t\t\t\t\t\t\t<img decoding=\"async\" width=\"1024\" height=\"768\" src=\"http:\/\/parts-export24.com\/wp-content\/uploads\/2022\/07\/parts-export9-1024x768.jpg\" class=\"attachment-large size-large\" alt=\"\" srcset=\"http:\/\/parts-export24.com\/wp-content\/uploads\/2022\/07\/parts-export9-1024x768.jpg 1024w, http:\/\/parts-export24.com\/wp-content\/uploads\/2022\/07\/parts-export9-300x225.jpg 300w, http:\/\/parts-export24.com\/wp-content\/uploads\/2022\/07\/parts-export9-768x576.jpg 768w, http:\/\/parts-export24.com\/wp-content\/uploads\/2022\/07\/parts-export9-1536x1152.jpg 1536w, http:\/\/parts-export24.com\/wp-content\/uploads\/2022\/07\/parts-export9.jpg 1600w\" sizes=\"(max-width: 1024px) 100vw, 1024px\" \/>\t\t\t\t\t\t\t\t\t\t\t\t\t\t\t<\/div>\n\t\t\t\t<\/div>\n\t\t\t\t\t<\/div>\n\t\t<\/div>\n\t\t\t\t\t\t\t<\/div>\n\t\t<\/section>\n\t\t\t\t<section class=\"elementor-section elementor-top-section elementor-element elementor-element-d310abc elementor-section-boxed elementor-section-height-default elementor-section-height-default\" data-id=\"d310abc\" data-element_type=\"section\">\n\t\t\t\t\t\t<div class=\"elementor-container elementor-column-gap-default\">\n\t\t\t\t\t<div class=\"elementor-column elementor-col-100 elementor-top-column elementor-element elementor-element-05664dc\" data-id=\"05664dc\" data-element_type=\"column\">\n\t\t\t<div class=\"elementor-widget-wrap elementor-element-populated\">\n\t\t\t\t\t\t\t\t<div class=\"elementor-element elementor-element-233eb0c elementor-widget elementor-widget-toggle\" data-id=\"233eb0c\" data-element_type=\"widget\" data-widget_type=\"toggle.default\">\n\t\t\t\t<div class=\"elementor-widget-container\">\n\t\t\t<style>\/*! elementor - v3.7.0 - 08-08-2022 *\/\n.elementor-toggle{text-align:left}.elementor-toggle .elementor-tab-title{font-weight:700;line-height:1;margin:0;padding:15px;border-bottom:1px solid #d4d4d4;cursor:pointer;outline:none}.elementor-toggle .elementor-tab-title .elementor-toggle-icon{display:inline-block;width:1em}.elementor-toggle .elementor-tab-title .elementor-toggle-icon svg{-webkit-margin-start:-5px;margin-inline-start:-5px;width:1em;height:1em}.elementor-toggle .elementor-tab-title .elementor-toggle-icon.elementor-toggle-icon-right{float:right;text-align:right}.elementor-toggle .elementor-tab-title .elementor-toggle-icon.elementor-toggle-icon-left{float:left;text-align:left}.elementor-toggle .elementor-tab-title .elementor-toggle-icon .elementor-toggle-icon-closed{display:block}.elementor-toggle .elementor-tab-title .elementor-toggle-icon .elementor-toggle-icon-opened{display:none}.elementor-toggle .elementor-tab-title.elementor-active{border-bottom:none}.elementor-toggle .elementor-tab-title.elementor-active .elementor-toggle-icon-closed{display:none}.elementor-toggle .elementor-tab-title.elementor-active .elementor-toggle-icon-opened{display:block}.elementor-toggle .elementor-tab-content{padding:15px;border-bottom:1px solid #d4d4d4;display:none}@media (max-width:767px){.elementor-toggle .elementor-tab-title{padding:12px}.elementor-toggle .elementor-tab-content{padding:12px 10px}}.e-container>.elementor-widget-toggle{width:var(--container-widget-width,100%)}<\/style>\t\t<div class=\"elementor-toggle\" role=\"tablist\">\n\t\t\t\t\t\t\t<div class=\"elementor-toggle-item\">\n\t\t\t\t\t<div id=\"elementor-tab-title-3691\" class=\"elementor-tab-title\" data-tab=\"1\" role=\"tab\" aria-controls=\"elementor-tab-content-3691\" aria-expanded=\"false\">\n\t\t\t\t\t\t\t\t\t\t\t\t<span class=\"elementor-toggle-icon elementor-toggle-icon-left\" aria-hidden=\"true\">\n\t\t\t\t\t\t\t\t\t\t\t\t\t\t\t<span class=\"elementor-toggle-icon-closed\"><i class=\"fas fa-caret-right\"><\/i><\/span>\n\t\t\t\t\t\t\t\t<span class=\"elementor-toggle-icon-opened\"><i class=\"elementor-toggle-icon-opened fas fa-caret-up\"><\/i><\/span>\n\t\t\t\t\t\t\t\t\t\t\t\t\t<\/span>\n\t\t\t\t\t\t\t\t\t\t\t\t<a href=\"\" class=\"elementor-toggle-title\">Mootori eksport<\/a>\n\t\t\t\t\t<\/div>\n\n\t\t\t\t\t<div id=\"elementor-tab-content-3691\" class=\"elementor-tab-content elementor-clearfix\" data-tab=\"1\" role=\"tabpanel\" aria-labelledby=\"elementor-tab-title-3691\"><p>Suure l\u00e4bis\u00f5iduga mootoreid me ei m\u00fc\u00fc. Teeme koost\u00f6\u00f6d mitmete kvaliteetsete kasutatud mootorite tarnijatega. Autosid demonteerime ise ja eemaldame neist muuhulgas: terved mootorid. V\u00f5ta meiega \u00fchendust, et teada saada, kas meil on otsitavad mootorid laos.<\/p>\n<p>Olenemata sellest, kas oled mehaanik, kes otsib kvaliteetset kasutatud mootorit, mida vahetada, v\u00f5i oled isetegemise entusiast, kellel on vahetust vajav katkine mootor, v\u00f5id alati p\u00f6\u00f6rduda meie poole, et saada k\u00f5ige usaldusv\u00e4\u00e4rsemaid kasutatud mootoreid k\u00f5ige soodsama hinnaga. Parts Export on spetsialiseerunud igat t\u00fc\u00fcpi kasutatud bensiini- ja diiselmootoritele k\u00f5igilt juhtivatelt USA ja imporditud autotootjatelt: Volkswagen, Ford, BMW, Toyota, Nissan, Mercedes, Kia ja paljud teised. <\/p>\n<p>Kvaliteedihindamise k\u00e4igus teostame kasutatud mootorite p\u00f5hjaliku \u00fclevaatuse, et veenduda mootori heas seisukorras.<\/p>\n<h3>Kas kasutatud mootorid on korralikud?<\/h3>\n<p>Meie kasutatud mootorid on suurep\u00e4rane v\u00f5imalus mootori vahetamiseks, eriti kui sul on v\u00e4ike eelarve ja vaja auto v\u00f5imalikult kiiresti t\u00f6\u00f6korda saada. Teostame iga mootori kvaliteedihindamise, et tagada kliendile k\u00f5rgeima kvaliteediga kasutatud mootor.<\/p>\n<h3>Kust mootoreid osta saab?<\/h3>\n<p>Mootorite ostmiseks Parts Exportist v\u00f5ta meiega \u00fchendust.<\/p>\n<\/div>\n\t\t\t\t<\/div>\n\t\t\t\t\t\t\t\t<\/div>\n\t\t\t\t<\/div>\n\t\t\t\t<\/div>\n\t\t\t\t\t<\/div>\n\t\t<\/div>\n\t\t\t\t\t\t\t<\/div>\n\t\t<\/section>\n\t\t\t\t\t\t\t<\/div>\n\t\t","protected":false},"excerpt":{"rendered":"<p>Mootorite hulgim\u00fc\u00fck Kasutatud mootorite m\u00fc\u00fck Osta kvaliteetseid kasutatud mootoreid Pakume kvaliteetseid, suurtes kogustes igat t\u00fc\u00fcpi ja igale s\u00f5iduauto, tarbes\u00f5iduki ja veoauto mudelile m\u00f5eldud mootoreid. Automootorite hulgim\u00fc\u00fck: bensiinimootorid diiselmootorid 4&#215;4 mootorid kaubikute mootorid veoautode mootorid&nbsp; Mootori eksport Suure l\u00e4bis\u00f5iduga mootoreid me ei m\u00fc\u00fc. Teeme koost\u00f6\u00f6d mitmete kvaliteetsete kasutatud mootorite tarnijatega. Autosid demonteerime ise ja eemaldame neist [&hellip;]<\/p>\n","protected":false},"author":1,"featured_media":0,"parent":728,"menu_order":0,"comment_status":"closed","ping_status":"closed","template":"","meta":{"inline_featured_image":false,"footnotes":""},"class_list":["post-732","page","type-page","status-publish","hentry"],"yoast_head":"<!-- This site is optimized with the Yoast SEO plugin v19.5.1 - https:\/\/yoast.com\/wordpress\/plugins\/seo\/ -->\n<title>Mootorite hulgim\u00fc\u00fck - Parts Export<\/title>\n<meta name=\"robots\" content=\"index, follow, max-snippet:-1, max-image-preview:large, max-video-preview:-1\" \/>\n<link rel=\"canonical\" href=\"http:\/\/parts-export24.com\/et\/pakkumine\/mootorite-hulgimuuk\/\" \/>\n<meta property=\"og:locale\" content=\"et_EE\" \/>\n<meta property=\"og:type\" content=\"article\" \/>\n<meta property=\"og:title\" content=\"Mootorite hulgim\u00fc\u00fck - Parts Export\" \/>\n<meta property=\"og:description\" content=\"Mootorite hulgim\u00fc\u00fck Kasutatud mootorite m\u00fc\u00fck Osta kvaliteetseid kasutatud mootoreid Pakume kvaliteetseid, suurtes kogustes igat t\u00fc\u00fcpi ja igale s\u00f5iduauto, tarbes\u00f5iduki ja veoauto mudelile m\u00f5eldud mootoreid. Automootorite hulgim\u00fc\u00fck: bensiinimootorid diiselmootorid 4&#215;4 mootorid kaubikute mootorid veoautode mootorid&nbsp; Mootori eksport Suure l\u00e4bis\u00f5iduga mootoreid me ei m\u00fc\u00fc. Teeme koost\u00f6\u00f6d mitmete kvaliteetsete kasutatud mootorite tarnijatega. Autosid demonteerime ise ja eemaldame neist [&hellip;]\" \/>\n<meta property=\"og:url\" content=\"http:\/\/parts-export24.com\/et\/pakkumine\/mootorite-hulgimuuk\/\" \/>\n<meta property=\"og:site_name\" content=\"Parts Export\" \/>\n<meta property=\"article:modified_time\" content=\"2024-03-15T10:04:06+00:00\" \/>\n<meta property=\"og:image\" content=\"http:\/\/parts-export24.com\/wp-content\/uploads\/2022\/07\/parts-export9-1024x768.jpg\" \/>\n<meta name=\"twitter:card\" content=\"summary_large_image\" \/>\n<meta name=\"twitter:label1\" content=\"Est. reading time\" \/>\n\t<meta name=\"twitter:data1\" content=\"1 minut\" \/>\n<script type=\"application\/ld+json\" class=\"yoast-schema-graph\">{\"@context\":\"https:\/\/schema.org\",\"@graph\":[{\"@type\":\"WebPage\",\"@id\":\"http:\/\/parts-export24.com\/et\/pakkumine\/mootorite-hulgimuuk\/\",\"url\":\"http:\/\/parts-export24.com\/et\/pakkumine\/mootorite-hulgimuuk\/\",\"name\":\"Mootorite hulgim\u00fc\u00fck - Parts Export\",\"isPartOf\":{\"@id\":\"http:\/\/parts-export24.com\/et\/#website\"},\"datePublished\":\"2022-07-30T10:58:43+00:00\",\"dateModified\":\"2024-03-15T10:04:06+00:00\",\"breadcrumb\":{\"@id\":\"http:\/\/parts-export24.com\/et\/pakkumine\/mootorite-hulgimuuk\/#breadcrumb\"},\"inLanguage\":\"et\",\"potentialAction\":[{\"@type\":\"ReadAction\",\"target\":[\"http:\/\/parts-export24.com\/et\/pakkumine\/mootorite-hulgimuuk\/\"]}]},{\"@type\":\"BreadcrumbList\",\"@id\":\"http:\/\/parts-export24.com\/et\/pakkumine\/mootorite-hulgimuuk\/#breadcrumb\",\"itemListElement\":[{\"@type\":\"ListItem\",\"position\":1,\"name\":\"Home\",\"item\":\"http:\/\/parts-export24.com\/et\/\"},{\"@type\":\"ListItem\",\"position\":2,\"name\":\"Pakkumine\",\"item\":\"http:\/\/parts-export24.com\/et\/pakkumine\/\"},{\"@type\":\"ListItem\",\"position\":3,\"name\":\"Mootorite hulgim\u00fc\u00fck\"}]},{\"@type\":\"WebSite\",\"@id\":\"http:\/\/parts-export24.com\/et\/#website\",\"url\":\"http:\/\/parts-export24.com\/et\/\",\"name\":\"Parts Export\",\"description\":\"Wholesale of engines and car parts\",\"publisher\":{\"@id\":\"http:\/\/parts-export24.com\/et\/#organization\"},\"potentialAction\":[{\"@type\":\"SearchAction\",\"target\":{\"@type\":\"EntryPoint\",\"urlTemplate\":\"http:\/\/parts-export24.com\/et\/?s={search_term_string}\"},\"query-input\":\"required name=search_term_string\"}],\"inLanguage\":\"et\"},{\"@type\":\"Organization\",\"@id\":\"http:\/\/parts-export24.com\/et\/#organization\",\"name\":\"Parts Export\",\"url\":\"http:\/\/parts-export24.com\/et\/\",\"sameAs\":[],\"logo\":{\"@type\":\"ImageObject\",\"inLanguage\":\"et\",\"@id\":\"http:\/\/parts-export24.com\/et\/#\/schema\/logo\/image\/\",\"url\":\"http:\/\/parts-export24.com\/wp-content\/uploads\/2022\/07\/Parts-Export-logo.svg\",\"contentUrl\":\"http:\/\/parts-export24.com\/wp-content\/uploads\/2022\/07\/Parts-Export-logo.svg\",\"width\":469,\"height\":115,\"caption\":\"Parts Export\"},\"image\":{\"@id\":\"http:\/\/parts-export24.com\/et\/#\/schema\/logo\/image\/\"}}]}<\/script>\n<!-- \/ Yoast SEO plugin. -->","yoast_head_json":{"title":"Mootorite hulgim\u00fc\u00fck - Parts Export","robots":{"index":"index","follow":"follow","max-snippet":"max-snippet:-1","max-image-preview":"max-image-preview:large","max-video-preview":"max-video-preview:-1"},"canonical":"http:\/\/parts-export24.com\/et\/pakkumine\/mootorite-hulgimuuk\/","og_locale":"et_EE","og_type":"article","og_title":"Mootorite hulgim\u00fc\u00fck - Parts Export","og_description":"Mootorite hulgim\u00fc\u00fck Kasutatud mootorite m\u00fc\u00fck Osta kvaliteetseid kasutatud mootoreid Pakume kvaliteetseid, suurtes kogustes igat t\u00fc\u00fcpi ja igale s\u00f5iduauto, tarbes\u00f5iduki ja veoauto mudelile m\u00f5eldud mootoreid. Automootorite hulgim\u00fc\u00fck: bensiinimootorid diiselmootorid 4&#215;4 mootorid kaubikute mootorid veoautode mootorid&nbsp; Mootori eksport Suure l\u00e4bis\u00f5iduga mootoreid me ei m\u00fc\u00fc. Teeme koost\u00f6\u00f6d mitmete kvaliteetsete kasutatud mootorite tarnijatega. Autosid demonteerime ise ja eemaldame neist [&hellip;]","og_url":"http:\/\/parts-export24.com\/et\/pakkumine\/mootorite-hulgimuuk\/","og_site_name":"Parts Export","article_modified_time":"2024-03-15T10:04:06+00:00","og_image":[{"url":"http:\/\/parts-export24.com\/wp-content\/uploads\/2022\/07\/parts-export9-1024x768.jpg"}],"twitter_card":"summary_large_image","twitter_misc":{"Est. reading time":"1 minut"},"schema":{"@context":"https:\/\/schema.org","@graph":[{"@type":"WebPage","@id":"http:\/\/parts-export24.com\/et\/pakkumine\/mootorite-hulgimuuk\/","url":"http:\/\/parts-export24.com\/et\/pakkumine\/mootorite-hulgimuuk\/","name":"Mootorite hulgim\u00fc\u00fck - Parts Export","isPartOf":{"@id":"http:\/\/parts-export24.com\/et\/#website"},"datePublished":"2022-07-30T10:58:43+00:00","dateModified":"2024-03-15T10:04:06+00:00","breadcrumb":{"@id":"http:\/\/parts-export24.com\/et\/pakkumine\/mootorite-hulgimuuk\/#breadcrumb"},"inLanguage":"et","potentialAction":[{"@type":"ReadAction","target":["http:\/\/parts-export24.com\/et\/pakkumine\/mootorite-hulgimuuk\/"]}]},{"@type":"BreadcrumbList","@id":"http:\/\/parts-export24.com\/et\/pakkumine\/mootorite-hulgimuuk\/#breadcrumb","itemListElement":[{"@type":"ListItem","position":1,"name":"Home","item":"http:\/\/parts-export24.com\/et\/"},{"@type":"ListItem","position":2,"name":"Pakkumine","item":"http:\/\/parts-export24.com\/et\/pakkumine\/"},{"@type":"ListItem","position":3,"name":"Mootorite hulgim\u00fc\u00fck"}]},{"@type":"WebSite","@id":"http:\/\/parts-export24.com\/et\/#website","url":"http:\/\/parts-export24.com\/et\/","name":"Parts Export","description":"Wholesale of engines and car parts","publisher":{"@id":"http:\/\/parts-export24.com\/et\/#organization"},"potentialAction":[{"@type":"SearchAction","target":{"@type":"EntryPoint","urlTemplate":"http:\/\/parts-export24.com\/et\/?s={search_term_string}"},"query-input":"required name=search_term_string"}],"inLanguage":"et"},{"@type":"Organization","@id":"http:\/\/parts-export24.com\/et\/#organization","name":"Parts Export","url":"http:\/\/parts-export24.com\/et\/","sameAs":[],"logo":{"@type":"ImageObject","inLanguage":"et","@id":"http:\/\/parts-export24.com\/et\/#\/schema\/logo\/image\/","url":"http:\/\/parts-export24.com\/wp-content\/uploads\/2022\/07\/Parts-Export-logo.svg","contentUrl":"http:\/\/parts-export24.com\/wp-content\/uploads\/2022\/07\/Parts-Export-logo.svg","width":469,"height":115,"caption":"Parts Export"},"image":{"@id":"http:\/\/parts-export24.com\/et\/#\/schema\/logo\/image\/"}}]}},"_links":{"self":[{"href":"http:\/\/parts-export24.com\/et\/wp-json\/wp\/v2\/pages\/732","targetHints":{"allow":["GET"]}}],"collection":[{"href":"http:\/\/parts-export24.com\/et\/wp-json\/wp\/v2\/pages"}],"about":[{"href":"http:\/\/parts-export24.com\/et\/wp-json\/wp\/v2\/types\/page"}],"author":[{"embeddable":true,"href":"http:\/\/parts-export24.com\/et\/wp-json\/wp\/v2\/users\/1"}],"replies":[{"embeddable":true,"href":"http:\/\/parts-export24.com\/et\/wp-json\/wp\/v2\/comments?post=732"}],"version-history":[{"count":2,"href":"http:\/\/parts-export24.com\/et\/wp-json\/wp\/v2\/pages\/732\/revisions"}],"predecessor-version":[{"id":741,"href":"http:\/\/parts-export24.com\/et\/wp-json\/wp\/v2\/pages\/732\/revisions\/741"}],"up":[{"embeddable":true,"href":"http:\/\/parts-export24.com\/et\/wp-json\/wp\/v2\/pages\/728"}],"wp:attachment":[{"href":"http:\/\/parts-export24.com\/et\/wp-json\/wp\/v2\/media?parent=732"}],"curies":[{"name":"wp","href":"https:\/\/api.w.org\/{rel}","templated":true}]}}