{"id":952,"date":"2022-07-30T12:05:51","date_gmt":"2022-07-30T11:05:51","guid":{"rendered":"http:\/\/parts-export24.com\/coches-enteros-desmontados-segun-las-necesidades-del-cliente\/"},"modified":"2024-03-18T10:14:01","modified_gmt":"2024-03-18T10:14:01","slug":"coches-enteros-desmontados-segun-las-necesidades-del-cliente","status":"publish","type":"page","link":"http:\/\/parts-export24.com\/es\/oferta\/coches-enteros-desmontados-segun-las-necesidades-del-cliente\/","title":{"rendered":"Coches enteros desmontados seg\u00fan las necesidades del cliente"},"content":{"rendered":"\t\t<div data-elementor-type=\"wp-page\" data-elementor-id=\"952\" class=\"elementor elementor-952 elementor-280\">\n\t\t\t\t\t\t\t\t\t<section class=\"elementor-section elementor-top-section elementor-element elementor-element-bb70265 elementor-section-content-middle elementor-section-stretched elementor-section-boxed elementor-section-height-default elementor-section-height-default\" data-id=\"bb70265\" data-element_type=\"section\" data-settings=\"{&quot;stretch_section&quot;:&quot;section-stretched&quot;,&quot;background_background&quot;:&quot;classic&quot;}\">\n\t\t\t\t\t\t\t<div class=\"elementor-background-overlay\"><\/div>\n\t\t\t\t\t\t\t<div class=\"elementor-container elementor-column-gap-default\">\n\t\t\t\t\t<div class=\"elementor-column elementor-col-100 elementor-top-column elementor-element elementor-element-ed672b8\" data-id=\"ed672b8\" data-element_type=\"column\">\n\t\t\t<div class=\"elementor-widget-wrap elementor-element-populated\">\n\t\t\t\t\t\t\t\t<div class=\"elementor-element elementor-element-225224e elementor-widget elementor-widget-heading\" data-id=\"225224e\" data-element_type=\"widget\" data-widget_type=\"heading.default\">\n\t\t\t\t<div class=\"elementor-widget-container\">\n\t\t\t<style>\/*! elementor - v3.7.0 - 08-08-2022 *\/\n.elementor-heading-title{padding:0;margin:0;line-height:1}.elementor-widget-heading .elementor-heading-title[class*=elementor-size-]>a{color:inherit;font-size:inherit;line-height:inherit}.elementor-widget-heading .elementor-heading-title.elementor-size-small{font-size:15px}.elementor-widget-heading .elementor-heading-title.elementor-size-medium{font-size:19px}.elementor-widget-heading .elementor-heading-title.elementor-size-large{font-size:29px}.elementor-widget-heading .elementor-heading-title.elementor-size-xl{font-size:39px}.elementor-widget-heading .elementor-heading-title.elementor-size-xxl{font-size:59px}<\/style><h1 class=\"elementor-heading-title elementor-size-default\">Coches enteros desmontados seg\u00fan las necesidades del cliente<\/h1>\t\t<\/div>\n\t\t\t\t<\/div>\n\t\t\t\t\t<\/div>\n\t\t<\/div>\n\t\t\t\t\t\t\t<\/div>\n\t\t<\/section>\n\t\t\t\t<section class=\"elementor-section elementor-top-section elementor-element elementor-element-0a26f53 elementor-section-content-middle elementor-section-boxed elementor-section-height-default elementor-section-height-default\" data-id=\"0a26f53\" data-element_type=\"section\">\n\t\t\t\t\t\t<div class=\"elementor-container elementor-column-gap-default\">\n\t\t\t\t\t<div class=\"elementor-column elementor-col-50 elementor-top-column elementor-element elementor-element-b3140c1\" data-id=\"b3140c1\" data-element_type=\"column\">\n\t\t\t<div class=\"elementor-widget-wrap elementor-element-populated\">\n\t\t\t\t\t\t\t\t<div class=\"elementor-element elementor-element-22c1bd3 elementor-widget elementor-widget-text-editor\" data-id=\"22c1bd3\" data-element_type=\"widget\" data-widget_type=\"text-editor.default\">\n\t\t\t\t<div class=\"elementor-widget-container\">\n\t\t\t<style>\/*! elementor - v3.7.0 - 08-08-2022 *\/\n.elementor-widget-text-editor.elementor-drop-cap-view-stacked .elementor-drop-cap{background-color:#818a91;color:#fff}.elementor-widget-text-editor.elementor-drop-cap-view-framed .elementor-drop-cap{color:#818a91;border:3px solid;background-color:transparent}.elementor-widget-text-editor:not(.elementor-drop-cap-view-default) .elementor-drop-cap{margin-top:8px}.elementor-widget-text-editor:not(.elementor-drop-cap-view-default) .elementor-drop-cap-letter{width:1em;height:1em}.elementor-widget-text-editor .elementor-drop-cap{float:left;text-align:center;line-height:1;font-size:50px}.elementor-widget-text-editor .elementor-drop-cap-letter{display:inline-block}<\/style>\t\t\t\t<h2>Desmontaje de coches por piezas<\/h2>\n\t\t\t\t\t\t<\/div>\n\t\t\t\t<\/div>\n\t\t\t\t<div class=\"elementor-element elementor-element-7ace5d6 elementor-widget elementor-widget-text-editor\" data-id=\"7ace5d6\" data-element_type=\"widget\" data-widget_type=\"text-editor.default\">\n\t\t\t\t<div class=\"elementor-widget-container\">\n\t\t\t\t\t\t\t<p>Garantizamos el desmontaje de coches a petici\u00f3n del cliente. <\/p>\n<p>En el momento que recibimos la lista del cliente con los elementos a desmontar, extraemos solo\/todas las piezas solicitadas.<\/p>\n<p>Empaquetamos y marcamos todas las piezas y las preparamos para su env\u00edo.<\/p>\n\t\t\t\t\t\t<\/div>\n\t\t\t\t<\/div>\n\t\t\t\t\t<\/div>\n\t\t<\/div>\n\t\t\t\t<div class=\"elementor-column elementor-col-50 elementor-top-column elementor-element elementor-element-6e511bf\" data-id=\"6e511bf\" data-element_type=\"column\">\n\t\t\t<div class=\"elementor-widget-wrap elementor-element-populated\">\n\t\t\t\t\t\t\t\t<div class=\"elementor-element elementor-element-90b37fb elementor-widget elementor-widget-image\" data-id=\"90b37fb\" data-element_type=\"widget\" data-widget_type=\"image.default\">\n\t\t\t\t<div class=\"elementor-widget-container\">\n\t\t\t<style>\/*! elementor - v3.7.0 - 08-08-2022 *\/\n.elementor-widget-image{text-align:center}.elementor-widget-image a{display:inline-block}.elementor-widget-image a img[src$=\".svg\"]{width:48px}.elementor-widget-image img{vertical-align:middle;display:inline-block}<\/style>\t\t\t\t\t\t\t\t\t\t\t\t<img decoding=\"async\" width=\"768\" height=\"1024\" src=\"http:\/\/parts-export24.com\/wp-content\/uploads\/2022\/07\/parts-export15-768x1024.jpg\" class=\"attachment-large size-large\" alt=\"\" srcset=\"http:\/\/parts-export24.com\/wp-content\/uploads\/2022\/07\/parts-export15-768x1024.jpg 768w, http:\/\/parts-export24.com\/wp-content\/uploads\/2022\/07\/parts-export15-225x300.jpg 225w, http:\/\/parts-export24.com\/wp-content\/uploads\/2022\/07\/parts-export15-1152x1536.jpg 1152w, http:\/\/parts-export24.com\/wp-content\/uploads\/2022\/07\/parts-export15.jpg 1200w\" sizes=\"(max-width: 768px) 100vw, 768px\" \/>\t\t\t\t\t\t\t\t\t\t\t\t\t\t\t<\/div>\n\t\t\t\t<\/div>\n\t\t\t\t\t<\/div>\n\t\t<\/div>\n\t\t\t\t\t\t\t<\/div>\n\t\t<\/section>\n\t\t\t\t<section class=\"elementor-section elementor-top-section elementor-element elementor-element-fbb9c44 elementor-section-boxed elementor-section-height-default elementor-section-height-default\" data-id=\"fbb9c44\" data-element_type=\"section\">\n\t\t\t\t\t\t<div class=\"elementor-container elementor-column-gap-default\">\n\t\t\t\t\t<div class=\"elementor-column elementor-col-100 elementor-top-column elementor-element elementor-element-2001df2\" data-id=\"2001df2\" data-element_type=\"column\">\n\t\t\t<div class=\"elementor-widget-wrap\">\n\t\t\t\t\t\t\t\t\t<\/div>\n\t\t<\/div>\n\t\t\t\t\t\t\t<\/div>\n\t\t<\/section>\n\t\t\t\t\t\t\t<\/div>\n\t\t","protected":false},"excerpt":{"rendered":"<p>Coches enteros desmontados seg\u00fan las necesidades del cliente Desmontaje de coches por piezas Garantizamos el desmontaje de coches a petici\u00f3n del cliente. En el momento que recibimos la lista del cliente con los elementos a desmontar, extraemos solo\/todas las piezas solicitadas. Empaquetamos y marcamos todas las piezas y las preparamos para su env\u00edo.<\/p>\n","protected":false},"author":1,"featured_media":0,"parent":953,"menu_order":0,"comment_status":"closed","ping_status":"closed","template":"","meta":{"inline_featured_image":false,"footnotes":""},"class_list":["post-952","page","type-page","status-publish","hentry"],"yoast_head":"<!-- This site is optimized with the Yoast SEO plugin v19.5.1 - https:\/\/yoast.com\/wordpress\/plugins\/seo\/ -->\n<title>Coches enteros desmontados seg\u00fan las necesidades del cliente - Parts Export<\/title>\n<meta name=\"robots\" content=\"index, follow, max-snippet:-1, max-image-preview:large, max-video-preview:-1\" \/>\n<link rel=\"canonical\" href=\"http:\/\/parts-export24.com\/es\/oferta\/coches-enteros-desmontados-segun-las-necesidades-del-cliente\/\" \/>\n<meta property=\"og:locale\" content=\"es_ES\" \/>\n<meta property=\"og:type\" content=\"article\" \/>\n<meta property=\"og:title\" content=\"Coches enteros desmontados seg\u00fan las necesidades del cliente - Parts Export\" \/>\n<meta property=\"og:description\" content=\"Coches enteros desmontados seg\u00fan las necesidades del cliente Desmontaje de coches por piezas Garantizamos el desmontaje de coches a petici\u00f3n del cliente. En el momento que recibimos la lista del cliente con los elementos a desmontar, extraemos solo\/todas las piezas solicitadas. Empaquetamos y marcamos todas las piezas y las preparamos para su env\u00edo.\" \/>\n<meta property=\"og:url\" content=\"http:\/\/parts-export24.com\/es\/oferta\/coches-enteros-desmontados-segun-las-necesidades-del-cliente\/\" \/>\n<meta property=\"og:site_name\" content=\"Parts Export\" \/>\n<meta property=\"article:modified_time\" content=\"2024-03-18T10:14:01+00:00\" \/>\n<meta property=\"og:image\" content=\"http:\/\/parts-export24.com\/wp-content\/uploads\/2022\/07\/parts-export15-768x1024.jpg\" \/>\n<meta name=\"twitter:card\" content=\"summary_large_image\" \/>\n<script type=\"application\/ld+json\" class=\"yoast-schema-graph\">{\"@context\":\"https:\/\/schema.org\",\"@graph\":[{\"@type\":\"WebPage\",\"@id\":\"http:\/\/parts-export24.com\/es\/oferta\/coches-enteros-desmontados-segun-las-necesidades-del-cliente\/\",\"url\":\"http:\/\/parts-export24.com\/es\/oferta\/coches-enteros-desmontados-segun-las-necesidades-del-cliente\/\",\"name\":\"Coches enteros desmontados seg\u00fan las necesidades del cliente - Parts Export\",\"isPartOf\":{\"@id\":\"http:\/\/parts-export24.com\/es\/#website\"},\"datePublished\":\"2022-07-30T11:05:51+00:00\",\"dateModified\":\"2024-03-18T10:14:01+00:00\",\"breadcrumb\":{\"@id\":\"http:\/\/parts-export24.com\/es\/oferta\/coches-enteros-desmontados-segun-las-necesidades-del-cliente\/#breadcrumb\"},\"inLanguage\":\"es\",\"potentialAction\":[{\"@type\":\"ReadAction\",\"target\":[\"http:\/\/parts-export24.com\/es\/oferta\/coches-enteros-desmontados-segun-las-necesidades-del-cliente\/\"]}]},{\"@type\":\"BreadcrumbList\",\"@id\":\"http:\/\/parts-export24.com\/es\/oferta\/coches-enteros-desmontados-segun-las-necesidades-del-cliente\/#breadcrumb\",\"itemListElement\":[{\"@type\":\"ListItem\",\"position\":1,\"name\":\"Home\",\"item\":\"http:\/\/parts-export24.com\/es\/\"},{\"@type\":\"ListItem\",\"position\":2,\"name\":\"Oferta\",\"item\":\"http:\/\/parts-export24.com\/es\/oferta\/\"},{\"@type\":\"ListItem\",\"position\":3,\"name\":\"Coches enteros desmontados seg\u00fan las necesidades del cliente\"}]},{\"@type\":\"WebSite\",\"@id\":\"http:\/\/parts-export24.com\/es\/#website\",\"url\":\"http:\/\/parts-export24.com\/es\/\",\"name\":\"Parts Export\",\"description\":\"Wholesale of engines and car parts\",\"publisher\":{\"@id\":\"http:\/\/parts-export24.com\/es\/#organization\"},\"potentialAction\":[{\"@type\":\"SearchAction\",\"target\":{\"@type\":\"EntryPoint\",\"urlTemplate\":\"http:\/\/parts-export24.com\/es\/?s={search_term_string}\"},\"query-input\":\"required name=search_term_string\"}],\"inLanguage\":\"es\"},{\"@type\":\"Organization\",\"@id\":\"http:\/\/parts-export24.com\/es\/#organization\",\"name\":\"Parts Export\",\"url\":\"http:\/\/parts-export24.com\/es\/\",\"sameAs\":[],\"logo\":{\"@type\":\"ImageObject\",\"inLanguage\":\"es\",\"@id\":\"http:\/\/parts-export24.com\/es\/#\/schema\/logo\/image\/\",\"url\":\"http:\/\/parts-export24.com\/wp-content\/uploads\/2022\/07\/Parts-Export-logo.svg\",\"contentUrl\":\"http:\/\/parts-export24.com\/wp-content\/uploads\/2022\/07\/Parts-Export-logo.svg\",\"width\":469,\"height\":115,\"caption\":\"Parts Export\"},\"image\":{\"@id\":\"http:\/\/parts-export24.com\/es\/#\/schema\/logo\/image\/\"}}]}<\/script>\n<!-- \/ Yoast SEO plugin. -->","yoast_head_json":{"title":"Coches enteros desmontados seg\u00fan las necesidades del cliente - Parts Export","robots":{"index":"index","follow":"follow","max-snippet":"max-snippet:-1","max-image-preview":"max-image-preview:large","max-video-preview":"max-video-preview:-1"},"canonical":"http:\/\/parts-export24.com\/es\/oferta\/coches-enteros-desmontados-segun-las-necesidades-del-cliente\/","og_locale":"es_ES","og_type":"article","og_title":"Coches enteros desmontados seg\u00fan las necesidades del cliente - Parts Export","og_description":"Coches enteros desmontados seg\u00fan las necesidades del cliente Desmontaje de coches por piezas Garantizamos el desmontaje de coches a petici\u00f3n del cliente. En el momento que recibimos la lista del cliente con los elementos a desmontar, extraemos solo\/todas las piezas solicitadas. Empaquetamos y marcamos todas las piezas y las preparamos para su env\u00edo.","og_url":"http:\/\/parts-export24.com\/es\/oferta\/coches-enteros-desmontados-segun-las-necesidades-del-cliente\/","og_site_name":"Parts Export","article_modified_time":"2024-03-18T10:14:01+00:00","og_image":[{"url":"http:\/\/parts-export24.com\/wp-content\/uploads\/2022\/07\/parts-export15-768x1024.jpg"}],"twitter_card":"summary_large_image","schema":{"@context":"https:\/\/schema.org","@graph":[{"@type":"WebPage","@id":"http:\/\/parts-export24.com\/es\/oferta\/coches-enteros-desmontados-segun-las-necesidades-del-cliente\/","url":"http:\/\/parts-export24.com\/es\/oferta\/coches-enteros-desmontados-segun-las-necesidades-del-cliente\/","name":"Coches enteros desmontados seg\u00fan las necesidades del cliente - Parts Export","isPartOf":{"@id":"http:\/\/parts-export24.com\/es\/#website"},"datePublished":"2022-07-30T11:05:51+00:00","dateModified":"2024-03-18T10:14:01+00:00","breadcrumb":{"@id":"http:\/\/parts-export24.com\/es\/oferta\/coches-enteros-desmontados-segun-las-necesidades-del-cliente\/#breadcrumb"},"inLanguage":"es","potentialAction":[{"@type":"ReadAction","target":["http:\/\/parts-export24.com\/es\/oferta\/coches-enteros-desmontados-segun-las-necesidades-del-cliente\/"]}]},{"@type":"BreadcrumbList","@id":"http:\/\/parts-export24.com\/es\/oferta\/coches-enteros-desmontados-segun-las-necesidades-del-cliente\/#breadcrumb","itemListElement":[{"@type":"ListItem","position":1,"name":"Home","item":"http:\/\/parts-export24.com\/es\/"},{"@type":"ListItem","position":2,"name":"Oferta","item":"http:\/\/parts-export24.com\/es\/oferta\/"},{"@type":"ListItem","position":3,"name":"Coches enteros desmontados seg\u00fan las necesidades del cliente"}]},{"@type":"WebSite","@id":"http:\/\/parts-export24.com\/es\/#website","url":"http:\/\/parts-export24.com\/es\/","name":"Parts Export","description":"Wholesale of engines and car parts","publisher":{"@id":"http:\/\/parts-export24.com\/es\/#organization"},"potentialAction":[{"@type":"SearchAction","target":{"@type":"EntryPoint","urlTemplate":"http:\/\/parts-export24.com\/es\/?s={search_term_string}"},"query-input":"required name=search_term_string"}],"inLanguage":"es"},{"@type":"Organization","@id":"http:\/\/parts-export24.com\/es\/#organization","name":"Parts Export","url":"http:\/\/parts-export24.com\/es\/","sameAs":[],"logo":{"@type":"ImageObject","inLanguage":"es","@id":"http:\/\/parts-export24.com\/es\/#\/schema\/logo\/image\/","url":"http:\/\/parts-export24.com\/wp-content\/uploads\/2022\/07\/Parts-Export-logo.svg","contentUrl":"http:\/\/parts-export24.com\/wp-content\/uploads\/2022\/07\/Parts-Export-logo.svg","width":469,"height":115,"caption":"Parts Export"},"image":{"@id":"http:\/\/parts-export24.com\/es\/#\/schema\/logo\/image\/"}}]}},"_links":{"self":[{"href":"http:\/\/parts-export24.com\/es\/wp-json\/wp\/v2\/pages\/952","targetHints":{"allow":["GET"]}}],"collection":[{"href":"http:\/\/parts-export24.com\/es\/wp-json\/wp\/v2\/pages"}],"about":[{"href":"http:\/\/parts-export24.com\/es\/wp-json\/wp\/v2\/types\/page"}],"author":[{"embeddable":true,"href":"http:\/\/parts-export24.com\/es\/wp-json\/wp\/v2\/users\/1"}],"replies":[{"embeddable":true,"href":"http:\/\/parts-export24.com\/es\/wp-json\/wp\/v2\/comments?post=952"}],"version-history":[{"count":1,"href":"http:\/\/parts-export24.com\/es\/wp-json\/wp\/v2\/pages\/952\/revisions"}],"predecessor-version":[{"id":955,"href":"http:\/\/parts-export24.com\/es\/wp-json\/wp\/v2\/pages\/952\/revisions\/955"}],"up":[{"embeddable":true,"href":"http:\/\/parts-export24.com\/es\/wp-json\/wp\/v2\/pages\/953"}],"wp:attachment":[{"href":"http:\/\/parts-export24.com\/es\/wp-json\/wp\/v2\/media?parent=952"}],"curies":[{"name":"wp","href":"https:\/\/api.w.org\/{rel}","templated":true}]}}