{"id":949,"date":"2022-07-30T12:04:50","date_gmt":"2022-07-30T11:04:50","guid":{"rendered":"http:\/\/parts-export24.com\/venta-al-por-mayor-de-bombas-abs\/"},"modified":"2024-03-18T10:14:01","modified_gmt":"2024-03-18T10:14:01","slug":"venta-al-por-mayor-de-bombas-abs","status":"publish","type":"page","link":"http:\/\/parts-export24.com\/es\/oferta\/venta-al-por-mayor-de-bombas-abs\/","title":{"rendered":"Venta al por mayor de bombas ABS"},"content":{"rendered":"\t\t<div data-elementor-type=\"wp-page\" data-elementor-id=\"949\" class=\"elementor elementor-949 elementor-275\">\n\t\t\t\t\t\t\t\t\t<section class=\"elementor-section elementor-top-section elementor-element elementor-element-3956b66 elementor-section-content-middle elementor-section-stretched elementor-section-boxed elementor-section-height-default elementor-section-height-default\" data-id=\"3956b66\" data-element_type=\"section\" data-settings=\"{&quot;stretch_section&quot;:&quot;section-stretched&quot;,&quot;background_background&quot;:&quot;classic&quot;}\">\n\t\t\t\t\t\t\t<div class=\"elementor-background-overlay\"><\/div>\n\t\t\t\t\t\t\t<div class=\"elementor-container elementor-column-gap-default\">\n\t\t\t\t\t<div class=\"elementor-column elementor-col-100 elementor-top-column elementor-element elementor-element-0801306\" data-id=\"0801306\" data-element_type=\"column\">\n\t\t\t<div class=\"elementor-widget-wrap elementor-element-populated\">\n\t\t\t\t\t\t\t\t<div class=\"elementor-element elementor-element-e6753ba elementor-widget elementor-widget-heading\" data-id=\"e6753ba\" data-element_type=\"widget\" data-widget_type=\"heading.default\">\n\t\t\t\t<div class=\"elementor-widget-container\">\n\t\t\t<style>\/*! elementor - v3.7.0 - 08-08-2022 *\/\n.elementor-heading-title{padding:0;margin:0;line-height:1}.elementor-widget-heading .elementor-heading-title[class*=elementor-size-]>a{color:inherit;font-size:inherit;line-height:inherit}.elementor-widget-heading .elementor-heading-title.elementor-size-small{font-size:15px}.elementor-widget-heading .elementor-heading-title.elementor-size-medium{font-size:19px}.elementor-widget-heading .elementor-heading-title.elementor-size-large{font-size:29px}.elementor-widget-heading .elementor-heading-title.elementor-size-xl{font-size:39px}.elementor-widget-heading .elementor-heading-title.elementor-size-xxl{font-size:59px}<\/style><h1 class=\"elementor-heading-title elementor-size-default\">Venta al por mayor de bombas ABS<\/h1>\t\t<\/div>\n\t\t\t\t<\/div>\n\t\t\t\t\t<\/div>\n\t\t<\/div>\n\t\t\t\t\t\t\t<\/div>\n\t\t<\/section>\n\t\t\t\t<section class=\"elementor-section elementor-top-section elementor-element elementor-element-32b80cc elementor-section-content-middle elementor-section-boxed elementor-section-height-default elementor-section-height-default\" data-id=\"32b80cc\" data-element_type=\"section\">\n\t\t\t\t\t\t<div class=\"elementor-container elementor-column-gap-default\">\n\t\t\t\t\t<div class=\"elementor-column elementor-col-50 elementor-top-column elementor-element elementor-element-debedcb\" data-id=\"debedcb\" data-element_type=\"column\">\n\t\t\t<div class=\"elementor-widget-wrap elementor-element-populated\">\n\t\t\t\t\t\t\t\t<div class=\"elementor-element elementor-element-027821d elementor-widget elementor-widget-text-editor\" data-id=\"027821d\" data-element_type=\"widget\" data-widget_type=\"text-editor.default\">\n\t\t\t\t<div class=\"elementor-widget-container\">\n\t\t\t<style>\/*! elementor - v3.7.0 - 08-08-2022 *\/\n.elementor-widget-text-editor.elementor-drop-cap-view-stacked .elementor-drop-cap{background-color:#818a91;color:#fff}.elementor-widget-text-editor.elementor-drop-cap-view-framed .elementor-drop-cap{color:#818a91;border:3px solid;background-color:transparent}.elementor-widget-text-editor:not(.elementor-drop-cap-view-default) .elementor-drop-cap{margin-top:8px}.elementor-widget-text-editor:not(.elementor-drop-cap-view-default) .elementor-drop-cap-letter{width:1em;height:1em}.elementor-widget-text-editor .elementor-drop-cap{float:left;text-align:center;line-height:1;font-size:50px}.elementor-widget-text-editor .elementor-drop-cap-letter{display:inline-block}<\/style>\t\t\t\t<h2>\u00bfNecesitas bombas ABS usadas?<\/h2>\n<p><strong>Suministramos bombas ABS solo en paquetes de gran volumen.<\/strong><\/p>\n\t\t\t\t\t\t<\/div>\n\t\t\t\t<\/div>\n\t\t\t\t\t<\/div>\n\t\t<\/div>\n\t\t\t\t<div class=\"elementor-column elementor-col-50 elementor-top-column elementor-element elementor-element-a45efaf\" data-id=\"a45efaf\" data-element_type=\"column\">\n\t\t\t<div class=\"elementor-widget-wrap elementor-element-populated\">\n\t\t\t\t\t\t\t\t<div class=\"elementor-element elementor-element-c4e97cc elementor-widget elementor-widget-image\" data-id=\"c4e97cc\" data-element_type=\"widget\" data-widget_type=\"image.default\">\n\t\t\t\t<div class=\"elementor-widget-container\">\n\t\t\t<style>\/*! elementor - v3.7.0 - 08-08-2022 *\/\n.elementor-widget-image{text-align:center}.elementor-widget-image a{display:inline-block}.elementor-widget-image a img[src$=\".svg\"]{width:48px}.elementor-widget-image img{vertical-align:middle;display:inline-block}<\/style>\t\t\t\t\t\t\t\t\t\t\t\t<img decoding=\"async\" width=\"1024\" height=\"768\" src=\"http:\/\/parts-export24.com\/wp-content\/uploads\/2022\/07\/parts-export3-1024x768.jpg\" class=\"attachment-large size-large\" alt=\"\" srcset=\"http:\/\/parts-export24.com\/wp-content\/uploads\/2022\/07\/parts-export3-1024x768.jpg 1024w, http:\/\/parts-export24.com\/wp-content\/uploads\/2022\/07\/parts-export3-300x225.jpg 300w, http:\/\/parts-export24.com\/wp-content\/uploads\/2022\/07\/parts-export3-768x576.jpg 768w, http:\/\/parts-export24.com\/wp-content\/uploads\/2022\/07\/parts-export3-1536x1152.jpg 1536w, http:\/\/parts-export24.com\/wp-content\/uploads\/2022\/07\/parts-export3.jpg 1600w\" sizes=\"(max-width: 1024px) 100vw, 1024px\" \/>\t\t\t\t\t\t\t\t\t\t\t\t\t\t\t<\/div>\n\t\t\t\t<\/div>\n\t\t\t\t\t<\/div>\n\t\t<\/div>\n\t\t\t\t\t\t\t<\/div>\n\t\t<\/section>\n\t\t\t\t<section class=\"elementor-section elementor-top-section elementor-element elementor-element-a0eba57 elementor-section-boxed elementor-section-height-default elementor-section-height-default\" data-id=\"a0eba57\" data-element_type=\"section\">\n\t\t\t\t\t\t<div class=\"elementor-container elementor-column-gap-default\">\n\t\t\t\t\t<div class=\"elementor-column elementor-col-100 elementor-top-column elementor-element elementor-element-1323c8d\" data-id=\"1323c8d\" data-element_type=\"column\">\n\t\t\t<div class=\"elementor-widget-wrap elementor-element-populated\">\n\t\t\t\t\t\t\t\t<div class=\"elementor-element elementor-element-c909d6b elementor-widget elementor-widget-text-editor\" data-id=\"c909d6b\" data-element_type=\"widget\" data-widget_type=\"text-editor.default\">\n\t\t\t\t<div class=\"elementor-widget-container\">\n\t\t\t\t\t\t\t<h2>Venta al por mayor de bombas ABS <\/h2>\n<p>Las bombas ABS modernas para coche son mucho m\u00e1s que una simple bomba de frenos: se trata de un sistema de control ABS altamente complejo y autosuficiente, que durante los a\u00f1os ha ido condens\u00e1ndose en una unidad peque\u00f1a. En los inicios del ABS, los principales elementos necesarios para el funcionamiento de un ABS (sistema antibloqueo de frenos) estaban esparcidos por el veh\u00edculo, estando la bomba ABS de precarga situada cerca del sistema de asistencia de frenos, la unidad hidr\u00e1ulica ABS, cerca de la bomba de freno y el m\u00f3dulo ABS, en alg\u00fan lugar dentro del habit\u00e1culo del coche (generalmente debajo del asiento o detr\u00e1s de la franja del umbral de la puerta).<\/p>\n<p>Esta distribuci\u00f3n result\u00f3 ser complicada, ya que distribu\u00eda elementos de un mismo sistema en diferentes partes del veh\u00edculo, lo que requer\u00eda, en consecuencia, una cantidad considerablemente mayor de cables para su uni\u00f3n. Sin embargo, con el fin de ahorrar volumen y espacio, y para aumentar el desempe\u00f1o del veh\u00edculo, las unidades ABS modernas son unidades del sistema conectadas que, por lo general, se conocen como bombas ABS, pero que, en realidad, se componen de tres elementos principales.<br \/>La bomba ABS es una parte importante de muchos sistemas de freno modernos. <\/p>\n<h2>\u00bfCu\u00e1l es el objetivo de la bomba de freno ABS?<\/h2>\n<p>La bomba ABS es un elemento de seguridad que se puede encontrar en la mayor parte de los autom\u00f3viles como parte de un sistema antibloqueo (ABS). Todo el sistema cuenta con un dise\u00f1o inteligente para impedir que los frenos se bloqueen de forma peligrosa en situaciones de frenado de emergencia, evitando que el autom\u00f3vil patine, haga aquaplaning o pierda agarre. Esto se vuelve especialmente complejo en terrenos con barro y en condiciones atmosf\u00e9ricas complicadas, como en carreteras congeladas o afectadas por las lluvias, ya que ayuda a la persona detr\u00e1s del volante a tener control pleno sobre el veh\u00edculo.<\/p>\n\t\t\t\t\t\t<\/div>\n\t\t\t\t<\/div>\n\t\t\t\t<div class=\"elementor-element elementor-element-3b720e7 elementor-widget elementor-widget-toggle\" data-id=\"3b720e7\" data-element_type=\"widget\" data-widget_type=\"toggle.default\">\n\t\t\t\t<div class=\"elementor-widget-container\">\n\t\t\t<style>\/*! elementor - v3.7.0 - 08-08-2022 *\/\n.elementor-toggle{text-align:left}.elementor-toggle .elementor-tab-title{font-weight:700;line-height:1;margin:0;padding:15px;border-bottom:1px solid #d4d4d4;cursor:pointer;outline:none}.elementor-toggle .elementor-tab-title .elementor-toggle-icon{display:inline-block;width:1em}.elementor-toggle .elementor-tab-title .elementor-toggle-icon svg{-webkit-margin-start:-5px;margin-inline-start:-5px;width:1em;height:1em}.elementor-toggle .elementor-tab-title .elementor-toggle-icon.elementor-toggle-icon-right{float:right;text-align:right}.elementor-toggle .elementor-tab-title .elementor-toggle-icon.elementor-toggle-icon-left{float:left;text-align:left}.elementor-toggle .elementor-tab-title .elementor-toggle-icon .elementor-toggle-icon-closed{display:block}.elementor-toggle .elementor-tab-title .elementor-toggle-icon .elementor-toggle-icon-opened{display:none}.elementor-toggle .elementor-tab-title.elementor-active{border-bottom:none}.elementor-toggle .elementor-tab-title.elementor-active .elementor-toggle-icon-closed{display:none}.elementor-toggle .elementor-tab-title.elementor-active .elementor-toggle-icon-opened{display:block}.elementor-toggle .elementor-tab-content{padding:15px;border-bottom:1px solid #d4d4d4;display:none}@media (max-width:767px){.elementor-toggle .elementor-tab-title{padding:12px}.elementor-toggle .elementor-tab-content{padding:12px 10px}}.e-container>.elementor-widget-toggle{width:var(--container-widget-width,100%)}<\/style>\t\t<div class=\"elementor-toggle\" role=\"tablist\">\n\t\t\t\t\t\t\t<div class=\"elementor-toggle-item\">\n\t\t\t\t\t<div id=\"elementor-tab-title-6231\" class=\"elementor-tab-title\" data-tab=\"1\" role=\"tab\" aria-controls=\"elementor-tab-content-6231\" aria-expanded=\"false\">\n\t\t\t\t\t\t\t\t\t\t\t\t<span class=\"elementor-toggle-icon elementor-toggle-icon-right\" aria-hidden=\"true\">\n\t\t\t\t\t\t\t\t\t\t\t\t\t\t\t<span class=\"elementor-toggle-icon-closed\"><i class=\"fas fa-caret-right\"><\/i><\/span>\n\t\t\t\t\t\t\t\t<span class=\"elementor-toggle-icon-opened\"><i class=\"elementor-toggle-icon-opened fas fa-caret-up\"><\/i><\/span>\n\t\t\t\t\t\t\t\t\t\t\t\t\t<\/span>\n\t\t\t\t\t\t\t\t\t\t\t\t<a href=\"\" class=\"elementor-toggle-title\">Leer m\u00e1s<\/a>\n\t\t\t\t\t<\/div>\n\n\t\t\t\t\t<div id=\"elementor-tab-content-6231\" class=\"elementor-tab-content elementor-clearfix\" data-tab=\"1\" role=\"tabpanel\" aria-labelledby=\"elementor-tab-title-6231\"><p>En Parts Export tenemos una amplia gama de partes ABS para tu coche. Nuestros recambios originales OEM y piezas de sustituci\u00f3n de la m\u00e1s alta calidad est\u00e1n disponibles a precios de venta al por mayor. Las bombas ABS que vendemos son resistentes y han sido testadas en cuanto a su cumplimiento con los est\u00e1ndares.<\/p>\n<p><strong>Suministramos ECU al por mayor en paquetes de gran volumen.<\/strong><\/p>\n<\/div>\n\t\t\t\t<\/div>\n\t\t\t\t\t\t\t\t<\/div>\n\t\t\t\t<\/div>\n\t\t\t\t<\/div>\n\t\t\t\t\t<\/div>\n\t\t<\/div>\n\t\t\t\t\t\t\t<\/div>\n\t\t<\/section>\n\t\t\t\t\t\t\t<\/div>\n\t\t","protected":false},"excerpt":{"rendered":"<p>Venta al por mayor de bombas ABS \u00bfNecesitas bombas ABS usadas? Suministramos bombas ABS solo en paquetes de gran volumen. Venta al por mayor de bombas ABS Las bombas ABS modernas para coche son mucho m\u00e1s que una simple bomba de frenos: se trata de un sistema de control ABS altamente complejo y autosuficiente, que [&hellip;]<\/p>\n","protected":false},"author":1,"featured_media":0,"parent":953,"menu_order":0,"comment_status":"closed","ping_status":"closed","template":"","meta":{"inline_featured_image":false,"footnotes":""},"class_list":["post-949","page","type-page","status-publish","hentry"],"yoast_head":"<!-- This site is optimized with the Yoast SEO plugin v19.5.1 - https:\/\/yoast.com\/wordpress\/plugins\/seo\/ -->\n<title>Venta al por mayor de bombas ABS - Parts Export<\/title>\n<meta name=\"robots\" content=\"index, follow, max-snippet:-1, max-image-preview:large, max-video-preview:-1\" \/>\n<link rel=\"canonical\" href=\"http:\/\/parts-export24.com\/es\/oferta\/venta-al-por-mayor-de-bombas-abs\/\" \/>\n<meta property=\"og:locale\" content=\"es_ES\" \/>\n<meta property=\"og:type\" content=\"article\" \/>\n<meta property=\"og:title\" content=\"Venta al por mayor de bombas ABS - Parts Export\" \/>\n<meta property=\"og:description\" content=\"Venta al por mayor de bombas ABS \u00bfNecesitas bombas ABS usadas? Suministramos bombas ABS solo en paquetes de gran volumen. Venta al por mayor de bombas ABS Las bombas ABS modernas para coche son mucho m\u00e1s que una simple bomba de frenos: se trata de un sistema de control ABS altamente complejo y autosuficiente, que [&hellip;]\" \/>\n<meta property=\"og:url\" content=\"http:\/\/parts-export24.com\/es\/oferta\/venta-al-por-mayor-de-bombas-abs\/\" \/>\n<meta property=\"og:site_name\" content=\"Parts Export\" \/>\n<meta property=\"article:modified_time\" content=\"2024-03-18T10:14:01+00:00\" \/>\n<meta property=\"og:image\" content=\"http:\/\/parts-export24.com\/wp-content\/uploads\/2022\/07\/parts-export3-1024x768.jpg\" \/>\n<meta name=\"twitter:card\" content=\"summary_large_image\" \/>\n<meta name=\"twitter:label1\" content=\"Tiempo de lectura\" \/>\n\t<meta name=\"twitter:data1\" content=\"2 minutos\" \/>\n<script type=\"application\/ld+json\" class=\"yoast-schema-graph\">{\"@context\":\"https:\/\/schema.org\",\"@graph\":[{\"@type\":\"WebPage\",\"@id\":\"http:\/\/parts-export24.com\/es\/oferta\/venta-al-por-mayor-de-bombas-abs\/\",\"url\":\"http:\/\/parts-export24.com\/es\/oferta\/venta-al-por-mayor-de-bombas-abs\/\",\"name\":\"Venta al por mayor de bombas ABS - Parts Export\",\"isPartOf\":{\"@id\":\"http:\/\/parts-export24.com\/es\/#website\"},\"datePublished\":\"2022-07-30T11:04:50+00:00\",\"dateModified\":\"2024-03-18T10:14:01+00:00\",\"breadcrumb\":{\"@id\":\"http:\/\/parts-export24.com\/es\/oferta\/venta-al-por-mayor-de-bombas-abs\/#breadcrumb\"},\"inLanguage\":\"es\",\"potentialAction\":[{\"@type\":\"ReadAction\",\"target\":[\"http:\/\/parts-export24.com\/es\/oferta\/venta-al-por-mayor-de-bombas-abs\/\"]}]},{\"@type\":\"BreadcrumbList\",\"@id\":\"http:\/\/parts-export24.com\/es\/oferta\/venta-al-por-mayor-de-bombas-abs\/#breadcrumb\",\"itemListElement\":[{\"@type\":\"ListItem\",\"position\":1,\"name\":\"Home\",\"item\":\"http:\/\/parts-export24.com\/es\/\"},{\"@type\":\"ListItem\",\"position\":2,\"name\":\"Oferta\",\"item\":\"http:\/\/parts-export24.com\/es\/oferta\/\"},{\"@type\":\"ListItem\",\"position\":3,\"name\":\"Venta al por mayor de bombas ABS\"}]},{\"@type\":\"WebSite\",\"@id\":\"http:\/\/parts-export24.com\/es\/#website\",\"url\":\"http:\/\/parts-export24.com\/es\/\",\"name\":\"Parts Export\",\"description\":\"Wholesale of engines and car parts\",\"publisher\":{\"@id\":\"http:\/\/parts-export24.com\/es\/#organization\"},\"potentialAction\":[{\"@type\":\"SearchAction\",\"target\":{\"@type\":\"EntryPoint\",\"urlTemplate\":\"http:\/\/parts-export24.com\/es\/?s={search_term_string}\"},\"query-input\":\"required name=search_term_string\"}],\"inLanguage\":\"es\"},{\"@type\":\"Organization\",\"@id\":\"http:\/\/parts-export24.com\/es\/#organization\",\"name\":\"Parts Export\",\"url\":\"http:\/\/parts-export24.com\/es\/\",\"sameAs\":[],\"logo\":{\"@type\":\"ImageObject\",\"inLanguage\":\"es\",\"@id\":\"http:\/\/parts-export24.com\/es\/#\/schema\/logo\/image\/\",\"url\":\"http:\/\/parts-export24.com\/wp-content\/uploads\/2022\/07\/Parts-Export-logo.svg\",\"contentUrl\":\"http:\/\/parts-export24.com\/wp-content\/uploads\/2022\/07\/Parts-Export-logo.svg\",\"width\":469,\"height\":115,\"caption\":\"Parts Export\"},\"image\":{\"@id\":\"http:\/\/parts-export24.com\/es\/#\/schema\/logo\/image\/\"}}]}<\/script>\n<!-- \/ Yoast SEO plugin. -->","yoast_head_json":{"title":"Venta al por mayor de bombas ABS - Parts Export","robots":{"index":"index","follow":"follow","max-snippet":"max-snippet:-1","max-image-preview":"max-image-preview:large","max-video-preview":"max-video-preview:-1"},"canonical":"http:\/\/parts-export24.com\/es\/oferta\/venta-al-por-mayor-de-bombas-abs\/","og_locale":"es_ES","og_type":"article","og_title":"Venta al por mayor de bombas ABS - Parts Export","og_description":"Venta al por mayor de bombas ABS \u00bfNecesitas bombas ABS usadas? Suministramos bombas ABS solo en paquetes de gran volumen. Venta al por mayor de bombas ABS Las bombas ABS modernas para coche son mucho m\u00e1s que una simple bomba de frenos: se trata de un sistema de control ABS altamente complejo y autosuficiente, que [&hellip;]","og_url":"http:\/\/parts-export24.com\/es\/oferta\/venta-al-por-mayor-de-bombas-abs\/","og_site_name":"Parts Export","article_modified_time":"2024-03-18T10:14:01+00:00","og_image":[{"url":"http:\/\/parts-export24.com\/wp-content\/uploads\/2022\/07\/parts-export3-1024x768.jpg"}],"twitter_card":"summary_large_image","twitter_misc":{"Tiempo de lectura":"2 minutos"},"schema":{"@context":"https:\/\/schema.org","@graph":[{"@type":"WebPage","@id":"http:\/\/parts-export24.com\/es\/oferta\/venta-al-por-mayor-de-bombas-abs\/","url":"http:\/\/parts-export24.com\/es\/oferta\/venta-al-por-mayor-de-bombas-abs\/","name":"Venta al por mayor de bombas ABS - Parts Export","isPartOf":{"@id":"http:\/\/parts-export24.com\/es\/#website"},"datePublished":"2022-07-30T11:04:50+00:00","dateModified":"2024-03-18T10:14:01+00:00","breadcrumb":{"@id":"http:\/\/parts-export24.com\/es\/oferta\/venta-al-por-mayor-de-bombas-abs\/#breadcrumb"},"inLanguage":"es","potentialAction":[{"@type":"ReadAction","target":["http:\/\/parts-export24.com\/es\/oferta\/venta-al-por-mayor-de-bombas-abs\/"]}]},{"@type":"BreadcrumbList","@id":"http:\/\/parts-export24.com\/es\/oferta\/venta-al-por-mayor-de-bombas-abs\/#breadcrumb","itemListElement":[{"@type":"ListItem","position":1,"name":"Home","item":"http:\/\/parts-export24.com\/es\/"},{"@type":"ListItem","position":2,"name":"Oferta","item":"http:\/\/parts-export24.com\/es\/oferta\/"},{"@type":"ListItem","position":3,"name":"Venta al por mayor de bombas ABS"}]},{"@type":"WebSite","@id":"http:\/\/parts-export24.com\/es\/#website","url":"http:\/\/parts-export24.com\/es\/","name":"Parts Export","description":"Wholesale of engines and car parts","publisher":{"@id":"http:\/\/parts-export24.com\/es\/#organization"},"potentialAction":[{"@type":"SearchAction","target":{"@type":"EntryPoint","urlTemplate":"http:\/\/parts-export24.com\/es\/?s={search_term_string}"},"query-input":"required name=search_term_string"}],"inLanguage":"es"},{"@type":"Organization","@id":"http:\/\/parts-export24.com\/es\/#organization","name":"Parts Export","url":"http:\/\/parts-export24.com\/es\/","sameAs":[],"logo":{"@type":"ImageObject","inLanguage":"es","@id":"http:\/\/parts-export24.com\/es\/#\/schema\/logo\/image\/","url":"http:\/\/parts-export24.com\/wp-content\/uploads\/2022\/07\/Parts-Export-logo.svg","contentUrl":"http:\/\/parts-export24.com\/wp-content\/uploads\/2022\/07\/Parts-Export-logo.svg","width":469,"height":115,"caption":"Parts Export"},"image":{"@id":"http:\/\/parts-export24.com\/es\/#\/schema\/logo\/image\/"}}]}},"_links":{"self":[{"href":"http:\/\/parts-export24.com\/es\/wp-json\/wp\/v2\/pages\/949","targetHints":{"allow":["GET"]}}],"collection":[{"href":"http:\/\/parts-export24.com\/es\/wp-json\/wp\/v2\/pages"}],"about":[{"href":"http:\/\/parts-export24.com\/es\/wp-json\/wp\/v2\/types\/page"}],"author":[{"embeddable":true,"href":"http:\/\/parts-export24.com\/es\/wp-json\/wp\/v2\/users\/1"}],"replies":[{"embeddable":true,"href":"http:\/\/parts-export24.com\/es\/wp-json\/wp\/v2\/comments?post=949"}],"version-history":[{"count":2,"href":"http:\/\/parts-export24.com\/es\/wp-json\/wp\/v2\/pages\/949\/revisions"}],"predecessor-version":[{"id":954,"href":"http:\/\/parts-export24.com\/es\/wp-json\/wp\/v2\/pages\/949\/revisions\/954"}],"up":[{"embeddable":true,"href":"http:\/\/parts-export24.com\/es\/wp-json\/wp\/v2\/pages\/953"}],"wp:attachment":[{"href":"http:\/\/parts-export24.com\/es\/wp-json\/wp\/v2\/media?parent=949"}],"curies":[{"name":"wp","href":"https:\/\/api.w.org\/{rel}","templated":true}]}}