{"id":939,"date":"2022-07-30T12:00:47","date_gmt":"2022-07-30T11:00:47","guid":{"rendered":"http:\/\/parts-export24.com\/venta-al-por-mayor-de-piezas-de-automovil\/"},"modified":"2024-03-18T10:14:00","modified_gmt":"2024-03-18T10:14:00","slug":"venta-al-por-mayor-de-piezas-de-automovil","status":"publish","type":"page","link":"http:\/\/parts-export24.com\/es\/oferta\/venta-al-por-mayor-de-piezas-de-automovil\/","title":{"rendered":"Venta al por mayor de piezas de autom\u00f3vil"},"content":{"rendered":"\t\t<div data-elementor-type=\"wp-page\" data-elementor-id=\"939\" class=\"elementor elementor-939 elementor-265\">\n\t\t\t\t\t\t\t\t\t<section class=\"elementor-section elementor-top-section elementor-element elementor-element-851c87d elementor-section-content-middle elementor-section-stretched elementor-section-boxed elementor-section-height-default elementor-section-height-default\" data-id=\"851c87d\" data-element_type=\"section\" data-settings=\"{&quot;stretch_section&quot;:&quot;section-stretched&quot;,&quot;background_background&quot;:&quot;classic&quot;}\">\n\t\t\t\t\t\t\t<div class=\"elementor-background-overlay\"><\/div>\n\t\t\t\t\t\t\t<div class=\"elementor-container elementor-column-gap-default\">\n\t\t\t\t\t<div class=\"elementor-column elementor-col-100 elementor-top-column elementor-element elementor-element-cede481\" data-id=\"cede481\" data-element_type=\"column\">\n\t\t\t<div class=\"elementor-widget-wrap elementor-element-populated\">\n\t\t\t\t\t\t\t\t<div class=\"elementor-element elementor-element-1206f4b elementor-widget elementor-widget-heading\" data-id=\"1206f4b\" data-element_type=\"widget\" data-widget_type=\"heading.default\">\n\t\t\t\t<div class=\"elementor-widget-container\">\n\t\t\t<style>\/*! elementor - v3.7.0 - 08-08-2022 *\/\n.elementor-heading-title{padding:0;margin:0;line-height:1}.elementor-widget-heading .elementor-heading-title[class*=elementor-size-]>a{color:inherit;font-size:inherit;line-height:inherit}.elementor-widget-heading .elementor-heading-title.elementor-size-small{font-size:15px}.elementor-widget-heading .elementor-heading-title.elementor-size-medium{font-size:19px}.elementor-widget-heading .elementor-heading-title.elementor-size-large{font-size:29px}.elementor-widget-heading .elementor-heading-title.elementor-size-xl{font-size:39px}.elementor-widget-heading .elementor-heading-title.elementor-size-xxl{font-size:59px}<\/style><h1 class=\"elementor-heading-title elementor-size-default\">Venta al por mayor de piezas de autom\u00f3vil<\/h1>\t\t<\/div>\n\t\t\t\t<\/div>\n\t\t\t\t\t<\/div>\n\t\t<\/div>\n\t\t\t\t\t\t\t<\/div>\n\t\t<\/section>\n\t\t\t\t<section class=\"elementor-section elementor-top-section elementor-element elementor-element-147b52e elementor-section-content-middle elementor-section-boxed elementor-section-height-default elementor-section-height-default\" data-id=\"147b52e\" data-element_type=\"section\">\n\t\t\t\t\t\t<div class=\"elementor-container elementor-column-gap-default\">\n\t\t\t\t\t<div class=\"elementor-column elementor-col-50 elementor-top-column elementor-element elementor-element-3038f2a\" data-id=\"3038f2a\" data-element_type=\"column\">\n\t\t\t<div class=\"elementor-widget-wrap elementor-element-populated\">\n\t\t\t\t\t\t\t\t<div class=\"elementor-element elementor-element-9013b36 elementor-widget elementor-widget-text-editor\" data-id=\"9013b36\" data-element_type=\"widget\" data-widget_type=\"text-editor.default\">\n\t\t\t\t<div class=\"elementor-widget-container\">\n\t\t\t<style>\/*! elementor - v3.7.0 - 08-08-2022 *\/\n.elementor-widget-text-editor.elementor-drop-cap-view-stacked .elementor-drop-cap{background-color:#818a91;color:#fff}.elementor-widget-text-editor.elementor-drop-cap-view-framed .elementor-drop-cap{color:#818a91;border:3px solid;background-color:transparent}.elementor-widget-text-editor:not(.elementor-drop-cap-view-default) .elementor-drop-cap{margin-top:8px}.elementor-widget-text-editor:not(.elementor-drop-cap-view-default) .elementor-drop-cap-letter{width:1em;height:1em}.elementor-widget-text-editor .elementor-drop-cap{float:left;text-align:center;line-height:1;font-size:50px}.elementor-widget-text-editor .elementor-drop-cap-letter{display:inline-block}<\/style>\t\t\t\t<h2>Piezas de autom\u00f3vil en venta<\/h2>\n<p>Suministramos carrocer\u00edas para todas las marcas y modelos. C\u00f3digo de color de la carrocer\u00eda que desees.<\/p>\n<p>En nuestra oferta incluimos: guardabarros, parachoques, puertas, cap\u00f3s, puertas de maletero, carrocer\u00edas laterales, parachoques delanteros con parrillas artificiales de refrigeraci\u00f3n. Todos los elementos se embalan con cuidado para su transporte.<\/p>\n<p>\u00bfNecesitas elementos de carrocer\u00eda para coches en grandes cantidades? Los coches se rompen constantemente. Ya sean las puertas, los retrovisores, el parachoques o la parrilla frontal, nuestra amplia oferta de elementos de carrocer\u00eda para el coche superar\u00e1 tus expectativas.<\/p>\n\t\t\t\t\t\t<\/div>\n\t\t\t\t<\/div>\n\t\t\t\t\t<\/div>\n\t\t<\/div>\n\t\t\t\t<div class=\"elementor-column elementor-col-50 elementor-top-column elementor-element elementor-element-4926f7d\" data-id=\"4926f7d\" data-element_type=\"column\">\n\t\t\t<div class=\"elementor-widget-wrap elementor-element-populated\">\n\t\t\t\t\t\t\t\t<div class=\"elementor-element elementor-element-61bb1d7 elementor-widget elementor-widget-image\" data-id=\"61bb1d7\" data-element_type=\"widget\" data-widget_type=\"image.default\">\n\t\t\t\t<div class=\"elementor-widget-container\">\n\t\t\t<style>\/*! elementor - v3.7.0 - 08-08-2022 *\/\n.elementor-widget-image{text-align:center}.elementor-widget-image a{display:inline-block}.elementor-widget-image a img[src$=\".svg\"]{width:48px}.elementor-widget-image img{vertical-align:middle;display:inline-block}<\/style>\t\t\t\t\t\t\t\t\t\t\t\t<img decoding=\"async\" width=\"1024\" height=\"576\" src=\"http:\/\/parts-export24.com\/wp-content\/uploads\/2022\/07\/parts-export1-1024x576.jpg\" class=\"attachment-large size-large\" alt=\"\" srcset=\"http:\/\/parts-export24.com\/wp-content\/uploads\/2022\/07\/parts-export1-1024x576.jpg 1024w, http:\/\/parts-export24.com\/wp-content\/uploads\/2022\/07\/parts-export1-300x169.jpg 300w, http:\/\/parts-export24.com\/wp-content\/uploads\/2022\/07\/parts-export1-768x432.jpg 768w, http:\/\/parts-export24.com\/wp-content\/uploads\/2022\/07\/parts-export1-1536x864.jpg 1536w, http:\/\/parts-export24.com\/wp-content\/uploads\/2022\/07\/parts-export1.jpg 1600w\" sizes=\"(max-width: 1024px) 100vw, 1024px\" \/>\t\t\t\t\t\t\t\t\t\t\t\t\t\t\t<\/div>\n\t\t\t\t<\/div>\n\t\t\t\t\t<\/div>\n\t\t<\/div>\n\t\t\t\t\t\t\t<\/div>\n\t\t<\/section>\n\t\t\t\t<section class=\"elementor-section elementor-top-section elementor-element elementor-element-925f57a elementor-section-boxed elementor-section-height-default elementor-section-height-default\" data-id=\"925f57a\" data-element_type=\"section\">\n\t\t\t\t\t\t<div class=\"elementor-container elementor-column-gap-default\">\n\t\t\t\t\t<div class=\"elementor-column elementor-col-100 elementor-top-column elementor-element elementor-element-9d0fbbd\" data-id=\"9d0fbbd\" data-element_type=\"column\">\n\t\t\t<div class=\"elementor-widget-wrap elementor-element-populated\">\n\t\t\t\t\t\t\t\t<div class=\"elementor-element elementor-element-b794107 elementor-widget elementor-widget-text-editor\" data-id=\"b794107\" data-element_type=\"widget\" data-widget_type=\"text-editor.default\">\n\t\t\t\t<div class=\"elementor-widget-container\">\n\t\t\t\t\t\t\t<h2>Piezas usadas de autom\u00f3vil; venta al por mayor<\/h2>\n<p>Es un honor para nosotros ofrecer esta gama de piezas de coche usadas para diferentes modelos de SUV, sed\u00e1n y camiones. Ofrecemos la venta de carrocer\u00edas para todos los coches, entre otros:<\/p>\n\t\t\t\t\t\t<\/div>\n\t\t\t\t<\/div>\n\t\t\t\t\t<\/div>\n\t\t<\/div>\n\t\t\t\t\t\t\t<\/div>\n\t\t<\/section>\n\t\t\t\t<section class=\"elementor-section elementor-top-section elementor-element elementor-element-99276af elementor-section-boxed elementor-section-height-default elementor-section-height-default\" data-id=\"99276af\" data-element_type=\"section\">\n\t\t\t\t\t\t<div class=\"elementor-container elementor-column-gap-default\">\n\t\t\t\t\t<div class=\"elementor-column elementor-col-33 elementor-top-column elementor-element elementor-element-94e9d91\" data-id=\"94e9d91\" data-element_type=\"column\">\n\t\t\t<div class=\"elementor-widget-wrap elementor-element-populated\">\n\t\t\t\t\t\t\t\t<div class=\"elementor-element elementor-element-8387f7d elementor-widget elementor-widget-text-editor\" data-id=\"8387f7d\" data-element_type=\"widget\" data-widget_type=\"text-editor.default\">\n\t\t\t\t<div class=\"elementor-widget-container\">\n\t\t\t\t\t\t\t<h3>Venta de carrocer\u00edas al por mayor.<\/h3>\n<p>Independientemente de si necesitas piezas de carrocer\u00eda por razones est\u00e9ticas o funcionales, nosotros tenemos lo que buscas. Tenemos las piezas que necesitas, por ejemplo:<\/p>\n<ul>\n<li>Puertas<\/li>\n<li>Motores<\/li>\n<li>Cajas de cambios<\/li>\n<li>Parachoques<\/li>\n<li>Luces<\/li>\n<li>Elementos de suspensi\u00f3n<\/li>\n<li>Guardabarros<\/li>\n<li>Ejes<\/li>\n<\/ul>\n\t\t\t\t\t\t<\/div>\n\t\t\t\t<\/div>\n\t\t\t\t\t<\/div>\n\t\t<\/div>\n\t\t\t\t<div class=\"elementor-column elementor-col-33 elementor-top-column elementor-element elementor-element-a55f2ac\" data-id=\"a55f2ac\" data-element_type=\"column\">\n\t\t\t<div class=\"elementor-widget-wrap elementor-element-populated\">\n\t\t\t\t\t\t\t\t<div class=\"elementor-element elementor-element-1d8f81f elementor-widget elementor-widget-text-editor\" data-id=\"1d8f81f\" data-element_type=\"widget\" data-widget_type=\"text-editor.default\">\n\t\t\t\t<div class=\"elementor-widget-container\">\n\t\t\t\t\t\t\t<h3>Piezas interiores<\/h3>\n<p>Lo importante est\u00e1 en el interior: suministramos \u00fanicamente piezas revisadas previamente por nuestros especialistas para asegurarnos de que cumplen con los m\u00e1s altos est\u00e1ndares de calidad. Tenemos, entre otros:<\/p>\n<ul>\n<li>Airbags<\/li>\n<li>Paneles de control<\/li>\n<li>Paneles de revestimiento de las puertas<\/li>\n<li>Molduras interiores<\/li>\n<li>Retrovisores y luces<\/li>\n<li>Parasoles <\/li>\n<li>Palanca de cambios<\/li>\n<\/ul>\n\t\t\t\t\t\t<\/div>\n\t\t\t\t<\/div>\n\t\t\t\t\t<\/div>\n\t\t<\/div>\n\t\t\t\t<div class=\"elementor-column elementor-col-33 elementor-top-column elementor-element elementor-element-a6d09ad\" data-id=\"a6d09ad\" data-element_type=\"column\">\n\t\t\t<div class=\"elementor-widget-wrap elementor-element-populated\">\n\t\t\t\t\t\t\t\t<div class=\"elementor-element elementor-element-e791572 elementor-widget elementor-widget-text-editor\" data-id=\"e791572\" data-element_type=\"widget\" data-widget_type=\"text-editor.default\">\n\t\t\t\t<div class=\"elementor-widget-container\">\n\t\t\t\t\t\t\t<h3>Partes el\u00e9ctricas<\/h3>\n<p>Poseemos una amplia oferta de componentes el\u00e9ctricos para turismos, furgonetas y minibuses, entre otros:<\/p>\n<ul>\n<li>Caja de fusibles<\/li>\n<li>Unidades de control del aire acondicionado<\/li>\n<li>Regulador de las ventanas<\/li>\n<li>Pulsadores para puerta\/cerrojo<\/li>\n<li>Radios\/Est\u00e9reos\/Altavoces<\/li>\n<li>Cables el\u00e9ctricos<\/li>\n<li>M\u00f3dulo de control de carrocer\u00eda (BCM)<\/li>\n<li>M\u00f3dulo de control el\u00e9ctrico (ECM)<\/li>\n<\/ul>\n\t\t\t\t\t\t<\/div>\n\t\t\t\t<\/div>\n\t\t\t\t\t<\/div>\n\t\t<\/div>\n\t\t\t\t\t\t\t<\/div>\n\t\t<\/section>\n\t\t\t\t\t\t\t<\/div>\n\t\t","protected":false},"excerpt":{"rendered":"<p>Venta al por mayor de piezas de autom\u00f3vil Piezas de autom\u00f3vil en venta Suministramos carrocer\u00edas para todas las marcas y modelos. C\u00f3digo de color de la carrocer\u00eda que desees. En nuestra oferta incluimos: guardabarros, parachoques, puertas, cap\u00f3s, puertas de maletero, carrocer\u00edas laterales, parachoques delanteros con parrillas artificiales de refrigeraci\u00f3n. Todos los elementos se embalan con [&hellip;]<\/p>\n","protected":false},"author":1,"featured_media":0,"parent":953,"menu_order":0,"comment_status":"closed","ping_status":"closed","template":"","meta":{"inline_featured_image":false,"footnotes":""},"class_list":["post-939","page","type-page","status-publish","hentry"],"yoast_head":"<!-- This site is optimized with the Yoast SEO plugin v19.5.1 - https:\/\/yoast.com\/wordpress\/plugins\/seo\/ -->\n<title>Venta al por mayor de piezas de autom\u00f3vil - Parts Export<\/title>\n<meta name=\"robots\" content=\"index, follow, max-snippet:-1, max-image-preview:large, max-video-preview:-1\" \/>\n<link rel=\"canonical\" href=\"http:\/\/parts-export24.com\/es\/oferta\/venta-al-por-mayor-de-piezas-de-automovil\/\" \/>\n<meta property=\"og:locale\" content=\"es_ES\" \/>\n<meta property=\"og:type\" content=\"article\" \/>\n<meta property=\"og:title\" content=\"Venta al por mayor de piezas de autom\u00f3vil - Parts Export\" \/>\n<meta property=\"og:description\" content=\"Venta al por mayor de piezas de autom\u00f3vil Piezas de autom\u00f3vil en venta Suministramos carrocer\u00edas para todas las marcas y modelos. C\u00f3digo de color de la carrocer\u00eda que desees. En nuestra oferta incluimos: guardabarros, parachoques, puertas, cap\u00f3s, puertas de maletero, carrocer\u00edas laterales, parachoques delanteros con parrillas artificiales de refrigeraci\u00f3n. Todos los elementos se embalan con [&hellip;]\" \/>\n<meta property=\"og:url\" content=\"http:\/\/parts-export24.com\/es\/oferta\/venta-al-por-mayor-de-piezas-de-automovil\/\" \/>\n<meta property=\"og:site_name\" content=\"Parts Export\" \/>\n<meta property=\"article:modified_time\" content=\"2024-03-18T10:14:00+00:00\" \/>\n<meta property=\"og:image\" content=\"http:\/\/parts-export24.com\/wp-content\/uploads\/2022\/07\/parts-export1-1024x576.jpg\" \/>\n<meta name=\"twitter:card\" content=\"summary_large_image\" \/>\n<meta name=\"twitter:label1\" content=\"Tiempo de lectura\" \/>\n\t<meta name=\"twitter:data1\" content=\"2 minutos\" \/>\n<script type=\"application\/ld+json\" class=\"yoast-schema-graph\">{\"@context\":\"https:\/\/schema.org\",\"@graph\":[{\"@type\":\"WebPage\",\"@id\":\"http:\/\/parts-export24.com\/es\/oferta\/venta-al-por-mayor-de-piezas-de-automovil\/\",\"url\":\"http:\/\/parts-export24.com\/es\/oferta\/venta-al-por-mayor-de-piezas-de-automovil\/\",\"name\":\"Venta al por mayor de piezas de autom\u00f3vil - Parts Export\",\"isPartOf\":{\"@id\":\"http:\/\/parts-export24.com\/es\/#website\"},\"datePublished\":\"2022-07-30T11:00:47+00:00\",\"dateModified\":\"2024-03-18T10:14:00+00:00\",\"breadcrumb\":{\"@id\":\"http:\/\/parts-export24.com\/es\/oferta\/venta-al-por-mayor-de-piezas-de-automovil\/#breadcrumb\"},\"inLanguage\":\"es\",\"potentialAction\":[{\"@type\":\"ReadAction\",\"target\":[\"http:\/\/parts-export24.com\/es\/oferta\/venta-al-por-mayor-de-piezas-de-automovil\/\"]}]},{\"@type\":\"BreadcrumbList\",\"@id\":\"http:\/\/parts-export24.com\/es\/oferta\/venta-al-por-mayor-de-piezas-de-automovil\/#breadcrumb\",\"itemListElement\":[{\"@type\":\"ListItem\",\"position\":1,\"name\":\"Home\",\"item\":\"http:\/\/parts-export24.com\/es\/\"},{\"@type\":\"ListItem\",\"position\":2,\"name\":\"Oferta\",\"item\":\"http:\/\/parts-export24.com\/es\/oferta\/\"},{\"@type\":\"ListItem\",\"position\":3,\"name\":\"Venta al por mayor de piezas de autom\u00f3vil\"}]},{\"@type\":\"WebSite\",\"@id\":\"http:\/\/parts-export24.com\/es\/#website\",\"url\":\"http:\/\/parts-export24.com\/es\/\",\"name\":\"Parts Export\",\"description\":\"Wholesale of engines and car parts\",\"publisher\":{\"@id\":\"http:\/\/parts-export24.com\/es\/#organization\"},\"potentialAction\":[{\"@type\":\"SearchAction\",\"target\":{\"@type\":\"EntryPoint\",\"urlTemplate\":\"http:\/\/parts-export24.com\/es\/?s={search_term_string}\"},\"query-input\":\"required name=search_term_string\"}],\"inLanguage\":\"es\"},{\"@type\":\"Organization\",\"@id\":\"http:\/\/parts-export24.com\/es\/#organization\",\"name\":\"Parts Export\",\"url\":\"http:\/\/parts-export24.com\/es\/\",\"sameAs\":[],\"logo\":{\"@type\":\"ImageObject\",\"inLanguage\":\"es\",\"@id\":\"http:\/\/parts-export24.com\/es\/#\/schema\/logo\/image\/\",\"url\":\"http:\/\/parts-export24.com\/wp-content\/uploads\/2022\/07\/Parts-Export-logo.svg\",\"contentUrl\":\"http:\/\/parts-export24.com\/wp-content\/uploads\/2022\/07\/Parts-Export-logo.svg\",\"width\":469,\"height\":115,\"caption\":\"Parts Export\"},\"image\":{\"@id\":\"http:\/\/parts-export24.com\/es\/#\/schema\/logo\/image\/\"}}]}<\/script>\n<!-- \/ Yoast SEO plugin. -->","yoast_head_json":{"title":"Venta al por mayor de piezas de autom\u00f3vil - Parts Export","robots":{"index":"index","follow":"follow","max-snippet":"max-snippet:-1","max-image-preview":"max-image-preview:large","max-video-preview":"max-video-preview:-1"},"canonical":"http:\/\/parts-export24.com\/es\/oferta\/venta-al-por-mayor-de-piezas-de-automovil\/","og_locale":"es_ES","og_type":"article","og_title":"Venta al por mayor de piezas de autom\u00f3vil - Parts Export","og_description":"Venta al por mayor de piezas de autom\u00f3vil Piezas de autom\u00f3vil en venta Suministramos carrocer\u00edas para todas las marcas y modelos. C\u00f3digo de color de la carrocer\u00eda que desees. En nuestra oferta incluimos: guardabarros, parachoques, puertas, cap\u00f3s, puertas de maletero, carrocer\u00edas laterales, parachoques delanteros con parrillas artificiales de refrigeraci\u00f3n. Todos los elementos se embalan con [&hellip;]","og_url":"http:\/\/parts-export24.com\/es\/oferta\/venta-al-por-mayor-de-piezas-de-automovil\/","og_site_name":"Parts Export","article_modified_time":"2024-03-18T10:14:00+00:00","og_image":[{"url":"http:\/\/parts-export24.com\/wp-content\/uploads\/2022\/07\/parts-export1-1024x576.jpg"}],"twitter_card":"summary_large_image","twitter_misc":{"Tiempo de lectura":"2 minutos"},"schema":{"@context":"https:\/\/schema.org","@graph":[{"@type":"WebPage","@id":"http:\/\/parts-export24.com\/es\/oferta\/venta-al-por-mayor-de-piezas-de-automovil\/","url":"http:\/\/parts-export24.com\/es\/oferta\/venta-al-por-mayor-de-piezas-de-automovil\/","name":"Venta al por mayor de piezas de autom\u00f3vil - Parts Export","isPartOf":{"@id":"http:\/\/parts-export24.com\/es\/#website"},"datePublished":"2022-07-30T11:00:47+00:00","dateModified":"2024-03-18T10:14:00+00:00","breadcrumb":{"@id":"http:\/\/parts-export24.com\/es\/oferta\/venta-al-por-mayor-de-piezas-de-automovil\/#breadcrumb"},"inLanguage":"es","potentialAction":[{"@type":"ReadAction","target":["http:\/\/parts-export24.com\/es\/oferta\/venta-al-por-mayor-de-piezas-de-automovil\/"]}]},{"@type":"BreadcrumbList","@id":"http:\/\/parts-export24.com\/es\/oferta\/venta-al-por-mayor-de-piezas-de-automovil\/#breadcrumb","itemListElement":[{"@type":"ListItem","position":1,"name":"Home","item":"http:\/\/parts-export24.com\/es\/"},{"@type":"ListItem","position":2,"name":"Oferta","item":"http:\/\/parts-export24.com\/es\/oferta\/"},{"@type":"ListItem","position":3,"name":"Venta al por mayor de piezas de autom\u00f3vil"}]},{"@type":"WebSite","@id":"http:\/\/parts-export24.com\/es\/#website","url":"http:\/\/parts-export24.com\/es\/","name":"Parts Export","description":"Wholesale of engines and car parts","publisher":{"@id":"http:\/\/parts-export24.com\/es\/#organization"},"potentialAction":[{"@type":"SearchAction","target":{"@type":"EntryPoint","urlTemplate":"http:\/\/parts-export24.com\/es\/?s={search_term_string}"},"query-input":"required name=search_term_string"}],"inLanguage":"es"},{"@type":"Organization","@id":"http:\/\/parts-export24.com\/es\/#organization","name":"Parts Export","url":"http:\/\/parts-export24.com\/es\/","sameAs":[],"logo":{"@type":"ImageObject","inLanguage":"es","@id":"http:\/\/parts-export24.com\/es\/#\/schema\/logo\/image\/","url":"http:\/\/parts-export24.com\/wp-content\/uploads\/2022\/07\/Parts-Export-logo.svg","contentUrl":"http:\/\/parts-export24.com\/wp-content\/uploads\/2022\/07\/Parts-Export-logo.svg","width":469,"height":115,"caption":"Parts Export"},"image":{"@id":"http:\/\/parts-export24.com\/es\/#\/schema\/logo\/image\/"}}]}},"_links":{"self":[{"href":"http:\/\/parts-export24.com\/es\/wp-json\/wp\/v2\/pages\/939","targetHints":{"allow":["GET"]}}],"collection":[{"href":"http:\/\/parts-export24.com\/es\/wp-json\/wp\/v2\/pages"}],"about":[{"href":"http:\/\/parts-export24.com\/es\/wp-json\/wp\/v2\/types\/page"}],"author":[{"embeddable":true,"href":"http:\/\/parts-export24.com\/es\/wp-json\/wp\/v2\/users\/1"}],"replies":[{"embeddable":true,"href":"http:\/\/parts-export24.com\/es\/wp-json\/wp\/v2\/comments?post=939"}],"version-history":[{"count":4,"href":"http:\/\/parts-export24.com\/es\/wp-json\/wp\/v2\/pages\/939\/revisions"}],"predecessor-version":[{"id":960,"href":"http:\/\/parts-export24.com\/es\/wp-json\/wp\/v2\/pages\/939\/revisions\/960"}],"up":[{"embeddable":true,"href":"http:\/\/parts-export24.com\/es\/wp-json\/wp\/v2\/pages\/953"}],"wp:attachment":[{"href":"http:\/\/parts-export24.com\/es\/wp-json\/wp\/v2\/media?parent=939"}],"curies":[{"name":"wp","href":"https:\/\/api.w.org\/{rel}","templated":true}]}}